{"id":2880,"date":"2019-12-27T13:43:01","date_gmt":"2019-12-27T13:43:01","guid":{"rendered":"https:\/\/nueva.alvarellos.info\/product\/a-mina-familia-317\/"},"modified":"2026-01-05T09:36:26","modified_gmt":"2026-01-05T08:36:26","slug":"a-mina-familia-317","status":"publish","type":"product","link":"https:\/\/alvarelloseditora.gal\/es\/libro\/a-mina-familia-317\/","title":{"rendered":"A mi\u00f1a familia 3+1=7"},"content":{"rendered":"<p><a href=\"https:\/\/alvarelloseditora.gal\/wp-content\/uploads\/2019\/12\/A-MI\u00d1A-FAMILIA-CAPA-AF-scaled.jpg\" target=\"_blank\" rel=\"noopener\">Ver portada en alta resoluci\u00f3n<\/a><\/p>\n","protected":false},"excerpt":{"rendered":"<p>Isha Bottin (texto) | Gaspard Talmasse (ilustraci\u00f3n)<\/p>\n<p>&nbsp;<\/p>\n<p>36 pp. 21,5 x 28 cm.<br \/>\nISBN: 978-84-16460-59-5<\/p>\n<p>&nbsp;<\/p>\n<p>Desde Quebec (Canad\u00e1) traemos este nuevo cuento Verdemar: A mi\u00f1a familia 3+1=7, que trata de una familia un poco diferente a las t\u00edpicas o comunes. Escrito por Isha Bottin, poderosamente ilustrado por Gaspard Talmasse y traducido desde el franc\u00e9s al gallego por Mar\u00eda Reim\u00f3ndez, esta historia demuestra que muchas veces las dificultades de la vida pueden encontrar un camino de luz y esperanza.<\/p>\n<p>Traducido por\u00a0Mar\u00eda Reim\u00f3ndez.<\/p>\n<p>&nbsp;<\/p>\n<p>ARGUMENTO<br \/>\nDejemos que explique la historia la propia autora, Isha Bottin: \u201cEste libro est\u00e1 basado en mi infancia. Mi hermana m\u00e1s nueva y yo perdimos a nuestro padre cuando \u00e9ramos peque\u00f1as y nuestra madre, que encontraba muy dif\u00edcil convivir con los recuerdos de \u00e9l, decidi\u00f3 cambiar de pa\u00eds. Fue as\u00ed que acabamos en Ruanda, en \u00c1frica.<\/p>\n<p>&nbsp;<\/p>\n<p>Por momentos, puede parecer que todo se destroza, que la felicidad desaparece, que el amor no volver\u00e1 a aparecer ya m\u00e1s. Que tuviste tu oportunidad, mas que te pas\u00f3 el sol por la puerta. Pero eso no fue lo que aconteci\u00f3. Al contrario. Se puede so\u00f1ar que todo es posible, incluso cuando una piensa que lo perdi\u00f3 todo. Hace falta no tener miedo del futuro. Creer en \u00e9l. Hacer por la vida\u2026 Esta es la historia de tres mujeres que brotaron juntas, con nuestra nueva familia\u201d.<\/p>\n<p>&nbsp;<\/p>\n<p>CLAVES PARA LA LECTURA<\/p>\n<p>Es la historia de una familia reconstituida que cambia de pa\u00eds e incluso de continente. Hijos de dos matrimonios que, juntos, viven primero conflictos o desencuentros, pero que enseguida buscan un camino com\u00fan. El relato muestra la alegr\u00eda de descubrirse, de jugar juntos y de saber que la armon\u00eda y el amor pueden surgir si somos generosos y estamos abiertos a los dem\u00e1s.<\/p>\n<p>&nbsp;<\/p>\n<p>EDAD DE INTER\u00c9S: +6<\/p>\n<p>NIVEL DE LECTURA: +6<\/p>\n","protected":false},"featured_media":4261,"comment_status":"closed","ping_status":"closed","template":"","meta":[],"product_brand":[],"product_cat":[110],"product_tag":[],"class_list":{"0":"post-2880","1":"product","2":"type-product","3":"status-publish","4":"has-post-thumbnail","6":"product_author-gaspard-talmasse-es","7":"product_author-isha-bottin-es","8":"product_cat-verdemar-es","10":"first","11":"instock","12":"taxable","13":"shipping-taxable","14":"purchasable","15":"product-type-simple"},"yoast_head":"<!-- This site is optimized with the Yoast SEO plugin v27.3 - https:\/\/yoast.com\/product\/yoast-seo-wordpress\/ -->\n<title>A mi\u00f1a familia 3+1=7 - Alvarellos Editora<\/title>\n<meta name=\"description\" content=\"A mi\u00f1a familia 3+1=7. C\u00f3mprao na tenda en li\u00f1a de Alvarellos Editora.\" \/>\n<meta name=\"robots\" content=\"index, follow, max-snippet:-1, max-image-preview:large, max-video-preview:-1\" \/>\n<link rel=\"canonical\" href=\"https:\/\/alvarelloseditora.gal\/es\/libro\/a-mina-familia-317\/\" \/>\n<meta property=\"og:locale\" content=\"es_ES\" \/>\n<meta property=\"og:type\" content=\"article\" \/>\n<meta property=\"og:title\" content=\"A mi\u00f1a familia 3+1=7 - Alvarellos Editora\" \/>\n<meta property=\"og:description\" content=\"A mi\u00f1a familia 3+1=7. C\u00f3mprao na tenda en li\u00f1a de Alvarellos Editora.\" \/>\n<meta property=\"og:url\" content=\"https:\/\/alvarelloseditora.gal\/es\/libro\/a-mina-familia-317\/\" \/>\n<meta property=\"og:site_name\" content=\"Alvarellos Editora\" \/>\n<meta property=\"article:publisher\" content=\"https:\/\/www.facebook.com\/alvarelloseditora\" \/>\n<meta property=\"article:modified_time\" content=\"2026-01-05T08:36:26+00:00\" \/>\n<meta property=\"og:image\" content=\"https:\/\/alvarelloseditora.gal\/wp-content\/uploads\/2019\/12\/A-MI\u00d1A-FAMILIA-CAPA-AF-scaled.jpg\" \/>\n\t<meta property=\"og:image:width\" content=\"1955\" \/>\n\t<meta property=\"og:image:height\" content=\"2560\" \/>\n\t<meta property=\"og:image:type\" content=\"image\/jpeg\" \/>\n<meta name=\"twitter:card\" content=\"summary_large_image\" \/>\n<meta name=\"twitter:site\" content=\"@alvarellos_ed\" \/>\n<meta name=\"twitter:label1\" content=\"Tiempo de lectura\" \/>\n\t<meta name=\"twitter:data1\" content=\"1 minuto\" \/>\n<!-- \/ Yoast SEO plugin. -->","yoast_head_json":{"title":"A mi\u00f1a familia 3+1=7 - Alvarellos Editora","description":"A mi\u00f1a familia 3+1=7. C\u00f3mprao na tenda en li\u00f1a de Alvarellos Editora.","robots":{"index":"index","follow":"follow","max-snippet":"max-snippet:-1","max-image-preview":"max-image-preview:large","max-video-preview":"max-video-preview:-1"},"canonical":"https:\/\/alvarelloseditora.gal\/es\/libro\/a-mina-familia-317\/","og_locale":"es_ES","og_type":"article","og_title":"A mi\u00f1a familia 3+1=7 - Alvarellos Editora","og_description":"A mi\u00f1a familia 3+1=7. C\u00f3mprao na tenda en li\u00f1a de Alvarellos Editora.","og_url":"https:\/\/alvarelloseditora.gal\/es\/libro\/a-mina-familia-317\/","og_site_name":"Alvarellos Editora","article_publisher":"https:\/\/www.facebook.com\/alvarelloseditora","article_modified_time":"2026-01-05T08:36:26+00:00","og_image":[{"width":1955,"height":2560,"url":"https:\/\/alvarelloseditora.gal\/wp-content\/uploads\/2019\/12\/A-MI\u00d1A-FAMILIA-CAPA-AF-scaled.jpg","type":"image\/jpeg"}],"twitter_card":"summary_large_image","twitter_site":"@alvarellos_ed","twitter_misc":{"Tiempo de lectura":"1 minuto"},"schema":{"@context":"https:\/\/schema.org","@graph":[{"@type":["WebPage","ItemPage"],"@id":"https:\/\/alvarelloseditora.gal\/es\/libro\/a-mina-familia-317\/","url":"https:\/\/alvarelloseditora.gal\/es\/libro\/a-mina-familia-317\/","name":"A mi\u00f1a familia 3+1=7 - Alvarellos Editora","isPartOf":{"@id":"https:\/\/alvarelloseditora.gal\/#website"},"primaryImageOfPage":{"@id":"https:\/\/alvarelloseditora.gal\/es\/libro\/a-mina-familia-317\/#primaryimage"},"image":{"@id":"https:\/\/alvarelloseditora.gal\/es\/libro\/a-mina-familia-317\/#primaryimage"},"thumbnailUrl":"https:\/\/alvarelloseditora.gal\/wp-content\/uploads\/2019\/12\/A-MI\u00d1A-FAMILIA-CAPA-AF-scaled.jpg","datePublished":"2019-12-27T13:43:01+00:00","dateModified":"2026-01-05T08:36:26+00:00","description":"A mi\u00f1a familia 3+1=7. C\u00f3mprao na tenda en li\u00f1a de Alvarellos Editora.","breadcrumb":{"@id":"https:\/\/alvarelloseditora.gal\/es\/libro\/a-mina-familia-317\/#breadcrumb"},"inLanguage":"es","potentialAction":[{"@type":"ReadAction","target":["https:\/\/alvarelloseditora.gal\/es\/libro\/a-mina-familia-317\/"]}]},{"@type":"ImageObject","inLanguage":"es","@id":"https:\/\/alvarelloseditora.gal\/es\/libro\/a-mina-familia-317\/#primaryimage","url":"https:\/\/alvarelloseditora.gal\/wp-content\/uploads\/2019\/12\/A-MI\u00d1A-FAMILIA-CAPA-AF-scaled.jpg","contentUrl":"https:\/\/alvarelloseditora.gal\/wp-content\/uploads\/2019\/12\/A-MI\u00d1A-FAMILIA-CAPA-AF-scaled.jpg","width":1955,"height":2560},{"@type":"BreadcrumbList","@id":"https:\/\/alvarelloseditora.gal\/es\/libro\/a-mina-familia-317\/#breadcrumb","itemListElement":[{"@type":"ListItem","position":1,"name":"Portada","item":"https:\/\/alvarelloseditora.gal\/"},{"@type":"ListItem","position":2,"name":"Tienda","item":"https:\/\/alvarelloseditora.gal\/es\/tienda\/"},{"@type":"ListItem","position":3,"name":"A mi\u00f1a familia 3+1=7"}]},{"@type":"WebSite","@id":"https:\/\/alvarelloseditora.gal\/#website","url":"https:\/\/alvarelloseditora.gal\/","name":"Alvarellos Editora","description":"Libros para un mundo en tr\u00e1nsito","publisher":{"@id":"https:\/\/alvarelloseditora.gal\/#organization"},"potentialAction":[{"@type":"SearchAction","target":{"@type":"EntryPoint","urlTemplate":"https:\/\/alvarelloseditora.gal\/?s={search_term_string}"},"query-input":{"@type":"PropertyValueSpecification","valueRequired":true,"valueName":"search_term_string"}}],"inLanguage":"es"},{"@type":"Organization","@id":"https:\/\/alvarelloseditora.gal\/#organization","name":"Alvarellos Editora","url":"https:\/\/alvarelloseditora.gal\/","logo":{"@type":"ImageObject","inLanguage":"es","@id":"https:\/\/alvarelloseditora.gal\/#\/schema\/logo\/image\/","url":"https:\/\/alvarelloseditora.gal\/wp-content\/uploads\/2020\/02\/alv-icon.png","contentUrl":"https:\/\/alvarelloseditora.gal\/wp-content\/uploads\/2020\/02\/alv-icon.png","width":177,"height":175,"caption":"Alvarellos Editora"},"image":{"@id":"https:\/\/alvarelloseditora.gal\/#\/schema\/logo\/image\/"},"sameAs":["https:\/\/www.facebook.com\/alvarelloseditora","https:\/\/x.com\/alvarellos_ed"]}]}},"_links":{"self":[{"href":"https:\/\/alvarelloseditora.gal\/es\/wp-json\/wp\/v2\/product\/2880","targetHints":{"allow":["GET"]}}],"collection":[{"href":"https:\/\/alvarelloseditora.gal\/es\/wp-json\/wp\/v2\/product"}],"about":[{"href":"https:\/\/alvarelloseditora.gal\/es\/wp-json\/wp\/v2\/types\/product"}],"replies":[{"embeddable":true,"href":"https:\/\/alvarelloseditora.gal\/es\/wp-json\/wp\/v2\/comments?post=2880"}],"wp:featuredmedia":[{"embeddable":true,"href":"https:\/\/alvarelloseditora.gal\/es\/wp-json\/wp\/v2\/media\/4261"}],"wp:attachment":[{"href":"https:\/\/alvarelloseditora.gal\/es\/wp-json\/wp\/v2\/media?parent=2880"}],"wp:term":[{"taxonomy":"product_brand","embeddable":true,"href":"https:\/\/alvarelloseditora.gal\/es\/wp-json\/wp\/v2\/product_brand?post=2880"},{"taxonomy":"product_cat","embeddable":true,"href":"https:\/\/alvarelloseditora.gal\/es\/wp-json\/wp\/v2\/product_cat?post=2880"},{"taxonomy":"product_tag","embeddable":true,"href":"https:\/\/alvarelloseditora.gal\/es\/wp-json\/wp\/v2\/product_tag?post=2880"}],"curies":[{"name":"wp","href":"https:\/\/api.w.org\/{rel}","templated":true}]}}