{"id":2879,"date":"2019-12-27T13:43:01","date_gmt":"2019-12-27T14:03:42","guid":{"rendered":"https:\/\/nueva.alvarellos.info\/product\/camino-de-santiago-a-muxia-por-brandomil-edicion-en-castellano\/"},"modified":"2021-06-22T15:23:15","modified_gmt":"2021-06-22T13:23:15","slug":"camino-de-santiago-a-muxia-por-brandomil-edicion-en-castellano","status":"publish","type":"product","link":"https:\/\/alvarelloseditora.gal\/es\/libro\/camino-de-santiago-a-muxia-por-brandomil-edicion-en-castellano\/","title":{"rendered":"CAMINO DE SANTIAGO A MUX\u00cdA POR BRANDOMIL (EDICI\u00d3N EN CASTELLANO)"},"content":{"rendered":"","protected":false},"excerpt":{"rendered":"<p>116 pp. 12 x 22 cms.<br \/>\nISBN 978-84-16460-56-4<\/p>\n<p>&nbsp;<\/p>\n<p>La gu\u00eda Camino de Santiago a Mux\u00eda por Brandomil nos invita a descubrir una senda hist\u00f3rica apenas reivindicada hasta hoy.\u00a0 Se trata del camino m\u00e1s directo entre Santiago de Compostela y Mux\u00eda, escogido desde hace siglos por peregrinos y caminantes, y que tiene como uno de sus emblemas el puente medieval de Brandomil (la primera etapa hasta Negreira coincide con el Cami\u00f1o oficial de Santiago a Fisterra-Mux\u00eda).<\/p>\n<p>Una ruta de 86 kil\u00f3metros que aqu\u00ed se nos presenta con todos sus atractivos: plano con etapas, lugares y monumentos para visitar, e ilustrada con 75 reveladoras fotograf\u00edas. <\/p>\n<p>Una gu\u00eda pr\u00e1ctica que nos invita a recorrer con calma naturaleza e historia, porque, como afirma el autor, \u201candar los viejos caminos es reclamar el futuro\u201d.<\/p>\n","protected":false},"featured_media":4259,"comment_status":"closed","ping_status":"closed","template":"","meta":[],"product_brand":[],"product_cat":[104],"product_tag":[1045],"class_list":{"0":"post-2879","1":"product","2":"type-product","3":"status-publish","4":"has-post-thumbnail","6":"product_author-manuel-vilar-alvarez-es","7":"product_cat-ilustrada-es","8":"product_tag-santiago-de-compostela-y-el-camino","10":"first","11":"instock","12":"taxable","13":"shipping-taxable","14":"purchasable","15":"product-type-simple"},"yoast_head":"<!-- This site is optimized with the Yoast SEO plugin v27.3 - https:\/\/yoast.com\/product\/yoast-seo-wordpress\/ -->\n<title>CAMINO DE SANTIAGO A MUX\u00cdA POR BRANDOMIL (EDICI\u00d3N EN CASTELLANO) - Alvarellos Editora<\/title>\n<meta name=\"description\" content=\"CAMINO DE SANTIAGO A MUX\u00cdA POR BRANDOMIL (EDICI\u00d3N EN CASTELLANO). C\u00f3mprao na tenda en li\u00f1a de Alvarellos Editora.\" \/>\n<meta name=\"robots\" content=\"index, follow, max-snippet:-1, max-image-preview:large, max-video-preview:-1\" \/>\n<link rel=\"canonical\" href=\"https:\/\/alvarelloseditora.gal\/es\/libro\/camino-de-santiago-a-muxia-por-brandomil-edicion-en-castellano\/\" \/>\n<meta property=\"og:locale\" content=\"es_ES\" \/>\n<meta property=\"og:type\" content=\"article\" \/>\n<meta property=\"og:title\" content=\"CAMINO DE SANTIAGO A MUX\u00cdA POR BRANDOMIL (EDICI\u00d3N EN CASTELLANO) - Alvarellos Editora\" \/>\n<meta property=\"og:description\" content=\"CAMINO DE SANTIAGO A MUX\u00cdA POR BRANDOMIL (EDICI\u00d3N EN CASTELLANO). C\u00f3mprao na tenda en li\u00f1a de Alvarellos Editora.\" \/>\n<meta property=\"og:url\" content=\"https:\/\/alvarelloseditora.gal\/es\/libro\/camino-de-santiago-a-muxia-por-brandomil-edicion-en-castellano\/\" \/>\n<meta property=\"og:site_name\" content=\"Alvarellos Editora\" \/>\n<meta property=\"article:publisher\" content=\"https:\/\/www.facebook.com\/alvarelloseditora\" \/>\n<meta property=\"article:modified_time\" content=\"2021-06-22T13:23:15+00:00\" \/>\n<meta property=\"og:image\" content=\"https:\/\/alvarelloseditora.gal\/wp-content\/uploads\/2019\/12\/Brandomil2.jpg\" \/>\n\t<meta property=\"og:image:width\" content=\"559\" \/>\n\t<meta property=\"og:image:height\" content=\"1024\" \/>\n\t<meta property=\"og:image:type\" content=\"image\/jpeg\" \/>\n<meta name=\"twitter:card\" content=\"summary_large_image\" \/>\n<meta name=\"twitter:site\" content=\"@alvarellos_ed\" \/>\n<!-- \/ Yoast SEO plugin. -->","yoast_head_json":{"title":"CAMINO DE SANTIAGO A MUX\u00cdA POR BRANDOMIL (EDICI\u00d3N EN CASTELLANO) - Alvarellos Editora","description":"CAMINO DE SANTIAGO A MUX\u00cdA POR BRANDOMIL (EDICI\u00d3N EN CASTELLANO). C\u00f3mprao na tenda en li\u00f1a de Alvarellos Editora.","robots":{"index":"index","follow":"follow","max-snippet":"max-snippet:-1","max-image-preview":"max-image-preview:large","max-video-preview":"max-video-preview:-1"},"canonical":"https:\/\/alvarelloseditora.gal\/es\/libro\/camino-de-santiago-a-muxia-por-brandomil-edicion-en-castellano\/","og_locale":"es_ES","og_type":"article","og_title":"CAMINO DE SANTIAGO A MUX\u00cdA POR BRANDOMIL (EDICI\u00d3N EN CASTELLANO) - Alvarellos Editora","og_description":"CAMINO DE SANTIAGO A MUX\u00cdA POR BRANDOMIL (EDICI\u00d3N EN CASTELLANO). C\u00f3mprao na tenda en li\u00f1a de Alvarellos Editora.","og_url":"https:\/\/alvarelloseditora.gal\/es\/libro\/camino-de-santiago-a-muxia-por-brandomil-edicion-en-castellano\/","og_site_name":"Alvarellos Editora","article_publisher":"https:\/\/www.facebook.com\/alvarelloseditora","article_modified_time":"2021-06-22T13:23:15+00:00","og_image":[{"width":559,"height":1024,"url":"https:\/\/alvarelloseditora.gal\/wp-content\/uploads\/2019\/12\/Brandomil2.jpg","type":"image\/jpeg"}],"twitter_card":"summary_large_image","twitter_site":"@alvarellos_ed","schema":{"@context":"https:\/\/schema.org","@graph":[{"@type":["WebPage","ItemPage"],"@id":"https:\/\/alvarelloseditora.gal\/es\/libro\/camino-de-santiago-a-muxia-por-brandomil-edicion-en-castellano\/","url":"https:\/\/alvarelloseditora.gal\/es\/libro\/camino-de-santiago-a-muxia-por-brandomil-edicion-en-castellano\/","name":"CAMINO DE SANTIAGO A MUX\u00cdA POR BRANDOMIL (EDICI\u00d3N EN CASTELLANO) - Alvarellos Editora","isPartOf":{"@id":"https:\/\/alvarelloseditora.gal\/#website"},"primaryImageOfPage":{"@id":"https:\/\/alvarelloseditora.gal\/es\/libro\/camino-de-santiago-a-muxia-por-brandomil-edicion-en-castellano\/#primaryimage"},"image":{"@id":"https:\/\/alvarelloseditora.gal\/es\/libro\/camino-de-santiago-a-muxia-por-brandomil-edicion-en-castellano\/#primaryimage"},"thumbnailUrl":"https:\/\/alvarelloseditora.gal\/wp-content\/uploads\/2019\/12\/Brandomil2.jpg","datePublished":"2019-12-27T14:03:42+00:00","dateModified":"2021-06-22T13:23:15+00:00","description":"CAMINO DE SANTIAGO A MUX\u00cdA POR BRANDOMIL (EDICI\u00d3N EN CASTELLANO). C\u00f3mprao na tenda en li\u00f1a de Alvarellos Editora.","breadcrumb":{"@id":"https:\/\/alvarelloseditora.gal\/es\/libro\/camino-de-santiago-a-muxia-por-brandomil-edicion-en-castellano\/#breadcrumb"},"inLanguage":"es","potentialAction":[{"@type":"ReadAction","target":["https:\/\/alvarelloseditora.gal\/es\/libro\/camino-de-santiago-a-muxia-por-brandomil-edicion-en-castellano\/"]}]},{"@type":"ImageObject","inLanguage":"es","@id":"https:\/\/alvarelloseditora.gal\/es\/libro\/camino-de-santiago-a-muxia-por-brandomil-edicion-en-castellano\/#primaryimage","url":"https:\/\/alvarelloseditora.gal\/wp-content\/uploads\/2019\/12\/Brandomil2.jpg","contentUrl":"https:\/\/alvarelloseditora.gal\/wp-content\/uploads\/2019\/12\/Brandomil2.jpg","width":559,"height":1024},{"@type":"BreadcrumbList","@id":"https:\/\/alvarelloseditora.gal\/es\/libro\/camino-de-santiago-a-muxia-por-brandomil-edicion-en-castellano\/#breadcrumb","itemListElement":[{"@type":"ListItem","position":1,"name":"Portada","item":"https:\/\/alvarelloseditora.gal\/"},{"@type":"ListItem","position":2,"name":"Tienda","item":"https:\/\/alvarelloseditora.gal\/es\/tienda\/"},{"@type":"ListItem","position":3,"name":"CAMINO DE SANTIAGO A MUX\u00cdA POR BRANDOMIL (EDICI\u00d3N EN CASTELLANO)"}]},{"@type":"WebSite","@id":"https:\/\/alvarelloseditora.gal\/#website","url":"https:\/\/alvarelloseditora.gal\/","name":"Alvarellos Editora","description":"Libros para un mundo en tr\u00e1nsito","publisher":{"@id":"https:\/\/alvarelloseditora.gal\/#organization"},"potentialAction":[{"@type":"SearchAction","target":{"@type":"EntryPoint","urlTemplate":"https:\/\/alvarelloseditora.gal\/?s={search_term_string}"},"query-input":{"@type":"PropertyValueSpecification","valueRequired":true,"valueName":"search_term_string"}}],"inLanguage":"es"},{"@type":"Organization","@id":"https:\/\/alvarelloseditora.gal\/#organization","name":"Alvarellos Editora","url":"https:\/\/alvarelloseditora.gal\/","logo":{"@type":"ImageObject","inLanguage":"es","@id":"https:\/\/alvarelloseditora.gal\/#\/schema\/logo\/image\/","url":"https:\/\/alvarelloseditora.gal\/wp-content\/uploads\/2020\/02\/alv-icon.png","contentUrl":"https:\/\/alvarelloseditora.gal\/wp-content\/uploads\/2020\/02\/alv-icon.png","width":177,"height":175,"caption":"Alvarellos Editora"},"image":{"@id":"https:\/\/alvarelloseditora.gal\/#\/schema\/logo\/image\/"},"sameAs":["https:\/\/www.facebook.com\/alvarelloseditora","https:\/\/x.com\/alvarellos_ed"]}]}},"_links":{"self":[{"href":"https:\/\/alvarelloseditora.gal\/es\/wp-json\/wp\/v2\/product\/2879","targetHints":{"allow":["GET"]}}],"collection":[{"href":"https:\/\/alvarelloseditora.gal\/es\/wp-json\/wp\/v2\/product"}],"about":[{"href":"https:\/\/alvarelloseditora.gal\/es\/wp-json\/wp\/v2\/types\/product"}],"replies":[{"embeddable":true,"href":"https:\/\/alvarelloseditora.gal\/es\/wp-json\/wp\/v2\/comments?post=2879"}],"wp:featuredmedia":[{"embeddable":true,"href":"https:\/\/alvarelloseditora.gal\/es\/wp-json\/wp\/v2\/media\/4259"}],"wp:attachment":[{"href":"https:\/\/alvarelloseditora.gal\/es\/wp-json\/wp\/v2\/media?parent=2879"}],"wp:term":[{"taxonomy":"product_brand","embeddable":true,"href":"https:\/\/alvarelloseditora.gal\/es\/wp-json\/wp\/v2\/product_brand?post=2879"},{"taxonomy":"product_cat","embeddable":true,"href":"https:\/\/alvarelloseditora.gal\/es\/wp-json\/wp\/v2\/product_cat?post=2879"},{"taxonomy":"product_tag","embeddable":true,"href":"https:\/\/alvarelloseditora.gal\/es\/wp-json\/wp\/v2\/product_tag?post=2879"}],"curies":[{"name":"wp","href":"https:\/\/api.w.org\/{rel}","templated":true}]}}