{"id":2878,"date":"2019-12-27T13:43:01","date_gmt":"2019-12-27T14:03:42","guid":{"rendered":"https:\/\/nueva.alvarellos.info\/product\/el-primer-loco-edicion-facsimilar-e-ilustrada\/"},"modified":"2022-05-10T13:01:23","modified_gmt":"2022-05-10T11:01:23","slug":"el-primer-loco-edicion-facsimilar-e-ilustrada","status":"publish","type":"product","link":"https:\/\/alvarelloseditora.gal\/es\/libro\/el-primer-loco-edicion-facsimilar-e-ilustrada\/","title":{"rendered":"El primer loco (Edici\u00f3n facsimilar e ilustrada)"},"content":{"rendered":"<p><a href=\"http:\/\/www.crtvg.es\/rg\/destacados\/diario-cultural-diario-cultural-do-dia-03-06-2019-4130054?fbclid=IwAR1zHlPKHSLAuecrGuLPGlO1RGHRyWnIqpuo9YbsMSnSHx4sgwg3nMQqKT8\">03-05-2019 <strong>Radio Galega<\/strong>. Entrevista a Mar\u00eda do Cebreiro e Henrique Alvarellos<\/a><\/p>\n","protected":false},"excerpt":{"rendered":"<p>Rosal\u00eda de Castro<br \/>\n280 pp . 15 x 20 cms.<br \/>\nISBN 978-84-16460-58-8<br \/>\nIdioma: castellano (la novela) y gallego (la introduci\u00f3n)<\/p>\n<p>&nbsp;<\/p>\n<p>EL PRIMER LOCO\u00a0fue publicada en Madrid en 1881. Est\u00e1 ambientada en el Bosque del Banquete de Conxo. La presente edici\u00f3n incluye, aparte de la reproduci\u00f3n fiel y facs\u00edmil de 1881, un revelador estudo de Mar\u00eda do Cebreiro y Germ\u00e1n Labrador, e impactantes fotograf\u00edas de Den\u00eds Est\u00e9vez.<\/p>\n<p>Presentamos una edici\u00f3n muy especial de la \u00faltima novela de Rosal\u00eda de Castro. Publicada en Madrid en 1881, El primer loco (subtitulada \u201cCuento extra\u00f1o\u201d) se desarrolla en el bosque que, en 1856, hab\u00eda acogi\u00f3 el ins\u00f3lito Banquete democr\u00e1tico de Conxo, un espacio natural \u2013y vital\u2013 que fascinaba a la autora. La novela alza una doble bandera:\u00a0\u00a0por un lado, la de la dignidad humana; por otro, la defensa del paisaje, de la naturaleza.<\/p>\n<p>El presente volumen, publicado por Alvarellos Editora en coedici\u00f3n con el Consorcio de Santiago, reproduce fielmente aquella edici\u00f3n primera e incorpora un magn\u00edfico estudio introductorio, escrito por los especialistas Mar\u00eda do Cebreiro R\u00e1bade Villar (Universidad de Santiago) y Germ\u00e1n Labrador M\u00e9ndez (Universidad de Princeton), un trabajo que con seguridad sentar\u00e1 las bases y abrir\u00e1 caminos para futuras y nuevas interpretaciones de la obra de Rosal\u00eda de Castro,\u00a0en concreto sobre su relaci\u00f3n con la psiquiatr\u00eda\u00a0y tambi\u00e9n con el espiritismo.<\/p>\n<p>Un singular ap\u00e9ndice gr\u00e1fico completa esta seductora publicaci\u00f3n: veinte fotograf\u00edas de Den\u00eds Est\u00e9vez que nos invitan a trazar un revelador viaje sensorial por las sendas del hist\u00f3rico bosque del Banquete de Conxo y de El primer loco.<\/p>\n","protected":false},"featured_media":4257,"comment_status":"closed","ping_status":"closed","template":"","meta":[],"product_brand":[],"product_cat":[112],"product_tag":[],"class_list":{"0":"post-2878","1":"product","2":"type-product","3":"status-publish","4":"has-post-thumbnail","6":"product_author-rosalia-de-castro-es","7":"product_cat-facsimiles-es","9":"first","10":"instock","11":"taxable","12":"shipping-taxable","13":"purchasable","14":"product-type-simple"},"yoast_head":"<!-- This site is optimized with the Yoast SEO plugin v27.3 - https:\/\/yoast.com\/product\/yoast-seo-wordpress\/ -->\n<title>El primer loco (Edici\u00f3n facsimilar e ilustrada) - Alvarellos Editora<\/title>\n<meta name=\"description\" content=\"El primer loco (Edici\u00f3n facsimilar e ilustrada). C\u00f3mprao na tenda en li\u00f1a de Alvarellos Editora.\" \/>\n<meta name=\"robots\" content=\"index, follow, max-snippet:-1, max-image-preview:large, max-video-preview:-1\" \/>\n<link rel=\"canonical\" href=\"https:\/\/alvarelloseditora.gal\/es\/libro\/el-primer-loco-edicion-facsimilar-e-ilustrada\/\" \/>\n<meta property=\"og:locale\" content=\"es_ES\" \/>\n<meta property=\"og:type\" content=\"article\" \/>\n<meta property=\"og:title\" content=\"El primer loco (Edici\u00f3n facsimilar e ilustrada) - Alvarellos Editora\" \/>\n<meta property=\"og:description\" content=\"El primer loco (Edici\u00f3n facsimilar e ilustrada). C\u00f3mprao na tenda en li\u00f1a de Alvarellos Editora.\" \/>\n<meta property=\"og:url\" content=\"https:\/\/alvarelloseditora.gal\/es\/libro\/el-primer-loco-edicion-facsimilar-e-ilustrada\/\" \/>\n<meta property=\"og:site_name\" content=\"Alvarellos Editora\" \/>\n<meta property=\"article:publisher\" content=\"https:\/\/www.facebook.com\/alvarelloseditora\" \/>\n<meta property=\"article:modified_time\" content=\"2022-05-10T11:01:23+00:00\" \/>\n<meta property=\"og:image\" content=\"https:\/\/alvarelloseditora.gal\/wp-content\/uploads\/2019\/12\/ElPrimerLoco.jpg\" \/>\n\t<meta property=\"og:image:width\" content=\"1842\" \/>\n\t<meta property=\"og:image:height\" content=\"2425\" \/>\n\t<meta property=\"og:image:type\" content=\"image\/jpeg\" \/>\n<meta name=\"twitter:card\" content=\"summary_large_image\" \/>\n<meta name=\"twitter:site\" content=\"@alvarellos_ed\" \/>\n<!-- \/ Yoast SEO plugin. -->","yoast_head_json":{"title":"El primer loco (Edici\u00f3n facsimilar e ilustrada) - Alvarellos Editora","description":"El primer loco (Edici\u00f3n facsimilar e ilustrada). C\u00f3mprao na tenda en li\u00f1a de Alvarellos Editora.","robots":{"index":"index","follow":"follow","max-snippet":"max-snippet:-1","max-image-preview":"max-image-preview:large","max-video-preview":"max-video-preview:-1"},"canonical":"https:\/\/alvarelloseditora.gal\/es\/libro\/el-primer-loco-edicion-facsimilar-e-ilustrada\/","og_locale":"es_ES","og_type":"article","og_title":"El primer loco (Edici\u00f3n facsimilar e ilustrada) - Alvarellos Editora","og_description":"El primer loco (Edici\u00f3n facsimilar e ilustrada). C\u00f3mprao na tenda en li\u00f1a de Alvarellos Editora.","og_url":"https:\/\/alvarelloseditora.gal\/es\/libro\/el-primer-loco-edicion-facsimilar-e-ilustrada\/","og_site_name":"Alvarellos Editora","article_publisher":"https:\/\/www.facebook.com\/alvarelloseditora","article_modified_time":"2022-05-10T11:01:23+00:00","og_image":[{"width":1842,"height":2425,"url":"https:\/\/alvarelloseditora.gal\/wp-content\/uploads\/2019\/12\/ElPrimerLoco.jpg","type":"image\/jpeg"}],"twitter_card":"summary_large_image","twitter_site":"@alvarellos_ed","schema":{"@context":"https:\/\/schema.org","@graph":[{"@type":["WebPage","ItemPage"],"@id":"https:\/\/alvarelloseditora.gal\/es\/libro\/el-primer-loco-edicion-facsimilar-e-ilustrada\/","url":"https:\/\/alvarelloseditora.gal\/es\/libro\/el-primer-loco-edicion-facsimilar-e-ilustrada\/","name":"El primer loco (Edici\u00f3n facsimilar e ilustrada) - Alvarellos Editora","isPartOf":{"@id":"https:\/\/alvarelloseditora.gal\/#website"},"primaryImageOfPage":{"@id":"https:\/\/alvarelloseditora.gal\/es\/libro\/el-primer-loco-edicion-facsimilar-e-ilustrada\/#primaryimage"},"image":{"@id":"https:\/\/alvarelloseditora.gal\/es\/libro\/el-primer-loco-edicion-facsimilar-e-ilustrada\/#primaryimage"},"thumbnailUrl":"https:\/\/alvarelloseditora.gal\/wp-content\/uploads\/2019\/12\/ElPrimerLoco.jpg","datePublished":"2019-12-27T14:03:42+00:00","dateModified":"2022-05-10T11:01:23+00:00","description":"El primer loco (Edici\u00f3n facsimilar e ilustrada). C\u00f3mprao na tenda en li\u00f1a de Alvarellos Editora.","breadcrumb":{"@id":"https:\/\/alvarelloseditora.gal\/es\/libro\/el-primer-loco-edicion-facsimilar-e-ilustrada\/#breadcrumb"},"inLanguage":"es","potentialAction":[{"@type":"ReadAction","target":["https:\/\/alvarelloseditora.gal\/es\/libro\/el-primer-loco-edicion-facsimilar-e-ilustrada\/"]}]},{"@type":"ImageObject","inLanguage":"es","@id":"https:\/\/alvarelloseditora.gal\/es\/libro\/el-primer-loco-edicion-facsimilar-e-ilustrada\/#primaryimage","url":"https:\/\/alvarelloseditora.gal\/wp-content\/uploads\/2019\/12\/ElPrimerLoco.jpg","contentUrl":"https:\/\/alvarelloseditora.gal\/wp-content\/uploads\/2019\/12\/ElPrimerLoco.jpg","width":1842,"height":2425},{"@type":"BreadcrumbList","@id":"https:\/\/alvarelloseditora.gal\/es\/libro\/el-primer-loco-edicion-facsimilar-e-ilustrada\/#breadcrumb","itemListElement":[{"@type":"ListItem","position":1,"name":"Portada","item":"https:\/\/alvarelloseditora.gal\/"},{"@type":"ListItem","position":2,"name":"Tienda","item":"https:\/\/alvarelloseditora.gal\/es\/tienda\/"},{"@type":"ListItem","position":3,"name":"El primer loco (Edici\u00f3n facsimilar e ilustrada)"}]},{"@type":"WebSite","@id":"https:\/\/alvarelloseditora.gal\/#website","url":"https:\/\/alvarelloseditora.gal\/","name":"Alvarellos Editora","description":"Libros para un mundo en tr\u00e1nsito","publisher":{"@id":"https:\/\/alvarelloseditora.gal\/#organization"},"potentialAction":[{"@type":"SearchAction","target":{"@type":"EntryPoint","urlTemplate":"https:\/\/alvarelloseditora.gal\/?s={search_term_string}"},"query-input":{"@type":"PropertyValueSpecification","valueRequired":true,"valueName":"search_term_string"}}],"inLanguage":"es"},{"@type":"Organization","@id":"https:\/\/alvarelloseditora.gal\/#organization","name":"Alvarellos Editora","url":"https:\/\/alvarelloseditora.gal\/","logo":{"@type":"ImageObject","inLanguage":"es","@id":"https:\/\/alvarelloseditora.gal\/#\/schema\/logo\/image\/","url":"https:\/\/alvarelloseditora.gal\/wp-content\/uploads\/2020\/02\/alv-icon.png","contentUrl":"https:\/\/alvarelloseditora.gal\/wp-content\/uploads\/2020\/02\/alv-icon.png","width":177,"height":175,"caption":"Alvarellos Editora"},"image":{"@id":"https:\/\/alvarelloseditora.gal\/#\/schema\/logo\/image\/"},"sameAs":["https:\/\/www.facebook.com\/alvarelloseditora","https:\/\/x.com\/alvarellos_ed"]}]}},"_links":{"self":[{"href":"https:\/\/alvarelloseditora.gal\/es\/wp-json\/wp\/v2\/product\/2878","targetHints":{"allow":["GET"]}}],"collection":[{"href":"https:\/\/alvarelloseditora.gal\/es\/wp-json\/wp\/v2\/product"}],"about":[{"href":"https:\/\/alvarelloseditora.gal\/es\/wp-json\/wp\/v2\/types\/product"}],"replies":[{"embeddable":true,"href":"https:\/\/alvarelloseditora.gal\/es\/wp-json\/wp\/v2\/comments?post=2878"}],"wp:featuredmedia":[{"embeddable":true,"href":"https:\/\/alvarelloseditora.gal\/es\/wp-json\/wp\/v2\/media\/4257"}],"wp:attachment":[{"href":"https:\/\/alvarelloseditora.gal\/es\/wp-json\/wp\/v2\/media?parent=2878"}],"wp:term":[{"taxonomy":"product_brand","embeddable":true,"href":"https:\/\/alvarelloseditora.gal\/es\/wp-json\/wp\/v2\/product_brand?post=2878"},{"taxonomy":"product_cat","embeddable":true,"href":"https:\/\/alvarelloseditora.gal\/es\/wp-json\/wp\/v2\/product_cat?post=2878"},{"taxonomy":"product_tag","embeddable":true,"href":"https:\/\/alvarelloseditora.gal\/es\/wp-json\/wp\/v2\/product_tag?post=2878"}],"curies":[{"name":"wp","href":"https:\/\/api.w.org\/{rel}","templated":true}]}}