{"id":2877,"date":"2019-12-27T13:43:01","date_gmt":"2019-12-27T14:03:42","guid":{"rendered":"https:\/\/nueva.alvarellos.info\/product\/cartafol-de-miraxes\/"},"modified":"2021-06-22T22:31:55","modified_gmt":"2021-06-22T20:31:55","slug":"cartafol-de-miraxes","status":"publish","type":"product","link":"https:\/\/alvarelloseditora.gal\/es\/libro\/cartafol-de-miraxes\/","title":{"rendered":"CARTAFOL DE MIRAXES"},"content":{"rendered":"","protected":false},"excerpt":{"rendered":"<p>Formato 14 x 19 cms. 86 pp<br \/>\nISBN 978-84-16460-57-1<\/p>\n<p>&nbsp;<\/p>\n<p>Obra ganadora de la edici\u00f3n n\u00ba 44 del veterano Certamen Literario del Ayuntamiento de Vilalba (Lugo). Lleva por t\u00edtulo Carpeta de Espejismos y su autor es un nuevo poeta \u2013y esta es su primera obra\u2013, Aleixandre Lago Barcala (A Coru\u00f1a, 1992).<\/p>\n<p>Consta de 43 poemas donde cada palabra y cada son de la m\u00fasica po\u00e9tica est\u00e1n pensados y ubicados en su preciso lugar. Carpeta de espejismos es un libro de desenga\u00f1os y de espejismos. As\u00ed lo resume el autor: \u00abexpreso una serie de desenga\u00f1os respeto de las ilusiones, vagas y narcisistas, que se hace uno cuando es peque\u00f1o, respecto de ideas como el amor, la muerte, el tiempo&#8230; Ideas que, al crecer, uno va viendo que son espejismos\u201d.<\/p>\n<p>En cuanto a los aspectos formales, la poes\u00eda de Aleixandre Lago combina composiciones tradicionales como el soneto con el verso libre y m\u00e9tricas diversas, pero siempre atendiendo la esa honda musicalidade de la palabra escrita.<\/p>\n<p>Carpeta de espejismos est\u00e1 ilustrado con trabajos de \u00c1lvaro Peleteiro ( collage de portada) y Antonio Reboredo (ilustraciones interiores).<\/p>\n","protected":false},"featured_media":4255,"comment_status":"closed","ping_status":"closed","template":"","meta":[],"product_brand":[],"product_cat":[106],"product_tag":[],"class_list":{"0":"post-2877","1":"product","2":"type-product","3":"status-publish","4":"has-post-thumbnail","6":"product_author-aleixandre-lago-barcala-es","7":"product_cat-libros-do-sarela-es","9":"first","10":"instock","11":"taxable","12":"shipping-taxable","13":"purchasable","14":"product-type-simple"},"yoast_head":"<!-- This site is optimized with the Yoast SEO plugin v27.3 - https:\/\/yoast.com\/product\/yoast-seo-wordpress\/ -->\n<title>CARTAFOL DE MIRAXES - Alvarellos Editora<\/title>\n<meta name=\"description\" content=\"CARTAFOL DE MIRAXES. C\u00f3mprao na tenda en li\u00f1a de Alvarellos Editora.\" \/>\n<meta name=\"robots\" content=\"index, follow, max-snippet:-1, max-image-preview:large, max-video-preview:-1\" \/>\n<link rel=\"canonical\" href=\"https:\/\/alvarelloseditora.gal\/es\/libro\/cartafol-de-miraxes\/\" \/>\n<meta property=\"og:locale\" content=\"es_ES\" \/>\n<meta property=\"og:type\" content=\"article\" \/>\n<meta property=\"og:title\" content=\"CARTAFOL DE MIRAXES - Alvarellos Editora\" \/>\n<meta property=\"og:description\" content=\"CARTAFOL DE MIRAXES. C\u00f3mprao na tenda en li\u00f1a de Alvarellos Editora.\" \/>\n<meta property=\"og:url\" content=\"https:\/\/alvarelloseditora.gal\/es\/libro\/cartafol-de-miraxes\/\" \/>\n<meta property=\"og:site_name\" content=\"Alvarellos Editora\" \/>\n<meta property=\"article:publisher\" content=\"https:\/\/www.facebook.com\/alvarelloseditora\" \/>\n<meta property=\"article:modified_time\" content=\"2021-06-22T20:31:55+00:00\" \/>\n<meta property=\"og:image\" content=\"https:\/\/alvarelloseditora.gal\/wp-content\/uploads\/2019\/12\/Cartafol-de-miraxes-capa-alvarellos-2019.jpg\" \/>\n\t<meta property=\"og:image:width\" content=\"1638\" \/>\n\t<meta property=\"og:image:height\" content=\"2245\" \/>\n\t<meta property=\"og:image:type\" content=\"image\/jpeg\" \/>\n<meta name=\"twitter:card\" content=\"summary_large_image\" \/>\n<meta name=\"twitter:site\" content=\"@alvarellos_ed\" \/>\n<!-- \/ Yoast SEO plugin. -->","yoast_head_json":{"title":"CARTAFOL DE MIRAXES - Alvarellos Editora","description":"CARTAFOL DE MIRAXES. C\u00f3mprao na tenda en li\u00f1a de Alvarellos Editora.","robots":{"index":"index","follow":"follow","max-snippet":"max-snippet:-1","max-image-preview":"max-image-preview:large","max-video-preview":"max-video-preview:-1"},"canonical":"https:\/\/alvarelloseditora.gal\/es\/libro\/cartafol-de-miraxes\/","og_locale":"es_ES","og_type":"article","og_title":"CARTAFOL DE MIRAXES - Alvarellos Editora","og_description":"CARTAFOL DE MIRAXES. C\u00f3mprao na tenda en li\u00f1a de Alvarellos Editora.","og_url":"https:\/\/alvarelloseditora.gal\/es\/libro\/cartafol-de-miraxes\/","og_site_name":"Alvarellos Editora","article_publisher":"https:\/\/www.facebook.com\/alvarelloseditora","article_modified_time":"2021-06-22T20:31:55+00:00","og_image":[{"width":1638,"height":2245,"url":"https:\/\/alvarelloseditora.gal\/wp-content\/uploads\/2019\/12\/Cartafol-de-miraxes-capa-alvarellos-2019.jpg","type":"image\/jpeg"}],"twitter_card":"summary_large_image","twitter_site":"@alvarellos_ed","schema":{"@context":"https:\/\/schema.org","@graph":[{"@type":["WebPage","ItemPage"],"@id":"https:\/\/alvarelloseditora.gal\/es\/libro\/cartafol-de-miraxes\/","url":"https:\/\/alvarelloseditora.gal\/es\/libro\/cartafol-de-miraxes\/","name":"CARTAFOL DE MIRAXES - Alvarellos Editora","isPartOf":{"@id":"https:\/\/alvarelloseditora.gal\/#website"},"primaryImageOfPage":{"@id":"https:\/\/alvarelloseditora.gal\/es\/libro\/cartafol-de-miraxes\/#primaryimage"},"image":{"@id":"https:\/\/alvarelloseditora.gal\/es\/libro\/cartafol-de-miraxes\/#primaryimage"},"thumbnailUrl":"https:\/\/alvarelloseditora.gal\/wp-content\/uploads\/2019\/12\/Cartafol-de-miraxes-capa-alvarellos-2019.jpg","datePublished":"2019-12-27T14:03:42+00:00","dateModified":"2021-06-22T20:31:55+00:00","description":"CARTAFOL DE MIRAXES. C\u00f3mprao na tenda en li\u00f1a de Alvarellos Editora.","breadcrumb":{"@id":"https:\/\/alvarelloseditora.gal\/es\/libro\/cartafol-de-miraxes\/#breadcrumb"},"inLanguage":"es","potentialAction":[{"@type":"ReadAction","target":["https:\/\/alvarelloseditora.gal\/es\/libro\/cartafol-de-miraxes\/"]}]},{"@type":"ImageObject","inLanguage":"es","@id":"https:\/\/alvarelloseditora.gal\/es\/libro\/cartafol-de-miraxes\/#primaryimage","url":"https:\/\/alvarelloseditora.gal\/wp-content\/uploads\/2019\/12\/Cartafol-de-miraxes-capa-alvarellos-2019.jpg","contentUrl":"https:\/\/alvarelloseditora.gal\/wp-content\/uploads\/2019\/12\/Cartafol-de-miraxes-capa-alvarellos-2019.jpg","width":1638,"height":2245},{"@type":"BreadcrumbList","@id":"https:\/\/alvarelloseditora.gal\/es\/libro\/cartafol-de-miraxes\/#breadcrumb","itemListElement":[{"@type":"ListItem","position":1,"name":"Portada","item":"https:\/\/alvarelloseditora.gal\/"},{"@type":"ListItem","position":2,"name":"Tienda","item":"https:\/\/alvarelloseditora.gal\/es\/tienda\/"},{"@type":"ListItem","position":3,"name":"CARTAFOL DE MIRAXES"}]},{"@type":"WebSite","@id":"https:\/\/alvarelloseditora.gal\/#website","url":"https:\/\/alvarelloseditora.gal\/","name":"Alvarellos Editora","description":"Libros para un mundo en tr\u00e1nsito","publisher":{"@id":"https:\/\/alvarelloseditora.gal\/#organization"},"potentialAction":[{"@type":"SearchAction","target":{"@type":"EntryPoint","urlTemplate":"https:\/\/alvarelloseditora.gal\/?s={search_term_string}"},"query-input":{"@type":"PropertyValueSpecification","valueRequired":true,"valueName":"search_term_string"}}],"inLanguage":"es"},{"@type":"Organization","@id":"https:\/\/alvarelloseditora.gal\/#organization","name":"Alvarellos Editora","url":"https:\/\/alvarelloseditora.gal\/","logo":{"@type":"ImageObject","inLanguage":"es","@id":"https:\/\/alvarelloseditora.gal\/#\/schema\/logo\/image\/","url":"https:\/\/alvarelloseditora.gal\/wp-content\/uploads\/2020\/02\/alv-icon.png","contentUrl":"https:\/\/alvarelloseditora.gal\/wp-content\/uploads\/2020\/02\/alv-icon.png","width":177,"height":175,"caption":"Alvarellos Editora"},"image":{"@id":"https:\/\/alvarelloseditora.gal\/#\/schema\/logo\/image\/"},"sameAs":["https:\/\/www.facebook.com\/alvarelloseditora","https:\/\/x.com\/alvarellos_ed"]}]}},"_links":{"self":[{"href":"https:\/\/alvarelloseditora.gal\/es\/wp-json\/wp\/v2\/product\/2877","targetHints":{"allow":["GET"]}}],"collection":[{"href":"https:\/\/alvarelloseditora.gal\/es\/wp-json\/wp\/v2\/product"}],"about":[{"href":"https:\/\/alvarelloseditora.gal\/es\/wp-json\/wp\/v2\/types\/product"}],"replies":[{"embeddable":true,"href":"https:\/\/alvarelloseditora.gal\/es\/wp-json\/wp\/v2\/comments?post=2877"}],"wp:featuredmedia":[{"embeddable":true,"href":"https:\/\/alvarelloseditora.gal\/es\/wp-json\/wp\/v2\/media\/4255"}],"wp:attachment":[{"href":"https:\/\/alvarelloseditora.gal\/es\/wp-json\/wp\/v2\/media?parent=2877"}],"wp:term":[{"taxonomy":"product_brand","embeddable":true,"href":"https:\/\/alvarelloseditora.gal\/es\/wp-json\/wp\/v2\/product_brand?post=2877"},{"taxonomy":"product_cat","embeddable":true,"href":"https:\/\/alvarelloseditora.gal\/es\/wp-json\/wp\/v2\/product_cat?post=2877"},{"taxonomy":"product_tag","embeddable":true,"href":"https:\/\/alvarelloseditora.gal\/es\/wp-json\/wp\/v2\/product_tag?post=2877"}],"curies":[{"name":"wp","href":"https:\/\/api.w.org\/{rel}","templated":true}]}}