{"id":2876,"date":"2025-10-03T09:00:01","date_gmt":"2025-10-03T07:00:01","guid":{"rendered":"https:\/\/nueva.alvarellos.info\/product\/guia-de-padron\/"},"modified":"2025-10-15T11:16:37","modified_gmt":"2025-10-15T09:16:37","slug":"guia-de-padron","status":"publish","type":"product","link":"https:\/\/alvarelloseditora.gal\/es\/libro\/guia-de-padron\/","title":{"rendered":"Gu\u00eda de Padr\u00f3n [2\u00aa edici\u00f3n actualizada]"},"content":{"rendered":"<p><a href=\"https:\/\/www.elcorreogallego.es\/area-de-compostela\/ecg\/garrido-presenta-guia-padron-mundo\/idEdicion-2019-04-10\/idNoticia-1176165\/\">10-04-2019<strong> El Correo Gallego<\/strong> Garrido presenta una gu\u00eda de Padr\u00f3n para el mundo<\/a><br \/>\n<a href=\"https:\/\/www.elcorreogallego.es\/opinion\/cuadro-de-honor\/ecg\/guia-conocer-mejor-encantos-capital-sar\/idEdicion-2019-04-10\/idNoticia-1176169\">10-04-2018 <strong>El Correo Gallego<\/strong> Una gu\u00eda para conocer mejor los encantos de la capital del Sar<\/a><br \/>\n<a href=\"https:\/\/www.lavozdegalicia.es\/noticia\/santiago\/2019\/04\/06\/manuel-garrido-firma-guia-viajes-villa-padronesa\/0003_201904S6C8992.htm\">06-04-2019 <strong>La Voz de Galicia<\/strong>-Ed. Santiago Manuel Garrido firma la gu\u00eda de viajes de la villa padronesa<\/a><br \/>\n<a href=\"https:\/\/www.caminosantiago.org\/cpperegrino\/prensa\/verprensa.asp?PrensaID=13215\">06-04-2019 <strong>CaminodeSantiago.org<\/strong> Padr\u00f3n, cuna del Camino, ya tiene su gu\u00eda de viaje m\u00e1s completa<\/a><br \/>\n<a href=\"https:\/\/esradio.libertaddigital.com\/galicia\/2019-04-05\/guia-de-padron-de-manuel-garrido-1276636144\/\">05-04-2019 <strong>EsRadio<\/strong> Gu\u00eda de Padr\u00f3n de Manuel Garrido<\/a><\/p>\n<hr \/>\n","protected":false},"excerpt":{"rendered":"<p>Camino de Santiago, cultura, arte y gastronom\u00eda<br \/>\nManuel Garrido<br \/>\nISBN 978-84-16460-54-0<br \/>\nPP 112. Formato 12&#215;22 cms.<br \/>\nIdioma: castellano<\/p>\n<p>Segunda edici\u00f3n, actualizada, 2025-2026.<\/p>\n<p>NP_ESP_Guia_Padron_2\u00aa_edi-2025<\/p>\n<p>Padr\u00f3n es el epicentro de las tradiciones que dieron origen al Camino de Santiago. La gu\u00eda que tienes en tus manos te conducir\u00e1 por este riqu\u00edsimo patrimonio. Adem\u00e1s, descubrir\u00e1s en ella que Padr\u00f3n ofrece grandes atractivos: los nobles edificios y el arte de su milenario centro hist\u00f3rico; las casas-fundaci\u00f3n de dos escritores \u00fanicos: Rosal\u00eda de Castro y Camilo Jos\u00e9 Cela; una gastronom\u00eda liderada por sus mundialmente conocidos pimientos de Herb\u00f3n-Padr\u00f3n y la singular lamprea (un pez con 500 millones de a\u00f1os). \u00a0Tambi\u00e9n, sus seductores espacios naturales, ba\u00f1ados por los r\u00edos Sar y Ulla, y unas animad\u00edsimas fiestas que no deber\u00edas perderte.<\/p>\n<p>M\u00e1s de cien fotograf\u00edas y planos explicativos ilustran esta nueva propuesta.<\/p>\n<p>Esta es la gu\u00eda que faltaba para que todas las personas, sean peregrinas, viajeras, visitantes o vecinos, descubran y disfruten de Padr\u00f3n.<\/p>\n","protected":false},"featured_media":10150,"comment_status":"closed","ping_status":"closed","template":"","meta":[],"product_brand":[],"product_cat":[104],"product_tag":[1045],"class_list":{"0":"post-2876","1":"product","2":"type-product","3":"status-publish","4":"has-post-thumbnail","6":"product_author-manuel-garrido-es","7":"product_cat-ilustrada-es","8":"product_tag-santiago-de-compostela-y-el-camino","10":"first","11":"instock","12":"taxable","13":"shipping-taxable","14":"purchasable","15":"product-type-simple"},"yoast_head":"<!-- This site is optimized with the Yoast SEO plugin v27.3 - https:\/\/yoast.com\/product\/yoast-seo-wordpress\/ -->\n<title>Gu\u00eda de Padr\u00f3n [2\u00aa edici\u00f3n actualizada] - Alvarellos Editora<\/title>\n<meta name=\"description\" content=\"Gu\u00eda de Padr\u00f3n [2\u00aa edici\u00f3n actualizada]. C\u00f3mprao na tenda en li\u00f1a de Alvarellos Editora.\" \/>\n<meta name=\"robots\" content=\"index, follow, max-snippet:-1, max-image-preview:large, max-video-preview:-1\" \/>\n<link rel=\"canonical\" href=\"https:\/\/alvarelloseditora.gal\/es\/libro\/guia-de-padron\/\" \/>\n<meta property=\"og:locale\" content=\"es_ES\" \/>\n<meta property=\"og:type\" content=\"article\" \/>\n<meta property=\"og:title\" content=\"Gu\u00eda de Padr\u00f3n [2\u00aa edici\u00f3n actualizada] - Alvarellos Editora\" \/>\n<meta property=\"og:description\" content=\"Gu\u00eda de Padr\u00f3n [2\u00aa edici\u00f3n actualizada]. C\u00f3mprao na tenda en li\u00f1a de Alvarellos Editora.\" \/>\n<meta property=\"og:url\" content=\"https:\/\/alvarelloseditora.gal\/es\/libro\/guia-de-padron\/\" \/>\n<meta property=\"og:site_name\" content=\"Alvarellos Editora\" \/>\n<meta property=\"article:publisher\" content=\"https:\/\/www.facebook.com\/alvarelloseditora\" \/>\n<meta property=\"article:modified_time\" content=\"2025-10-15T09:16:37+00:00\" \/>\n<meta property=\"og:image\" content=\"https:\/\/alvarelloseditora.gal\/wp-content\/uploads\/2019\/12\/Guia-de-Padron-segunda-edi-out-2025_Pagina_1-scaled.jpg\" \/>\n\t<meta property=\"og:image:width\" content=\"1400\" \/>\n\t<meta property=\"og:image:height\" content=\"2560\" \/>\n\t<meta property=\"og:image:type\" content=\"image\/jpeg\" \/>\n<meta name=\"twitter:card\" content=\"summary_large_image\" \/>\n<meta name=\"twitter:site\" content=\"@alvarellos_ed\" \/>\n<meta name=\"twitter:label1\" content=\"Tiempo de lectura\" \/>\n\t<meta name=\"twitter:data1\" content=\"1 minuto\" \/>\n<!-- \/ Yoast SEO plugin. -->","yoast_head_json":{"title":"Gu\u00eda de Padr\u00f3n [2\u00aa edici\u00f3n actualizada] - Alvarellos Editora","description":"Gu\u00eda de Padr\u00f3n [2\u00aa edici\u00f3n actualizada]. C\u00f3mprao na tenda en li\u00f1a de Alvarellos Editora.","robots":{"index":"index","follow":"follow","max-snippet":"max-snippet:-1","max-image-preview":"max-image-preview:large","max-video-preview":"max-video-preview:-1"},"canonical":"https:\/\/alvarelloseditora.gal\/es\/libro\/guia-de-padron\/","og_locale":"es_ES","og_type":"article","og_title":"Gu\u00eda de Padr\u00f3n [2\u00aa edici\u00f3n actualizada] - Alvarellos Editora","og_description":"Gu\u00eda de Padr\u00f3n [2\u00aa edici\u00f3n actualizada]. C\u00f3mprao na tenda en li\u00f1a de Alvarellos Editora.","og_url":"https:\/\/alvarelloseditora.gal\/es\/libro\/guia-de-padron\/","og_site_name":"Alvarellos Editora","article_publisher":"https:\/\/www.facebook.com\/alvarelloseditora","article_modified_time":"2025-10-15T09:16:37+00:00","og_image":[{"width":1400,"height":2560,"url":"https:\/\/alvarelloseditora.gal\/wp-content\/uploads\/2019\/12\/Guia-de-Padron-segunda-edi-out-2025_Pagina_1-scaled.jpg","type":"image\/jpeg"}],"twitter_card":"summary_large_image","twitter_site":"@alvarellos_ed","twitter_misc":{"Tiempo de lectura":"1 minuto"},"schema":{"@context":"https:\/\/schema.org","@graph":[{"@type":["WebPage","ItemPage"],"@id":"https:\/\/alvarelloseditora.gal\/es\/libro\/guia-de-padron\/","url":"https:\/\/alvarelloseditora.gal\/es\/libro\/guia-de-padron\/","name":"Gu\u00eda de Padr\u00f3n [2\u00aa edici\u00f3n actualizada] - Alvarellos Editora","isPartOf":{"@id":"https:\/\/alvarelloseditora.gal\/#website"},"primaryImageOfPage":{"@id":"https:\/\/alvarelloseditora.gal\/es\/libro\/guia-de-padron\/#primaryimage"},"image":{"@id":"https:\/\/alvarelloseditora.gal\/es\/libro\/guia-de-padron\/#primaryimage"},"thumbnailUrl":"https:\/\/alvarelloseditora.gal\/wp-content\/uploads\/2019\/12\/Guia-de-Padron-segunda-edi-out-2025_Pagina_1-scaled.jpg","datePublished":"2025-10-03T07:00:01+00:00","dateModified":"2025-10-15T09:16:37+00:00","description":"Gu\u00eda de Padr\u00f3n [2\u00aa edici\u00f3n actualizada]. C\u00f3mprao na tenda en li\u00f1a de Alvarellos Editora.","breadcrumb":{"@id":"https:\/\/alvarelloseditora.gal\/es\/libro\/guia-de-padron\/#breadcrumb"},"inLanguage":"es","potentialAction":[{"@type":"ReadAction","target":["https:\/\/alvarelloseditora.gal\/es\/libro\/guia-de-padron\/"]}]},{"@type":"ImageObject","inLanguage":"es","@id":"https:\/\/alvarelloseditora.gal\/es\/libro\/guia-de-padron\/#primaryimage","url":"https:\/\/alvarelloseditora.gal\/wp-content\/uploads\/2019\/12\/Guia-de-Padron-segunda-edi-out-2025_Pagina_1-scaled.jpg","contentUrl":"https:\/\/alvarelloseditora.gal\/wp-content\/uploads\/2019\/12\/Guia-de-Padron-segunda-edi-out-2025_Pagina_1-scaled.jpg","width":1400,"height":2560},{"@type":"BreadcrumbList","@id":"https:\/\/alvarelloseditora.gal\/es\/libro\/guia-de-padron\/#breadcrumb","itemListElement":[{"@type":"ListItem","position":1,"name":"Portada","item":"https:\/\/alvarelloseditora.gal\/"},{"@type":"ListItem","position":2,"name":"Tienda","item":"https:\/\/alvarelloseditora.gal\/es\/tienda\/"},{"@type":"ListItem","position":3,"name":"Gu\u00eda de Padr\u00f3n [2\u00aa edici\u00f3n actualizada]"}]},{"@type":"WebSite","@id":"https:\/\/alvarelloseditora.gal\/#website","url":"https:\/\/alvarelloseditora.gal\/","name":"Alvarellos Editora","description":"Libros para un mundo en tr\u00e1nsito","publisher":{"@id":"https:\/\/alvarelloseditora.gal\/#organization"},"potentialAction":[{"@type":"SearchAction","target":{"@type":"EntryPoint","urlTemplate":"https:\/\/alvarelloseditora.gal\/?s={search_term_string}"},"query-input":{"@type":"PropertyValueSpecification","valueRequired":true,"valueName":"search_term_string"}}],"inLanguage":"es"},{"@type":"Organization","@id":"https:\/\/alvarelloseditora.gal\/#organization","name":"Alvarellos Editora","url":"https:\/\/alvarelloseditora.gal\/","logo":{"@type":"ImageObject","inLanguage":"es","@id":"https:\/\/alvarelloseditora.gal\/#\/schema\/logo\/image\/","url":"https:\/\/alvarelloseditora.gal\/wp-content\/uploads\/2020\/02\/alv-icon.png","contentUrl":"https:\/\/alvarelloseditora.gal\/wp-content\/uploads\/2020\/02\/alv-icon.png","width":177,"height":175,"caption":"Alvarellos Editora"},"image":{"@id":"https:\/\/alvarelloseditora.gal\/#\/schema\/logo\/image\/"},"sameAs":["https:\/\/www.facebook.com\/alvarelloseditora","https:\/\/x.com\/alvarellos_ed"]}]}},"_links":{"self":[{"href":"https:\/\/alvarelloseditora.gal\/es\/wp-json\/wp\/v2\/product\/2876","targetHints":{"allow":["GET"]}}],"collection":[{"href":"https:\/\/alvarelloseditora.gal\/es\/wp-json\/wp\/v2\/product"}],"about":[{"href":"https:\/\/alvarelloseditora.gal\/es\/wp-json\/wp\/v2\/types\/product"}],"replies":[{"embeddable":true,"href":"https:\/\/alvarelloseditora.gal\/es\/wp-json\/wp\/v2\/comments?post=2876"}],"wp:featuredmedia":[{"embeddable":true,"href":"https:\/\/alvarelloseditora.gal\/es\/wp-json\/wp\/v2\/media\/10150"}],"wp:attachment":[{"href":"https:\/\/alvarelloseditora.gal\/es\/wp-json\/wp\/v2\/media?parent=2876"}],"wp:term":[{"taxonomy":"product_brand","embeddable":true,"href":"https:\/\/alvarelloseditora.gal\/es\/wp-json\/wp\/v2\/product_brand?post=2876"},{"taxonomy":"product_cat","embeddable":true,"href":"https:\/\/alvarelloseditora.gal\/es\/wp-json\/wp\/v2\/product_cat?post=2876"},{"taxonomy":"product_tag","embeddable":true,"href":"https:\/\/alvarelloseditora.gal\/es\/wp-json\/wp\/v2\/product_tag?post=2876"}],"curies":[{"name":"wp","href":"https:\/\/api.w.org\/{rel}","templated":true}]}}