{"id":2874,"date":"2019-12-27T13:43:01","date_gmt":"2019-12-27T14:03:42","guid":{"rendered":"https:\/\/nueva.alvarellos.info\/product\/as-orixes-da-fotografia-en-galicia\/"},"modified":"2021-06-22T15:21:03","modified_gmt":"2021-06-22T13:21:03","slug":"as-orixes-da-fotografia-en-galicia","status":"publish","type":"product","link":"https:\/\/alvarelloseditora.gal\/es\/libro\/as-orixes-da-fotografia-en-galicia\/","title":{"rendered":"AS ORIXES DA FOTOGRAF\u00cdA EN GALICIA"},"content":{"rendered":"<p><a href=\"https:\/\/alvarelloseditora.gal\/wp-content\/uploads\/2021\/05\/NP_C_as-orixes-da-fotografia-en-galicia.pdf\">PDF [Ficha y Notas de prensa]<\/a><\/p>\n<p><a href=\"https:\/\/www.gciencia.com\/historias-gc\/imaxe-inedita-santiago-1858\/?fbclid=IwAR2a832yDOLNcet1FQMhbunDESJH9Q4X8CUKngM90E_NeBqOTKIORRYg3Hk\">30-01-19 <strong>GCiencia<\/strong> Esta \u00e9 unha imaxe in\u00e9dita de Santiago en 1858\u00a0<\/a><br \/>\n<a href=\"https:\/\/www.youtube.com\/watch?v=e_2_L_3NrjU\">12-01-2019 <strong>pilaraymara.com\u00a0 <\/strong>V\u00eddeo:<strong>\u00a0<\/strong>entrevista a Carlos Castelao<\/a>&gt;<br \/>\n<a href=\"https:\/\/www.youtube.com\/watch?v=b-O_HYGrydA\">12-01-2019 <strong>pilaraymara.com <\/strong>Video: roteiro con Carlos Castelao<\/a><br \/>\n<a href=\"https:\/\/www.lavozdegalicia.es\/noticia\/cultura\/2019\/01\/10\/span-langglluis-hermida-unico-neno-fotografospan\/0003_201901G10P35991.htm?fbclid=IwAR2MHmgs829o3lS-JHFAEySi2o4Oygolh7x5DvdZ_PPX5fxn-8aGyi69KwM\">10-01-2019 <strong>La Voz de Galicia<\/strong> Luis Hermida, o \u00fanico neno fot\u00f3grafo<\/a><\/p>\n<hr \/>\n","protected":false},"excerpt":{"rendered":"<p>Estudios compostel\u00e1ns do XIX<\/p>\n<p>&nbsp;<\/p>\n<p>300 pp. 23&#215;21 cms<br \/>\nISBN 978-84-16460-51-9<\/p>\n<p>&nbsp;<\/p>\n<p>Una obra pionera, resultado de a\u00f1os de profunda investigaci\u00f3n, que ofrece descubrimientos sorprendentes del nacimiento del arte fotogr\u00e1fico en la Galicia del siglo XIX.<\/p>\n<p>Su autor, el fotohistoriador Carlos Iglesias Castelao (de origen asturiano y afincado en Compostela desde 1988), ofrece en estas p\u00e1ginas un trabajo riguroso, documentad\u00edsimo y enormemente did\u00e1ctico.<\/p>\n<p>Un volumen ilustrado con m\u00e1s de 350 im\u00e1genes (muchas de ellas, totalmente in\u00e9ditas) que se inicia situando los albores de la fotograf\u00eda en Galicia para presentar a continuaci\u00f3n el m\u00e1s completo trabajo conocido hasta hoy sobre la fotograf\u00eda de una ciudad gallega en un periodo concreto.<\/p>\n<p>Son las precursoras y precursores del nuevo arte de la imagen en Santiago de Compostela. Se traza la biograf\u00eda de hasta veinticuatro profesionales y sus estudios fotogr\u00e1ficos; se demuestra la interrelaci\u00f3n en una mayor\u00eda de ellos, su ideolog\u00eda com\u00fan progresista o su acercamiento a la masoner\u00eda.<\/p>\n<p>Se dedica un apartado a la presencia de la mujer en la fotograf\u00eda con nuevos descubrimientos alrededor de Rosal\u00eda de Castro y sus fot\u00f3grafos.<\/p>\n<p>Se incluye la historia completa del primer fot\u00f3grafo gallego con estudio propio, Andr\u00e9s Cisneros, y adem\u00e1s descubrimos hechos totalmente singulares como la historia del ni\u00f1o fot\u00f3grafo Luis Hermida, de ocho a\u00f1os&#8230;<\/p>\n<p>Estamos, en fin, ante un trabajo sin precedentes en la historia gallega de la fotograf\u00eda que nos har\u00e1 gozar de este arte que, en la segunda mitad del siglo XIX, cambiar\u00eda nuestra forma de ver el mundo.<\/p>\n<p>PREMIO ANT\u00d3N LOSADA DI\u00c9GUEZ 2018<\/p>\n<p>As orixes da fotograf\u00eda en Galicia recibi\u00f3\u00a0el\u00a0Premio Ant\u00f3n Losada Di\u00e9guez 2018 ao mellor Ensaio do Ano\u00a0y fue finalista en la modalidad de Ensaio en la Gala do Libro Galego 2019.<\/p>\n","protected":false},"featured_media":4249,"comment_status":"closed","ping_status":"closed","template":"","meta":[],"product_brand":[],"product_cat":[104],"product_tag":[1045],"class_list":{"0":"post-2874","1":"product","2":"type-product","3":"status-publish","4":"has-post-thumbnail","6":"product_author-carlos-castelao-es","7":"product_cat-ilustrada-es","8":"product_tag-santiago-de-compostela-y-el-camino","10":"first","11":"instock","12":"taxable","13":"shipping-taxable","14":"purchasable","15":"product-type-simple"},"yoast_head":"<!-- This site is optimized with the Yoast SEO plugin v27.3 - https:\/\/yoast.com\/product\/yoast-seo-wordpress\/ -->\n<title>AS ORIXES DA FOTOGRAF\u00cdA EN GALICIA - Alvarellos Editora<\/title>\n<meta name=\"description\" content=\"AS ORIXES DA FOTOGRAF\u00cdA EN GALICIA. C\u00f3mprao na tenda en li\u00f1a de Alvarellos Editora.\" \/>\n<meta name=\"robots\" content=\"index, follow, max-snippet:-1, max-image-preview:large, max-video-preview:-1\" \/>\n<link rel=\"canonical\" href=\"https:\/\/alvarelloseditora.gal\/es\/libro\/as-orixes-da-fotografia-en-galicia\/\" \/>\n<meta property=\"og:locale\" content=\"es_ES\" \/>\n<meta property=\"og:type\" content=\"article\" \/>\n<meta property=\"og:title\" content=\"AS ORIXES DA FOTOGRAF\u00cdA EN GALICIA - Alvarellos Editora\" \/>\n<meta property=\"og:description\" content=\"AS ORIXES DA FOTOGRAF\u00cdA EN GALICIA. C\u00f3mprao na tenda en li\u00f1a de Alvarellos Editora.\" \/>\n<meta property=\"og:url\" content=\"https:\/\/alvarelloseditora.gal\/es\/libro\/as-orixes-da-fotografia-en-galicia\/\" \/>\n<meta property=\"og:site_name\" content=\"Alvarellos Editora\" \/>\n<meta property=\"article:publisher\" content=\"https:\/\/www.facebook.com\/alvarelloseditora\" \/>\n<meta property=\"article:modified_time\" content=\"2021-06-22T13:21:03+00:00\" \/>\n<meta property=\"og:image\" content=\"https:\/\/alvarelloseditora.gal\/wp-content\/uploads\/2019\/12\/As-orixes-da-fotograf\u00eda-en-galicia-libro-alvarellos-ed-scaled.jpg\" \/>\n\t<meta property=\"og:image:width\" content=\"2560\" \/>\n\t<meta property=\"og:image:height\" content=\"2341\" \/>\n\t<meta property=\"og:image:type\" content=\"image\/jpeg\" \/>\n<meta name=\"twitter:card\" content=\"summary_large_image\" \/>\n<meta name=\"twitter:site\" content=\"@alvarellos_ed\" \/>\n<!-- \/ Yoast SEO plugin. -->","yoast_head_json":{"title":"AS ORIXES DA FOTOGRAF\u00cdA EN GALICIA - Alvarellos Editora","description":"AS ORIXES DA FOTOGRAF\u00cdA EN GALICIA. C\u00f3mprao na tenda en li\u00f1a de Alvarellos Editora.","robots":{"index":"index","follow":"follow","max-snippet":"max-snippet:-1","max-image-preview":"max-image-preview:large","max-video-preview":"max-video-preview:-1"},"canonical":"https:\/\/alvarelloseditora.gal\/es\/libro\/as-orixes-da-fotografia-en-galicia\/","og_locale":"es_ES","og_type":"article","og_title":"AS ORIXES DA FOTOGRAF\u00cdA EN GALICIA - Alvarellos Editora","og_description":"AS ORIXES DA FOTOGRAF\u00cdA EN GALICIA. C\u00f3mprao na tenda en li\u00f1a de Alvarellos Editora.","og_url":"https:\/\/alvarelloseditora.gal\/es\/libro\/as-orixes-da-fotografia-en-galicia\/","og_site_name":"Alvarellos Editora","article_publisher":"https:\/\/www.facebook.com\/alvarelloseditora","article_modified_time":"2021-06-22T13:21:03+00:00","og_image":[{"width":2560,"height":2341,"url":"https:\/\/alvarelloseditora.gal\/wp-content\/uploads\/2019\/12\/As-orixes-da-fotograf\u00eda-en-galicia-libro-alvarellos-ed-scaled.jpg","type":"image\/jpeg"}],"twitter_card":"summary_large_image","twitter_site":"@alvarellos_ed","schema":{"@context":"https:\/\/schema.org","@graph":[{"@type":["WebPage","ItemPage"],"@id":"https:\/\/alvarelloseditora.gal\/es\/libro\/as-orixes-da-fotografia-en-galicia\/","url":"https:\/\/alvarelloseditora.gal\/es\/libro\/as-orixes-da-fotografia-en-galicia\/","name":"AS ORIXES DA FOTOGRAF\u00cdA EN GALICIA - Alvarellos Editora","isPartOf":{"@id":"https:\/\/alvarelloseditora.gal\/#website"},"primaryImageOfPage":{"@id":"https:\/\/alvarelloseditora.gal\/es\/libro\/as-orixes-da-fotografia-en-galicia\/#primaryimage"},"image":{"@id":"https:\/\/alvarelloseditora.gal\/es\/libro\/as-orixes-da-fotografia-en-galicia\/#primaryimage"},"thumbnailUrl":"https:\/\/alvarelloseditora.gal\/wp-content\/uploads\/2019\/12\/As-orixes-da-fotograf\u00eda-en-galicia-libro-alvarellos-ed-scaled.jpg","datePublished":"2019-12-27T14:03:42+00:00","dateModified":"2021-06-22T13:21:03+00:00","description":"AS ORIXES DA FOTOGRAF\u00cdA EN GALICIA. C\u00f3mprao na tenda en li\u00f1a de Alvarellos Editora.","breadcrumb":{"@id":"https:\/\/alvarelloseditora.gal\/es\/libro\/as-orixes-da-fotografia-en-galicia\/#breadcrumb"},"inLanguage":"es","potentialAction":[{"@type":"ReadAction","target":["https:\/\/alvarelloseditora.gal\/es\/libro\/as-orixes-da-fotografia-en-galicia\/"]}]},{"@type":"ImageObject","inLanguage":"es","@id":"https:\/\/alvarelloseditora.gal\/es\/libro\/as-orixes-da-fotografia-en-galicia\/#primaryimage","url":"https:\/\/alvarelloseditora.gal\/wp-content\/uploads\/2019\/12\/As-orixes-da-fotograf\u00eda-en-galicia-libro-alvarellos-ed-scaled.jpg","contentUrl":"https:\/\/alvarelloseditora.gal\/wp-content\/uploads\/2019\/12\/As-orixes-da-fotograf\u00eda-en-galicia-libro-alvarellos-ed-scaled.jpg","width":2560,"height":2341},{"@type":"BreadcrumbList","@id":"https:\/\/alvarelloseditora.gal\/es\/libro\/as-orixes-da-fotografia-en-galicia\/#breadcrumb","itemListElement":[{"@type":"ListItem","position":1,"name":"Portada","item":"https:\/\/alvarelloseditora.gal\/"},{"@type":"ListItem","position":2,"name":"Tienda","item":"https:\/\/alvarelloseditora.gal\/es\/tienda\/"},{"@type":"ListItem","position":3,"name":"AS ORIXES DA FOTOGRAF\u00cdA EN GALICIA"}]},{"@type":"WebSite","@id":"https:\/\/alvarelloseditora.gal\/#website","url":"https:\/\/alvarelloseditora.gal\/","name":"Alvarellos Editora","description":"Libros para un mundo en tr\u00e1nsito","publisher":{"@id":"https:\/\/alvarelloseditora.gal\/#organization"},"potentialAction":[{"@type":"SearchAction","target":{"@type":"EntryPoint","urlTemplate":"https:\/\/alvarelloseditora.gal\/?s={search_term_string}"},"query-input":{"@type":"PropertyValueSpecification","valueRequired":true,"valueName":"search_term_string"}}],"inLanguage":"es"},{"@type":"Organization","@id":"https:\/\/alvarelloseditora.gal\/#organization","name":"Alvarellos Editora","url":"https:\/\/alvarelloseditora.gal\/","logo":{"@type":"ImageObject","inLanguage":"es","@id":"https:\/\/alvarelloseditora.gal\/#\/schema\/logo\/image\/","url":"https:\/\/alvarelloseditora.gal\/wp-content\/uploads\/2020\/02\/alv-icon.png","contentUrl":"https:\/\/alvarelloseditora.gal\/wp-content\/uploads\/2020\/02\/alv-icon.png","width":177,"height":175,"caption":"Alvarellos Editora"},"image":{"@id":"https:\/\/alvarelloseditora.gal\/#\/schema\/logo\/image\/"},"sameAs":["https:\/\/www.facebook.com\/alvarelloseditora","https:\/\/x.com\/alvarellos_ed"]}]}},"_links":{"self":[{"href":"https:\/\/alvarelloseditora.gal\/es\/wp-json\/wp\/v2\/product\/2874","targetHints":{"allow":["GET"]}}],"collection":[{"href":"https:\/\/alvarelloseditora.gal\/es\/wp-json\/wp\/v2\/product"}],"about":[{"href":"https:\/\/alvarelloseditora.gal\/es\/wp-json\/wp\/v2\/types\/product"}],"replies":[{"embeddable":true,"href":"https:\/\/alvarelloseditora.gal\/es\/wp-json\/wp\/v2\/comments?post=2874"}],"wp:featuredmedia":[{"embeddable":true,"href":"https:\/\/alvarelloseditora.gal\/es\/wp-json\/wp\/v2\/media\/4249"}],"wp:attachment":[{"href":"https:\/\/alvarelloseditora.gal\/es\/wp-json\/wp\/v2\/media?parent=2874"}],"wp:term":[{"taxonomy":"product_brand","embeddable":true,"href":"https:\/\/alvarelloseditora.gal\/es\/wp-json\/wp\/v2\/product_brand?post=2874"},{"taxonomy":"product_cat","embeddable":true,"href":"https:\/\/alvarelloseditora.gal\/es\/wp-json\/wp\/v2\/product_cat?post=2874"},{"taxonomy":"product_tag","embeddable":true,"href":"https:\/\/alvarelloseditora.gal\/es\/wp-json\/wp\/v2\/product_tag?post=2874"}],"curies":[{"name":"wp","href":"https:\/\/api.w.org\/{rel}","templated":true}]}}