{"id":2873,"date":"2019-12-27T13:43:01","date_gmt":"2019-12-27T14:03:42","guid":{"rendered":"https:\/\/nueva.alvarellos.info\/product\/pazo-de-tor\/"},"modified":"2021-06-22T22:31:26","modified_gmt":"2021-06-22T20:31:26","slug":"pazo-de-tor","status":"publish","type":"product","link":"https:\/\/alvarelloseditora.gal\/es\/libro\/pazo-de-tor\/","title":{"rendered":"PAZO DE TOR"},"content":{"rendered":"<p>&nbsp;<\/p>\n<hr \/>\n<p><a href=\"https:\/\/www.lavozdegalicia.es\/noticia\/lemos\/2019\/01\/17\/span-langglpazo-tor-poemas-inspiracion-spanspan-langglmonfortina-span\/0003_201901M17C8991.htm\">17-01-2019 <strong>La Voz de Galicia<\/strong>-Monforte \u00abPazo de Tor\u00bb, poemas de inspiraci\u00f3n monfortina.<\/a><br \/>\n<a href=\"https:\/\/www.sermosgaliza.gal\/articulo\/cultura\/luz-pozo-publica-novo-libro-poemas-aos-96-anos\/20190103131552075032.html\">03-01-2019 <strong>Sermos Galiza <\/strong>Luz Pozo publica novo libro de poemas aos 96 anos<\/a><\/p>\n<hr \/>\n<hr \/>\n","protected":false},"excerpt":{"rendered":"<p>EL LIBRO DE DESPEDIDA DE LA GRAN POETA (1922-2020)<\/p>\n<p>&nbsp;<\/p>\n<p>94 pp . 14 x 21 cms.<br \/>\nISBN 978-84-16460-45-8<\/p>\n<p>&nbsp;<\/p>\n<p>A sus 96 a\u00f1os, publica nuevo libro una de las voces m\u00e1s importantes de la poes\u00eda gallega de las \u00faltimas d\u00e9cadas. En Pazo de Tor, Luz Pozo Garza viaja a los or\u00edgenes familiares de los Garza, situados en este magn\u00edfico edificio barroco enclavado en un lugar privilegiado del valle de Lemos (Monforte-Lugo).<\/p>\n<p>Inspir\u00e1ndose en este espacio hist\u00f3rico y geogr\u00e1fico, la poeta compone treinta poemas en los que, una vez m\u00e1s, demuestra la capacidad de su pluma excepcional, fuera de cualquier \u00e9poca o moda.<\/p>\n<p>El cuidado de la edici\u00f3n corre a cargo de la profesora Carmen Blanco, especialista en la poeta, mientras que el pr\u00f3logo est\u00e1 firmado por el escritor, editor y presidente de la Real Academia Galega, V\u00edctor F. Freixanes.<\/p>\n<p>\u201cEl lector debe entrar en el verso dej\u00e1ndose llevar\u201d, escribe Freixanes, \u201cdescalzo, desnudo de precauciones y entregado a cada paso que, lentamente, nos lleva por la escalera de la luz, como los m\u00edsticos antiguos, como los pitag\u00f3ricos, hacia lo no nombrado\u00bb.<\/p>\n","protected":false},"featured_media":4247,"comment_status":"closed","ping_status":"closed","template":"","meta":[],"product_brand":[],"product_cat":[106],"product_tag":[],"class_list":{"0":"post-2873","1":"product","2":"type-product","3":"status-publish","4":"has-post-thumbnail","6":"product_author-luz-pozo-garza-es","7":"product_cat-libros-do-sarela-es","9":"first","10":"instock","11":"taxable","12":"shipping-taxable","13":"purchasable","14":"product-type-simple"},"yoast_head":"<!-- This site is optimized with the Yoast SEO plugin v27.3 - https:\/\/yoast.com\/product\/yoast-seo-wordpress\/ -->\n<title>PAZO DE TOR - Alvarellos Editora<\/title>\n<meta name=\"description\" content=\"PAZO DE TOR. C\u00f3mprao na tenda en li\u00f1a de Alvarellos Editora.\" \/>\n<meta name=\"robots\" content=\"index, follow, max-snippet:-1, max-image-preview:large, max-video-preview:-1\" \/>\n<link rel=\"canonical\" href=\"https:\/\/alvarelloseditora.gal\/es\/libro\/pazo-de-tor\/\" \/>\n<meta property=\"og:locale\" content=\"es_ES\" \/>\n<meta property=\"og:type\" content=\"article\" \/>\n<meta property=\"og:title\" content=\"PAZO DE TOR - Alvarellos Editora\" \/>\n<meta property=\"og:description\" content=\"PAZO DE TOR. C\u00f3mprao na tenda en li\u00f1a de Alvarellos Editora.\" \/>\n<meta property=\"og:url\" content=\"https:\/\/alvarelloseditora.gal\/es\/libro\/pazo-de-tor\/\" \/>\n<meta property=\"og:site_name\" content=\"Alvarellos Editora\" \/>\n<meta property=\"article:publisher\" content=\"https:\/\/www.facebook.com\/alvarelloseditora\" \/>\n<meta property=\"article:modified_time\" content=\"2021-06-22T20:31:26+00:00\" \/>\n<meta property=\"og:image\" content=\"https:\/\/alvarelloseditora.gal\/wp-content\/uploads\/2019\/12\/PazoTorWeb5.jpg\" \/>\n\t<meta property=\"og:image:width\" content=\"541\" \/>\n\t<meta property=\"og:image:height\" content=\"800\" \/>\n\t<meta property=\"og:image:type\" content=\"image\/jpeg\" \/>\n<meta name=\"twitter:card\" content=\"summary_large_image\" \/>\n<meta name=\"twitter:site\" content=\"@alvarellos_ed\" \/>\n<!-- \/ Yoast SEO plugin. -->","yoast_head_json":{"title":"PAZO DE TOR - Alvarellos Editora","description":"PAZO DE TOR. C\u00f3mprao na tenda en li\u00f1a de Alvarellos Editora.","robots":{"index":"index","follow":"follow","max-snippet":"max-snippet:-1","max-image-preview":"max-image-preview:large","max-video-preview":"max-video-preview:-1"},"canonical":"https:\/\/alvarelloseditora.gal\/es\/libro\/pazo-de-tor\/","og_locale":"es_ES","og_type":"article","og_title":"PAZO DE TOR - Alvarellos Editora","og_description":"PAZO DE TOR. C\u00f3mprao na tenda en li\u00f1a de Alvarellos Editora.","og_url":"https:\/\/alvarelloseditora.gal\/es\/libro\/pazo-de-tor\/","og_site_name":"Alvarellos Editora","article_publisher":"https:\/\/www.facebook.com\/alvarelloseditora","article_modified_time":"2021-06-22T20:31:26+00:00","og_image":[{"width":541,"height":800,"url":"https:\/\/alvarelloseditora.gal\/wp-content\/uploads\/2019\/12\/PazoTorWeb5.jpg","type":"image\/jpeg"}],"twitter_card":"summary_large_image","twitter_site":"@alvarellos_ed","schema":{"@context":"https:\/\/schema.org","@graph":[{"@type":["WebPage","ItemPage"],"@id":"https:\/\/alvarelloseditora.gal\/es\/libro\/pazo-de-tor\/","url":"https:\/\/alvarelloseditora.gal\/es\/libro\/pazo-de-tor\/","name":"PAZO DE TOR - Alvarellos Editora","isPartOf":{"@id":"https:\/\/alvarelloseditora.gal\/#website"},"primaryImageOfPage":{"@id":"https:\/\/alvarelloseditora.gal\/es\/libro\/pazo-de-tor\/#primaryimage"},"image":{"@id":"https:\/\/alvarelloseditora.gal\/es\/libro\/pazo-de-tor\/#primaryimage"},"thumbnailUrl":"https:\/\/alvarelloseditora.gal\/wp-content\/uploads\/2019\/12\/PazoTorWeb5.jpg","datePublished":"2019-12-27T14:03:42+00:00","dateModified":"2021-06-22T20:31:26+00:00","description":"PAZO DE TOR. C\u00f3mprao na tenda en li\u00f1a de Alvarellos Editora.","breadcrumb":{"@id":"https:\/\/alvarelloseditora.gal\/es\/libro\/pazo-de-tor\/#breadcrumb"},"inLanguage":"es","potentialAction":[{"@type":"ReadAction","target":["https:\/\/alvarelloseditora.gal\/es\/libro\/pazo-de-tor\/"]}]},{"@type":"ImageObject","inLanguage":"es","@id":"https:\/\/alvarelloseditora.gal\/es\/libro\/pazo-de-tor\/#primaryimage","url":"https:\/\/alvarelloseditora.gal\/wp-content\/uploads\/2019\/12\/PazoTorWeb5.jpg","contentUrl":"https:\/\/alvarelloseditora.gal\/wp-content\/uploads\/2019\/12\/PazoTorWeb5.jpg","width":541,"height":800},{"@type":"BreadcrumbList","@id":"https:\/\/alvarelloseditora.gal\/es\/libro\/pazo-de-tor\/#breadcrumb","itemListElement":[{"@type":"ListItem","position":1,"name":"Portada","item":"https:\/\/alvarelloseditora.gal\/"},{"@type":"ListItem","position":2,"name":"Tienda","item":"https:\/\/alvarelloseditora.gal\/es\/tienda\/"},{"@type":"ListItem","position":3,"name":"PAZO DE TOR"}]},{"@type":"WebSite","@id":"https:\/\/alvarelloseditora.gal\/#website","url":"https:\/\/alvarelloseditora.gal\/","name":"Alvarellos Editora","description":"Libros para un mundo en tr\u00e1nsito","publisher":{"@id":"https:\/\/alvarelloseditora.gal\/#organization"},"potentialAction":[{"@type":"SearchAction","target":{"@type":"EntryPoint","urlTemplate":"https:\/\/alvarelloseditora.gal\/?s={search_term_string}"},"query-input":{"@type":"PropertyValueSpecification","valueRequired":true,"valueName":"search_term_string"}}],"inLanguage":"es"},{"@type":"Organization","@id":"https:\/\/alvarelloseditora.gal\/#organization","name":"Alvarellos Editora","url":"https:\/\/alvarelloseditora.gal\/","logo":{"@type":"ImageObject","inLanguage":"es","@id":"https:\/\/alvarelloseditora.gal\/#\/schema\/logo\/image\/","url":"https:\/\/alvarelloseditora.gal\/wp-content\/uploads\/2020\/02\/alv-icon.png","contentUrl":"https:\/\/alvarelloseditora.gal\/wp-content\/uploads\/2020\/02\/alv-icon.png","width":177,"height":175,"caption":"Alvarellos Editora"},"image":{"@id":"https:\/\/alvarelloseditora.gal\/#\/schema\/logo\/image\/"},"sameAs":["https:\/\/www.facebook.com\/alvarelloseditora","https:\/\/x.com\/alvarellos_ed"]}]}},"_links":{"self":[{"href":"https:\/\/alvarelloseditora.gal\/es\/wp-json\/wp\/v2\/product\/2873","targetHints":{"allow":["GET"]}}],"collection":[{"href":"https:\/\/alvarelloseditora.gal\/es\/wp-json\/wp\/v2\/product"}],"about":[{"href":"https:\/\/alvarelloseditora.gal\/es\/wp-json\/wp\/v2\/types\/product"}],"replies":[{"embeddable":true,"href":"https:\/\/alvarelloseditora.gal\/es\/wp-json\/wp\/v2\/comments?post=2873"}],"wp:featuredmedia":[{"embeddable":true,"href":"https:\/\/alvarelloseditora.gal\/es\/wp-json\/wp\/v2\/media\/4247"}],"wp:attachment":[{"href":"https:\/\/alvarelloseditora.gal\/es\/wp-json\/wp\/v2\/media?parent=2873"}],"wp:term":[{"taxonomy":"product_brand","embeddable":true,"href":"https:\/\/alvarelloseditora.gal\/es\/wp-json\/wp\/v2\/product_brand?post=2873"},{"taxonomy":"product_cat","embeddable":true,"href":"https:\/\/alvarelloseditora.gal\/es\/wp-json\/wp\/v2\/product_cat?post=2873"},{"taxonomy":"product_tag","embeddable":true,"href":"https:\/\/alvarelloseditora.gal\/es\/wp-json\/wp\/v2\/product_tag?post=2873"}],"curies":[{"name":"wp","href":"https:\/\/api.w.org\/{rel}","templated":true}]}}