{"id":2872,"date":"2019-12-27T13:43:01","date_gmt":"2019-12-27T14:03:42","guid":{"rendered":"https:\/\/nueva.alvarellos.info\/product\/por-los-caminos-del-siglo-xx\/"},"modified":"2022-03-15T08:55:08","modified_gmt":"2022-03-15T07:55:08","slug":"por-los-caminos-del-siglo-xx","status":"publish","type":"product","link":"https:\/\/alvarelloseditora.gal\/es\/libro\/por-los-caminos-del-siglo-xx\/","title":{"rendered":"Por los caminos del siglo XX"},"content":{"rendered":"<p><a href=\"https:\/\/armandorequeixo.wordpress.com\/2019\/05\/22\/victoriano-garcia-marti\/\">22-05-2019<strong> Criticalia<\/strong>, por Armando Requeixo<\/a><\/p>\n","protected":false},"excerpt":{"rendered":"<p>OBRA PERIOD\u00cdSTICA OLVIDADA (1914-1963)<br \/>\nVictoriano Garc\u00eda Mart\u00ed<br \/>\n&nbsp;<\/p>\n<p>306 pp. 13&#215;20,5 cms<br \/>\nISBN 978-84-16460-52-6<br \/>\nCapa dura e ilustrado.<\/p>\n<p>&nbsp;<\/p>\n<p>Pensador europe\u00edsta y avanzado (el feminismo atraviesa toda su obra), heredero de los hitos del Rexurdimento gallego, Victoriano Garc\u00eda Mart\u00ed (A Pobra do Carami\u00f1al, 1881-Santiago de Compostela, 1966) es una figura lamentablemente olvidada por la historia de la literatura y del pensamiento. Amigo personal de Valle-Incl\u00e1n, voz reivindicativa del legado de Rosal\u00eda de Castro (en 1944 publica la primera edici\u00f3n de sus Obras Completas), fue tambi\u00e9n un pionero en la defensa del turismo como fuente de riqueza cultural.<\/p>\n<p>La reivindicaci\u00f3n de la identidad y la modernizaci\u00f3n de Galicia (cuya mejora s\u00f3lo llegar\u00e1 a trav\u00e9s de \u201cla cultura y la econom\u00eda\u201d) es una constante en su carrera; del mismo modo que su visi\u00f3n de Santiago de Compostela como ciudad literaria.<\/p>\n<p>El presente volumen re\u00fane bajo el t\u00edtulo Por los caminos del siglo XX, y por vez primera en libro, sesenta art\u00edculos escritos por Garc\u00eda Mart\u00ed entre 1914 y 1963. Un per\u00edodo donde la Guerra Civil y la posterior dictadura marcar\u00edan profundamente la vida y la obra del autor.<\/p>\n<p>El cuidado de la edici\u00f3n y estudio introductorio corren a cargo de Arantxa Fuentes R\u00edos, doctora europea en Teor\u00eda de la Literatura y Literatura\u00a0Comparada por la Universidad de Santiago de Compostela.<\/p>\n","protected":false},"featured_media":4245,"comment_status":"closed","ping_status":"closed","template":"","meta":[],"product_brand":[],"product_cat":[111],"product_tag":[],"class_list":{"0":"post-2872","1":"product","2":"type-product","3":"status-publish","4":"has-post-thumbnail","6":"product_author-victoriano-garcia-marti-es","7":"product_cat-coleccion-rescate-es","9":"first","10":"instock","11":"taxable","12":"shipping-taxable","13":"purchasable","14":"product-type-simple"},"yoast_head":"<!-- This site is optimized with the Yoast SEO plugin v27.3 - https:\/\/yoast.com\/product\/yoast-seo-wordpress\/ -->\n<title>Por los caminos del siglo XX - Alvarellos Editora<\/title>\n<meta name=\"description\" content=\"Por los caminos del siglo XX. C\u00f3mprao na tenda en li\u00f1a de Alvarellos Editora.\" \/>\n<meta name=\"robots\" content=\"index, follow, max-snippet:-1, max-image-preview:large, max-video-preview:-1\" \/>\n<link rel=\"canonical\" href=\"https:\/\/alvarelloseditora.gal\/es\/libro\/por-los-caminos-del-siglo-xx\/\" \/>\n<meta property=\"og:locale\" content=\"es_ES\" \/>\n<meta property=\"og:type\" content=\"article\" \/>\n<meta property=\"og:title\" content=\"Por los caminos del siglo XX - Alvarellos Editora\" \/>\n<meta property=\"og:description\" content=\"Por los caminos del siglo XX. C\u00f3mprao na tenda en li\u00f1a de Alvarellos Editora.\" \/>\n<meta property=\"og:url\" content=\"https:\/\/alvarelloseditora.gal\/es\/libro\/por-los-caminos-del-siglo-xx\/\" \/>\n<meta property=\"og:site_name\" content=\"Alvarellos Editora\" \/>\n<meta property=\"article:publisher\" content=\"https:\/\/www.facebook.com\/alvarelloseditora\" \/>\n<meta property=\"article:modified_time\" content=\"2022-03-15T07:55:08+00:00\" \/>\n<meta property=\"og:image\" content=\"https:\/\/alvarelloseditora.gal\/wp-content\/uploads\/2019\/12\/9788416460526PORLOSCAMINOSDELSIGLOXX.jpg\" \/>\n\t<meta property=\"og:image:width\" content=\"1588\" \/>\n\t<meta property=\"og:image:height\" content=\"2433\" \/>\n\t<meta property=\"og:image:type\" content=\"image\/jpeg\" \/>\n<meta name=\"twitter:card\" content=\"summary_large_image\" \/>\n<meta name=\"twitter:site\" content=\"@alvarellos_ed\" \/>\n<!-- \/ Yoast SEO plugin. -->","yoast_head_json":{"title":"Por los caminos del siglo XX - Alvarellos Editora","description":"Por los caminos del siglo XX. C\u00f3mprao na tenda en li\u00f1a de Alvarellos Editora.","robots":{"index":"index","follow":"follow","max-snippet":"max-snippet:-1","max-image-preview":"max-image-preview:large","max-video-preview":"max-video-preview:-1"},"canonical":"https:\/\/alvarelloseditora.gal\/es\/libro\/por-los-caminos-del-siglo-xx\/","og_locale":"es_ES","og_type":"article","og_title":"Por los caminos del siglo XX - Alvarellos Editora","og_description":"Por los caminos del siglo XX. C\u00f3mprao na tenda en li\u00f1a de Alvarellos Editora.","og_url":"https:\/\/alvarelloseditora.gal\/es\/libro\/por-los-caminos-del-siglo-xx\/","og_site_name":"Alvarellos Editora","article_publisher":"https:\/\/www.facebook.com\/alvarelloseditora","article_modified_time":"2022-03-15T07:55:08+00:00","og_image":[{"width":1588,"height":2433,"url":"https:\/\/alvarelloseditora.gal\/wp-content\/uploads\/2019\/12\/9788416460526PORLOSCAMINOSDELSIGLOXX.jpg","type":"image\/jpeg"}],"twitter_card":"summary_large_image","twitter_site":"@alvarellos_ed","schema":{"@context":"https:\/\/schema.org","@graph":[{"@type":["WebPage","ItemPage"],"@id":"https:\/\/alvarelloseditora.gal\/es\/libro\/por-los-caminos-del-siglo-xx\/","url":"https:\/\/alvarelloseditora.gal\/es\/libro\/por-los-caminos-del-siglo-xx\/","name":"Por los caminos del siglo XX - Alvarellos Editora","isPartOf":{"@id":"https:\/\/alvarelloseditora.gal\/#website"},"primaryImageOfPage":{"@id":"https:\/\/alvarelloseditora.gal\/es\/libro\/por-los-caminos-del-siglo-xx\/#primaryimage"},"image":{"@id":"https:\/\/alvarelloseditora.gal\/es\/libro\/por-los-caminos-del-siglo-xx\/#primaryimage"},"thumbnailUrl":"https:\/\/alvarelloseditora.gal\/wp-content\/uploads\/2019\/12\/9788416460526PORLOSCAMINOSDELSIGLOXX.jpg","datePublished":"2019-12-27T14:03:42+00:00","dateModified":"2022-03-15T07:55:08+00:00","description":"Por los caminos del siglo XX. C\u00f3mprao na tenda en li\u00f1a de Alvarellos Editora.","breadcrumb":{"@id":"https:\/\/alvarelloseditora.gal\/es\/libro\/por-los-caminos-del-siglo-xx\/#breadcrumb"},"inLanguage":"es","potentialAction":[{"@type":"ReadAction","target":["https:\/\/alvarelloseditora.gal\/es\/libro\/por-los-caminos-del-siglo-xx\/"]}]},{"@type":"ImageObject","inLanguage":"es","@id":"https:\/\/alvarelloseditora.gal\/es\/libro\/por-los-caminos-del-siglo-xx\/#primaryimage","url":"https:\/\/alvarelloseditora.gal\/wp-content\/uploads\/2019\/12\/9788416460526PORLOSCAMINOSDELSIGLOXX.jpg","contentUrl":"https:\/\/alvarelloseditora.gal\/wp-content\/uploads\/2019\/12\/9788416460526PORLOSCAMINOSDELSIGLOXX.jpg","width":1588,"height":2433},{"@type":"BreadcrumbList","@id":"https:\/\/alvarelloseditora.gal\/es\/libro\/por-los-caminos-del-siglo-xx\/#breadcrumb","itemListElement":[{"@type":"ListItem","position":1,"name":"Portada","item":"https:\/\/alvarelloseditora.gal\/"},{"@type":"ListItem","position":2,"name":"Tienda","item":"https:\/\/alvarelloseditora.gal\/es\/tienda\/"},{"@type":"ListItem","position":3,"name":"Por los caminos del siglo XX"}]},{"@type":"WebSite","@id":"https:\/\/alvarelloseditora.gal\/#website","url":"https:\/\/alvarelloseditora.gal\/","name":"Alvarellos Editora","description":"Libros para un mundo en tr\u00e1nsito","publisher":{"@id":"https:\/\/alvarelloseditora.gal\/#organization"},"potentialAction":[{"@type":"SearchAction","target":{"@type":"EntryPoint","urlTemplate":"https:\/\/alvarelloseditora.gal\/?s={search_term_string}"},"query-input":{"@type":"PropertyValueSpecification","valueRequired":true,"valueName":"search_term_string"}}],"inLanguage":"es"},{"@type":"Organization","@id":"https:\/\/alvarelloseditora.gal\/#organization","name":"Alvarellos Editora","url":"https:\/\/alvarelloseditora.gal\/","logo":{"@type":"ImageObject","inLanguage":"es","@id":"https:\/\/alvarelloseditora.gal\/#\/schema\/logo\/image\/","url":"https:\/\/alvarelloseditora.gal\/wp-content\/uploads\/2020\/02\/alv-icon.png","contentUrl":"https:\/\/alvarelloseditora.gal\/wp-content\/uploads\/2020\/02\/alv-icon.png","width":177,"height":175,"caption":"Alvarellos Editora"},"image":{"@id":"https:\/\/alvarelloseditora.gal\/#\/schema\/logo\/image\/"},"sameAs":["https:\/\/www.facebook.com\/alvarelloseditora","https:\/\/x.com\/alvarellos_ed"]}]}},"_links":{"self":[{"href":"https:\/\/alvarelloseditora.gal\/es\/wp-json\/wp\/v2\/product\/2872","targetHints":{"allow":["GET"]}}],"collection":[{"href":"https:\/\/alvarelloseditora.gal\/es\/wp-json\/wp\/v2\/product"}],"about":[{"href":"https:\/\/alvarelloseditora.gal\/es\/wp-json\/wp\/v2\/types\/product"}],"replies":[{"embeddable":true,"href":"https:\/\/alvarelloseditora.gal\/es\/wp-json\/wp\/v2\/comments?post=2872"}],"wp:featuredmedia":[{"embeddable":true,"href":"https:\/\/alvarelloseditora.gal\/es\/wp-json\/wp\/v2\/media\/4245"}],"wp:attachment":[{"href":"https:\/\/alvarelloseditora.gal\/es\/wp-json\/wp\/v2\/media?parent=2872"}],"wp:term":[{"taxonomy":"product_brand","embeddable":true,"href":"https:\/\/alvarelloseditora.gal\/es\/wp-json\/wp\/v2\/product_brand?post=2872"},{"taxonomy":"product_cat","embeddable":true,"href":"https:\/\/alvarelloseditora.gal\/es\/wp-json\/wp\/v2\/product_cat?post=2872"},{"taxonomy":"product_tag","embeddable":true,"href":"https:\/\/alvarelloseditora.gal\/es\/wp-json\/wp\/v2\/product_tag?post=2872"}],"curies":[{"name":"wp","href":"https:\/\/api.w.org\/{rel}","templated":true}]}}