{"id":2871,"date":"2019-12-27T13:43:01","date_gmt":"2019-12-27T13:43:01","guid":{"rendered":"https:\/\/nueva.alvarellos.info\/product\/seis-poemas-galegos-edicion-facsimil-e-ilustrada\/"},"modified":"2024-11-15T11:05:25","modified_gmt":"2024-11-15T10:05:25","slug":"seis-poemas-galegos-edicion-facsimil-e-ilustrada","status":"publish","type":"product","link":"https:\/\/alvarelloseditora.gal\/es\/libro\/seis-poemas-galegos-edicion-facsimil-e-ilustrada\/","title":{"rendered":"Seis poemas galegos [Edici\u00f3n facs\u00edmil e ilustrada]"},"content":{"rendered":"<p><a href=\"https:\/\/www.aelg.gal\/actividades\/gala-do-libro-galego-0\/2019\/5\/11\/gala-do-libro-galego-2019\/video\/2744\/entrega-do-premio-ao-libro-mellor-editado\"><strong>VER V\u00cdDEO ENTREGA PREMIO AO MELLOR LIBRO EDITADO EN GALICIA <\/strong>(Gala do Libro Galego. Teatro Principal de Santiago, 11 de maio de 2018).<\/a><\/p>\n<p><a href=\"http:\/\/www.crtvg.es\/informativos\/galicia-redescobre-o-seu-vinculo-con-federico-garcia-lorca-4203189\">25-10-2019 <strong>Televisi\u00f3n de Galicia<\/strong> Galicia redescobre o seu v\u00ednculo con Garc\u00eda Lorca<\/a><br \/>\n<a href=\"http:\/\/www.crtvg.es\/rg\/destacados\/diario-cultural-diario-cultural-do-dia-24-10-2019-4201783\">25-10-2019<strong> Radio Galega <\/strong>25 de outubro: D\u00eda de Lorca en Galicia<\/a><br \/>\n<a href=\"http:\/\/ramonrozas.blogspot.com\/2019\/10\/o-dia-de-galicia-lorca-en-galicia.html\">25-10-2019 <strong>Diario de Pontevedra<\/strong>&#8211;<em>Ram\u00f3n Rozas<\/em> O D\u00eda de Garc\u00eda Lorca en Galicia<\/a><br \/>\n<a href=\"https:\/\/praza.gal\/cultura\/regreso-ao-cuarto-de-garcia-lorca-en-lugo-polo-dia-do-poeta-en-galicia\">25-10-2019<\/a><a href=\"http:\/\/vivalugo.es\/evento\/dia-de-garcia-lorca-en-galicia\/\">\u00a0<strong>VivaLugo<\/strong> D\u00eda de Garc\u00eda Lorca en Galicia<\/a><br \/>\n<a href=\"https:\/\/praza.gal\/cultura\/regreso-ao-cuarto-de-garcia-lorca-en-lugo-polo-dia-do-poeta-en-galicia\">25-10-2019<strong> Praza P\u00fablica<\/strong>. Regreso ao cuarto da Garc\u00eda Lorca en Lugo&#8230;<\/a><br \/>\n<a href=\"https:\/\/praza.gal\/cultura\/regreso-ao-cuarto-de-garcia-lorca-en-lugo-polo-dia-do-poeta-en-galicia\">24-10-2019<\/a><a href=\"https:\/\/www.cope.es\/emisoras\/galicia\/pontevedra-provincia\/pontevedra\/noticias\/imagenes-lorca-sonriente-por-pontevedra-seran-emitidas-este-jueves-museo-20191024_534634\">\u00a0<strong>Cope Pontevedra<\/strong> Im\u00e1genes de un Lorca sonriente&#8230;<\/a><br \/>\n<a href=\"https:\/\/praza.gal\/cultura\/regreso-ao-cuarto-de-garcia-lorca-en-lugo-polo-dia-do-poeta-en-galicia\">24-10-2019<\/a><a href=\"http:\/\/lugoxornal.gal\/cultura\/15717-de-cando-garcia-lorca-caminou-pola-muralla-de-lugo\/\">\u00a0<strong>Lugo Xornal<\/strong> De cando Garc\u00eda Lorca cami\u00f1ou pola Muralla de Lugo<\/a>.<br \/>\n<a href=\"https:\/\/praza.gal\/cultura\/regreso-ao-cuarto-de-garcia-lorca-en-lugo-polo-dia-do-poeta-en-galicia\">21-10-2019<\/a><a href=\"https:\/\/www.pontevedraviva.com\/cultura\/58528\/relacion-lorca-galicia-dos-visitas-pontevedra-actividades-museo\/?lang=es\">\u00a0<strong>Pontevedra Viva<\/strong> Las dos visitas de Garc\u00eda Lorca a Pontevedra&#8230;<\/a><br \/>\n<a href=\"https:\/\/praza.gal\/cultura\/regreso-ao-cuarto-de-garcia-lorca-en-lugo-polo-dia-do-poeta-en-galicia\">19-10-2019<\/a><a href=\"https:\/\/www.lavozdegalicia.es\/noticia\/lugo\/2019\/10\/18\/dia-lorca-galicia-traera-lugo-filmacion-poeta-1932-visitando-ciudades-gallegas\/0003_201910L18C4998.htm\">\u00a0<strong>La Voz de Galicia-Edici\u00f3n Lugo<\/strong> El D\u00eda de Garc\u00eda Lorca traer\u00e1 a Lugo una filmaci\u00f3n del poeta&#8230;<\/a><br \/>\n<a href=\"https:\/\/www.elespanol.com\/quincemil\/articulos\/actualidad\/cuando-garcia-lorca-dijo-que-era-un-poeta-gallego-y-paseo-por-a-coruna\">07-08-2019 <strong>El Espa\u00f1ol <\/strong>\u00abCuando Garc\u00eda Lorca dijo que era un &#8216;poeta gallego&#8217; y pase\u00f3 por A Coru\u00f1a\u00bb<\/a><br \/>\n<a href=\"https:\/\/praza.gal\/cultura\/garcia-lorca-volve-a-galicia-pola-feira-do-libro-da-coruna\">06-08-2019 <strong>Praza.com<\/strong> Garc\u00eda Lorca volve a Galicia pola Feira do Libro da Coru\u00f1a<\/a><br \/>\n<a href=\"https:\/\/www.lavozdegalicia.es\/noticia\/coruna\/2019\/08\/06\/garcia-lorca-foi-corunes-mais\/0003_201908H6C4995.htm\">06-08-2019 <strong>La Voz de Galicia<\/strong>-Edici\u00f3n A Coru\u00f1a \u00abGarc\u00eda Lorca foi un coru\u00f1\u00e9s m\u00e1is\u00bb<\/a><br \/>\n<a href=\"https:\/\/www.laopinioncoruna.es\/coruna\/2019\/08\/06\/coruna-da-man-federico-garcia\/1425037.html\">06-08-19 <strong>La Opini\u00f3n <\/strong>A Coru\u00f1a, da man de Federico Garc\u00eda Lorca<\/a><br \/>\n<a href=\"https:\/\/www.alvarellos.info\/arquivos\/Faro-de-vigo-100119.pdf\">10-01-19 <strong>Faro de Vigo. <\/strong>Entrevista a Henrique Alvarellos: \u00abLorca decidiu ser escritor durante&#8230;\u00bb<\/a><br \/>\n<a href=\"https:\/\/www.lavozdegalicia.es\/noticia\/cultura\/2018\/12\/23\/gran-ano-span-langglseis-poemas-galegosspan\/0003_201812G23P42991.htm\">27-12-2018 <strong>La Voz de Galicia<\/strong> El gran a\u00f1o de los &#8216;Seis poemas galegos&#8217;<\/a><\/p>\n<p>&nbsp;<\/p>\n<p>&nbsp;<\/p>\n","protected":false},"excerpt":{"rendered":"<p>Federico Garc\u00eda Lorca<br \/>\nPREMIO AL MEJOR LIBRO EDITADO EN GALICIA EN 2018<br \/>\n&nbsp;<\/p>\n<p>60 pp . 17 x 21 cms.<br \/>\nISBN 978-84-16460-53-3<\/p>\n<p>&nbsp;<\/p>\n<p>Edici\u00f3n facs\u00edmil del libro gallego m\u00e1s reeditado y traducido de todo el siglo XX. Incorpora las fotograf\u00edas del poeta en Galicia, en una edici\u00f3n al cuidado de Henrique Alvarellos.<\/p>\n<p>&nbsp;<\/p>\n<p>NP_Cast_seis_poemas_galegos<\/p>\n<p>&nbsp;<\/p>\n<p>&nbsp;<\/p>\n<p>Federico Garc\u00eda Lorca fue un gran embajador de la cultura gallega. La \u00fanica lengua en la que decidi\u00f3 escribir, aparte de su castellano natal, ha sido la gallega. La primera edici\u00f3n de los Seis poemas galegos sali\u00f3 de la imprenta de \u00c1nxel Casal en Santiago de Compostela en diciembre de 1935, ocho meses antes del asesinato del gran poeta granadino. La tirada apenas superaba los doscientos ejemplares y fueron muy pocos los que sobrevivieron al saqueo de los fascistas en agosto del 36.<\/p>\n<p>No obstante, los poemas gallegos de Lorca ser\u00edan r\u00e1pidamente incorporados a sus obras completas y reeditados y traducidos durante este tiempo por todo el mundo. Hoy constituyen el libro en gallego m\u00e1s difundido del siglo XX.<\/p>\n<p>LAS FOTOGRAF\u00cdAS DE FEDERICO GARC\u00cdA LORCA EN GALICIA<\/p>\n<p>La presente edici\u00f3n facsimilar reproduce fielmente uno de aquellos contados ejemplares de 1935. Respeta, por un lado, el dise\u00f1o, formato y papel originales de la editorial N\u00f3s; por otro, incorpora, como un singular ap\u00e9ndice gr\u00e1fico, las fotograf\u00edas comentadas de Garc\u00eda Lorca en Galicia, diez im\u00e1genes de 1916 y 1932 obtenidas en la tierra donde \u00e9l se sent\u00eda \u201cpoeta gallego&#8230; poeta de alta hierba, de la lluvia alta y pausada\u201d. Algunas de las im\u00e1genes son muy desconocidas. Otras cuatro fotograf\u00edas m\u00e1s se suman a este rescate, muy vinculadas al proceso de creaci\u00f3n de sus poemas gallegos.<\/p>\n<p>&nbsp;<\/p>\n<p>O editor e escritor Henrique Alvarellos, responsable de la edici\u00f3n, tambi\u00e9n este 2018, del libro El gran viaje de estudios de Garc\u00eda Lorca (Alvarellos Editora), se ha ocupado en este facs\u00edmil de la selecci\u00f3n y comentario de cada una de las fotograf\u00edas.<\/p>\n<p>&nbsp;<\/p>\n<p>Este cuidado volumen recibi\u00f3 en la IV Gala do Libro Galego (11-mayo-2019) el Premio al Mejor Libro editado en Galicia en 2018.<\/p>\n","protected":false},"featured_media":6739,"comment_status":"closed","ping_status":"closed","template":"","meta":[],"product_brand":[],"product_cat":[112],"product_tag":[1957],"class_list":{"0":"post-2871","1":"product","2":"type-product","3":"status-publish","4":"has-post-thumbnail","6":"product_author-federico-garcia-lorca-es","7":"product_cat-facsimiles-es","8":"product_tag-federico-garcia-lorca-es","10":"first","11":"instock","12":"taxable","13":"shipping-taxable","14":"purchasable","15":"product-type-simple"},"yoast_head":"<!-- This site is optimized with the Yoast SEO plugin v27.3 - https:\/\/yoast.com\/product\/yoast-seo-wordpress\/ -->\n<title>Seis poemas galegos, de Federico Garc\u00eda Lorca [Edici\u00f3n facs\u00edmil ilustrada]<\/title>\n<meta name=\"description\" content=\"Seis poemas galegos, de Federico Garc\u00eda Lorca. Edici\u00f3n facs\u00edmil , perfecta para coleccionistas o regalar. \u25b7 C\u00f3mpralo AQU\u00cd\" \/>\n<meta name=\"robots\" content=\"index, follow, max-snippet:-1, max-image-preview:large, max-video-preview:-1\" \/>\n<link rel=\"canonical\" href=\"https:\/\/alvarelloseditora.gal\/es\/libro\/seis-poemas-galegos-edicion-facsimil-e-ilustrada\/\" \/>\n<meta property=\"og:locale\" content=\"es_ES\" \/>\n<meta property=\"og:type\" content=\"article\" \/>\n<meta property=\"og:title\" content=\"Seis poemas galegos, de Federico Garc\u00eda Lorca [Edici\u00f3n facs\u00edmil ilustrada]\" \/>\n<meta property=\"og:description\" content=\"Seis poemas galegos, de Federico Garc\u00eda Lorca. Edici\u00f3n facs\u00edmil , perfecta para coleccionistas o regalar. \u25b7 C\u00f3mpralo AQU\u00cd\" \/>\n<meta property=\"og:url\" content=\"https:\/\/alvarelloseditora.gal\/es\/libro\/seis-poemas-galegos-edicion-facsimil-e-ilustrada\/\" \/>\n<meta property=\"og:site_name\" content=\"Alvarellos Editora\" \/>\n<meta property=\"article:publisher\" content=\"https:\/\/www.facebook.com\/alvarelloseditora\" \/>\n<meta property=\"article:modified_time\" content=\"2024-11-15T10:05:25+00:00\" \/>\n<meta property=\"og:image\" content=\"https:\/\/alvarelloseditora.gal\/wp-content\/uploads\/2019\/12\/Seis-poemas-galegos-facsimilar-CAPA-libro-alvarellos-scaled.jpg\" \/>\n\t<meta property=\"og:image:width\" content=\"2072\" \/>\n\t<meta property=\"og:image:height\" content=\"2560\" \/>\n\t<meta property=\"og:image:type\" content=\"image\/jpeg\" \/>\n<meta name=\"twitter:card\" content=\"summary_large_image\" \/>\n<meta name=\"twitter:site\" content=\"@alvarellos_ed\" \/>\n<meta name=\"twitter:label1\" content=\"Tiempo de lectura\" \/>\n\t<meta name=\"twitter:data1\" content=\"2 minutos\" \/>\n<!-- \/ Yoast SEO plugin. -->","yoast_head_json":{"title":"Seis poemas galegos, de Federico Garc\u00eda Lorca [Edici\u00f3n facs\u00edmil ilustrada]","description":"Seis poemas galegos, de Federico Garc\u00eda Lorca. Edici\u00f3n facs\u00edmil , perfecta para coleccionistas o regalar. \u25b7 C\u00f3mpralo AQU\u00cd","robots":{"index":"index","follow":"follow","max-snippet":"max-snippet:-1","max-image-preview":"max-image-preview:large","max-video-preview":"max-video-preview:-1"},"canonical":"https:\/\/alvarelloseditora.gal\/es\/libro\/seis-poemas-galegos-edicion-facsimil-e-ilustrada\/","og_locale":"es_ES","og_type":"article","og_title":"Seis poemas galegos, de Federico Garc\u00eda Lorca [Edici\u00f3n facs\u00edmil ilustrada]","og_description":"Seis poemas galegos, de Federico Garc\u00eda Lorca. Edici\u00f3n facs\u00edmil , perfecta para coleccionistas o regalar. \u25b7 C\u00f3mpralo AQU\u00cd","og_url":"https:\/\/alvarelloseditora.gal\/es\/libro\/seis-poemas-galegos-edicion-facsimil-e-ilustrada\/","og_site_name":"Alvarellos Editora","article_publisher":"https:\/\/www.facebook.com\/alvarelloseditora","article_modified_time":"2024-11-15T10:05:25+00:00","og_image":[{"width":2072,"height":2560,"url":"https:\/\/alvarelloseditora.gal\/wp-content\/uploads\/2019\/12\/Seis-poemas-galegos-facsimilar-CAPA-libro-alvarellos-scaled.jpg","type":"image\/jpeg"}],"twitter_card":"summary_large_image","twitter_site":"@alvarellos_ed","twitter_misc":{"Tiempo de lectura":"2 minutos"},"schema":{"@context":"https:\/\/schema.org","@graph":[{"@type":["WebPage","ItemPage"],"@id":"https:\/\/alvarelloseditora.gal\/es\/libro\/seis-poemas-galegos-edicion-facsimil-e-ilustrada\/","url":"https:\/\/alvarelloseditora.gal\/es\/libro\/seis-poemas-galegos-edicion-facsimil-e-ilustrada\/","name":"Seis poemas galegos, de Federico Garc\u00eda Lorca [Edici\u00f3n facs\u00edmil ilustrada]","isPartOf":{"@id":"https:\/\/alvarelloseditora.gal\/#website"},"primaryImageOfPage":{"@id":"https:\/\/alvarelloseditora.gal\/es\/libro\/seis-poemas-galegos-edicion-facsimil-e-ilustrada\/#primaryimage"},"image":{"@id":"https:\/\/alvarelloseditora.gal\/es\/libro\/seis-poemas-galegos-edicion-facsimil-e-ilustrada\/#primaryimage"},"thumbnailUrl":"https:\/\/alvarelloseditora.gal\/wp-content\/uploads\/2019\/12\/Seis-poemas-galegos-facsimilar-CAPA-libro-alvarellos-scaled.jpg","datePublished":"2019-12-27T13:43:01+00:00","dateModified":"2024-11-15T10:05:25+00:00","description":"Seis poemas galegos, de Federico Garc\u00eda Lorca. Edici\u00f3n facs\u00edmil , perfecta para coleccionistas o regalar. \u25b7 C\u00f3mpralo AQU\u00cd","breadcrumb":{"@id":"https:\/\/alvarelloseditora.gal\/es\/libro\/seis-poemas-galegos-edicion-facsimil-e-ilustrada\/#breadcrumb"},"inLanguage":"es","potentialAction":[{"@type":"ReadAction","target":["https:\/\/alvarelloseditora.gal\/es\/libro\/seis-poemas-galegos-edicion-facsimil-e-ilustrada\/"]}]},{"@type":"ImageObject","inLanguage":"es","@id":"https:\/\/alvarelloseditora.gal\/es\/libro\/seis-poemas-galegos-edicion-facsimil-e-ilustrada\/#primaryimage","url":"https:\/\/alvarelloseditora.gal\/wp-content\/uploads\/2019\/12\/Seis-poemas-galegos-facsimilar-CAPA-libro-alvarellos-scaled.jpg","contentUrl":"https:\/\/alvarelloseditora.gal\/wp-content\/uploads\/2019\/12\/Seis-poemas-galegos-facsimilar-CAPA-libro-alvarellos-scaled.jpg","width":2072,"height":2560},{"@type":"BreadcrumbList","@id":"https:\/\/alvarelloseditora.gal\/es\/libro\/seis-poemas-galegos-edicion-facsimil-e-ilustrada\/#breadcrumb","itemListElement":[{"@type":"ListItem","position":1,"name":"Portada","item":"https:\/\/alvarelloseditora.gal\/"},{"@type":"ListItem","position":2,"name":"Tienda","item":"https:\/\/alvarelloseditora.gal\/es\/tienda\/"},{"@type":"ListItem","position":3,"name":"Seis poemas galegos [Edici\u00f3n facs\u00edmil e ilustrada]"}]},{"@type":"WebSite","@id":"https:\/\/alvarelloseditora.gal\/#website","url":"https:\/\/alvarelloseditora.gal\/","name":"Alvarellos Editora","description":"Libros para un mundo en tr\u00e1nsito","publisher":{"@id":"https:\/\/alvarelloseditora.gal\/#organization"},"potentialAction":[{"@type":"SearchAction","target":{"@type":"EntryPoint","urlTemplate":"https:\/\/alvarelloseditora.gal\/?s={search_term_string}"},"query-input":{"@type":"PropertyValueSpecification","valueRequired":true,"valueName":"search_term_string"}}],"inLanguage":"es"},{"@type":"Organization","@id":"https:\/\/alvarelloseditora.gal\/#organization","name":"Alvarellos Editora","url":"https:\/\/alvarelloseditora.gal\/","logo":{"@type":"ImageObject","inLanguage":"es","@id":"https:\/\/alvarelloseditora.gal\/#\/schema\/logo\/image\/","url":"https:\/\/alvarelloseditora.gal\/wp-content\/uploads\/2020\/02\/alv-icon.png","contentUrl":"https:\/\/alvarelloseditora.gal\/wp-content\/uploads\/2020\/02\/alv-icon.png","width":177,"height":175,"caption":"Alvarellos Editora"},"image":{"@id":"https:\/\/alvarelloseditora.gal\/#\/schema\/logo\/image\/"},"sameAs":["https:\/\/www.facebook.com\/alvarelloseditora","https:\/\/x.com\/alvarellos_ed"]}]}},"_links":{"self":[{"href":"https:\/\/alvarelloseditora.gal\/es\/wp-json\/wp\/v2\/product\/2871","targetHints":{"allow":["GET"]}}],"collection":[{"href":"https:\/\/alvarelloseditora.gal\/es\/wp-json\/wp\/v2\/product"}],"about":[{"href":"https:\/\/alvarelloseditora.gal\/es\/wp-json\/wp\/v2\/types\/product"}],"replies":[{"embeddable":true,"href":"https:\/\/alvarelloseditora.gal\/es\/wp-json\/wp\/v2\/comments?post=2871"}],"wp:featuredmedia":[{"embeddable":true,"href":"https:\/\/alvarelloseditora.gal\/es\/wp-json\/wp\/v2\/media\/6739"}],"wp:attachment":[{"href":"https:\/\/alvarelloseditora.gal\/es\/wp-json\/wp\/v2\/media?parent=2871"}],"wp:term":[{"taxonomy":"product_brand","embeddable":true,"href":"https:\/\/alvarelloseditora.gal\/es\/wp-json\/wp\/v2\/product_brand?post=2871"},{"taxonomy":"product_cat","embeddable":true,"href":"https:\/\/alvarelloseditora.gal\/es\/wp-json\/wp\/v2\/product_cat?post=2871"},{"taxonomy":"product_tag","embeddable":true,"href":"https:\/\/alvarelloseditora.gal\/es\/wp-json\/wp\/v2\/product_tag?post=2871"}],"curies":[{"name":"wp","href":"https:\/\/api.w.org\/{rel}","templated":true}]}}