{"id":2870,"date":"2019-12-27T13:43:01","date_gmt":"2019-12-27T14:03:42","guid":{"rendered":"https:\/\/nueva.alvarellos.info\/product\/galaicos-un-pobo-entre-dous-mundos-edicion-en-galego\/"},"modified":"2021-06-22T15:20:04","modified_gmt":"2021-06-22T13:20:04","slug":"galaicos-un-pobo-entre-dous-mundos-edicion-en-galego","status":"publish","type":"product","link":"https:\/\/alvarelloseditora.gal\/es\/libro\/galaicos-un-pobo-entre-dous-mundos-edicion-en-galego\/","title":{"rendered":"GALAICOS. Un pobo entre dous mundos [Edici\u00f3n en galego]"},"content":{"rendered":"","protected":false},"excerpt":{"rendered":"<p>Formato: 21&#215;17 cms. 184 pp.<br \/>\nISBN 978-84-16460-49-6<\/p>\n<p>&nbsp;<\/p>\n<p> \t2000 a\u00f1os de historia de Galicia a trav\u00e9s de 20 emblem\u00e1ticos yacimientos.<br \/>\n \t160 ilustraciones y fotograf\u00edas, junto\u00a0con fichas did\u00e1cticas\u00a0de las excavaciones.<br \/>\n \tPerspectivas a\u00e9reas nunca antes vistas, obtenidas por medio de drones.<\/p>\n<p>El noroeste de la pen\u00ednsula ib\u00e9rica es una de las zonas de Espa\u00f1a con mayor densidad de yacimientos arqueol\u00f3gicos. Esta gu\u00eda, coeditada por Alvarellos Editora y la Diputaci\u00f3n de Pontevedra, muestra 2.000 a\u00f1os de historia de Galicia \u2013desde la Edad de Bronce hasta el primer cristianismo\u2013 a trav\u00e9s de veinte emblem\u00e1ticos yacimientos, ubicados en la provincia de Pontevedra.<\/p>\n<p>Galaicos, un pueblo entre dos mundos ofrece un amplio y atractivo despliegue gr\u00e1fico, que incluye 160 impactantes fotograf\u00edas e ilustraciones, con textos y fichas elaborados por las arque\u00f3logas y arque\u00f3logos que han trabajado en las excavaciones: Rafael Rodr\u00edguez, Antoni Nicolau, Xurxo Ay\u00e1n, Diego Piay y M\u00aa Luisa Castro.<\/p>\n<p>Ellos nos llevar\u00e1n a conocer, de primera mano y de manera did\u00e1ctica, la enorme riqueza de este patrimonio cultural \u00fanico.<\/p>\n<p>La gu\u00eda incluye un recorrido por los yacimientos de A Cabeci\u00f1a, Penalba, Santa Trega, A Lanzada, Monte do Facho, Monte do Castro, Alobre, Castroland\u00edn o Adro Vello, entre muchos otros.<\/p>\n<p>Se aportan los resultados de las m\u00e1s recientes investigaciones, que sit\u00faan a Galicia, en la prehistoria, como puente entre el Atl\u00e1ntico y el Mediterr\u00e1neo, y perspectivas a\u00e9reas nunca antes vistas, obtenidas por medio de drones.<\/p>\n<p>Esta gu\u00eda se lanza al mercado coincidiendo con la exposici\u00f3n hom\u00f3nima itinerante que se inaugura en Madrid, en el Museo Arqueol\u00f3gico Nacional, en el oto\u00f1o de 2018, promovida por la Diputaci\u00f3n de Pontevedra.\u00a0Abajo podemos ver el\u00a0v\u00eddeo promocional de esta ambiciosa muestra:<\/p>\n","protected":false},"featured_media":4241,"comment_status":"closed","ping_status":"closed","template":"","meta":[],"product_brand":[],"product_cat":[104],"product_tag":[],"class_list":{"0":"post-2870","1":"product","2":"type-product","3":"status-publish","4":"has-post-thumbnail","6":"product_author-varios-autores-es","7":"product_cat-ilustrada-es","9":"first","10":"instock","11":"taxable","12":"shipping-taxable","13":"purchasable","14":"product-type-simple"},"yoast_head":"<!-- This site is optimized with the Yoast SEO plugin v27.3 - https:\/\/yoast.com\/product\/yoast-seo-wordpress\/ -->\n<title>GALAICOS. Un pobo entre dous mundos [Edici\u00f3n en galego] - Alvarellos Editora<\/title>\n<meta name=\"description\" content=\"GALAICOS. Un pobo entre dous mundos [Edici\u00f3n en galego]. C\u00f3mprao na tenda en li\u00f1a de Alvarellos Editora.\" \/>\n<meta name=\"robots\" content=\"index, follow, max-snippet:-1, max-image-preview:large, max-video-preview:-1\" \/>\n<link rel=\"canonical\" href=\"https:\/\/alvarelloseditora.gal\/es\/libro\/galaicos-un-pobo-entre-dous-mundos-edicion-en-galego\/\" \/>\n<meta property=\"og:locale\" content=\"es_ES\" \/>\n<meta property=\"og:type\" content=\"article\" \/>\n<meta property=\"og:title\" content=\"GALAICOS. Un pobo entre dous mundos [Edici\u00f3n en galego] - Alvarellos Editora\" \/>\n<meta property=\"og:description\" content=\"GALAICOS. Un pobo entre dous mundos [Edici\u00f3n en galego]. C\u00f3mprao na tenda en li\u00f1a de Alvarellos Editora.\" \/>\n<meta property=\"og:url\" content=\"https:\/\/alvarelloseditora.gal\/es\/libro\/galaicos-un-pobo-entre-dous-mundos-edicion-en-galego\/\" \/>\n<meta property=\"og:site_name\" content=\"Alvarellos Editora\" \/>\n<meta property=\"article:publisher\" content=\"https:\/\/www.facebook.com\/alvarelloseditora\" \/>\n<meta property=\"article:modified_time\" content=\"2021-06-22T13:20:04+00:00\" \/>\n<meta property=\"og:image\" content=\"https:\/\/alvarelloseditora.gal\/wp-content\/uploads\/2019\/12\/Capa-con-filete-Galaicos-galego.jpg\" \/>\n\t<meta property=\"og:image:width\" content=\"840\" \/>\n\t<meta property=\"og:image:height\" content=\"682\" \/>\n\t<meta property=\"og:image:type\" content=\"image\/jpeg\" \/>\n<meta name=\"twitter:card\" content=\"summary_large_image\" \/>\n<meta name=\"twitter:site\" content=\"@alvarellos_ed\" \/>\n<!-- \/ Yoast SEO plugin. -->","yoast_head_json":{"title":"GALAICOS. Un pobo entre dous mundos [Edici\u00f3n en galego] - Alvarellos Editora","description":"GALAICOS. Un pobo entre dous mundos [Edici\u00f3n en galego]. C\u00f3mprao na tenda en li\u00f1a de Alvarellos Editora.","robots":{"index":"index","follow":"follow","max-snippet":"max-snippet:-1","max-image-preview":"max-image-preview:large","max-video-preview":"max-video-preview:-1"},"canonical":"https:\/\/alvarelloseditora.gal\/es\/libro\/galaicos-un-pobo-entre-dous-mundos-edicion-en-galego\/","og_locale":"es_ES","og_type":"article","og_title":"GALAICOS. Un pobo entre dous mundos [Edici\u00f3n en galego] - Alvarellos Editora","og_description":"GALAICOS. Un pobo entre dous mundos [Edici\u00f3n en galego]. C\u00f3mprao na tenda en li\u00f1a de Alvarellos Editora.","og_url":"https:\/\/alvarelloseditora.gal\/es\/libro\/galaicos-un-pobo-entre-dous-mundos-edicion-en-galego\/","og_site_name":"Alvarellos Editora","article_publisher":"https:\/\/www.facebook.com\/alvarelloseditora","article_modified_time":"2021-06-22T13:20:04+00:00","og_image":[{"width":840,"height":682,"url":"https:\/\/alvarelloseditora.gal\/wp-content\/uploads\/2019\/12\/Capa-con-filete-Galaicos-galego.jpg","type":"image\/jpeg"}],"twitter_card":"summary_large_image","twitter_site":"@alvarellos_ed","schema":{"@context":"https:\/\/schema.org","@graph":[{"@type":["WebPage","ItemPage"],"@id":"https:\/\/alvarelloseditora.gal\/es\/libro\/galaicos-un-pobo-entre-dous-mundos-edicion-en-galego\/","url":"https:\/\/alvarelloseditora.gal\/es\/libro\/galaicos-un-pobo-entre-dous-mundos-edicion-en-galego\/","name":"GALAICOS. Un pobo entre dous mundos [Edici\u00f3n en galego] - Alvarellos Editora","isPartOf":{"@id":"https:\/\/alvarelloseditora.gal\/#website"},"primaryImageOfPage":{"@id":"https:\/\/alvarelloseditora.gal\/es\/libro\/galaicos-un-pobo-entre-dous-mundos-edicion-en-galego\/#primaryimage"},"image":{"@id":"https:\/\/alvarelloseditora.gal\/es\/libro\/galaicos-un-pobo-entre-dous-mundos-edicion-en-galego\/#primaryimage"},"thumbnailUrl":"https:\/\/alvarelloseditora.gal\/wp-content\/uploads\/2019\/12\/Capa-con-filete-Galaicos-galego.jpg","datePublished":"2019-12-27T14:03:42+00:00","dateModified":"2021-06-22T13:20:04+00:00","description":"GALAICOS. Un pobo entre dous mundos [Edici\u00f3n en galego]. C\u00f3mprao na tenda en li\u00f1a de Alvarellos Editora.","breadcrumb":{"@id":"https:\/\/alvarelloseditora.gal\/es\/libro\/galaicos-un-pobo-entre-dous-mundos-edicion-en-galego\/#breadcrumb"},"inLanguage":"es","potentialAction":[{"@type":"ReadAction","target":["https:\/\/alvarelloseditora.gal\/es\/libro\/galaicos-un-pobo-entre-dous-mundos-edicion-en-galego\/"]}]},{"@type":"ImageObject","inLanguage":"es","@id":"https:\/\/alvarelloseditora.gal\/es\/libro\/galaicos-un-pobo-entre-dous-mundos-edicion-en-galego\/#primaryimage","url":"https:\/\/alvarelloseditora.gal\/wp-content\/uploads\/2019\/12\/Capa-con-filete-Galaicos-galego.jpg","contentUrl":"https:\/\/alvarelloseditora.gal\/wp-content\/uploads\/2019\/12\/Capa-con-filete-Galaicos-galego.jpg","width":840,"height":682},{"@type":"BreadcrumbList","@id":"https:\/\/alvarelloseditora.gal\/es\/libro\/galaicos-un-pobo-entre-dous-mundos-edicion-en-galego\/#breadcrumb","itemListElement":[{"@type":"ListItem","position":1,"name":"Portada","item":"https:\/\/alvarelloseditora.gal\/"},{"@type":"ListItem","position":2,"name":"Tienda","item":"https:\/\/alvarelloseditora.gal\/es\/tienda\/"},{"@type":"ListItem","position":3,"name":"GALAICOS. Un pobo entre dous mundos [Edici\u00f3n en galego]"}]},{"@type":"WebSite","@id":"https:\/\/alvarelloseditora.gal\/#website","url":"https:\/\/alvarelloseditora.gal\/","name":"Alvarellos Editora","description":"Libros para un mundo en tr\u00e1nsito","publisher":{"@id":"https:\/\/alvarelloseditora.gal\/#organization"},"potentialAction":[{"@type":"SearchAction","target":{"@type":"EntryPoint","urlTemplate":"https:\/\/alvarelloseditora.gal\/?s={search_term_string}"},"query-input":{"@type":"PropertyValueSpecification","valueRequired":true,"valueName":"search_term_string"}}],"inLanguage":"es"},{"@type":"Organization","@id":"https:\/\/alvarelloseditora.gal\/#organization","name":"Alvarellos Editora","url":"https:\/\/alvarelloseditora.gal\/","logo":{"@type":"ImageObject","inLanguage":"es","@id":"https:\/\/alvarelloseditora.gal\/#\/schema\/logo\/image\/","url":"https:\/\/alvarelloseditora.gal\/wp-content\/uploads\/2020\/02\/alv-icon.png","contentUrl":"https:\/\/alvarelloseditora.gal\/wp-content\/uploads\/2020\/02\/alv-icon.png","width":177,"height":175,"caption":"Alvarellos Editora"},"image":{"@id":"https:\/\/alvarelloseditora.gal\/#\/schema\/logo\/image\/"},"sameAs":["https:\/\/www.facebook.com\/alvarelloseditora","https:\/\/x.com\/alvarellos_ed"]}]}},"_links":{"self":[{"href":"https:\/\/alvarelloseditora.gal\/es\/wp-json\/wp\/v2\/product\/2870","targetHints":{"allow":["GET"]}}],"collection":[{"href":"https:\/\/alvarelloseditora.gal\/es\/wp-json\/wp\/v2\/product"}],"about":[{"href":"https:\/\/alvarelloseditora.gal\/es\/wp-json\/wp\/v2\/types\/product"}],"replies":[{"embeddable":true,"href":"https:\/\/alvarelloseditora.gal\/es\/wp-json\/wp\/v2\/comments?post=2870"}],"wp:featuredmedia":[{"embeddable":true,"href":"https:\/\/alvarelloseditora.gal\/es\/wp-json\/wp\/v2\/media\/4241"}],"wp:attachment":[{"href":"https:\/\/alvarelloseditora.gal\/es\/wp-json\/wp\/v2\/media?parent=2870"}],"wp:term":[{"taxonomy":"product_brand","embeddable":true,"href":"https:\/\/alvarelloseditora.gal\/es\/wp-json\/wp\/v2\/product_brand?post=2870"},{"taxonomy":"product_cat","embeddable":true,"href":"https:\/\/alvarelloseditora.gal\/es\/wp-json\/wp\/v2\/product_cat?post=2870"},{"taxonomy":"product_tag","embeddable":true,"href":"https:\/\/alvarelloseditora.gal\/es\/wp-json\/wp\/v2\/product_tag?post=2870"}],"curies":[{"name":"wp","href":"https:\/\/api.w.org\/{rel}","templated":true}]}}