{"id":2869,"date":"2019-12-27T13:43:01","date_gmt":"2019-12-27T14:03:42","guid":{"rendered":"https:\/\/nueva.alvarellos.info\/product\/memorias-da-arbore-da-noite-triste\/"},"modified":"2021-06-22T22:30:10","modified_gmt":"2021-06-22T20:30:10","slug":"memorias-da-arbore-da-noite-triste","status":"publish","type":"product","link":"https:\/\/alvarelloseditora.gal\/es\/libro\/memorias-da-arbore-da-noite-triste\/","title":{"rendered":"Memorias da \u00e1rbore da noite triste"},"content":{"rendered":"","protected":false},"excerpt":{"rendered":"<p>\u00daltimo acto de don Ram\u00f3n del Valle-Incl\u00e1n<\/p>\n<p>&nbsp;<\/p>\n<p>82 pp . 14 x 21 cms.<br \/>\nISBN 978-84-16460-50-2<\/p>\n<p>&nbsp;<\/p>\n<p>Don Ram\u00f3n del Valle-Incl\u00e1n agoniza en una de las habitaciones del sanatorio de Villar Iglesias en Santiago de Compostela. Es el 5 de enero de 1936. En estas horas \u00faltimas surgen ante su figura protagonistas de toda una vida \u2013familia y amigos\u2013 pero tambi\u00e9n personajes de sus obras. Todos ellos dialogan en un mundo donde se mezcla la vida real y la ficci\u00f3n.<\/p>\n<p>Este es el inicio de la presente pieza teatral, escrita en gallego, que es asimismo pura literatura. Son las Memorias da \u00e1rbore da noite triste, que hacen referencia a un \u00e1rbol real, bajo el que Hern\u00e1n Cort\u00e9s llor\u00f3 su derrota ante el pueblo ind\u00edgena mejicano. Un antepasado de Valle muri\u00f3 en aquella batalla.<\/p>\n<p>Este \u00faltimo acto de don Ram\u00f3n, escrito por la actriz y directora teatral F\u00e1tima Rey, destila dinamismo, fuerza en los di\u00e1logos y sabia recreaci\u00f3n de ambientes. Y penetra, de una manera nueva, en la vida y obra de uno de los m\u00e1s grandes creadores de las letras hispanas. La compa\u00f1\u00eda Tatana Teatro pone en escena esta obra, que recorrer\u00e1, desde el oto\u00f1o de 2018, los escenarios gallegos.\u00daltimo acto de don Ram\u00f3n del Valle-Incl\u00e1n<\/p>\n","protected":false},"featured_media":4239,"comment_status":"closed","ping_status":"closed","template":"","meta":[],"product_brand":[],"product_cat":[106],"product_tag":[],"class_list":{"0":"post-2869","1":"product","2":"type-product","3":"status-publish","4":"has-post-thumbnail","6":"product_author-fatima-i-rey-blanco-es","7":"product_cat-libros-do-sarela-es","9":"first","10":"instock","11":"taxable","12":"shipping-taxable","13":"purchasable","14":"product-type-simple"},"yoast_head":"<!-- This site is optimized with the Yoast SEO plugin v27.3 - https:\/\/yoast.com\/product\/yoast-seo-wordpress\/ -->\n<title>Memorias da \u00e1rbore da noite triste - Alvarellos Editora<\/title>\n<meta name=\"description\" content=\"Memorias da \u00e1rbore da noite triste. C\u00f3mprao na tenda en li\u00f1a de Alvarellos Editora.\" \/>\n<meta name=\"robots\" content=\"index, follow, max-snippet:-1, max-image-preview:large, max-video-preview:-1\" \/>\n<link rel=\"canonical\" href=\"https:\/\/alvarelloseditora.gal\/es\/libro\/memorias-da-arbore-da-noite-triste\/\" \/>\n<meta property=\"og:locale\" content=\"es_ES\" \/>\n<meta property=\"og:type\" content=\"article\" \/>\n<meta property=\"og:title\" content=\"Memorias da \u00e1rbore da noite triste - Alvarellos Editora\" \/>\n<meta property=\"og:description\" content=\"Memorias da \u00e1rbore da noite triste. C\u00f3mprao na tenda en li\u00f1a de Alvarellos Editora.\" \/>\n<meta property=\"og:url\" content=\"https:\/\/alvarelloseditora.gal\/es\/libro\/memorias-da-arbore-da-noite-triste\/\" \/>\n<meta property=\"og:site_name\" content=\"Alvarellos Editora\" \/>\n<meta property=\"article:publisher\" content=\"https:\/\/www.facebook.com\/alvarelloseditora\" \/>\n<meta property=\"article:modified_time\" content=\"2021-06-22T20:30:10+00:00\" \/>\n<meta property=\"og:image\" content=\"https:\/\/alvarelloseditora.gal\/wp-content\/uploads\/2019\/12\/Memorias-arbore-noite-triste-alvarellos-libro2.jpg\" \/>\n\t<meta property=\"og:image:width\" content=\"1667\" \/>\n\t<meta property=\"og:image:height\" content=\"2488\" \/>\n\t<meta property=\"og:image:type\" content=\"image\/jpeg\" \/>\n<meta name=\"twitter:card\" content=\"summary_large_image\" \/>\n<meta name=\"twitter:site\" content=\"@alvarellos_ed\" \/>\n<!-- \/ Yoast SEO plugin. -->","yoast_head_json":{"title":"Memorias da \u00e1rbore da noite triste - Alvarellos Editora","description":"Memorias da \u00e1rbore da noite triste. C\u00f3mprao na tenda en li\u00f1a de Alvarellos Editora.","robots":{"index":"index","follow":"follow","max-snippet":"max-snippet:-1","max-image-preview":"max-image-preview:large","max-video-preview":"max-video-preview:-1"},"canonical":"https:\/\/alvarelloseditora.gal\/es\/libro\/memorias-da-arbore-da-noite-triste\/","og_locale":"es_ES","og_type":"article","og_title":"Memorias da \u00e1rbore da noite triste - Alvarellos Editora","og_description":"Memorias da \u00e1rbore da noite triste. C\u00f3mprao na tenda en li\u00f1a de Alvarellos Editora.","og_url":"https:\/\/alvarelloseditora.gal\/es\/libro\/memorias-da-arbore-da-noite-triste\/","og_site_name":"Alvarellos Editora","article_publisher":"https:\/\/www.facebook.com\/alvarelloseditora","article_modified_time":"2021-06-22T20:30:10+00:00","og_image":[{"width":1667,"height":2488,"url":"https:\/\/alvarelloseditora.gal\/wp-content\/uploads\/2019\/12\/Memorias-arbore-noite-triste-alvarellos-libro2.jpg","type":"image\/jpeg"}],"twitter_card":"summary_large_image","twitter_site":"@alvarellos_ed","schema":{"@context":"https:\/\/schema.org","@graph":[{"@type":["WebPage","ItemPage"],"@id":"https:\/\/alvarelloseditora.gal\/es\/libro\/memorias-da-arbore-da-noite-triste\/","url":"https:\/\/alvarelloseditora.gal\/es\/libro\/memorias-da-arbore-da-noite-triste\/","name":"Memorias da \u00e1rbore da noite triste - Alvarellos Editora","isPartOf":{"@id":"https:\/\/alvarelloseditora.gal\/#website"},"primaryImageOfPage":{"@id":"https:\/\/alvarelloseditora.gal\/es\/libro\/memorias-da-arbore-da-noite-triste\/#primaryimage"},"image":{"@id":"https:\/\/alvarelloseditora.gal\/es\/libro\/memorias-da-arbore-da-noite-triste\/#primaryimage"},"thumbnailUrl":"https:\/\/alvarelloseditora.gal\/wp-content\/uploads\/2019\/12\/Memorias-arbore-noite-triste-alvarellos-libro2.jpg","datePublished":"2019-12-27T14:03:42+00:00","dateModified":"2021-06-22T20:30:10+00:00","description":"Memorias da \u00e1rbore da noite triste. C\u00f3mprao na tenda en li\u00f1a de Alvarellos Editora.","breadcrumb":{"@id":"https:\/\/alvarelloseditora.gal\/es\/libro\/memorias-da-arbore-da-noite-triste\/#breadcrumb"},"inLanguage":"es","potentialAction":[{"@type":"ReadAction","target":["https:\/\/alvarelloseditora.gal\/es\/libro\/memorias-da-arbore-da-noite-triste\/"]}]},{"@type":"ImageObject","inLanguage":"es","@id":"https:\/\/alvarelloseditora.gal\/es\/libro\/memorias-da-arbore-da-noite-triste\/#primaryimage","url":"https:\/\/alvarelloseditora.gal\/wp-content\/uploads\/2019\/12\/Memorias-arbore-noite-triste-alvarellos-libro2.jpg","contentUrl":"https:\/\/alvarelloseditora.gal\/wp-content\/uploads\/2019\/12\/Memorias-arbore-noite-triste-alvarellos-libro2.jpg","width":1667,"height":2488},{"@type":"BreadcrumbList","@id":"https:\/\/alvarelloseditora.gal\/es\/libro\/memorias-da-arbore-da-noite-triste\/#breadcrumb","itemListElement":[{"@type":"ListItem","position":1,"name":"Portada","item":"https:\/\/alvarelloseditora.gal\/"},{"@type":"ListItem","position":2,"name":"Tienda","item":"https:\/\/alvarelloseditora.gal\/es\/tienda\/"},{"@type":"ListItem","position":3,"name":"Memorias da \u00e1rbore da noite triste"}]},{"@type":"WebSite","@id":"https:\/\/alvarelloseditora.gal\/#website","url":"https:\/\/alvarelloseditora.gal\/","name":"Alvarellos Editora","description":"Libros para un mundo en tr\u00e1nsito","publisher":{"@id":"https:\/\/alvarelloseditora.gal\/#organization"},"potentialAction":[{"@type":"SearchAction","target":{"@type":"EntryPoint","urlTemplate":"https:\/\/alvarelloseditora.gal\/?s={search_term_string}"},"query-input":{"@type":"PropertyValueSpecification","valueRequired":true,"valueName":"search_term_string"}}],"inLanguage":"es"},{"@type":"Organization","@id":"https:\/\/alvarelloseditora.gal\/#organization","name":"Alvarellos Editora","url":"https:\/\/alvarelloseditora.gal\/","logo":{"@type":"ImageObject","inLanguage":"es","@id":"https:\/\/alvarelloseditora.gal\/#\/schema\/logo\/image\/","url":"https:\/\/alvarelloseditora.gal\/wp-content\/uploads\/2020\/02\/alv-icon.png","contentUrl":"https:\/\/alvarelloseditora.gal\/wp-content\/uploads\/2020\/02\/alv-icon.png","width":177,"height":175,"caption":"Alvarellos Editora"},"image":{"@id":"https:\/\/alvarelloseditora.gal\/#\/schema\/logo\/image\/"},"sameAs":["https:\/\/www.facebook.com\/alvarelloseditora","https:\/\/x.com\/alvarellos_ed"]}]}},"_links":{"self":[{"href":"https:\/\/alvarelloseditora.gal\/es\/wp-json\/wp\/v2\/product\/2869","targetHints":{"allow":["GET"]}}],"collection":[{"href":"https:\/\/alvarelloseditora.gal\/es\/wp-json\/wp\/v2\/product"}],"about":[{"href":"https:\/\/alvarelloseditora.gal\/es\/wp-json\/wp\/v2\/types\/product"}],"replies":[{"embeddable":true,"href":"https:\/\/alvarelloseditora.gal\/es\/wp-json\/wp\/v2\/comments?post=2869"}],"wp:featuredmedia":[{"embeddable":true,"href":"https:\/\/alvarelloseditora.gal\/es\/wp-json\/wp\/v2\/media\/4239"}],"wp:attachment":[{"href":"https:\/\/alvarelloseditora.gal\/es\/wp-json\/wp\/v2\/media?parent=2869"}],"wp:term":[{"taxonomy":"product_brand","embeddable":true,"href":"https:\/\/alvarelloseditora.gal\/es\/wp-json\/wp\/v2\/product_brand?post=2869"},{"taxonomy":"product_cat","embeddable":true,"href":"https:\/\/alvarelloseditora.gal\/es\/wp-json\/wp\/v2\/product_cat?post=2869"},{"taxonomy":"product_tag","embeddable":true,"href":"https:\/\/alvarelloseditora.gal\/es\/wp-json\/wp\/v2\/product_tag?post=2869"}],"curies":[{"name":"wp","href":"https:\/\/api.w.org\/{rel}","templated":true}]}}