{"id":2867,"date":"2019-12-27T13:43:01","date_gmt":"2019-12-27T14:03:42","guid":{"rendered":"https:\/\/nueva.alvarellos.info\/product\/memorias-dun-loitador-antifranquista\/"},"modified":"2021-06-23T13:26:51","modified_gmt":"2021-06-23T11:26:51","slug":"memorias-dun-loitador-antifranquista","status":"publish","type":"product","link":"https:\/\/alvarelloseditora.gal\/es\/libro\/memorias-dun-loitador-antifranquista\/","title":{"rendered":"Memorias dun loitador antifranquista"},"content":{"rendered":"","protected":false},"excerpt":{"rendered":"<p>Entrevistado por Ant\u00f3n Santamarina. Edici\u00f3n de Anah\u00ed Almasia y Mariela S\u00e1nchez<\/p>\n<p>&nbsp;<\/p>\n<p>412 pp . 13 x 23 cms.<br \/>\nISBN 978-84-16460-44-1<\/p>\n<p>&nbsp;<\/p>\n<p>En 1998, David \u00c1lvarez Carballido (A Fonsagrada-Lugo, 1922-2017), concedi\u00f3 una extensa entrevista al fil\u00f3logo y paisano suyo Ant\u00f3n Santamarina. Fue durante varios d\u00edas de agosto, en la aldea com\u00fan de ambos de San Mart\u00edn de Suarna.<\/p>\n<p>Dos d\u00e9cadas despu\u00e9s, este documento \u00fanico ve por fin la luz, las Memorias dun loitador antifranquista. O testemu\u00f1o do comunista David \u00c1lvarez Carballido, publicado por Alvarellos Editora en su colecci\u00f3n Oeste.<\/p>\n<p>Fue preciso un intenso trabajo de edici\u00f3n para organizar el valioso material custodiado por Santamarina. La psic\u00f3loga y escritora Anah\u00ed Almasia (sobrina de David) y la doctora y especialista en memoria hist\u00f3rica Mariela S\u00e1nchez se pusieron a trabajar en firme desde su ciudad de Buenos Aires. Hab\u00eda que convertir aquellas horas de conversaci\u00f3n en un volumen revelador. David pose\u00eda una fina y poderosa memoria, \u00a0y el resultado queda a la vista en estas p\u00e1ginas.<\/p>\n<p>Es el testimonio valioso y honesto de un incansable luchador antifranquista. De un comunista que huy\u00f3 desde Galicia a Buenos Aires en 1948 para no regresar al pa\u00eds hasta 1962, y ser detenido y torturado en Vigo poco despu\u00e9s, cuando denunciaba el fusilamiento de Juli\u00e1n Grimau.<\/p>\n<p>Fiel hasta sus \u00faltimos d\u00edas, a\u00fan en 2014, con 92 a\u00f1os, acud\u00eda al consulado argentino a interponer su denuncia en la Querella de aquel pa\u00eds contra los cr\u00edmenes del franquismo.<\/p>\n<p>\u201cPocos libros memorial\u00edsticos, de militantes antifranquistas, tienen la naturalidad, la frescura y el tono de estas memorias\u201d. Xes\u00fas Alonso Montero, autor del Pr\u00f3logo.<\/p>\n<p>\u201cLo\u00a0que digo aqu\u00ed es solamente para que no quede olvidado. Todo lo que sabemos de aquel terror que invadi\u00f3 Espa\u00f1a, que se conozca\u201d. \u00a0David \u00c1lvarez Carballido<\/p>\n<p>Entrevistado por Ant\u00f3n Santamarina. Edici\u00f3n de Anah\u00ed Almasia y Mariela S\u00e1nchez<\/p>\n","protected":false},"featured_media":4235,"comment_status":"closed","ping_status":"closed","template":"","meta":[],"product_brand":[],"product_cat":[105],"product_tag":[1042],"class_list":{"0":"post-2867","1":"product","2":"type-product","3":"status-publish","4":"has-post-thumbnail","6":"product_author-david-alvarez-carballido-es","7":"product_cat-oeste-es","8":"product_tag-libros-con-memoria-es","10":"first","11":"instock","12":"taxable","13":"shipping-taxable","14":"purchasable","15":"product-type-simple"},"yoast_head":"<!-- This site is optimized with the Yoast SEO plugin v27.3 - https:\/\/yoast.com\/product\/yoast-seo-wordpress\/ -->\n<title>Memorias dun loitador antifranquista - Alvarellos Editora<\/title>\n<meta name=\"description\" content=\"Memorias dun loitador antifranquista. C\u00f3mprao na tenda en li\u00f1a de Alvarellos Editora.\" \/>\n<meta name=\"robots\" content=\"index, follow, max-snippet:-1, max-image-preview:large, max-video-preview:-1\" \/>\n<link rel=\"canonical\" href=\"https:\/\/alvarelloseditora.gal\/es\/libro\/memorias-dun-loitador-antifranquista\/\" \/>\n<meta property=\"og:locale\" content=\"es_ES\" \/>\n<meta property=\"og:type\" content=\"article\" \/>\n<meta property=\"og:title\" content=\"Memorias dun loitador antifranquista - Alvarellos Editora\" \/>\n<meta property=\"og:description\" content=\"Memorias dun loitador antifranquista. C\u00f3mprao na tenda en li\u00f1a de Alvarellos Editora.\" \/>\n<meta property=\"og:url\" content=\"https:\/\/alvarelloseditora.gal\/es\/libro\/memorias-dun-loitador-antifranquista\/\" \/>\n<meta property=\"og:site_name\" content=\"Alvarellos Editora\" \/>\n<meta property=\"article:publisher\" content=\"https:\/\/www.facebook.com\/alvarelloseditora\" \/>\n<meta property=\"article:modified_time\" content=\"2021-06-23T11:26:51+00:00\" \/>\n<meta property=\"og:image\" content=\"https:\/\/alvarelloseditora.gal\/wp-content\/uploads\/2019\/12\/Memorias-dun-loitador-antifranquista-Alvarellos-Editora-2018-scaled.jpg\" \/>\n\t<meta property=\"og:image:width\" content=\"1443\" \/>\n\t<meta property=\"og:image:height\" content=\"2560\" \/>\n\t<meta property=\"og:image:type\" content=\"image\/jpeg\" \/>\n<meta name=\"twitter:card\" content=\"summary_large_image\" \/>\n<meta name=\"twitter:site\" content=\"@alvarellos_ed\" \/>\n<!-- \/ Yoast SEO plugin. -->","yoast_head_json":{"title":"Memorias dun loitador antifranquista - Alvarellos Editora","description":"Memorias dun loitador antifranquista. C\u00f3mprao na tenda en li\u00f1a de Alvarellos Editora.","robots":{"index":"index","follow":"follow","max-snippet":"max-snippet:-1","max-image-preview":"max-image-preview:large","max-video-preview":"max-video-preview:-1"},"canonical":"https:\/\/alvarelloseditora.gal\/es\/libro\/memorias-dun-loitador-antifranquista\/","og_locale":"es_ES","og_type":"article","og_title":"Memorias dun loitador antifranquista - Alvarellos Editora","og_description":"Memorias dun loitador antifranquista. C\u00f3mprao na tenda en li\u00f1a de Alvarellos Editora.","og_url":"https:\/\/alvarelloseditora.gal\/es\/libro\/memorias-dun-loitador-antifranquista\/","og_site_name":"Alvarellos Editora","article_publisher":"https:\/\/www.facebook.com\/alvarelloseditora","article_modified_time":"2021-06-23T11:26:51+00:00","og_image":[{"width":1443,"height":2560,"url":"https:\/\/alvarelloseditora.gal\/wp-content\/uploads\/2019\/12\/Memorias-dun-loitador-antifranquista-Alvarellos-Editora-2018-scaled.jpg","type":"image\/jpeg"}],"twitter_card":"summary_large_image","twitter_site":"@alvarellos_ed","schema":{"@context":"https:\/\/schema.org","@graph":[{"@type":["WebPage","ItemPage"],"@id":"https:\/\/alvarelloseditora.gal\/es\/libro\/memorias-dun-loitador-antifranquista\/","url":"https:\/\/alvarelloseditora.gal\/es\/libro\/memorias-dun-loitador-antifranquista\/","name":"Memorias dun loitador antifranquista - Alvarellos Editora","isPartOf":{"@id":"https:\/\/alvarelloseditora.gal\/#website"},"primaryImageOfPage":{"@id":"https:\/\/alvarelloseditora.gal\/es\/libro\/memorias-dun-loitador-antifranquista\/#primaryimage"},"image":{"@id":"https:\/\/alvarelloseditora.gal\/es\/libro\/memorias-dun-loitador-antifranquista\/#primaryimage"},"thumbnailUrl":"https:\/\/alvarelloseditora.gal\/wp-content\/uploads\/2019\/12\/Memorias-dun-loitador-antifranquista-Alvarellos-Editora-2018-scaled.jpg","datePublished":"2019-12-27T14:03:42+00:00","dateModified":"2021-06-23T11:26:51+00:00","description":"Memorias dun loitador antifranquista. C\u00f3mprao na tenda en li\u00f1a de Alvarellos Editora.","breadcrumb":{"@id":"https:\/\/alvarelloseditora.gal\/es\/libro\/memorias-dun-loitador-antifranquista\/#breadcrumb"},"inLanguage":"es","potentialAction":[{"@type":"ReadAction","target":["https:\/\/alvarelloseditora.gal\/es\/libro\/memorias-dun-loitador-antifranquista\/"]}]},{"@type":"ImageObject","inLanguage":"es","@id":"https:\/\/alvarelloseditora.gal\/es\/libro\/memorias-dun-loitador-antifranquista\/#primaryimage","url":"https:\/\/alvarelloseditora.gal\/wp-content\/uploads\/2019\/12\/Memorias-dun-loitador-antifranquista-Alvarellos-Editora-2018-scaled.jpg","contentUrl":"https:\/\/alvarelloseditora.gal\/wp-content\/uploads\/2019\/12\/Memorias-dun-loitador-antifranquista-Alvarellos-Editora-2018-scaled.jpg","width":1443,"height":2560},{"@type":"BreadcrumbList","@id":"https:\/\/alvarelloseditora.gal\/es\/libro\/memorias-dun-loitador-antifranquista\/#breadcrumb","itemListElement":[{"@type":"ListItem","position":1,"name":"Portada","item":"https:\/\/alvarelloseditora.gal\/"},{"@type":"ListItem","position":2,"name":"Tienda","item":"https:\/\/alvarelloseditora.gal\/es\/tienda\/"},{"@type":"ListItem","position":3,"name":"Memorias dun loitador antifranquista"}]},{"@type":"WebSite","@id":"https:\/\/alvarelloseditora.gal\/#website","url":"https:\/\/alvarelloseditora.gal\/","name":"Alvarellos Editora","description":"Libros para un mundo en tr\u00e1nsito","publisher":{"@id":"https:\/\/alvarelloseditora.gal\/#organization"},"potentialAction":[{"@type":"SearchAction","target":{"@type":"EntryPoint","urlTemplate":"https:\/\/alvarelloseditora.gal\/?s={search_term_string}"},"query-input":{"@type":"PropertyValueSpecification","valueRequired":true,"valueName":"search_term_string"}}],"inLanguage":"es"},{"@type":"Organization","@id":"https:\/\/alvarelloseditora.gal\/#organization","name":"Alvarellos Editora","url":"https:\/\/alvarelloseditora.gal\/","logo":{"@type":"ImageObject","inLanguage":"es","@id":"https:\/\/alvarelloseditora.gal\/#\/schema\/logo\/image\/","url":"https:\/\/alvarelloseditora.gal\/wp-content\/uploads\/2020\/02\/alv-icon.png","contentUrl":"https:\/\/alvarelloseditora.gal\/wp-content\/uploads\/2020\/02\/alv-icon.png","width":177,"height":175,"caption":"Alvarellos Editora"},"image":{"@id":"https:\/\/alvarelloseditora.gal\/#\/schema\/logo\/image\/"},"sameAs":["https:\/\/www.facebook.com\/alvarelloseditora","https:\/\/x.com\/alvarellos_ed"]}]}},"_links":{"self":[{"href":"https:\/\/alvarelloseditora.gal\/es\/wp-json\/wp\/v2\/product\/2867","targetHints":{"allow":["GET"]}}],"collection":[{"href":"https:\/\/alvarelloseditora.gal\/es\/wp-json\/wp\/v2\/product"}],"about":[{"href":"https:\/\/alvarelloseditora.gal\/es\/wp-json\/wp\/v2\/types\/product"}],"replies":[{"embeddable":true,"href":"https:\/\/alvarelloseditora.gal\/es\/wp-json\/wp\/v2\/comments?post=2867"}],"wp:featuredmedia":[{"embeddable":true,"href":"https:\/\/alvarelloseditora.gal\/es\/wp-json\/wp\/v2\/media\/4235"}],"wp:attachment":[{"href":"https:\/\/alvarelloseditora.gal\/es\/wp-json\/wp\/v2\/media?parent=2867"}],"wp:term":[{"taxonomy":"product_brand","embeddable":true,"href":"https:\/\/alvarelloseditora.gal\/es\/wp-json\/wp\/v2\/product_brand?post=2867"},{"taxonomy":"product_cat","embeddable":true,"href":"https:\/\/alvarelloseditora.gal\/es\/wp-json\/wp\/v2\/product_cat?post=2867"},{"taxonomy":"product_tag","embeddable":true,"href":"https:\/\/alvarelloseditora.gal\/es\/wp-json\/wp\/v2\/product_tag?post=2867"}],"curies":[{"name":"wp","href":"https:\/\/api.w.org\/{rel}","templated":true}]}}