{"id":2866,"date":"2019-12-27T13:43:01","date_gmt":"2019-12-27T14:03:42","guid":{"rendered":"https:\/\/nueva.alvarellos.info\/product\/antidoto\/"},"modified":"2025-01-08T12:34:40","modified_gmt":"2025-01-08T11:34:40","slug":"antidoto","status":"publish","type":"product","link":"https:\/\/alvarelloseditora.gal\/es\/libro\/antidoto\/","title":{"rendered":"Ant\u00eddoto"},"content":{"rendered":"<p><a href=\"http:\/\/praza.gal\/cultura\/emma-pedreira-lquerennos-perfectas-silentes-e-activas-pero-corpo-e-mente-non-poden-nin-deben-saltar-o-proceso-de-curacionr\">03\/11\/2018 <strong>Praza.gal<\/strong>\u00a0Entrevista a Emma Pedreira: \u00abQu\u00e9rennos perfectas, silentes e activas&#8230;\u00bb<\/a><br \/>\n<a href=\"https:\/\/www.lavozdegalicia.es\/noticia\/cultura\/2018\/08\/03\/span-langglsempre-imos-cara-futuro-spanspan-langgl-nunca-venspan\/0003_201808H3P39992.htm\">3\/08\/2018 <strong>La Voz de Galicia<\/strong> \u00abSempre imos cara un futuro que nunca v\u00e9n\u00bb<\/a><br \/>\n<a href=\"https:\/\/www.elprogreso.es\/articulo\/noticias\/antidoto-de-emma-pedreira-gana-o-certame-literario-de-vilalba\/20170821204742681578.html\">21\/08\/2017 <strong>El Progreso<\/strong> <em>Ant\u00eddoto<\/em>, de Emma Pedreira, ga\u00f1a o Certame Literario de Vilalba<\/a><\/p>\n<hr \/>\n","protected":false},"excerpt":{"rendered":"<p>Edici\u00f3n ilustrada biling\u00fce galego-castellano<\/p>\n<p>&nbsp;<br \/>\nEmma Pedreira<br \/>\n&nbsp;<\/p>\n<p>142 pp | 14 x 19 cms.<br \/>\nISBN 978-84-16460-41-0<\/p>\n<p>&nbsp;<\/p>\n<p>INCLUYE\u00a0LA \u00abLISTA DE LA COMPRA DE LA VI\u00daDA\u00bb, PREMIO INTERNACIONAL JOVELLANOS AL\u00a0\u00abMEJOR POEMA DEL\u00a0MUNDO\u00bb (2017)<\/p>\n<p>Ant\u00eddoto es el t\u00edtulo del nuevo libro de poemas de Emma Pedreira (A Coru\u00f1a, 1978) que aparece este verano publicado por Alvarellos Editora. Obra reconocida con el Premio de Poes\u00eda del Concello de Vilalba (2017) que incorpora, en esta edici\u00f3n, la \u201cLista da compra da vi\u00fava\u201d, poema que recibi\u00f3 en 2017 el Premio Internacional Jovellanos al \u201cMejor poema del mundo\u201d. Una edici\u00f3n biling\u00fce galego-castellano que busca la conexi\u00f3n con nuevos p\u00fablicos lectores. \u201cAnt\u00eddoto reflexiona sobre las soledades no escogidas\u201d, afirma la autora.<\/p>\n<p>Emma Pedreira es una de las m\u00e1s inspiradas, singulares y premiadas voces de la actual poes\u00eda gallega. Encuadrada en la conocida como Xeraci\u00f3n dos 90, se iniciar\u00eda en las Letras con los versos del Diario bautismal dunha anarquista morta (1999). Dos d\u00e9cadas despu\u00e9s recibe el Premio de la Cr\u00edtica (2017) y el Premio Xerais de Novela (2018). En todo este tiempo ha publicado una docena de libros (siempre premiados) en los que destila su visi\u00f3n honda, cr\u00edtica, inspirada y feminista de la vida.<\/p>\n<p>Ant\u00eddoto recibi\u00f3 en 2017 el Premio de Poes\u00eda del Concello de Vilalba (Lugo). Aparece publicado ahora por Alvarellos Editora en una edici\u00f3n biling\u00fce galego-castellano que supone para la autora la entrada en el mercado lector espa\u00f1ol.<\/p>\n<p>Emma Pedreira reflexiona en estos versos sobre las soledades no escogidas: \u201cEs un poemario confesional \u2013afirma\u2013una especie de diario \u00edntimo que reflexiona sobre la recuperaci\u00f3n de los espacios propios despu\u00e9s de una p\u00e9rdida\u201d. Escrito desde el dolor, Ant\u00eddoto busca la luz en la palabra, en un verso que camina libre, pleno de potencia expresiva.<\/p>\n","protected":false},"featured_media":4233,"comment_status":"closed","ping_status":"closed","template":"","meta":[],"product_brand":[],"product_cat":[106],"product_tag":[],"class_list":{"0":"post-2866","1":"product","2":"type-product","3":"status-publish","4":"has-post-thumbnail","6":"product_author-emma-pedreira-es","7":"product_cat-libros-do-sarela-es","9":"first","10":"instock","11":"taxable","12":"shipping-taxable","13":"purchasable","14":"product-type-simple"},"yoast_head":"<!-- This site is optimized with the Yoast SEO plugin v27.3 - https:\/\/yoast.com\/product\/yoast-seo-wordpress\/ -->\n<title>Ant\u00eddoto - Alvarellos Editora<\/title>\n<meta name=\"description\" content=\"Ant\u00eddoto. C\u00f3mprao na tenda en li\u00f1a de Alvarellos Editora.\" \/>\n<meta name=\"robots\" content=\"index, follow, max-snippet:-1, max-image-preview:large, max-video-preview:-1\" \/>\n<link rel=\"canonical\" href=\"https:\/\/alvarelloseditora.gal\/es\/libro\/antidoto\/\" \/>\n<meta property=\"og:locale\" content=\"es_ES\" \/>\n<meta property=\"og:type\" content=\"article\" \/>\n<meta property=\"og:title\" content=\"Ant\u00eddoto - Alvarellos Editora\" \/>\n<meta property=\"og:description\" content=\"Ant\u00eddoto. C\u00f3mprao na tenda en li\u00f1a de Alvarellos Editora.\" \/>\n<meta property=\"og:url\" content=\"https:\/\/alvarelloseditora.gal\/es\/libro\/antidoto\/\" \/>\n<meta property=\"og:site_name\" content=\"Alvarellos Editora\" \/>\n<meta property=\"article:publisher\" content=\"https:\/\/www.facebook.com\/alvarelloseditora\" \/>\n<meta property=\"article:modified_time\" content=\"2025-01-08T11:34:40+00:00\" \/>\n<meta property=\"og:image\" content=\"https:\/\/alvarelloseditora.gal\/wp-content\/uploads\/2019\/12\/Ant\u00eddoto_con_banda.jpg\" \/>\n\t<meta property=\"og:image:width\" content=\"819\" \/>\n\t<meta property=\"og:image:height\" content=\"1109\" \/>\n\t<meta property=\"og:image:type\" content=\"image\/jpeg\" \/>\n<meta name=\"twitter:card\" content=\"summary_large_image\" \/>\n<meta name=\"twitter:site\" content=\"@alvarellos_ed\" \/>\n<meta name=\"twitter:label1\" content=\"Tiempo de lectura\" \/>\n\t<meta name=\"twitter:data1\" content=\"1 minuto\" \/>\n<!-- \/ Yoast SEO plugin. -->","yoast_head_json":{"title":"Ant\u00eddoto - Alvarellos Editora","description":"Ant\u00eddoto. C\u00f3mprao na tenda en li\u00f1a de Alvarellos Editora.","robots":{"index":"index","follow":"follow","max-snippet":"max-snippet:-1","max-image-preview":"max-image-preview:large","max-video-preview":"max-video-preview:-1"},"canonical":"https:\/\/alvarelloseditora.gal\/es\/libro\/antidoto\/","og_locale":"es_ES","og_type":"article","og_title":"Ant\u00eddoto - Alvarellos Editora","og_description":"Ant\u00eddoto. C\u00f3mprao na tenda en li\u00f1a de Alvarellos Editora.","og_url":"https:\/\/alvarelloseditora.gal\/es\/libro\/antidoto\/","og_site_name":"Alvarellos Editora","article_publisher":"https:\/\/www.facebook.com\/alvarelloseditora","article_modified_time":"2025-01-08T11:34:40+00:00","og_image":[{"width":819,"height":1109,"url":"https:\/\/alvarelloseditora.gal\/wp-content\/uploads\/2019\/12\/Ant\u00eddoto_con_banda.jpg","type":"image\/jpeg"}],"twitter_card":"summary_large_image","twitter_site":"@alvarellos_ed","twitter_misc":{"Tiempo de lectura":"1 minuto"},"schema":{"@context":"https:\/\/schema.org","@graph":[{"@type":["WebPage","ItemPage"],"@id":"https:\/\/alvarelloseditora.gal\/es\/libro\/antidoto\/","url":"https:\/\/alvarelloseditora.gal\/es\/libro\/antidoto\/","name":"Ant\u00eddoto - Alvarellos Editora","isPartOf":{"@id":"https:\/\/alvarelloseditora.gal\/#website"},"primaryImageOfPage":{"@id":"https:\/\/alvarelloseditora.gal\/es\/libro\/antidoto\/#primaryimage"},"image":{"@id":"https:\/\/alvarelloseditora.gal\/es\/libro\/antidoto\/#primaryimage"},"thumbnailUrl":"https:\/\/alvarelloseditora.gal\/wp-content\/uploads\/2019\/12\/Ant\u00eddoto_con_banda.jpg","datePublished":"2019-12-27T14:03:42+00:00","dateModified":"2025-01-08T11:34:40+00:00","description":"Ant\u00eddoto. C\u00f3mprao na tenda en li\u00f1a de Alvarellos Editora.","breadcrumb":{"@id":"https:\/\/alvarelloseditora.gal\/es\/libro\/antidoto\/#breadcrumb"},"inLanguage":"es","potentialAction":[{"@type":"ReadAction","target":["https:\/\/alvarelloseditora.gal\/es\/libro\/antidoto\/"]}]},{"@type":"ImageObject","inLanguage":"es","@id":"https:\/\/alvarelloseditora.gal\/es\/libro\/antidoto\/#primaryimage","url":"https:\/\/alvarelloseditora.gal\/wp-content\/uploads\/2019\/12\/Ant\u00eddoto_con_banda.jpg","contentUrl":"https:\/\/alvarelloseditora.gal\/wp-content\/uploads\/2019\/12\/Ant\u00eddoto_con_banda.jpg","width":819,"height":1109},{"@type":"BreadcrumbList","@id":"https:\/\/alvarelloseditora.gal\/es\/libro\/antidoto\/#breadcrumb","itemListElement":[{"@type":"ListItem","position":1,"name":"Portada","item":"https:\/\/alvarelloseditora.gal\/"},{"@type":"ListItem","position":2,"name":"Tienda","item":"https:\/\/alvarelloseditora.gal\/es\/tienda\/"},{"@type":"ListItem","position":3,"name":"Ant\u00eddoto"}]},{"@type":"WebSite","@id":"https:\/\/alvarelloseditora.gal\/#website","url":"https:\/\/alvarelloseditora.gal\/","name":"Alvarellos Editora","description":"Libros para un mundo en tr\u00e1nsito","publisher":{"@id":"https:\/\/alvarelloseditora.gal\/#organization"},"potentialAction":[{"@type":"SearchAction","target":{"@type":"EntryPoint","urlTemplate":"https:\/\/alvarelloseditora.gal\/?s={search_term_string}"},"query-input":{"@type":"PropertyValueSpecification","valueRequired":true,"valueName":"search_term_string"}}],"inLanguage":"es"},{"@type":"Organization","@id":"https:\/\/alvarelloseditora.gal\/#organization","name":"Alvarellos Editora","url":"https:\/\/alvarelloseditora.gal\/","logo":{"@type":"ImageObject","inLanguage":"es","@id":"https:\/\/alvarelloseditora.gal\/#\/schema\/logo\/image\/","url":"https:\/\/alvarelloseditora.gal\/wp-content\/uploads\/2020\/02\/alv-icon.png","contentUrl":"https:\/\/alvarelloseditora.gal\/wp-content\/uploads\/2020\/02\/alv-icon.png","width":177,"height":175,"caption":"Alvarellos Editora"},"image":{"@id":"https:\/\/alvarelloseditora.gal\/#\/schema\/logo\/image\/"},"sameAs":["https:\/\/www.facebook.com\/alvarelloseditora","https:\/\/x.com\/alvarellos_ed"]}]}},"_links":{"self":[{"href":"https:\/\/alvarelloseditora.gal\/es\/wp-json\/wp\/v2\/product\/2866","targetHints":{"allow":["GET"]}}],"collection":[{"href":"https:\/\/alvarelloseditora.gal\/es\/wp-json\/wp\/v2\/product"}],"about":[{"href":"https:\/\/alvarelloseditora.gal\/es\/wp-json\/wp\/v2\/types\/product"}],"replies":[{"embeddable":true,"href":"https:\/\/alvarelloseditora.gal\/es\/wp-json\/wp\/v2\/comments?post=2866"}],"wp:featuredmedia":[{"embeddable":true,"href":"https:\/\/alvarelloseditora.gal\/es\/wp-json\/wp\/v2\/media\/4233"}],"wp:attachment":[{"href":"https:\/\/alvarelloseditora.gal\/es\/wp-json\/wp\/v2\/media?parent=2866"}],"wp:term":[{"taxonomy":"product_brand","embeddable":true,"href":"https:\/\/alvarelloseditora.gal\/es\/wp-json\/wp\/v2\/product_brand?post=2866"},{"taxonomy":"product_cat","embeddable":true,"href":"https:\/\/alvarelloseditora.gal\/es\/wp-json\/wp\/v2\/product_cat?post=2866"},{"taxonomy":"product_tag","embeddable":true,"href":"https:\/\/alvarelloseditora.gal\/es\/wp-json\/wp\/v2\/product_tag?post=2866"}],"curies":[{"name":"wp","href":"https:\/\/api.w.org\/{rel}","templated":true}]}}