{"id":2865,"date":"2019-12-27T13:42:20","date_gmt":"2019-12-27T14:03:24","guid":{"rendered":"https:\/\/nueva.alvarellos.info\/product\/a-coruna-anos-20-ii\/"},"modified":"2021-06-25T12:14:20","modified_gmt":"2021-06-25T10:14:20","slug":"a-coruna-anos-20-ii","status":"publish","type":"product","link":"https:\/\/alvarelloseditora.gal\/es\/libro\/a-coruna-anos-20-ii\/","title":{"rendered":"A CORU\u00d1A ANOS 20 (II)"},"content":{"rendered":"<hr \/>\n<p><a href=\"https:\/\/www.lavozdegalicia.es\/noticia\/coruna\/coruna\/2018\/07\/15\/ciudad-revive-viejas-postales\/0003_201807H15C4996.htm#\">15\/07\/2018<strong> La Voz de Galicia<\/strong>-Edici\u00f3n A Coru\u00f1a: La ciudad revive en viejas postales\u00a0<\/a><\/p>\n<hr \/>\n<hr \/>\n","protected":false},"excerpt":{"rendered":"<p>Ocho panor\u00e1micas in\u00e9ditas de la ciudad<br \/>\nPACK 8 POSTALES<br \/>\n29 x 13 cms<br \/>\nISBN 978-84-16460-40-3<\/p>\n<p>&nbsp;<\/p>\n<p>En 2016 rescatamos doce fotograf\u00edas panor\u00e1micas muy desconocidas de esta ciudad, A Coru\u00f1a anos\u00a020,\u00a0que hab\u00edan sido\u00a0editadas por Luciano Roisin \u00a0(Par\u00eds, 1884-Barcelona, 1943), como postales\u00a0de gran formato, en aquella d\u00e9cada\u00a0del siglo pasado.<\/p>\n<p>Ahora, en el verano de\u00a02018, descubrimos ocho nuevas im\u00e1genes de aquellos d\u00edas, que permanec\u00edan guardadas en el\u00a0Institut d\u2019Estudis Fotogr\u00e0fics de Catalunya, donde se custodia la magn\u00edfica Colecci\u00f3n Roisin.<\/p>\n<p>Estas ocho\u00a0panor\u00e1micas, que hemos bautizado como A Coru\u00f1a Anos 20 (II) completan aquella primera entrega\u00a0 y\u00a0decidimos editarlas tambi\u00e9n en formato de postales panor\u00e1micas (12 x 29 cms).<\/p>\n<p>Descubrimos de nuevo una Coru\u00f1a enormemente atractiva y muy\u00a0diferente a los ojos de hoy: los ba\u00f1os en Riazor, la actividad\u00a0en el\u00a0Puerto, un Parrote distinto, los emblem\u00e1ticos hoteles\u00a0Atlantic o\u00a0Palace, o\u00a0el\u00a0nuevo rascacielos del\u00a0Banco Pastor sobresaliendo en el\u00a0\u00a0sky-line, entre otras instant\u00e1neas. Todas ellas nos llevan de viaje a una d\u00e9cada donde emerger\u00eda el\u00a0turismo&#8230;<\/p>\n<p>Luciano Roisin siempre buscaba perspectivas extraordinarias de las ciudades, muy\u00a0visuales y\u00a0de gran profundidad. Esta sencilla\u00a0muestra ser\u00e1, pues, una\u00a0delicia para vecinos y\u00a0visitantes.<\/p>\n<p>&nbsp;<\/p>\n<p>PACK 8 POSTALES<br \/>\n29 x 13 cms<br \/>\nISBN 978-84-16460-40-3<\/p>\n","protected":false},"featured_media":4231,"comment_status":"closed","ping_status":"closed","template":"","meta":[],"product_brand":[],"product_cat":[109],"product_tag":[],"class_list":{"0":"post-2865","1":"product","2":"type-product","3":"status-publish","4":"has-post-thumbnail","6":"product_author-luciano-roisin-es","7":"product_cat-varia-es","9":"first","10":"instock","11":"taxable","12":"shipping-taxable","13":"purchasable","14":"product-type-simple"},"yoast_head":"<!-- This site is optimized with the Yoast SEO plugin v27.3 - https:\/\/yoast.com\/product\/yoast-seo-wordpress\/ -->\n<title>A CORU\u00d1A ANOS 20 (II) - Alvarellos Editora<\/title>\n<meta name=\"description\" content=\"A CORU\u00d1A ANOS 20 (II). C\u00f3mprao na tenda en li\u00f1a de Alvarellos Editora.\" \/>\n<meta name=\"robots\" content=\"index, follow, max-snippet:-1, max-image-preview:large, max-video-preview:-1\" \/>\n<link rel=\"canonical\" href=\"https:\/\/alvarelloseditora.gal\/es\/libro\/a-coruna-anos-20-ii\/\" \/>\n<meta property=\"og:locale\" content=\"es_ES\" \/>\n<meta property=\"og:type\" content=\"article\" \/>\n<meta property=\"og:title\" content=\"A CORU\u00d1A ANOS 20 (II) - Alvarellos Editora\" \/>\n<meta property=\"og:description\" content=\"A CORU\u00d1A ANOS 20 (II). C\u00f3mprao na tenda en li\u00f1a de Alvarellos Editora.\" \/>\n<meta property=\"og:url\" content=\"https:\/\/alvarelloseditora.gal\/es\/libro\/a-coruna-anos-20-ii\/\" \/>\n<meta property=\"og:site_name\" content=\"Alvarellos Editora\" \/>\n<meta property=\"article:publisher\" content=\"https:\/\/www.facebook.com\/alvarelloseditora\" \/>\n<meta property=\"article:modified_time\" content=\"2021-06-25T10:14:20+00:00\" \/>\n<meta property=\"og:image\" content=\"https:\/\/alvarelloseditora.gal\/wp-content\/uploads\/2019\/12\/Coru\u00f1aAnos20_II_Alvarellos-scaled.jpg\" \/>\n\t<meta property=\"og:image:width\" content=\"2560\" \/>\n\t<meta property=\"og:image:height\" content=\"2326\" \/>\n\t<meta property=\"og:image:type\" content=\"image\/jpeg\" \/>\n<meta name=\"twitter:card\" content=\"summary_large_image\" \/>\n<meta name=\"twitter:site\" content=\"@alvarellos_ed\" \/>\n<!-- \/ Yoast SEO plugin. -->","yoast_head_json":{"title":"A CORU\u00d1A ANOS 20 (II) - Alvarellos Editora","description":"A CORU\u00d1A ANOS 20 (II). C\u00f3mprao na tenda en li\u00f1a de Alvarellos Editora.","robots":{"index":"index","follow":"follow","max-snippet":"max-snippet:-1","max-image-preview":"max-image-preview:large","max-video-preview":"max-video-preview:-1"},"canonical":"https:\/\/alvarelloseditora.gal\/es\/libro\/a-coruna-anos-20-ii\/","og_locale":"es_ES","og_type":"article","og_title":"A CORU\u00d1A ANOS 20 (II) - Alvarellos Editora","og_description":"A CORU\u00d1A ANOS 20 (II). C\u00f3mprao na tenda en li\u00f1a de Alvarellos Editora.","og_url":"https:\/\/alvarelloseditora.gal\/es\/libro\/a-coruna-anos-20-ii\/","og_site_name":"Alvarellos Editora","article_publisher":"https:\/\/www.facebook.com\/alvarelloseditora","article_modified_time":"2021-06-25T10:14:20+00:00","og_image":[{"width":2560,"height":2326,"url":"https:\/\/alvarelloseditora.gal\/wp-content\/uploads\/2019\/12\/Coru\u00f1aAnos20_II_Alvarellos-scaled.jpg","type":"image\/jpeg"}],"twitter_card":"summary_large_image","twitter_site":"@alvarellos_ed","schema":{"@context":"https:\/\/schema.org","@graph":[{"@type":["WebPage","ItemPage"],"@id":"https:\/\/alvarelloseditora.gal\/es\/libro\/a-coruna-anos-20-ii\/","url":"https:\/\/alvarelloseditora.gal\/es\/libro\/a-coruna-anos-20-ii\/","name":"A CORU\u00d1A ANOS 20 (II) - Alvarellos Editora","isPartOf":{"@id":"https:\/\/alvarelloseditora.gal\/#website"},"primaryImageOfPage":{"@id":"https:\/\/alvarelloseditora.gal\/es\/libro\/a-coruna-anos-20-ii\/#primaryimage"},"image":{"@id":"https:\/\/alvarelloseditora.gal\/es\/libro\/a-coruna-anos-20-ii\/#primaryimage"},"thumbnailUrl":"https:\/\/alvarelloseditora.gal\/wp-content\/uploads\/2019\/12\/Coru\u00f1aAnos20_II_Alvarellos-scaled.jpg","datePublished":"2019-12-27T14:03:24+00:00","dateModified":"2021-06-25T10:14:20+00:00","description":"A CORU\u00d1A ANOS 20 (II). C\u00f3mprao na tenda en li\u00f1a de Alvarellos Editora.","breadcrumb":{"@id":"https:\/\/alvarelloseditora.gal\/es\/libro\/a-coruna-anos-20-ii\/#breadcrumb"},"inLanguage":"es","potentialAction":[{"@type":"ReadAction","target":["https:\/\/alvarelloseditora.gal\/es\/libro\/a-coruna-anos-20-ii\/"]}]},{"@type":"ImageObject","inLanguage":"es","@id":"https:\/\/alvarelloseditora.gal\/es\/libro\/a-coruna-anos-20-ii\/#primaryimage","url":"https:\/\/alvarelloseditora.gal\/wp-content\/uploads\/2019\/12\/Coru\u00f1aAnos20_II_Alvarellos-scaled.jpg","contentUrl":"https:\/\/alvarelloseditora.gal\/wp-content\/uploads\/2019\/12\/Coru\u00f1aAnos20_II_Alvarellos-scaled.jpg","width":2560,"height":2326},{"@type":"BreadcrumbList","@id":"https:\/\/alvarelloseditora.gal\/es\/libro\/a-coruna-anos-20-ii\/#breadcrumb","itemListElement":[{"@type":"ListItem","position":1,"name":"Portada","item":"https:\/\/alvarelloseditora.gal\/"},{"@type":"ListItem","position":2,"name":"Tienda","item":"https:\/\/alvarelloseditora.gal\/es\/tienda\/"},{"@type":"ListItem","position":3,"name":"A CORU\u00d1A ANOS 20 (II)"}]},{"@type":"WebSite","@id":"https:\/\/alvarelloseditora.gal\/#website","url":"https:\/\/alvarelloseditora.gal\/","name":"Alvarellos Editora","description":"Libros para un mundo en tr\u00e1nsito","publisher":{"@id":"https:\/\/alvarelloseditora.gal\/#organization"},"potentialAction":[{"@type":"SearchAction","target":{"@type":"EntryPoint","urlTemplate":"https:\/\/alvarelloseditora.gal\/?s={search_term_string}"},"query-input":{"@type":"PropertyValueSpecification","valueRequired":true,"valueName":"search_term_string"}}],"inLanguage":"es"},{"@type":"Organization","@id":"https:\/\/alvarelloseditora.gal\/#organization","name":"Alvarellos Editora","url":"https:\/\/alvarelloseditora.gal\/","logo":{"@type":"ImageObject","inLanguage":"es","@id":"https:\/\/alvarelloseditora.gal\/#\/schema\/logo\/image\/","url":"https:\/\/alvarelloseditora.gal\/wp-content\/uploads\/2020\/02\/alv-icon.png","contentUrl":"https:\/\/alvarelloseditora.gal\/wp-content\/uploads\/2020\/02\/alv-icon.png","width":177,"height":175,"caption":"Alvarellos Editora"},"image":{"@id":"https:\/\/alvarelloseditora.gal\/#\/schema\/logo\/image\/"},"sameAs":["https:\/\/www.facebook.com\/alvarelloseditora","https:\/\/x.com\/alvarellos_ed"]}]}},"_links":{"self":[{"href":"https:\/\/alvarelloseditora.gal\/es\/wp-json\/wp\/v2\/product\/2865","targetHints":{"allow":["GET"]}}],"collection":[{"href":"https:\/\/alvarelloseditora.gal\/es\/wp-json\/wp\/v2\/product"}],"about":[{"href":"https:\/\/alvarelloseditora.gal\/es\/wp-json\/wp\/v2\/types\/product"}],"replies":[{"embeddable":true,"href":"https:\/\/alvarelloseditora.gal\/es\/wp-json\/wp\/v2\/comments?post=2865"}],"wp:featuredmedia":[{"embeddable":true,"href":"https:\/\/alvarelloseditora.gal\/es\/wp-json\/wp\/v2\/media\/4231"}],"wp:attachment":[{"href":"https:\/\/alvarelloseditora.gal\/es\/wp-json\/wp\/v2\/media?parent=2865"}],"wp:term":[{"taxonomy":"product_brand","embeddable":true,"href":"https:\/\/alvarelloseditora.gal\/es\/wp-json\/wp\/v2\/product_brand?post=2865"},{"taxonomy":"product_cat","embeddable":true,"href":"https:\/\/alvarelloseditora.gal\/es\/wp-json\/wp\/v2\/product_cat?post=2865"},{"taxonomy":"product_tag","embeddable":true,"href":"https:\/\/alvarelloseditora.gal\/es\/wp-json\/wp\/v2\/product_tag?post=2865"}],"curies":[{"name":"wp","href":"https:\/\/api.w.org\/{rel}","templated":true}]}}