{"id":2863,"date":"2019-12-27T13:42:20","date_gmt":"2019-12-27T14:03:24","guid":{"rendered":"https:\/\/nueva.alvarellos.info\/product\/a-promesa-do-cabezolo\/"},"modified":"2023-04-20T14:03:50","modified_gmt":"2023-04-20T12:03:50","slug":"a-promesa-do-cabezolo","status":"publish","type":"product","link":"https:\/\/alvarelloseditora.gal\/es\/libro\/a-promesa-do-cabezolo\/","title":{"rendered":"A PROMESA DO CABEZOLO"},"content":{"rendered":"","protected":false},"excerpt":{"rendered":"<p>Jeanne Willis (texto) | Tony Ross (ilustraci\u00f3n)<\/p>\n<p>&nbsp;<\/p>\n<p>32 pp. 20,5 x 26 cm.<br \/>\nISBN: 978-84-16460-38-0<br \/>\nCapa dura &#8211; cosido &#8211; papel offset<\/p>\n<p>&nbsp;<\/p>\n<p>Encantadora historia de amor entre una larva de rana y otra de mariposa, que nos va a sorprender hasta el \u00faltimo rato y que nos dejar\u00e1 con una honda impresi\u00f3n.<br \/>\nLas ilustraciones son vibrantes; montones de sensibilidad y de potencia expresiva.<br \/>\nUn \u00e1lbum diferente, escrito e ilustrado con una exquisita sensibilidad, por Jeanne Willis y Tony Ross. Nuevo t\u00edtulo de la colecci\u00f3n Verdemar de Alvarellos Editora.<\/p>\n<p>&nbsp;<\/p>\n<p>TEXTO CONTRACAPA<br \/>\nFue en el lugar en que el sauce besa el agua donde el renacuajo encontr\u00f3 la oruga.<br \/>\nSe miraron a los ojitos\u2026<br \/>\n\u2026y enamoraron.<br \/>\nPero todo el mundo sabe que los renacuajos se transforman, y las orugas tambi\u00e9n.<br \/>\n\u00bfCambiar\u00e1 esto el amor que sienten el uno por la otra?<br \/>\n\u00a1Vamos a ver!<\/p>\n<p>&nbsp;<\/p>\n<p>CLAVES PARA LA LECTURA<br \/>\nUna delicada historia sobre el amor y los cambios en la vida. Presentada gr\u00e1ficamente con un dise\u00f1o muy original, lleno de color y sensibilidad, que nos pide leer la obra abriendo el libro en vertical. La transformaci\u00f3n de un renacuajo en rana y de una oruga en mariposa les permiten hablar del fen\u00f3meno de la metamorfosis. Tambi\u00e9n podemos dibujar y analizar el ciclo de la vida y los cambios que ocurren con el paso del tiempo.<\/p>\n","protected":false},"featured_media":4227,"comment_status":"closed","ping_status":"closed","template":"","meta":[],"product_brand":[],"product_cat":[110],"product_tag":[],"class_list":{"0":"post-2863","1":"product","2":"type-product","3":"status-publish","4":"has-post-thumbnail","6":"product_author-jeanne-willis-es","7":"product_author-tony-ross","8":"product_cat-verdemar-es","10":"first","11":"instock","12":"taxable","13":"shipping-taxable","14":"purchasable","15":"product-type-simple"},"yoast_head":"<!-- This site is optimized with the Yoast SEO plugin v27.4 - https:\/\/yoast.com\/product\/yoast-seo-wordpress\/ -->\n<title>A PROMESA DO CABEZOLO - Alvarellos Editora<\/title>\n<meta name=\"description\" content=\"A PROMESA DO CABEZOLO. C\u00f3mprao na tenda en li\u00f1a de Alvarellos Editora.\" \/>\n<meta name=\"robots\" content=\"index, follow, max-snippet:-1, max-image-preview:large, max-video-preview:-1\" \/>\n<link rel=\"canonical\" href=\"https:\/\/alvarelloseditora.gal\/es\/libro\/a-promesa-do-cabezolo\/\" \/>\n<meta property=\"og:locale\" content=\"es_ES\" \/>\n<meta property=\"og:type\" content=\"article\" \/>\n<meta property=\"og:title\" content=\"A PROMESA DO CABEZOLO - Alvarellos Editora\" \/>\n<meta property=\"og:description\" content=\"A PROMESA DO CABEZOLO. C\u00f3mprao na tenda en li\u00f1a de Alvarellos Editora.\" \/>\n<meta property=\"og:url\" content=\"https:\/\/alvarelloseditora.gal\/es\/libro\/a-promesa-do-cabezolo\/\" \/>\n<meta property=\"og:site_name\" content=\"Alvarellos Editora\" \/>\n<meta property=\"article:publisher\" content=\"https:\/\/www.facebook.com\/alvarelloseditora\" \/>\n<meta property=\"article:modified_time\" content=\"2023-04-20T12:03:50+00:00\" \/>\n<meta property=\"og:image\" content=\"https:\/\/alvarelloseditora.gal\/wp-content\/uploads\/2019\/12\/A_promesa_do_cabezolo.jpg\" \/>\n\t<meta property=\"og:image:width\" content=\"997\" \/>\n\t<meta property=\"og:image:height\" content=\"768\" \/>\n\t<meta property=\"og:image:type\" content=\"image\/jpeg\" \/>\n<meta name=\"twitter:card\" content=\"summary_large_image\" \/>\n<meta name=\"twitter:site\" content=\"@alvarellos_ed\" \/>\n<!-- \/ Yoast SEO plugin. -->","yoast_head_json":{"title":"A PROMESA DO CABEZOLO - Alvarellos Editora","description":"A PROMESA DO CABEZOLO. C\u00f3mprao na tenda en li\u00f1a de Alvarellos Editora.","robots":{"index":"index","follow":"follow","max-snippet":"max-snippet:-1","max-image-preview":"max-image-preview:large","max-video-preview":"max-video-preview:-1"},"canonical":"https:\/\/alvarelloseditora.gal\/es\/libro\/a-promesa-do-cabezolo\/","og_locale":"es_ES","og_type":"article","og_title":"A PROMESA DO CABEZOLO - Alvarellos Editora","og_description":"A PROMESA DO CABEZOLO. C\u00f3mprao na tenda en li\u00f1a de Alvarellos Editora.","og_url":"https:\/\/alvarelloseditora.gal\/es\/libro\/a-promesa-do-cabezolo\/","og_site_name":"Alvarellos Editora","article_publisher":"https:\/\/www.facebook.com\/alvarelloseditora","article_modified_time":"2023-04-20T12:03:50+00:00","og_image":[{"width":997,"height":768,"url":"https:\/\/alvarelloseditora.gal\/wp-content\/uploads\/2019\/12\/A_promesa_do_cabezolo.jpg","type":"image\/jpeg"}],"twitter_card":"summary_large_image","twitter_site":"@alvarellos_ed","schema":{"@context":"https:\/\/schema.org","@graph":[{"@type":["WebPage","ItemPage"],"@id":"https:\/\/alvarelloseditora.gal\/es\/libro\/a-promesa-do-cabezolo\/","url":"https:\/\/alvarelloseditora.gal\/es\/libro\/a-promesa-do-cabezolo\/","name":"A PROMESA DO CABEZOLO - Alvarellos Editora","isPartOf":{"@id":"https:\/\/alvarelloseditora.gal\/#website"},"primaryImageOfPage":{"@id":"https:\/\/alvarelloseditora.gal\/es\/libro\/a-promesa-do-cabezolo\/#primaryimage"},"image":{"@id":"https:\/\/alvarelloseditora.gal\/es\/libro\/a-promesa-do-cabezolo\/#primaryimage"},"thumbnailUrl":"https:\/\/alvarelloseditora.gal\/wp-content\/uploads\/2019\/12\/A_promesa_do_cabezolo.jpg","datePublished":"2019-12-27T14:03:24+00:00","dateModified":"2023-04-20T12:03:50+00:00","description":"A PROMESA DO CABEZOLO. C\u00f3mprao na tenda en li\u00f1a de Alvarellos Editora.","breadcrumb":{"@id":"https:\/\/alvarelloseditora.gal\/es\/libro\/a-promesa-do-cabezolo\/#breadcrumb"},"inLanguage":"es","potentialAction":[{"@type":"ReadAction","target":["https:\/\/alvarelloseditora.gal\/es\/libro\/a-promesa-do-cabezolo\/"]}]},{"@type":"ImageObject","inLanguage":"es","@id":"https:\/\/alvarelloseditora.gal\/es\/libro\/a-promesa-do-cabezolo\/#primaryimage","url":"https:\/\/alvarelloseditora.gal\/wp-content\/uploads\/2019\/12\/A_promesa_do_cabezolo.jpg","contentUrl":"https:\/\/alvarelloseditora.gal\/wp-content\/uploads\/2019\/12\/A_promesa_do_cabezolo.jpg","width":997,"height":768},{"@type":"BreadcrumbList","@id":"https:\/\/alvarelloseditora.gal\/es\/libro\/a-promesa-do-cabezolo\/#breadcrumb","itemListElement":[{"@type":"ListItem","position":1,"name":"Portada","item":"https:\/\/alvarelloseditora.gal\/"},{"@type":"ListItem","position":2,"name":"Tienda","item":"https:\/\/alvarelloseditora.gal\/es\/tienda\/"},{"@type":"ListItem","position":3,"name":"A PROMESA DO CABEZOLO"}]},{"@type":"WebSite","@id":"https:\/\/alvarelloseditora.gal\/#website","url":"https:\/\/alvarelloseditora.gal\/","name":"Alvarellos Editora","description":"Libros para un mundo en tr\u00e1nsito","publisher":{"@id":"https:\/\/alvarelloseditora.gal\/#organization"},"potentialAction":[{"@type":"SearchAction","target":{"@type":"EntryPoint","urlTemplate":"https:\/\/alvarelloseditora.gal\/?s={search_term_string}"},"query-input":{"@type":"PropertyValueSpecification","valueRequired":true,"valueName":"search_term_string"}}],"inLanguage":"es"},{"@type":"Organization","@id":"https:\/\/alvarelloseditora.gal\/#organization","name":"Alvarellos Editora","url":"https:\/\/alvarelloseditora.gal\/","logo":{"@type":"ImageObject","inLanguage":"es","@id":"https:\/\/alvarelloseditora.gal\/#\/schema\/logo\/image\/","url":"https:\/\/alvarelloseditora.gal\/wp-content\/uploads\/2020\/02\/alv-icon.png","contentUrl":"https:\/\/alvarelloseditora.gal\/wp-content\/uploads\/2020\/02\/alv-icon.png","width":177,"height":175,"caption":"Alvarellos Editora"},"image":{"@id":"https:\/\/alvarelloseditora.gal\/#\/schema\/logo\/image\/"},"sameAs":["https:\/\/www.facebook.com\/alvarelloseditora","https:\/\/x.com\/alvarellos_ed"]}]}},"_links":{"self":[{"href":"https:\/\/alvarelloseditora.gal\/es\/wp-json\/wp\/v2\/product\/2863","targetHints":{"allow":["GET"]}}],"collection":[{"href":"https:\/\/alvarelloseditora.gal\/es\/wp-json\/wp\/v2\/product"}],"about":[{"href":"https:\/\/alvarelloseditora.gal\/es\/wp-json\/wp\/v2\/types\/product"}],"replies":[{"embeddable":true,"href":"https:\/\/alvarelloseditora.gal\/es\/wp-json\/wp\/v2\/comments?post=2863"}],"wp:featuredmedia":[{"embeddable":true,"href":"https:\/\/alvarelloseditora.gal\/es\/wp-json\/wp\/v2\/media\/4227"}],"wp:attachment":[{"href":"https:\/\/alvarelloseditora.gal\/es\/wp-json\/wp\/v2\/media?parent=2863"}],"wp:term":[{"taxonomy":"product_brand","embeddable":true,"href":"https:\/\/alvarelloseditora.gal\/es\/wp-json\/wp\/v2\/product_brand?post=2863"},{"taxonomy":"product_cat","embeddable":true,"href":"https:\/\/alvarelloseditora.gal\/es\/wp-json\/wp\/v2\/product_cat?post=2863"},{"taxonomy":"product_tag","embeddable":true,"href":"https:\/\/alvarelloseditora.gal\/es\/wp-json\/wp\/v2\/product_tag?post=2863"}],"curies":[{"name":"wp","href":"https:\/\/api.w.org\/{rel}","templated":true}]}}