{"id":2861,"date":"2022-01-12T13:42:20","date_gmt":"2022-01-12T12:42:20","guid":{"rendered":"https:\/\/nueva.alvarellos.info\/product\/la-lampara-maravillosa\/"},"modified":"2022-01-13T11:59:56","modified_gmt":"2022-01-13T10:59:56","slug":"la-lampara-maravillosa","status":"publish","type":"product","link":"https:\/\/alvarelloseditora.gal\/es\/libro\/la-lampara-maravillosa\/","title":{"rendered":"La l\u00e1mpara maravillosa (Edici\u00f3n facs\u00edmil)"},"content":{"rendered":"","protected":false},"excerpt":{"rendered":"<p>EJERCICIOS ESPIRITUALES<br \/>\nRam\u00f3n del Valle-Incl\u00e1n<br \/>\n&nbsp;<\/p>\n<p>302 pp | 13 x 17,5 cms.<br \/>\nISBN 978-84-16460-34-2<br \/>\nEDICI\u00d3N FACS\u00cdMIL<br \/>\nCosida con hilo<br \/>\nCapa con sobrecubierta<\/p>\n<p>&nbsp;<\/p>\n<p>Cuidada y rigurosa edici\u00f3n facs\u00edmil de este bell\u00edsimo e ins\u00f3lito libro de Ram\u00f3n del Valle-Incl\u00e1n. Una obra publicada en 1916, ilustrada por Jos\u00e9 Moya del Pino y concebida como un todo, pues forma y fondo dialogan aqu\u00ed a la perfecci\u00f3n.<\/p>\n<p>Un siglo despu\u00e9s, regresamos a aquella \u00abedici\u00f3n pr\u00edncipe\u00bb o primera y hemos querido reproducirla fielmente, con el fin de acercar lo m\u00e1s posible la experiencia lectora de hoy al esp\u00edritu original de esta L\u00e1mpara maravillosa que nos iluminar\u00e1 en el camino de comprensi\u00f3n de la belleza.<\/p>\n<p>El libro se nos presenta como una autobiograf\u00eda del autor quien, fascinado por el ocultismo, desea transitar por nuevos senderos creativos y no duda en experimentar, por ejemplo, con el propio cannabis. Se siente peregrino y sit\u00faa en Santiago de Compostela (su \u00abrosa m\u00edstica de piedra\u00bb) ese lugar donde el tiempo se hace eternidad.<\/p>\n<p>La presente edici\u00f3n (en enero de 2022 publicamos la 2\u00aa) se enriquece con un estudio a cargo de la profesora Olivia Rodr\u00edguez-Tudela, fotograf\u00edas de \u00e9poca del autor y un pr\u00f3logo del profesor Joaqu\u00edn del Valle-Incl\u00e1n Alsina, nieto del escritor.<\/p>\n","protected":false},"featured_media":8708,"comment_status":"closed","ping_status":"closed","template":"","meta":[],"product_brand":[],"product_cat":[112],"product_tag":[],"class_list":{"0":"post-2861","1":"product","2":"type-product","3":"status-publish","4":"has-post-thumbnail","6":"product_author-ramon-del-valle-inclan-es","7":"product_cat-facsimiles-es","9":"first","10":"instock","11":"taxable","12":"shipping-taxable","13":"purchasable","14":"product-type-simple"},"yoast_head":"<!-- This site is optimized with the Yoast SEO plugin v27.3 - https:\/\/yoast.com\/product\/yoast-seo-wordpress\/ -->\n<title>La l\u00e1mpara maravillosa (Edici\u00f3n facs\u00edmil) - Alvarellos Editora<\/title>\n<meta name=\"description\" content=\"La l\u00e1mpara maravillosa (Edici\u00f3n facs\u00edmil). C\u00f3mprao na tenda en li\u00f1a de Alvarellos Editora.\" \/>\n<meta name=\"robots\" content=\"index, follow, max-snippet:-1, max-image-preview:large, max-video-preview:-1\" \/>\n<link rel=\"canonical\" href=\"https:\/\/alvarelloseditora.gal\/es\/libro\/la-lampara-maravillosa\/\" \/>\n<meta property=\"og:locale\" content=\"es_ES\" \/>\n<meta property=\"og:type\" content=\"article\" \/>\n<meta property=\"og:title\" content=\"La l\u00e1mpara maravillosa (Edici\u00f3n facs\u00edmil) - Alvarellos Editora\" \/>\n<meta property=\"og:description\" content=\"La l\u00e1mpara maravillosa (Edici\u00f3n facs\u00edmil). C\u00f3mprao na tenda en li\u00f1a de Alvarellos Editora.\" \/>\n<meta property=\"og:url\" content=\"https:\/\/alvarelloseditora.gal\/es\/libro\/la-lampara-maravillosa\/\" \/>\n<meta property=\"og:site_name\" content=\"Alvarellos Editora\" \/>\n<meta property=\"article:publisher\" content=\"https:\/\/www.facebook.com\/alvarelloseditora\" \/>\n<meta property=\"article:modified_time\" content=\"2022-01-13T10:59:56+00:00\" \/>\n<meta property=\"og:image\" content=\"https:\/\/alvarelloseditora.gal\/wp-content\/uploads\/2019\/12\/CapaLamparaAlvarellos.jpg\" \/>\n\t<meta property=\"og:image:width\" content=\"565\" \/>\n\t<meta property=\"og:image:height\" content=\"800\" \/>\n\t<meta property=\"og:image:type\" content=\"image\/jpeg\" \/>\n<meta name=\"twitter:card\" content=\"summary_large_image\" \/>\n<meta name=\"twitter:site\" content=\"@alvarellos_ed\" \/>\n<!-- \/ Yoast SEO plugin. -->","yoast_head_json":{"title":"La l\u00e1mpara maravillosa (Edici\u00f3n facs\u00edmil) - Alvarellos Editora","description":"La l\u00e1mpara maravillosa (Edici\u00f3n facs\u00edmil). C\u00f3mprao na tenda en li\u00f1a de Alvarellos Editora.","robots":{"index":"index","follow":"follow","max-snippet":"max-snippet:-1","max-image-preview":"max-image-preview:large","max-video-preview":"max-video-preview:-1"},"canonical":"https:\/\/alvarelloseditora.gal\/es\/libro\/la-lampara-maravillosa\/","og_locale":"es_ES","og_type":"article","og_title":"La l\u00e1mpara maravillosa (Edici\u00f3n facs\u00edmil) - Alvarellos Editora","og_description":"La l\u00e1mpara maravillosa (Edici\u00f3n facs\u00edmil). C\u00f3mprao na tenda en li\u00f1a de Alvarellos Editora.","og_url":"https:\/\/alvarelloseditora.gal\/es\/libro\/la-lampara-maravillosa\/","og_site_name":"Alvarellos Editora","article_publisher":"https:\/\/www.facebook.com\/alvarelloseditora","article_modified_time":"2022-01-13T10:59:56+00:00","og_image":[{"width":565,"height":800,"url":"https:\/\/alvarelloseditora.gal\/wp-content\/uploads\/2019\/12\/CapaLamparaAlvarellos.jpg","type":"image\/jpeg"}],"twitter_card":"summary_large_image","twitter_site":"@alvarellos_ed","schema":{"@context":"https:\/\/schema.org","@graph":[{"@type":["WebPage","ItemPage"],"@id":"https:\/\/alvarelloseditora.gal\/es\/libro\/la-lampara-maravillosa\/","url":"https:\/\/alvarelloseditora.gal\/es\/libro\/la-lampara-maravillosa\/","name":"La l\u00e1mpara maravillosa (Edici\u00f3n facs\u00edmil) - Alvarellos Editora","isPartOf":{"@id":"https:\/\/alvarelloseditora.gal\/#website"},"primaryImageOfPage":{"@id":"https:\/\/alvarelloseditora.gal\/es\/libro\/la-lampara-maravillosa\/#primaryimage"},"image":{"@id":"https:\/\/alvarelloseditora.gal\/es\/libro\/la-lampara-maravillosa\/#primaryimage"},"thumbnailUrl":"https:\/\/alvarelloseditora.gal\/wp-content\/uploads\/2022\/01\/La-lampara-maravillosa-alvarellos-ed-scaled.jpg","datePublished":"2022-01-12T12:42:20+00:00","dateModified":"2022-01-13T10:59:56+00:00","description":"La l\u00e1mpara maravillosa (Edici\u00f3n facs\u00edmil). C\u00f3mprao na tenda en li\u00f1a de Alvarellos Editora.","breadcrumb":{"@id":"https:\/\/alvarelloseditora.gal\/es\/libro\/la-lampara-maravillosa\/#breadcrumb"},"inLanguage":"es","potentialAction":[{"@type":"ReadAction","target":["https:\/\/alvarelloseditora.gal\/es\/libro\/la-lampara-maravillosa\/"]}]},{"@type":"ImageObject","inLanguage":"es","@id":"https:\/\/alvarelloseditora.gal\/es\/libro\/la-lampara-maravillosa\/#primaryimage","url":"https:\/\/alvarelloseditora.gal\/wp-content\/uploads\/2022\/01\/La-lampara-maravillosa-alvarellos-ed-scaled.jpg","contentUrl":"https:\/\/alvarelloseditora.gal\/wp-content\/uploads\/2022\/01\/La-lampara-maravillosa-alvarellos-ed-scaled.jpg","width":1829,"height":2560},{"@type":"BreadcrumbList","@id":"https:\/\/alvarelloseditora.gal\/es\/libro\/la-lampara-maravillosa\/#breadcrumb","itemListElement":[{"@type":"ListItem","position":1,"name":"Portada","item":"https:\/\/alvarelloseditora.gal\/"},{"@type":"ListItem","position":2,"name":"Tienda","item":"https:\/\/alvarelloseditora.gal\/es\/tienda\/"},{"@type":"ListItem","position":3,"name":"La l\u00e1mpara maravillosa (Edici\u00f3n facs\u00edmil)"}]},{"@type":"WebSite","@id":"https:\/\/alvarelloseditora.gal\/#website","url":"https:\/\/alvarelloseditora.gal\/","name":"Alvarellos Editora","description":"Libros para un mundo en tr\u00e1nsito","publisher":{"@id":"https:\/\/alvarelloseditora.gal\/#organization"},"potentialAction":[{"@type":"SearchAction","target":{"@type":"EntryPoint","urlTemplate":"https:\/\/alvarelloseditora.gal\/?s={search_term_string}"},"query-input":{"@type":"PropertyValueSpecification","valueRequired":true,"valueName":"search_term_string"}}],"inLanguage":"es"},{"@type":"Organization","@id":"https:\/\/alvarelloseditora.gal\/#organization","name":"Alvarellos Editora","url":"https:\/\/alvarelloseditora.gal\/","logo":{"@type":"ImageObject","inLanguage":"es","@id":"https:\/\/alvarelloseditora.gal\/#\/schema\/logo\/image\/","url":"https:\/\/alvarelloseditora.gal\/wp-content\/uploads\/2020\/02\/alv-icon.png","contentUrl":"https:\/\/alvarelloseditora.gal\/wp-content\/uploads\/2020\/02\/alv-icon.png","width":177,"height":175,"caption":"Alvarellos Editora"},"image":{"@id":"https:\/\/alvarelloseditora.gal\/#\/schema\/logo\/image\/"},"sameAs":["https:\/\/www.facebook.com\/alvarelloseditora","https:\/\/x.com\/alvarellos_ed"]}]}},"_links":{"self":[{"href":"https:\/\/alvarelloseditora.gal\/es\/wp-json\/wp\/v2\/product\/2861","targetHints":{"allow":["GET"]}}],"collection":[{"href":"https:\/\/alvarelloseditora.gal\/es\/wp-json\/wp\/v2\/product"}],"about":[{"href":"https:\/\/alvarelloseditora.gal\/es\/wp-json\/wp\/v2\/types\/product"}],"replies":[{"embeddable":true,"href":"https:\/\/alvarelloseditora.gal\/es\/wp-json\/wp\/v2\/comments?post=2861"}],"wp:featuredmedia":[{"embeddable":true,"href":"https:\/\/alvarelloseditora.gal\/es\/wp-json\/wp\/v2\/media\/8708"}],"wp:attachment":[{"href":"https:\/\/alvarelloseditora.gal\/es\/wp-json\/wp\/v2\/media?parent=2861"}],"wp:term":[{"taxonomy":"product_brand","embeddable":true,"href":"https:\/\/alvarelloseditora.gal\/es\/wp-json\/wp\/v2\/product_brand?post=2861"},{"taxonomy":"product_cat","embeddable":true,"href":"https:\/\/alvarelloseditora.gal\/es\/wp-json\/wp\/v2\/product_cat?post=2861"},{"taxonomy":"product_tag","embeddable":true,"href":"https:\/\/alvarelloseditora.gal\/es\/wp-json\/wp\/v2\/product_tag?post=2861"}],"curies":[{"name":"wp","href":"https:\/\/api.w.org\/{rel}","templated":true}]}}