{"id":2860,"date":"2023-09-01T14:03:24","date_gmt":"2023-09-01T12:03:24","guid":{"rendered":"https:\/\/nueva.alvarellos.info\/product\/el-gran-viaje-de-estudiosde-garcia-lorca\/"},"modified":"2026-03-30T16:28:44","modified_gmt":"2026-03-30T14:28:44","slug":"el-gran-viaje-de-estudiosde-garcia-lorca","status":"publish","type":"product","link":"https:\/\/alvarelloseditora.gal\/es\/libro\/el-gran-viaje-de-estudiosde-garcia-lorca\/","title":{"rendered":"El gran viaje de estudios de Garc\u00eda Lorca (2\u00aa ed.)"},"content":{"rendered":"<div style=\"width: 856px;\" class=\"wp-video\"><video class=\"wp-video-shortcode\" id=\"video-2860-1\" width=\"856\" height=\"480\" preload=\"metadata\" controls=\"controls\"><source type=\"video\/mp4\" src=\"https:\/\/alvarelloseditora.gal\/wp-content\/uploads\/2023\/09\/ElGranViajedeEstudiosdeGarciaLorca_Alvarellos_.mp4?_=1\" \/><a href=\"https:\/\/alvarelloseditora.gal\/wp-content\/uploads\/2023\/09\/ElGranViajedeEstudiosdeGarciaLorca_Alvarellos_.mp4\">https:\/\/alvarelloseditora.gal\/wp-content\/uploads\/2023\/09\/ElGranViajedeEstudiosdeGarciaLorca_Alvarellos_.mp4<\/a><\/video><\/div>\n<p>&nbsp;<\/p>\n<p><a href=\"https:\/\/alvarelloseditora.gal\/tenda_catalogo.asp?id=211\">Tambi\u00e9n en el cat\u00e1logo de Alvarellos Editora: <em>Seis poemas galegos<\/em> (edici\u00f3n facsimilar)<\/a><\/p>\n<p><a href=\"https:\/\/www.alvarellos.info\/arquivos\/Faro-de-vigo-100119.pdf\">10-01-19 <strong>Faro de Vigo. <\/strong>Entrevista a Henrique Alvarellos: \u00abLorca decidiu ser escritor durante&#8230;\u00bb<\/a><br \/>\n<a href=\"https:\/\/www.lavozdegalicia.es\/noticia\/santiago\/2018\/10\/26\/dia-lorca-santiago\/0003_201810S26C11999.htm\">25-10-2018 <strong>La Voz de Galicia-Edi Santiago<\/strong> D\u00eda de Lorca en Santiago<\/a><br \/>\n<a href=\"http:\/\/www.crtvg.es\/rg\/destacados\/diario-cultural-diario-cultural-do-dia-25-10-2018-3941632\">25-10-2018 <strong>Radio Galega\u00a0<\/strong>Entrevista de Bel\u00e9n Regueira e Kiko Novoa a Henrique Alvarellos.<\/a><br \/>\n<a href=\"https:\/\/nostelevision.gal\/lorca-quixo-escribir-en-galego-e-deu-un-tesouro-para-a-nosa-cultura\/\">25-10-2018 <strong>N\u00f3s Televisi\u00f3n<\/strong> \u00abLorca quixo escribir en galego e isto \u00e9 un tesouro para a nosa cultura\u00bb<\/a><br \/>\n<a href=\"http:\/\/www.crtvg.es\/informativos\/unha-editorial-pon-en-marcha-unha-campana-para-facer-o-25-de-outubro-o-dia-de-garcia-lorca-3942360\">25-10-2018 <strong>Televisi\u00f3n de Galicia<\/strong> Alvarellos Editora pon en marcha o D\u00eda de Garc\u00eda Lorca en Galicia<\/a><br \/>\n<a href=\"http:\/\/praza.gal\/cultura\/17738\/compostela-celebra-o-dia-de-lorca-dedicado-ao-granadino-que-se-sentia-poeta-galego\/\">25-10-2018 <strong>Praza.gal<\/strong> Compostela celebra o D\u00eda de Garc\u00eda Lorca<\/a><br \/>\n<a href=\"https:\/\/www.elcorreogallego.es\/tendencias\/ecg\/lorca-102-anos-un-viaje-literatura\/idEdicion-2018-10-25\/idNoticia-1144511\/\">25-10-2018 <strong>El Correo Gallego<\/strong> Lorca y los 102 a\u00f1os de un viaje al bien de la literatura<\/a><br \/>\n<a href=\"https:\/\/www.granadahoy.com\/ocio\/anos-viaje-Federico-bien-literatura_0_1294370563.html\">25-10-2018 <strong>Granada Hoy<\/strong> 102 a\u00f1os del viaje de Federico \u00abhacia el bien de la literatura\u00bb<\/a><br \/>\n<a href=\"https:\/\/www.lavanguardia.com\/vida\/20181024\/452532093699\/lorca-102-anos-de-un-viaje-hacia-el-bien-de-la-literatura.html\">24-10-2018 <strong>La Vanguardia<\/strong> Lorca, 102 a\u00f1os de un viaje \u00abhacia el bien de la literatura\u00bb<\/a><br \/>\n<a href=\"https:\/\/www.vigoalminuto.com\/2018\/10\/24\/redondela-rende-homenaxe-a-lorca-asasinado-polas-tropas-fascistas-en-1936\/\">24-10-2018 <strong>Vigo al minuto<\/strong> Redondela rende homenaxe a Lorca<\/a><br \/>\n<a href=\"https:\/\/nostelevision.gal\/compostela-celebrara-o-dia-de-garcia-lorca-en-galicia\/\">15-10-2018 <strong>N\u00f3s Televisi\u00f3n<\/strong> Compostela celebrar\u00e1 o D\u00eda de Garc\u00eda Lorca en Galicia<\/a><br \/>\n<a href=\"http:\/\/www.laregion.es\/articulo\/ourense\/la-resaca-de-lorca-en-ourense\/20180715080138809405.html\">15-07-2018 <strong>La Regi\u00f3n<\/strong>. La resaca de Lorca en Ourense<\/a><br \/>\n<a href=\"https:\/\/alvarelloseditora.gal\/wp-content\/uploads\/arquivos\/audio\/RNERadio5.mp3\" target=\"_blank\" rel=\"noopener noreferrer\">15-06-2018\u00a0<strong>RNE-Radio 5<\/strong>. Programa \u00ab<strong>Otros acentos<\/strong>\u00ab-Mavi Aldana + Jos\u00e9 Mar\u00eda Pascual.<\/a><br \/>\n<a href=\"http:\/\/www.abc.es\/espana\/galicia\/abci-garcia-lorca-viaja-nuevo-galicia-201806061830_noticia.html\">10-06-2018 <strong>Diario<\/strong>\u00a0<strong>ABC <\/strong>Garc\u00eda Lorca viaja de nuevo a Galicia<\/a><br \/>\n<a href=\"https:\/\/www.farodevigo.es\/cultura\/2018\/06\/05\/viaje-galicia-lorca-decidio-escritor\/1905336.html\">05-06-2018 <strong>Faro de Vigo<\/strong> El viaje en el que Lorca decidi\u00f3 ser escritor<\/a><br \/>\n<a href=\"http:\/\/www.rtve.es\/alacarta\/audios\/entre-parentesis\/entre-parentesis-dia-del-libro-federico-garcia-lorca\/4578654\/\">23\/04\/2018 <strong>Radio Nacional-Radio 5<\/strong>.<strong> Lucia Vilaplana<\/strong> (programa <strong>Entre par\u00e9ntesis<\/strong>) entrevista a Henrique Alvarellos.<\/a><br \/>\n<a href=\"https:\/\/cadernodacritica.wordpress.com\/2018\/04\/09\/o-primeiro-lorca-entre-nos\/\">09\/04\/2018 <strong>Caderno da cr\u00edtica<\/strong> O primeiro Lorca entre n\u00f3s, por Ram\u00f3n Nicol\u00e1s<\/a><br \/>\n<a href=\"https:\/\/www.lavozdegalicia.es\/noticia\/lugo\/2018\/03\/14\/alvarellos-recupera-historica-viaxe-lorca-lugo\/00031521059567103292890.htm#\">15\/03\/2018\u00a0<strong>La Voz de Galicia-Edici\u00f3n\u00a0<\/strong><strong>Lugo <\/strong>Alvarellos recupera a hist\u00f3rica viaxe de Lorca a Lugo en 1916<\/a><br \/>\n<a href=\"http:\/\/www.crtvg.es\/rg\/destacados\/diario-cultural-diario-cultural-do-dia-14-03-2018-3681790\">14\/03\/2018 <strong>Radio Galega-Diario Cultural<\/strong>. A primeira viaxe a Galicia de Garc\u00eda Lorca, en Alvarellos.<\/a><br \/>\n<a href=\"https:\/\/www.lavozdegalicia.es\/noticia\/cultura\/2018\/03\/05\/galicia-impacto-lorca-1916del-salivazo-odioso-obradoiro-mar-verde-verde-esmeraldino\/0003_201803G5P31992.htm\">05\/03\/2018<strong> La Voz de Galicia<\/strong> La Galicia que impact\u00f3 a Lorca en 1916<\/a><br \/>\n<a href=\"https:\/\/www.elprogreso.es\/articulo\/cultura\/sorpresas-federico-galicia\/201803021918351298434.html\">02\/03\/2018 <strong>El Progreso <\/strong>Las sorpresas de Federico en Galicia<\/a><br \/>\n<a href=\"https:\/\/www.lavozdegalicia.es\/noticia\/santiago\/2018\/02\/25\/span-langgllorca-mariscal-montero-rios-obradoirospan\/0003_201802S25C119915.htm\">25\/02\/2018 <strong>La Voz de Galicia-Edici\u00f3n Santiago<\/strong> Lorca, Mariscal e Montero R\u00edos, no Obradoiro. Por Quique Alvarellos<\/a><br \/>\n<a href=\"https:\/\/www.lavozdegalicia.es\/noticia\/santiago\/santiago\/2018\/02\/23\/span-langgl-obradoiro-era-praza-mais-fermosa-do-mundo-lorca-os-seus-colegasspanspan-langgleditorspanspan-langgl-spanspan-langgl-libro-span\/0003_201802S23C12993.htm\">23\/02\/2018 <strong>La Voz de Galicia-Edici\u00f3n Santiago<\/strong> Alvarellos refire nun libro a primeira viaxe galega de Federico Garc\u00eda Lorca<\/a><\/p>\n","protected":false},"excerpt":{"rendered":"<p>Luis Mariscal<br \/>\nFederico Garc\u00eda Lorca<br \/>\nPor vez primera, la cr\u00f3nica \u00edntegra de la excursi\u00f3n cultural que en 1916 realiz\u00f3 el estudiante y todav\u00eda m\u00fasico Federico Garc\u00eda Lorca por Castilla, Galicia y Le\u00f3n. Incluye los primeros textos y cartas del futuro poeta, manuscritos y fotograf\u00edas.<\/p>\n<p>336 pp | 13 x 23 cms.<br \/>\nISBN 978-84-16460-35-9<br \/>\nImpreso en papel FSC Amigo de los Bosques<\/p>\n<p>En el oto\u00f1o de 1916 Garc\u00eda Lorca tomar\u00eda a sus 18 a\u00f1os una decisi\u00f3n radical: abandonar un futuro prometedor en la m\u00fasica y proponerse ser escritor. Sucedi\u00f3 durante un largo viaje de estudios \u2013con \u00a0su profesor Dom\u00ednguez Berrueta y cuatro alumnos m\u00e1s\u2013 por Castilla, Galicia y Le\u00f3n.<\/p>\n<p>Esta es la cr\u00f3nica \u00edntegra, por vez primera, de aquella excursi\u00f3n. Una edici\u00f3n ilustrada y anotada, publicada por Alvarellos Editora, que re\u00fane los textos del compa\u00f1ero de Lorca, Luis Mariscal, y el propio cuaderno de viaje del futuro poeta.<\/p>\n<p>Un libro de viajes muy especial; tambi\u00e9n es un libro de historia y de arte y, sobre todo, un libro lorquiano, del primer Lorca.<\/p>\n<p>CENTENARIO DE IMPRESIONES Y PAISAJES (1918)<\/p>\n<p>Alvarellos Editora publica esta obra\u00a0coincidiendo con el centenario de la edici\u00f3n del primer libro de Federico Garc\u00eda Lorca (Impresiones y paisajes, Granada, abril de 1918) y los 120 a\u00f1os del nacimiento del poeta.\u00a0Una edici\u00f3n anotada e ilustrada con 35 fotograf\u00edas y documentos de \u00e9poca, al cuidado del editor y escritor Henrique Alvarellos.<\/p>\n<p>El volumen incluye, por una parte, el relato del viaje narrado, durante la propia excursi\u00f3n cultural, por el compa\u00f1ero de Lorca, Luis Mariscal, que anota, en cada parada, datos precisos y reflexiones sobre el paisaje y las gentes. Un documento excepcional, nunca publicado en libro \u00edntegro hasta hoy.<\/p>\n<p>&nbsp;<\/p>\n[video width=\"856\" height=\"480\" mp4=\"https:\/\/alvarelloseditora.gal\/wp-content\/uploads\/2023\/09\/ElGranViajedeEstudiosdeGarciaLorca_Alvarellos_.mp4\"][\/video]\n<p>LA VISI\u00d3N DIRECTA E \u00cdNTIMA DE FEDERICO<\/p>\n<p>Por otro lado, contamos con la visi\u00f3n directa e \u00edntima de Garc\u00eda Lorca. Hemos reunido sus cartas, plenas de entusiasmo; sus primeras prosas, que destilan emoci\u00f3n y hondura cr\u00edtica, adem\u00e1s de importantes fragmentos de aquel primer libro, Impresiones y paisajes y otros textos suyos referentes al viaje.<\/p>\n<p>El periodista granadino e investigador Juan Luis Tapia traza un interesante perfil biogr\u00e1fico de Luis Marisal, mientras que la doctora en historia del Arte, Carla Fern\u00e1ndez, se ocupa de las notas hist\u00f3rico-art\u00edsticas de la narraci\u00f3n del compa\u00f1ero de Lorca.<\/p>\n<p>ITINERARIO DEL VIAJE<\/p>\n<p>Madrid \u2014 El Escorial \u2014 \u00c1vila \u2014 Medina del Campo \u2014 Salamanca \u2014 Zamora\u2014 Astorga \u2014 Ourense \u2014 Redondela \u2014 Santiago de Compostela \u2014 \u00a0A Coru\u00f1a\u2014Lugo \u2014 Le\u00f3n\u2014 Sahag\u00fan \u2014 Venta de Ba\u00f1os \u2014 Burgos \u2014 Segovia.<\/p>\n<p>[Este libro ha recibido una ayuda a la edici\u00f3n del\u00a0Ministerio de Cultura y\u00a0Deporte]<\/p>\n","protected":false},"featured_media":8512,"comment_status":"closed","ping_status":"closed","template":"","meta":[],"product_brand":[],"product_cat":[105],"product_tag":[1957],"class_list":{"0":"post-2860","1":"product","2":"type-product","3":"status-publish","4":"has-post-thumbnail","6":"product_author-federico-garcia-lorca-es","7":"product_author-luis-mariscal-parado-es","8":"product_author-varios-autores-es","9":"product_cat-oeste-es","10":"product_tag-federico-garcia-lorca-es","12":"first","13":"instock","14":"purchasable","15":"product-type-simple"},"yoast_head":"<!-- This site is optimized with the Yoast SEO plugin v27.4 - https:\/\/yoast.com\/product\/yoast-seo-wordpress\/ -->\n<title>El gran viaje de estudios de Garc\u00eda Lorca (2\u00aa ed.) - Alvarellos Editora<\/title>\n<meta name=\"description\" content=\"El gran viaje de estudios de Garc\u00eda Lorca (2\u00aa ed.). C\u00f3mprao na tenda en li\u00f1a de Alvarellos Editora.\" \/>\n<meta name=\"robots\" content=\"index, follow, max-snippet:-1, max-image-preview:large, max-video-preview:-1\" \/>\n<link rel=\"canonical\" href=\"https:\/\/alvarelloseditora.gal\/es\/libro\/el-gran-viaje-de-estudiosde-garcia-lorca\/\" \/>\n<meta property=\"og:locale\" content=\"es_ES\" \/>\n<meta property=\"og:type\" content=\"article\" \/>\n<meta property=\"og:title\" content=\"El gran viaje de estudios de Garc\u00eda Lorca (2\u00aa ed.) - Alvarellos Editora\" \/>\n<meta property=\"og:description\" content=\"El gran viaje de estudios de Garc\u00eda Lorca (2\u00aa ed.). C\u00f3mprao na tenda en li\u00f1a de Alvarellos Editora.\" \/>\n<meta property=\"og:url\" content=\"https:\/\/alvarelloseditora.gal\/es\/libro\/el-gran-viaje-de-estudiosde-garcia-lorca\/\" \/>\n<meta property=\"og:site_name\" content=\"Alvarellos Editora\" \/>\n<meta property=\"article:publisher\" content=\"https:\/\/www.facebook.com\/alvarelloseditora\" \/>\n<meta property=\"article:modified_time\" content=\"2026-03-30T14:28:44+00:00\" \/>\n<meta property=\"og:image\" content=\"https:\/\/alvarelloseditora.gal\/wp-content\/uploads\/2019\/12\/El-gran-viaje-de-federico-garcia-lorca-SEGUNDA-EDICION-agosto-2023-scaled.jpg\" \/>\n\t<meta property=\"og:image:width\" content=\"1387\" \/>\n\t<meta property=\"og:image:height\" content=\"2560\" \/>\n\t<meta property=\"og:image:type\" content=\"image\/jpeg\" \/>\n<meta name=\"twitter:card\" content=\"summary_large_image\" \/>\n<meta name=\"twitter:site\" content=\"@alvarellos_ed\" \/>\n<meta name=\"twitter:label1\" content=\"Tiempo de lectura\" \/>\n\t<meta name=\"twitter:data1\" content=\"2 minutos\" \/>\n<!-- \/ Yoast SEO plugin. -->","yoast_head_json":{"title":"El gran viaje de estudios de Garc\u00eda Lorca (2\u00aa ed.) - Alvarellos Editora","description":"El gran viaje de estudios de Garc\u00eda Lorca (2\u00aa ed.). C\u00f3mprao na tenda en li\u00f1a de Alvarellos Editora.","robots":{"index":"index","follow":"follow","max-snippet":"max-snippet:-1","max-image-preview":"max-image-preview:large","max-video-preview":"max-video-preview:-1"},"canonical":"https:\/\/alvarelloseditora.gal\/es\/libro\/el-gran-viaje-de-estudiosde-garcia-lorca\/","og_locale":"es_ES","og_type":"article","og_title":"El gran viaje de estudios de Garc\u00eda Lorca (2\u00aa ed.) - Alvarellos Editora","og_description":"El gran viaje de estudios de Garc\u00eda Lorca (2\u00aa ed.). C\u00f3mprao na tenda en li\u00f1a de Alvarellos Editora.","og_url":"https:\/\/alvarelloseditora.gal\/es\/libro\/el-gran-viaje-de-estudiosde-garcia-lorca\/","og_site_name":"Alvarellos Editora","article_publisher":"https:\/\/www.facebook.com\/alvarelloseditora","article_modified_time":"2026-03-30T14:28:44+00:00","og_image":[{"width":1387,"height":2560,"url":"https:\/\/alvarelloseditora.gal\/wp-content\/uploads\/2019\/12\/El-gran-viaje-de-federico-garcia-lorca-SEGUNDA-EDICION-agosto-2023-scaled.jpg","type":"image\/jpeg"}],"twitter_card":"summary_large_image","twitter_site":"@alvarellos_ed","twitter_misc":{"Tiempo de lectura":"2 minutos"},"schema":{"@context":"https:\/\/schema.org","@graph":[{"@type":["WebPage","ItemPage"],"@id":"https:\/\/alvarelloseditora.gal\/es\/libro\/el-gran-viaje-de-estudiosde-garcia-lorca\/","url":"https:\/\/alvarelloseditora.gal\/es\/libro\/el-gran-viaje-de-estudiosde-garcia-lorca\/","name":"El gran viaje de estudios de Garc\u00eda Lorca (2\u00aa ed.) - Alvarellos Editora","isPartOf":{"@id":"https:\/\/alvarelloseditora.gal\/#website"},"primaryImageOfPage":{"@id":"https:\/\/alvarelloseditora.gal\/es\/libro\/el-gran-viaje-de-estudiosde-garcia-lorca\/#primaryimage"},"image":{"@id":"https:\/\/alvarelloseditora.gal\/es\/libro\/el-gran-viaje-de-estudiosde-garcia-lorca\/#primaryimage"},"thumbnailUrl":"https:\/\/alvarelloseditora.gal\/wp-content\/uploads\/2019\/12\/El-gran-viaje-de-federico-garcia-lorca-SEGUNDA-EDICION-agosto-2023-scaled.jpg","datePublished":"2023-09-01T12:03:24+00:00","dateModified":"2026-03-30T14:28:44+00:00","description":"El gran viaje de estudios de Garc\u00eda Lorca (2\u00aa ed.). C\u00f3mprao na tenda en li\u00f1a de Alvarellos Editora.","breadcrumb":{"@id":"https:\/\/alvarelloseditora.gal\/es\/libro\/el-gran-viaje-de-estudiosde-garcia-lorca\/#breadcrumb"},"inLanguage":"es","potentialAction":[{"@type":"ReadAction","target":["https:\/\/alvarelloseditora.gal\/es\/libro\/el-gran-viaje-de-estudiosde-garcia-lorca\/"]}]},{"@type":"ImageObject","inLanguage":"es","@id":"https:\/\/alvarelloseditora.gal\/es\/libro\/el-gran-viaje-de-estudiosde-garcia-lorca\/#primaryimage","url":"https:\/\/alvarelloseditora.gal\/wp-content\/uploads\/2019\/12\/El-gran-viaje-de-federico-garcia-lorca-SEGUNDA-EDICION-agosto-2023-scaled.jpg","contentUrl":"https:\/\/alvarelloseditora.gal\/wp-content\/uploads\/2019\/12\/El-gran-viaje-de-federico-garcia-lorca-SEGUNDA-EDICION-agosto-2023-scaled.jpg","width":1387,"height":2560},{"@type":"BreadcrumbList","@id":"https:\/\/alvarelloseditora.gal\/es\/libro\/el-gran-viaje-de-estudiosde-garcia-lorca\/#breadcrumb","itemListElement":[{"@type":"ListItem","position":1,"name":"Portada","item":"https:\/\/alvarelloseditora.gal\/"},{"@type":"ListItem","position":2,"name":"Tienda","item":"https:\/\/alvarelloseditora.gal\/es\/tienda\/"},{"@type":"ListItem","position":3,"name":"El gran viaje de estudios de Garc\u00eda Lorca (2\u00aa ed.)"}]},{"@type":"WebSite","@id":"https:\/\/alvarelloseditora.gal\/#website","url":"https:\/\/alvarelloseditora.gal\/","name":"Alvarellos Editora","description":"Libros para un mundo en tr\u00e1nsito","publisher":{"@id":"https:\/\/alvarelloseditora.gal\/#organization"},"potentialAction":[{"@type":"SearchAction","target":{"@type":"EntryPoint","urlTemplate":"https:\/\/alvarelloseditora.gal\/?s={search_term_string}"},"query-input":{"@type":"PropertyValueSpecification","valueRequired":true,"valueName":"search_term_string"}}],"inLanguage":"es"},{"@type":"Organization","@id":"https:\/\/alvarelloseditora.gal\/#organization","name":"Alvarellos Editora","url":"https:\/\/alvarelloseditora.gal\/","logo":{"@type":"ImageObject","inLanguage":"es","@id":"https:\/\/alvarelloseditora.gal\/#\/schema\/logo\/image\/","url":"https:\/\/alvarelloseditora.gal\/wp-content\/uploads\/2020\/02\/alv-icon.png","contentUrl":"https:\/\/alvarelloseditora.gal\/wp-content\/uploads\/2020\/02\/alv-icon.png","width":177,"height":175,"caption":"Alvarellos Editora"},"image":{"@id":"https:\/\/alvarelloseditora.gal\/#\/schema\/logo\/image\/"},"sameAs":["https:\/\/www.facebook.com\/alvarelloseditora","https:\/\/x.com\/alvarellos_ed"]}]}},"_links":{"self":[{"href":"https:\/\/alvarelloseditora.gal\/es\/wp-json\/wp\/v2\/product\/2860","targetHints":{"allow":["GET"]}}],"collection":[{"href":"https:\/\/alvarelloseditora.gal\/es\/wp-json\/wp\/v2\/product"}],"about":[{"href":"https:\/\/alvarelloseditora.gal\/es\/wp-json\/wp\/v2\/types\/product"}],"replies":[{"embeddable":true,"href":"https:\/\/alvarelloseditora.gal\/es\/wp-json\/wp\/v2\/comments?post=2860"}],"wp:featuredmedia":[{"embeddable":true,"href":"https:\/\/alvarelloseditora.gal\/es\/wp-json\/wp\/v2\/media\/8512"}],"wp:attachment":[{"href":"https:\/\/alvarelloseditora.gal\/es\/wp-json\/wp\/v2\/media?parent=2860"}],"wp:term":[{"taxonomy":"product_brand","embeddable":true,"href":"https:\/\/alvarelloseditora.gal\/es\/wp-json\/wp\/v2\/product_brand?post=2860"},{"taxonomy":"product_cat","embeddable":true,"href":"https:\/\/alvarelloseditora.gal\/es\/wp-json\/wp\/v2\/product_cat?post=2860"},{"taxonomy":"product_tag","embeddable":true,"href":"https:\/\/alvarelloseditora.gal\/es\/wp-json\/wp\/v2\/product_tag?post=2860"}],"curies":[{"name":"wp","href":"https:\/\/api.w.org\/{rel}","templated":true}]}}