{"id":2858,"date":"2019-12-27T13:42:20","date_gmt":"2019-12-27T14:03:24","guid":{"rendered":"https:\/\/nueva.alvarellos.info\/product\/migraciones-y-sanidad\/"},"modified":"2021-06-23T13:27:37","modified_gmt":"2021-06-23T11:27:37","slug":"migraciones-y-sanidad","status":"publish","type":"product","link":"https:\/\/alvarelloseditora.gal\/es\/libro\/migraciones-y-sanidad\/","title":{"rendered":"MIGRACIONES Y SANIDAD"},"content":{"rendered":"","protected":false},"excerpt":{"rendered":"<p>ANTIGUOS Y NUEVOS DESAF\u00cdOS<\/p>\n<p>&nbsp;<\/p>\n<p>292 pp | 23,5 x 15 cms<br \/>\nISBN 978-84-16460-25-0<\/p>\n<p>&nbsp;<\/p>\n<p>OBRA COLECTIVA DONDE PARTICIPAN:<\/p>\n<p>Julio Hern\u00e1ndez Borge<br \/>\nDomingo L. Gonz\u00e1lez Lopo<br \/>\nJuan Jes\u00fas Gestal Otero<br \/>\nManuel Barreiro de Acosta<br \/>\nElena Rego Romero<br \/>\nCristina M\u00e1rquez Riveras<br \/>\nJos\u00e9 Antonio Taboada Rodr\u00edguez<br \/>\nLuisa Fernanda Peleteiro Pensado<br \/>\nAlexandre Garc\u00eda Caballero<br \/>\nAna Torres Prieto<br \/>\nMaria Ant\u00f3nia Lopes<br \/>\nAlexandra Esteves<br \/>\nBaudilio Barreiro Mall\u00f3n<\/p>\n<p>&nbsp;<\/p>\n<p>La salud migratoria, como ha se\u00f1alado la Organizaci\u00f3n Internacional para las Migraciones, es un campo especializado de las ciencias sanitarias que trata tanto los problemas de salud individuales de los migrantes, como los asuntos de salud p\u00fablica relacionados con el desplazamiento espacial de las personas.<br \/>\nLa transmisi\u00f3n de enfermedades a lo largo de la historia de la humanidad ha estado muy relacionada con las migraciones humanas, que causaron en determinadas \u00e9pocas verdaderas hecatombes. Pero las migraciones tambi\u00e9n han contribuido a la propagaci\u00f3n de remedios para combatir muchos males.<br \/>\nEn un mundo globalizado como el actual, con medios de transporte que permiten unir los puntos m\u00e1s extremos de la superficie terrestre en unas horas, y con una movilidad de poblaci\u00f3n muy intensa, las posibilidades de transmisi\u00f3n de una enfermedad son mucho mayores que en el pasado. Por otro lado, tambi\u00e9n son m\u00e1s eficaces y r\u00e1pidos los medios disponibles. La difusi\u00f3n de vacunas, antibi\u00f3ticos y otro tipo de medicamentos est\u00e1 detr\u00e1s de la fuerte ca\u00edda de la mortalidad en el mundo desde mediados del siglo XX.<br \/>\nEn la presente obra se recogen una serie de investigaciones realizadas por m\u00e9dicos e historiadores que muestran diversos temas sobre la\u00a0relaci\u00f3n\u00a0de las migraciones humanas con el \u00e1mbito sanitario.ANTIGUOS Y NUEVOS DESAF\u00cdOS<\/p>\n","protected":false},"featured_media":4217,"comment_status":"closed","ping_status":"closed","template":"","meta":[],"product_brand":[],"product_cat":[105],"product_tag":[],"class_list":{"0":"post-2858","1":"product","2":"type-product","3":"status-publish","4":"has-post-thumbnail","6":"product_cat-oeste-es","8":"first","9":"instock","10":"taxable","11":"shipping-taxable","12":"purchasable","13":"product-type-simple"},"yoast_head":"<!-- This site is optimized with the Yoast SEO plugin v27.3 - https:\/\/yoast.com\/product\/yoast-seo-wordpress\/ -->\n<title>MIGRACIONES Y SANIDAD - Alvarellos Editora<\/title>\n<meta name=\"description\" content=\"MIGRACIONES Y SANIDAD. C\u00f3mprao na tenda en li\u00f1a de Alvarellos Editora.\" \/>\n<meta name=\"robots\" content=\"index, follow, max-snippet:-1, max-image-preview:large, max-video-preview:-1\" \/>\n<link rel=\"canonical\" href=\"https:\/\/alvarelloseditora.gal\/es\/libro\/migraciones-y-sanidad\/\" \/>\n<meta property=\"og:locale\" content=\"es_ES\" \/>\n<meta property=\"og:type\" content=\"article\" \/>\n<meta property=\"og:title\" content=\"MIGRACIONES Y SANIDAD - Alvarellos Editora\" \/>\n<meta property=\"og:description\" content=\"MIGRACIONES Y SANIDAD. C\u00f3mprao na tenda en li\u00f1a de Alvarellos Editora.\" \/>\n<meta property=\"og:url\" content=\"https:\/\/alvarelloseditora.gal\/es\/libro\/migraciones-y-sanidad\/\" \/>\n<meta property=\"og:site_name\" content=\"Alvarellos Editora\" \/>\n<meta property=\"article:publisher\" content=\"https:\/\/www.facebook.com\/alvarelloseditora\" \/>\n<meta property=\"article:modified_time\" content=\"2021-06-23T11:27:37+00:00\" \/>\n<meta property=\"og:image\" content=\"https:\/\/alvarelloseditora.gal\/wp-content\/uploads\/2019\/12\/Migraciones_Y_Sanidad_Alvarellos_Libro_2017.jpg\" \/>\n\t<meta property=\"og:image:width\" content=\"542\" \/>\n\t<meta property=\"og:image:height\" content=\"800\" \/>\n\t<meta property=\"og:image:type\" content=\"image\/jpeg\" \/>\n<meta name=\"twitter:card\" content=\"summary_large_image\" \/>\n<meta name=\"twitter:site\" content=\"@alvarellos_ed\" \/>\n<!-- \/ Yoast SEO plugin. -->","yoast_head_json":{"title":"MIGRACIONES Y SANIDAD - Alvarellos Editora","description":"MIGRACIONES Y SANIDAD. C\u00f3mprao na tenda en li\u00f1a de Alvarellos Editora.","robots":{"index":"index","follow":"follow","max-snippet":"max-snippet:-1","max-image-preview":"max-image-preview:large","max-video-preview":"max-video-preview:-1"},"canonical":"https:\/\/alvarelloseditora.gal\/es\/libro\/migraciones-y-sanidad\/","og_locale":"es_ES","og_type":"article","og_title":"MIGRACIONES Y SANIDAD - Alvarellos Editora","og_description":"MIGRACIONES Y SANIDAD. C\u00f3mprao na tenda en li\u00f1a de Alvarellos Editora.","og_url":"https:\/\/alvarelloseditora.gal\/es\/libro\/migraciones-y-sanidad\/","og_site_name":"Alvarellos Editora","article_publisher":"https:\/\/www.facebook.com\/alvarelloseditora","article_modified_time":"2021-06-23T11:27:37+00:00","og_image":[{"width":542,"height":800,"url":"https:\/\/alvarelloseditora.gal\/wp-content\/uploads\/2019\/12\/Migraciones_Y_Sanidad_Alvarellos_Libro_2017.jpg","type":"image\/jpeg"}],"twitter_card":"summary_large_image","twitter_site":"@alvarellos_ed","schema":{"@context":"https:\/\/schema.org","@graph":[{"@type":["WebPage","ItemPage"],"@id":"https:\/\/alvarelloseditora.gal\/es\/libro\/migraciones-y-sanidad\/","url":"https:\/\/alvarelloseditora.gal\/es\/libro\/migraciones-y-sanidad\/","name":"MIGRACIONES Y SANIDAD - Alvarellos Editora","isPartOf":{"@id":"https:\/\/alvarelloseditora.gal\/#website"},"primaryImageOfPage":{"@id":"https:\/\/alvarelloseditora.gal\/es\/libro\/migraciones-y-sanidad\/#primaryimage"},"image":{"@id":"https:\/\/alvarelloseditora.gal\/es\/libro\/migraciones-y-sanidad\/#primaryimage"},"thumbnailUrl":"https:\/\/alvarelloseditora.gal\/wp-content\/uploads\/2019\/12\/Migraciones_Y_Sanidad_Alvarellos_Libro_2017.jpg","datePublished":"2019-12-27T14:03:24+00:00","dateModified":"2021-06-23T11:27:37+00:00","description":"MIGRACIONES Y SANIDAD. C\u00f3mprao na tenda en li\u00f1a de Alvarellos Editora.","breadcrumb":{"@id":"https:\/\/alvarelloseditora.gal\/es\/libro\/migraciones-y-sanidad\/#breadcrumb"},"inLanguage":"es","potentialAction":[{"@type":"ReadAction","target":["https:\/\/alvarelloseditora.gal\/es\/libro\/migraciones-y-sanidad\/"]}]},{"@type":"ImageObject","inLanguage":"es","@id":"https:\/\/alvarelloseditora.gal\/es\/libro\/migraciones-y-sanidad\/#primaryimage","url":"https:\/\/alvarelloseditora.gal\/wp-content\/uploads\/2019\/12\/Migraciones_Y_Sanidad_Alvarellos_Libro_2017.jpg","contentUrl":"https:\/\/alvarelloseditora.gal\/wp-content\/uploads\/2019\/12\/Migraciones_Y_Sanidad_Alvarellos_Libro_2017.jpg","width":542,"height":800},{"@type":"BreadcrumbList","@id":"https:\/\/alvarelloseditora.gal\/es\/libro\/migraciones-y-sanidad\/#breadcrumb","itemListElement":[{"@type":"ListItem","position":1,"name":"Portada","item":"https:\/\/alvarelloseditora.gal\/"},{"@type":"ListItem","position":2,"name":"Tienda","item":"https:\/\/alvarelloseditora.gal\/es\/tienda\/"},{"@type":"ListItem","position":3,"name":"MIGRACIONES Y SANIDAD"}]},{"@type":"WebSite","@id":"https:\/\/alvarelloseditora.gal\/#website","url":"https:\/\/alvarelloseditora.gal\/","name":"Alvarellos Editora","description":"Libros para un mundo en tr\u00e1nsito","publisher":{"@id":"https:\/\/alvarelloseditora.gal\/#organization"},"potentialAction":[{"@type":"SearchAction","target":{"@type":"EntryPoint","urlTemplate":"https:\/\/alvarelloseditora.gal\/?s={search_term_string}"},"query-input":{"@type":"PropertyValueSpecification","valueRequired":true,"valueName":"search_term_string"}}],"inLanguage":"es"},{"@type":"Organization","@id":"https:\/\/alvarelloseditora.gal\/#organization","name":"Alvarellos Editora","url":"https:\/\/alvarelloseditora.gal\/","logo":{"@type":"ImageObject","inLanguage":"es","@id":"https:\/\/alvarelloseditora.gal\/#\/schema\/logo\/image\/","url":"https:\/\/alvarelloseditora.gal\/wp-content\/uploads\/2020\/02\/alv-icon.png","contentUrl":"https:\/\/alvarelloseditora.gal\/wp-content\/uploads\/2020\/02\/alv-icon.png","width":177,"height":175,"caption":"Alvarellos Editora"},"image":{"@id":"https:\/\/alvarelloseditora.gal\/#\/schema\/logo\/image\/"},"sameAs":["https:\/\/www.facebook.com\/alvarelloseditora","https:\/\/x.com\/alvarellos_ed"]}]}},"_links":{"self":[{"href":"https:\/\/alvarelloseditora.gal\/es\/wp-json\/wp\/v2\/product\/2858","targetHints":{"allow":["GET"]}}],"collection":[{"href":"https:\/\/alvarelloseditora.gal\/es\/wp-json\/wp\/v2\/product"}],"about":[{"href":"https:\/\/alvarelloseditora.gal\/es\/wp-json\/wp\/v2\/types\/product"}],"replies":[{"embeddable":true,"href":"https:\/\/alvarelloseditora.gal\/es\/wp-json\/wp\/v2\/comments?post=2858"}],"wp:featuredmedia":[{"embeddable":true,"href":"https:\/\/alvarelloseditora.gal\/es\/wp-json\/wp\/v2\/media\/4217"}],"wp:attachment":[{"href":"https:\/\/alvarelloseditora.gal\/es\/wp-json\/wp\/v2\/media?parent=2858"}],"wp:term":[{"taxonomy":"product_brand","embeddable":true,"href":"https:\/\/alvarelloseditora.gal\/es\/wp-json\/wp\/v2\/product_brand?post=2858"},{"taxonomy":"product_cat","embeddable":true,"href":"https:\/\/alvarelloseditora.gal\/es\/wp-json\/wp\/v2\/product_cat?post=2858"},{"taxonomy":"product_tag","embeddable":true,"href":"https:\/\/alvarelloseditora.gal\/es\/wp-json\/wp\/v2\/product_tag?post=2858"}],"curies":[{"name":"wp","href":"https:\/\/api.w.org\/{rel}","templated":true}]}}