{"id":2857,"date":"2019-12-27T13:42:20","date_gmt":"2019-12-27T14:03:24","guid":{"rendered":"https:\/\/nueva.alvarellos.info\/product\/galicia-ante-todo\/"},"modified":"2021-06-22T14:08:57","modified_gmt":"2021-06-22T12:08:57","slug":"galicia-ante-todo","status":"publish","type":"product","link":"https:\/\/alvarelloseditora.gal\/es\/libro\/galicia-ante-todo\/","title":{"rendered":"GALICIA ANTE TODO"},"content":{"rendered":"<p><a href=\"http:\/\/alvarellos.info\/tenda_catalogo.asp?id=74&amp;sec=&amp;no=&amp;titulo=MARQUESA_DE_CAMBA,_LA&amp;autor=Antonio_Neira_de_Mosquera\">Tam\u00e9n do mesmo autor, a novela LA MARQUESA DE CAMBA<\/a><\/p>\n","protected":false},"excerpt":{"rendered":"<p>P\u00c1XINAS ESQUECIDAS DO REXURDIMENTO (1840-1853)<\/p>\n<p>&nbsp;<\/p>\n<p>269 pp. | 21&#215;13 cms | Cosido + Tapa dura<br \/>\nISBN 978-84-16460-21-2<\/p>\n<p>&nbsp;<\/p>\n<p>El escritor y periodista Antonio Neira de Mosquera (Santiago, 1823 \u2013 A Coru\u00f1a, 1854) es uno de los grandes \u2500y tambi\u00e9n olvidados\u2500 protagonistas de la primera generaci\u00f3n de &#8216;galeguistas&#8217;, la que surgi\u00f3 en la d\u00e9cada de los a\u00f1os cuarenta del siglo XIX: los llamados Provincialistas. El presente volumen, titulado precisamente con una de las proclamas del autor \u2014\u201cGalicia ante todo\u201d \u2014, rescata veinte escritos de Neira de Mosquera, tanto period\u00edsticos como literarios. Una reveladora selecci\u00f3n donde se trazan las l\u00edneas b\u00e1sicas sobre las que se asentar\u00eda aquel movimiento, la primera generaci\u00f3n que luch\u00f3 por la defensa y el Rexurdimento de Galicia.<br \/>\nEl fil\u00f3logo Xurxo Mart\u00ednez Gonz\u00e1lez, experto en el XIX, es el responsable de esta edici\u00f3n: se ocup\u00f3 de la selecci\u00f3n de los textos y redacta un amplio y revelador estudio introductorio que sit\u00faa, en su \u00e9poca, la figura clave de Neira de Mosquera. El pr\u00f3logo lo firma toda una autoridad en la materia, el historiador Xos\u00e9 Ram\u00f3n Barreiro Fern\u00e1ndez.<br \/>\n\u201cAhora o nunca\u201d, exclama nuestro protagonista en uno de los art\u00edculos aqu\u00ed recogidos, porque la defensa del pa\u00eds no pod\u00eda esperar m\u00e1s. Era el mes de abril de 1851.<\/p>\n","protected":false},"featured_media":4215,"comment_status":"closed","ping_status":"closed","template":"","meta":[],"product_brand":[],"product_cat":[111],"product_tag":[],"class_list":{"0":"post-2857","1":"product","2":"type-product","3":"status-publish","4":"has-post-thumbnail","6":"product_author-antonio-neira-de-mosquera-es","7":"product_cat-coleccion-rescate-es","9":"first","10":"instock","11":"taxable","12":"shipping-taxable","13":"purchasable","14":"product-type-simple"},"yoast_head":"<!-- This site is optimized with the Yoast SEO plugin v27.3 - https:\/\/yoast.com\/product\/yoast-seo-wordpress\/ -->\n<title>GALICIA ANTE TODO - Alvarellos Editora<\/title>\n<meta name=\"description\" content=\"GALICIA ANTE TODO. C\u00f3mprao na tenda en li\u00f1a de Alvarellos Editora.\" \/>\n<meta name=\"robots\" content=\"index, follow, max-snippet:-1, max-image-preview:large, max-video-preview:-1\" \/>\n<link rel=\"canonical\" href=\"https:\/\/alvarelloseditora.gal\/es\/libro\/galicia-ante-todo\/\" \/>\n<meta property=\"og:locale\" content=\"es_ES\" \/>\n<meta property=\"og:type\" content=\"article\" \/>\n<meta property=\"og:title\" content=\"GALICIA ANTE TODO - Alvarellos Editora\" \/>\n<meta property=\"og:description\" content=\"GALICIA ANTE TODO. C\u00f3mprao na tenda en li\u00f1a de Alvarellos Editora.\" \/>\n<meta property=\"og:url\" content=\"https:\/\/alvarelloseditora.gal\/es\/libro\/galicia-ante-todo\/\" \/>\n<meta property=\"og:site_name\" content=\"Alvarellos Editora\" \/>\n<meta property=\"article:publisher\" content=\"https:\/\/www.facebook.com\/alvarelloseditora\" \/>\n<meta property=\"article:modified_time\" content=\"2021-06-22T12:08:57+00:00\" \/>\n<meta property=\"og:image\" content=\"https:\/\/alvarelloseditora.gal\/wp-content\/uploads\/2019\/12\/Galicia_ante_todo_alvarellos_libro.jpg\" \/>\n\t<meta property=\"og:image:width\" content=\"683\" \/>\n\t<meta property=\"og:image:height\" content=\"1024\" \/>\n\t<meta property=\"og:image:type\" content=\"image\/jpeg\" \/>\n<meta name=\"twitter:card\" content=\"summary_large_image\" \/>\n<meta name=\"twitter:site\" content=\"@alvarellos_ed\" \/>\n<!-- \/ Yoast SEO plugin. -->","yoast_head_json":{"title":"GALICIA ANTE TODO - Alvarellos Editora","description":"GALICIA ANTE TODO. C\u00f3mprao na tenda en li\u00f1a de Alvarellos Editora.","robots":{"index":"index","follow":"follow","max-snippet":"max-snippet:-1","max-image-preview":"max-image-preview:large","max-video-preview":"max-video-preview:-1"},"canonical":"https:\/\/alvarelloseditora.gal\/es\/libro\/galicia-ante-todo\/","og_locale":"es_ES","og_type":"article","og_title":"GALICIA ANTE TODO - Alvarellos Editora","og_description":"GALICIA ANTE TODO. C\u00f3mprao na tenda en li\u00f1a de Alvarellos Editora.","og_url":"https:\/\/alvarelloseditora.gal\/es\/libro\/galicia-ante-todo\/","og_site_name":"Alvarellos Editora","article_publisher":"https:\/\/www.facebook.com\/alvarelloseditora","article_modified_time":"2021-06-22T12:08:57+00:00","og_image":[{"width":683,"height":1024,"url":"https:\/\/alvarelloseditora.gal\/wp-content\/uploads\/2019\/12\/Galicia_ante_todo_alvarellos_libro.jpg","type":"image\/jpeg"}],"twitter_card":"summary_large_image","twitter_site":"@alvarellos_ed","schema":{"@context":"https:\/\/schema.org","@graph":[{"@type":["WebPage","ItemPage"],"@id":"https:\/\/alvarelloseditora.gal\/es\/libro\/galicia-ante-todo\/","url":"https:\/\/alvarelloseditora.gal\/es\/libro\/galicia-ante-todo\/","name":"GALICIA ANTE TODO - Alvarellos Editora","isPartOf":{"@id":"https:\/\/alvarelloseditora.gal\/#website"},"primaryImageOfPage":{"@id":"https:\/\/alvarelloseditora.gal\/es\/libro\/galicia-ante-todo\/#primaryimage"},"image":{"@id":"https:\/\/alvarelloseditora.gal\/es\/libro\/galicia-ante-todo\/#primaryimage"},"thumbnailUrl":"https:\/\/alvarelloseditora.gal\/wp-content\/uploads\/2019\/12\/Galicia_ante_todo_alvarellos_libro.jpg","datePublished":"2019-12-27T14:03:24+00:00","dateModified":"2021-06-22T12:08:57+00:00","description":"GALICIA ANTE TODO. C\u00f3mprao na tenda en li\u00f1a de Alvarellos Editora.","breadcrumb":{"@id":"https:\/\/alvarelloseditora.gal\/es\/libro\/galicia-ante-todo\/#breadcrumb"},"inLanguage":"es","potentialAction":[{"@type":"ReadAction","target":["https:\/\/alvarelloseditora.gal\/es\/libro\/galicia-ante-todo\/"]}]},{"@type":"ImageObject","inLanguage":"es","@id":"https:\/\/alvarelloseditora.gal\/es\/libro\/galicia-ante-todo\/#primaryimage","url":"https:\/\/alvarelloseditora.gal\/wp-content\/uploads\/2019\/12\/Galicia_ante_todo_alvarellos_libro.jpg","contentUrl":"https:\/\/alvarelloseditora.gal\/wp-content\/uploads\/2019\/12\/Galicia_ante_todo_alvarellos_libro.jpg","width":683,"height":1024},{"@type":"BreadcrumbList","@id":"https:\/\/alvarelloseditora.gal\/es\/libro\/galicia-ante-todo\/#breadcrumb","itemListElement":[{"@type":"ListItem","position":1,"name":"Portada","item":"https:\/\/alvarelloseditora.gal\/"},{"@type":"ListItem","position":2,"name":"Tienda","item":"https:\/\/alvarelloseditora.gal\/es\/tienda\/"},{"@type":"ListItem","position":3,"name":"GALICIA ANTE TODO"}]},{"@type":"WebSite","@id":"https:\/\/alvarelloseditora.gal\/#website","url":"https:\/\/alvarelloseditora.gal\/","name":"Alvarellos Editora","description":"Libros para un mundo en tr\u00e1nsito","publisher":{"@id":"https:\/\/alvarelloseditora.gal\/#organization"},"potentialAction":[{"@type":"SearchAction","target":{"@type":"EntryPoint","urlTemplate":"https:\/\/alvarelloseditora.gal\/?s={search_term_string}"},"query-input":{"@type":"PropertyValueSpecification","valueRequired":true,"valueName":"search_term_string"}}],"inLanguage":"es"},{"@type":"Organization","@id":"https:\/\/alvarelloseditora.gal\/#organization","name":"Alvarellos Editora","url":"https:\/\/alvarelloseditora.gal\/","logo":{"@type":"ImageObject","inLanguage":"es","@id":"https:\/\/alvarelloseditora.gal\/#\/schema\/logo\/image\/","url":"https:\/\/alvarelloseditora.gal\/wp-content\/uploads\/2020\/02\/alv-icon.png","contentUrl":"https:\/\/alvarelloseditora.gal\/wp-content\/uploads\/2020\/02\/alv-icon.png","width":177,"height":175,"caption":"Alvarellos Editora"},"image":{"@id":"https:\/\/alvarelloseditora.gal\/#\/schema\/logo\/image\/"},"sameAs":["https:\/\/www.facebook.com\/alvarelloseditora","https:\/\/x.com\/alvarellos_ed"]}]}},"_links":{"self":[{"href":"https:\/\/alvarelloseditora.gal\/es\/wp-json\/wp\/v2\/product\/2857","targetHints":{"allow":["GET"]}}],"collection":[{"href":"https:\/\/alvarelloseditora.gal\/es\/wp-json\/wp\/v2\/product"}],"about":[{"href":"https:\/\/alvarelloseditora.gal\/es\/wp-json\/wp\/v2\/types\/product"}],"replies":[{"embeddable":true,"href":"https:\/\/alvarelloseditora.gal\/es\/wp-json\/wp\/v2\/comments?post=2857"}],"wp:featuredmedia":[{"embeddable":true,"href":"https:\/\/alvarelloseditora.gal\/es\/wp-json\/wp\/v2\/media\/4215"}],"wp:attachment":[{"href":"https:\/\/alvarelloseditora.gal\/es\/wp-json\/wp\/v2\/media?parent=2857"}],"wp:term":[{"taxonomy":"product_brand","embeddable":true,"href":"https:\/\/alvarelloseditora.gal\/es\/wp-json\/wp\/v2\/product_brand?post=2857"},{"taxonomy":"product_cat","embeddable":true,"href":"https:\/\/alvarelloseditora.gal\/es\/wp-json\/wp\/v2\/product_cat?post=2857"},{"taxonomy":"product_tag","embeddable":true,"href":"https:\/\/alvarelloseditora.gal\/es\/wp-json\/wp\/v2\/product_tag?post=2857"}],"curies":[{"name":"wp","href":"https:\/\/api.w.org\/{rel}","templated":true}]}}