{"id":2856,"date":"2019-12-27T13:42:20","date_gmt":"2019-12-27T14:03:24","guid":{"rendered":"https:\/\/nueva.alvarellos.info\/product\/el-tesoro-de-punta-herminia-y-otros-textos-sumergidos\/"},"modified":"2021-06-22T22:32:26","modified_gmt":"2021-06-22T20:32:26","slug":"el-tesoro-de-punta-herminia-y-otros-textos-sumergidos","status":"publish","type":"product","link":"https:\/\/alvarelloseditora.gal\/es\/libro\/el-tesoro-de-punta-herminia-y-otros-textos-sumergidos\/","title":{"rendered":"EL TESORO DE PUNTA HERMINIA Y OTROS TEXTOS SUMERGIDOS"},"content":{"rendered":"<p><a href=\"https:\/\/www.lavozdegalicia.es\/noticia\/coruna\/2017\/08\/09\/literatura-pintada-urbano-lugris\/0003_201708H9C79910.htm\">09-08-2017 <strong>La Voz de Galicia<\/strong>-Ed. A Coru\u00f1a La literatura pintada de Urbano Lugr\u00eds<\/a><\/p>\n<p><a href=\"https:\/\/cadernodacritica.wordpress.com\/2017\/08\/08\/el-tesoro-de-punta-herminia-e-otros-textos-sumergidos-de-urbano-lugris\/\">08-08-2017 <strong>Caderno da Cr\u00edtica<\/strong>-Ram\u00f3n Nicol\u00e1s<\/a><\/p>\n<p><a href=\"https:\/\/cadernodacritica.wordpress.com\/2017\/08\/08\/el-tesoro-de-punta-herminia-e-otros-textos-sumergidos-de-urbano-lugris\/\">08-08-2017<\/a><a href=\"https:\/\/www.lavozdegalicia.es\/noticia\/coruna\/2017\/08\/08\/literatura-perdida-lugris-emerge-mar\/0003_201708H8C7996.htm\">\u00a0<\/a><a href=\"https:\/\/www.lavozdegalicia.es\/noticia\/coruna\/2017\/08\/08\/literatura-perdida-lugris-emerge-mar\/0003_201708H8C7996.htm\"><strong>La Voz de Galicia<\/strong><\/a>-Ed. A Coru\u00f1a<a href=\"https:\/\/www.lavozdegalicia.es\/noticia\/coruna\/2017\/08\/08\/literatura-perdida-lugris-emerge-mar\/0003_201708H8C7996.htm\">.<\/a><a href=\"https:\/\/cadernodacritica.wordpress.com\/2017\/08\/08\/el-tesoro-de-punta-herminia-e-otros-textos-sumergidos-de-urbano-lugris\/\">\u00a0<\/a><a href=\"https:\/\/www.lavozdegalicia.es\/noticia\/coruna\/2017\/08\/08\/literatura-perdida-lugris-emerge-mar\/0003_201708H8C7996.htm\">La literatura perdida de Lugr\u00eds emerge del mar<\/a><\/p>\n<p><a href=\"http:\/\/www.laopinioncoruna.es\/coruna\/2017\/08\/06\/libro-inedito-llamativa-mezcla-poesia\/1206404.html\">06-08-2017<strong>\u00a0La Opini\u00f3n<\/strong>\u00a0de A Coru\u00f1a. \u00abUn libro in\u00e9dito con una llamativa mezcla de poes\u00eda, dibujos y narrativa\u00bb<\/a><\/p>\n<p><a href=\"http:\/\/www.farodevigo.es\/sociedad\/2017\/08\/05\/retorno-tesoro-sumergido-lugris\/1728384.html\">05-08-2017<strong> Faro de Vigo<\/strong>. El retorno del tesoro sumergido de Lugr\u00eds. Por Mar Mato<\/a><\/p>\n<p><a href=\"http:\/\/www.laopinioncoruna.es\/coruna\/2017\/08\/05\/textos-sumergidos-lugris\/1206015.html\">05-08-2017 <strong>La Opini\u00f3n <\/strong>de A Coru\u00f1a. Los textos sumergidos de Lugr\u00eds. Por Erika Gol\u00e1s.<\/a><\/p>\n","protected":false},"excerpt":{"rendered":"<p>108 pp | 14 x 21 cms<br \/>\nISBN 978-84-16460-24-3<\/p>\n<p>&nbsp;<\/p>\n<p>Urbano Lugr\u00eds era un poeta pintor. Y el \u00fanico pintor del mundo capaz de escribir bajo el agua, en palabras de otro gran escritor y poeta, Manuel Rivas. Alvarellos Editora rescata este verano once textos \u201csumergidos\u201d de Lugr\u00eds. Prosas y poemas \u2013en castellano y gallego\u2013 muy poco conocidos hasta hoy (incluso, alg\u00fan in\u00e9dito) que nos internan en su fascinante universo narrativo y l\u00edrico.<\/p>\n<p>Bajo el t\u00edtulo El tesoro de Punta Herminia y otros textos sumergidos\u00a0 se agrupan textos dispersos que han ido apareciendo desde la edici\u00f3n, en 2008, de aquella primera Balada de los mares del norte (Alvarellos Editora), \u00fanico volumen de Lugr\u00eds hasta la fecha, pues el artista fallec\u00eda en 1973 sin ver publicado, en libro, su rico y abundante trabajo literario, esparcido y olvidado, durante d\u00e9cadas, en peri\u00f3dicos y revistas&#8230; \u00a0La profesora de Teor\u00eda de la Literatura de la Universidade da Coru\u00f1a, Olivia Rodr\u00edguez, especialista en Lugr\u00eds, se encarga del cuidado de la edici\u00f3n.<\/p>\n<p>Adem\u00e1s de los 11 textos, este volumen re\u00fane 25 dibujos del autor, tambi\u00e9n muy poco divulgados, entre ellos, las hermosas letras capitulares que creaba el pintor para iniciar sus escritos.<\/p>\n<p>El Tesoro de Punta Herminia y otros textos sumergidos nos brinda la impagable oportunidad de internarnos, de nuevo, en ese mundo de tesoros ocultos, grutas y naufragios.\u00a0 Escenarios escritos y pintados a un tiempo por la pluma y el lienzo inigualables de Urbano Lugr\u00eds.<\/p>\n","protected":false},"featured_media":4213,"comment_status":"closed","ping_status":"closed","template":"","meta":[],"product_brand":[],"product_cat":[106],"product_tag":[],"class_list":{"0":"post-2856","1":"product","2":"type-product","3":"status-publish","4":"has-post-thumbnail","6":"product_author-urbano-lugris-es","7":"product_cat-libros-do-sarela-es","9":"first","10":"instock","11":"taxable","12":"shipping-taxable","13":"purchasable","14":"product-type-simple"},"yoast_head":"<!-- This site is optimized with the Yoast SEO plugin v27.5 - https:\/\/yoast.com\/product\/yoast-seo-wordpress\/ -->\n<title>EL TESORO DE PUNTA HERMINIA Y OTROS TEXTOS SUMERGIDOS - Alvarellos Editora<\/title>\n<meta name=\"description\" content=\"EL TESORO DE PUNTA HERMINIA Y OTROS TEXTOS SUMERGIDOS. C\u00f3mprao na tenda en li\u00f1a de Alvarellos Editora.\" \/>\n<meta name=\"robots\" content=\"index, follow, max-snippet:-1, max-image-preview:large, max-video-preview:-1\" \/>\n<link rel=\"canonical\" href=\"https:\/\/alvarelloseditora.gal\/es\/libro\/el-tesoro-de-punta-herminia-y-otros-textos-sumergidos\/\" \/>\n<meta property=\"og:locale\" content=\"es_ES\" \/>\n<meta property=\"og:type\" content=\"article\" \/>\n<meta property=\"og:title\" content=\"EL TESORO DE PUNTA HERMINIA Y OTROS TEXTOS SUMERGIDOS - Alvarellos Editora\" \/>\n<meta property=\"og:description\" content=\"EL TESORO DE PUNTA HERMINIA Y OTROS TEXTOS SUMERGIDOS. C\u00f3mprao na tenda en li\u00f1a de Alvarellos Editora.\" \/>\n<meta property=\"og:url\" content=\"https:\/\/alvarelloseditora.gal\/es\/libro\/el-tesoro-de-punta-herminia-y-otros-textos-sumergidos\/\" \/>\n<meta property=\"og:site_name\" content=\"Alvarellos Editora\" \/>\n<meta property=\"article:publisher\" content=\"https:\/\/www.facebook.com\/alvarelloseditora\" \/>\n<meta property=\"article:modified_time\" content=\"2021-06-22T20:32:26+00:00\" \/>\n<meta property=\"og:image\" content=\"https:\/\/alvarelloseditora.gal\/wp-content\/uploads\/2019\/12\/El_tesoro_punta_herminia_lugris_alvarellos_ed.jpg\" \/>\n\t<meta property=\"og:image:width\" content=\"1612\" \/>\n\t<meta property=\"og:image:height\" content=\"2480\" \/>\n\t<meta property=\"og:image:type\" content=\"image\/jpeg\" \/>\n<meta name=\"twitter:card\" content=\"summary_large_image\" \/>\n<meta name=\"twitter:site\" content=\"@alvarellos_ed\" \/>\n<meta name=\"twitter:label1\" content=\"Tiempo de lectura\" \/>\n\t<meta name=\"twitter:data1\" content=\"1 minuto\" \/>\n<!-- \/ Yoast SEO plugin. -->","yoast_head_json":{"title":"EL TESORO DE PUNTA HERMINIA Y OTROS TEXTOS SUMERGIDOS - Alvarellos Editora","description":"EL TESORO DE PUNTA HERMINIA Y OTROS TEXTOS SUMERGIDOS. C\u00f3mprao na tenda en li\u00f1a de Alvarellos Editora.","robots":{"index":"index","follow":"follow","max-snippet":"max-snippet:-1","max-image-preview":"max-image-preview:large","max-video-preview":"max-video-preview:-1"},"canonical":"https:\/\/alvarelloseditora.gal\/es\/libro\/el-tesoro-de-punta-herminia-y-otros-textos-sumergidos\/","og_locale":"es_ES","og_type":"article","og_title":"EL TESORO DE PUNTA HERMINIA Y OTROS TEXTOS SUMERGIDOS - Alvarellos Editora","og_description":"EL TESORO DE PUNTA HERMINIA Y OTROS TEXTOS SUMERGIDOS. C\u00f3mprao na tenda en li\u00f1a de Alvarellos Editora.","og_url":"https:\/\/alvarelloseditora.gal\/es\/libro\/el-tesoro-de-punta-herminia-y-otros-textos-sumergidos\/","og_site_name":"Alvarellos Editora","article_publisher":"https:\/\/www.facebook.com\/alvarelloseditora","article_modified_time":"2021-06-22T20:32:26+00:00","og_image":[{"width":1612,"height":2480,"url":"https:\/\/alvarelloseditora.gal\/wp-content\/uploads\/2019\/12\/El_tesoro_punta_herminia_lugris_alvarellos_ed.jpg","type":"image\/jpeg"}],"twitter_card":"summary_large_image","twitter_site":"@alvarellos_ed","twitter_misc":{"Tiempo de lectura":"1 minuto"},"schema":{"@context":"https:\/\/schema.org","@graph":[{"@type":["WebPage","ItemPage"],"@id":"https:\/\/alvarelloseditora.gal\/es\/libro\/el-tesoro-de-punta-herminia-y-otros-textos-sumergidos\/","url":"https:\/\/alvarelloseditora.gal\/es\/libro\/el-tesoro-de-punta-herminia-y-otros-textos-sumergidos\/","name":"EL TESORO DE PUNTA HERMINIA Y OTROS TEXTOS SUMERGIDOS - Alvarellos Editora","isPartOf":{"@id":"https:\/\/alvarelloseditora.gal\/#website"},"primaryImageOfPage":{"@id":"https:\/\/alvarelloseditora.gal\/es\/libro\/el-tesoro-de-punta-herminia-y-otros-textos-sumergidos\/#primaryimage"},"image":{"@id":"https:\/\/alvarelloseditora.gal\/es\/libro\/el-tesoro-de-punta-herminia-y-otros-textos-sumergidos\/#primaryimage"},"thumbnailUrl":"https:\/\/alvarelloseditora.gal\/wp-content\/uploads\/2019\/12\/El_tesoro_punta_herminia_lugris_alvarellos_ed.jpg","datePublished":"2019-12-27T14:03:24+00:00","dateModified":"2021-06-22T20:32:26+00:00","description":"EL TESORO DE PUNTA HERMINIA Y OTROS TEXTOS SUMERGIDOS. C\u00f3mprao na tenda en li\u00f1a de Alvarellos Editora.","breadcrumb":{"@id":"https:\/\/alvarelloseditora.gal\/es\/libro\/el-tesoro-de-punta-herminia-y-otros-textos-sumergidos\/#breadcrumb"},"inLanguage":"es","potentialAction":[{"@type":"ReadAction","target":["https:\/\/alvarelloseditora.gal\/es\/libro\/el-tesoro-de-punta-herminia-y-otros-textos-sumergidos\/"]}]},{"@type":"ImageObject","inLanguage":"es","@id":"https:\/\/alvarelloseditora.gal\/es\/libro\/el-tesoro-de-punta-herminia-y-otros-textos-sumergidos\/#primaryimage","url":"https:\/\/alvarelloseditora.gal\/wp-content\/uploads\/2019\/12\/El_tesoro_punta_herminia_lugris_alvarellos_ed.jpg","contentUrl":"https:\/\/alvarelloseditora.gal\/wp-content\/uploads\/2019\/12\/El_tesoro_punta_herminia_lugris_alvarellos_ed.jpg","width":1612,"height":2480},{"@type":"BreadcrumbList","@id":"https:\/\/alvarelloseditora.gal\/es\/libro\/el-tesoro-de-punta-herminia-y-otros-textos-sumergidos\/#breadcrumb","itemListElement":[{"@type":"ListItem","position":1,"name":"Portada","item":"https:\/\/alvarelloseditora.gal\/"},{"@type":"ListItem","position":2,"name":"Tienda","item":"https:\/\/alvarelloseditora.gal\/es\/tienda\/"},{"@type":"ListItem","position":3,"name":"EL TESORO DE PUNTA HERMINIA Y OTROS TEXTOS SUMERGIDOS"}]},{"@type":"WebSite","@id":"https:\/\/alvarelloseditora.gal\/#website","url":"https:\/\/alvarelloseditora.gal\/","name":"Alvarellos Editora","description":"Libros para un mundo en tr\u00e1nsito","publisher":{"@id":"https:\/\/alvarelloseditora.gal\/#organization"},"potentialAction":[{"@type":"SearchAction","target":{"@type":"EntryPoint","urlTemplate":"https:\/\/alvarelloseditora.gal\/?s={search_term_string}"},"query-input":{"@type":"PropertyValueSpecification","valueRequired":true,"valueName":"search_term_string"}}],"inLanguage":"es"},{"@type":"Organization","@id":"https:\/\/alvarelloseditora.gal\/#organization","name":"Alvarellos Editora","url":"https:\/\/alvarelloseditora.gal\/","logo":{"@type":"ImageObject","inLanguage":"es","@id":"https:\/\/alvarelloseditora.gal\/#\/schema\/logo\/image\/","url":"https:\/\/alvarelloseditora.gal\/wp-content\/uploads\/2020\/02\/alv-icon.png","contentUrl":"https:\/\/alvarelloseditora.gal\/wp-content\/uploads\/2020\/02\/alv-icon.png","width":177,"height":175,"caption":"Alvarellos Editora"},"image":{"@id":"https:\/\/alvarelloseditora.gal\/#\/schema\/logo\/image\/"},"sameAs":["https:\/\/www.facebook.com\/alvarelloseditora","https:\/\/x.com\/alvarellos_ed"]}]}},"_links":{"self":[{"href":"https:\/\/alvarelloseditora.gal\/es\/wp-json\/wp\/v2\/product\/2856","targetHints":{"allow":["GET"]}}],"collection":[{"href":"https:\/\/alvarelloseditora.gal\/es\/wp-json\/wp\/v2\/product"}],"about":[{"href":"https:\/\/alvarelloseditora.gal\/es\/wp-json\/wp\/v2\/types\/product"}],"replies":[{"embeddable":true,"href":"https:\/\/alvarelloseditora.gal\/es\/wp-json\/wp\/v2\/comments?post=2856"}],"wp:featuredmedia":[{"embeddable":true,"href":"https:\/\/alvarelloseditora.gal\/es\/wp-json\/wp\/v2\/media\/4213"}],"wp:attachment":[{"href":"https:\/\/alvarelloseditora.gal\/es\/wp-json\/wp\/v2\/media?parent=2856"}],"wp:term":[{"taxonomy":"product_brand","embeddable":true,"href":"https:\/\/alvarelloseditora.gal\/es\/wp-json\/wp\/v2\/product_brand?post=2856"},{"taxonomy":"product_cat","embeddable":true,"href":"https:\/\/alvarelloseditora.gal\/es\/wp-json\/wp\/v2\/product_cat?post=2856"},{"taxonomy":"product_tag","embeddable":true,"href":"https:\/\/alvarelloseditora.gal\/es\/wp-json\/wp\/v2\/product_tag?post=2856"}],"curies":[{"name":"wp","href":"https:\/\/api.w.org\/{rel}","templated":true}]}}