{"id":2855,"date":"2019-12-27T13:42:20","date_gmt":"2019-12-27T14:03:24","guid":{"rendered":"https:\/\/nueva.alvarellos.info\/product\/sonetos-preposicionais\/"},"modified":"2021-06-23T12:11:08","modified_gmt":"2021-06-23T10:11:08","slug":"sonetos-preposicionais","status":"publish","type":"product","link":"https:\/\/alvarelloseditora.gal\/es\/libro\/sonetos-preposicionais\/","title":{"rendered":"SONETOS PREPOSICIONAIS"},"content":{"rendered":"<p><a href=\"http:\/\/terrachaxa.com\/2017\/08\/21\/telurica-e-sonetos-preposicionais-poemarios-chairegos-do-certame-literario-de-vilalba-editados-por-alvarellos\/\">20-08-2017 <strong>Terra Ch\u00e1 Xa<\/strong>. Presentaci\u00f3n en Vilalba<\/a><\/p>\n<p><a href=\"http:\/\/garciateijeiro.blogspot.com.es\/2017\/08\/escaparate-poetico-cvii-maria-xose-lamas.html\">04-08-2017 <strong>Versos e aloumi\u00f1os<\/strong> Blog de Antonio Garc\u00eda Teijeiro<\/a><\/p>\n","protected":false},"excerpt":{"rendered":"<p>El amor, el desamor, el paisaje, el paso del tiempo&#8230;<\/p>\n<p>&nbsp;<\/p>\n<p>44 pp | 14 x 21 cms<br \/>\nISBN 978-84-16460-23-6<\/p>\n<p>&nbsp;<\/p>\n<p>Libro de versos que logr\u00f3 en 2016 el segundo premio del Certame Literario do Concello de Vilalba (Lugo). La poes\u00eda que todo lo nombra: el amor, el desamor, el paisaje, el tiempo&#8230; Ejes sobre los que transcurre, huye, nuestra existencia. Sentimientos recreado a trav\u00e9s de 35 composiciones po\u00e9ticas, construidas bajo la aparente sencillez, musical y perfecta, del cl\u00e1sico soneto.<\/p>\n<p>Mar\u00eda Xos\u00e9 Lamas (Vilalba, 1961) es autora de varios libros de poes\u00eda, profesora de educaci\u00f3n musical y ha desarrollado una intensa labor en el \u00e1mbito del teatro y tambi\u00e9n como traductora.<\/p>\n","protected":false},"featured_media":4211,"comment_status":"closed","ping_status":"closed","template":"","meta":[],"product_brand":[],"product_cat":[106],"product_tag":[],"class_list":{"0":"post-2855","1":"product","2":"type-product","3":"status-publish","4":"has-post-thumbnail","6":"product_author-maria-xose-lamas-es","7":"product_cat-libros-do-sarela-es","9":"first","10":"instock","11":"taxable","12":"shipping-taxable","13":"purchasable","14":"product-type-simple"},"yoast_head":"<!-- This site is optimized with the Yoast SEO plugin v27.3 - https:\/\/yoast.com\/product\/yoast-seo-wordpress\/ -->\n<title>SONETOS PREPOSICIONAIS - Alvarellos Editora<\/title>\n<meta name=\"description\" content=\"SONETOS PREPOSICIONAIS. C\u00f3mprao na tenda en li\u00f1a de Alvarellos Editora.\" \/>\n<meta name=\"robots\" content=\"index, follow, max-snippet:-1, max-image-preview:large, max-video-preview:-1\" \/>\n<link rel=\"canonical\" href=\"https:\/\/alvarelloseditora.gal\/es\/libro\/sonetos-preposicionais\/\" \/>\n<meta property=\"og:locale\" content=\"es_ES\" \/>\n<meta property=\"og:type\" content=\"article\" \/>\n<meta property=\"og:title\" content=\"SONETOS PREPOSICIONAIS - Alvarellos Editora\" \/>\n<meta property=\"og:description\" content=\"SONETOS PREPOSICIONAIS. C\u00f3mprao na tenda en li\u00f1a de Alvarellos Editora.\" \/>\n<meta property=\"og:url\" content=\"https:\/\/alvarelloseditora.gal\/es\/libro\/sonetos-preposicionais\/\" \/>\n<meta property=\"og:site_name\" content=\"Alvarellos Editora\" \/>\n<meta property=\"article:publisher\" content=\"https:\/\/www.facebook.com\/alvarelloseditora\" \/>\n<meta property=\"article:modified_time\" content=\"2021-06-23T10:11:08+00:00\" \/>\n<meta property=\"og:image\" content=\"https:\/\/alvarelloseditora.gal\/wp-content\/uploads\/2019\/12\/Sonetos_preposicionais_capa_alvarellos-copia.jpg\" \/>\n\t<meta property=\"og:image:width\" content=\"685\" \/>\n\t<meta property=\"og:image:height\" content=\"1024\" \/>\n\t<meta property=\"og:image:type\" content=\"image\/jpeg\" \/>\n<meta name=\"twitter:card\" content=\"summary_large_image\" \/>\n<meta name=\"twitter:site\" content=\"@alvarellos_ed\" \/>\n<!-- \/ Yoast SEO plugin. -->","yoast_head_json":{"title":"SONETOS PREPOSICIONAIS - Alvarellos Editora","description":"SONETOS PREPOSICIONAIS. C\u00f3mprao na tenda en li\u00f1a de Alvarellos Editora.","robots":{"index":"index","follow":"follow","max-snippet":"max-snippet:-1","max-image-preview":"max-image-preview:large","max-video-preview":"max-video-preview:-1"},"canonical":"https:\/\/alvarelloseditora.gal\/es\/libro\/sonetos-preposicionais\/","og_locale":"es_ES","og_type":"article","og_title":"SONETOS PREPOSICIONAIS - Alvarellos Editora","og_description":"SONETOS PREPOSICIONAIS. C\u00f3mprao na tenda en li\u00f1a de Alvarellos Editora.","og_url":"https:\/\/alvarelloseditora.gal\/es\/libro\/sonetos-preposicionais\/","og_site_name":"Alvarellos Editora","article_publisher":"https:\/\/www.facebook.com\/alvarelloseditora","article_modified_time":"2021-06-23T10:11:08+00:00","og_image":[{"width":685,"height":1024,"url":"https:\/\/alvarelloseditora.gal\/wp-content\/uploads\/2019\/12\/Sonetos_preposicionais_capa_alvarellos-copia.jpg","type":"image\/jpeg"}],"twitter_card":"summary_large_image","twitter_site":"@alvarellos_ed","schema":{"@context":"https:\/\/schema.org","@graph":[{"@type":["WebPage","ItemPage"],"@id":"https:\/\/alvarelloseditora.gal\/es\/libro\/sonetos-preposicionais\/","url":"https:\/\/alvarelloseditora.gal\/es\/libro\/sonetos-preposicionais\/","name":"SONETOS PREPOSICIONAIS - Alvarellos Editora","isPartOf":{"@id":"https:\/\/alvarelloseditora.gal\/#website"},"primaryImageOfPage":{"@id":"https:\/\/alvarelloseditora.gal\/es\/libro\/sonetos-preposicionais\/#primaryimage"},"image":{"@id":"https:\/\/alvarelloseditora.gal\/es\/libro\/sonetos-preposicionais\/#primaryimage"},"thumbnailUrl":"https:\/\/alvarelloseditora.gal\/wp-content\/uploads\/2019\/12\/Sonetos_preposicionais_capa_alvarellos-copia.jpg","datePublished":"2019-12-27T14:03:24+00:00","dateModified":"2021-06-23T10:11:08+00:00","description":"SONETOS PREPOSICIONAIS. C\u00f3mprao na tenda en li\u00f1a de Alvarellos Editora.","breadcrumb":{"@id":"https:\/\/alvarelloseditora.gal\/es\/libro\/sonetos-preposicionais\/#breadcrumb"},"inLanguage":"es","potentialAction":[{"@type":"ReadAction","target":["https:\/\/alvarelloseditora.gal\/es\/libro\/sonetos-preposicionais\/"]}]},{"@type":"ImageObject","inLanguage":"es","@id":"https:\/\/alvarelloseditora.gal\/es\/libro\/sonetos-preposicionais\/#primaryimage","url":"https:\/\/alvarelloseditora.gal\/wp-content\/uploads\/2019\/12\/Sonetos_preposicionais_capa_alvarellos-copia.jpg","contentUrl":"https:\/\/alvarelloseditora.gal\/wp-content\/uploads\/2019\/12\/Sonetos_preposicionais_capa_alvarellos-copia.jpg","width":685,"height":1024},{"@type":"BreadcrumbList","@id":"https:\/\/alvarelloseditora.gal\/es\/libro\/sonetos-preposicionais\/#breadcrumb","itemListElement":[{"@type":"ListItem","position":1,"name":"Portada","item":"https:\/\/alvarelloseditora.gal\/"},{"@type":"ListItem","position":2,"name":"Tienda","item":"https:\/\/alvarelloseditora.gal\/es\/tienda\/"},{"@type":"ListItem","position":3,"name":"SONETOS PREPOSICIONAIS"}]},{"@type":"WebSite","@id":"https:\/\/alvarelloseditora.gal\/#website","url":"https:\/\/alvarelloseditora.gal\/","name":"Alvarellos Editora","description":"Libros para un mundo en tr\u00e1nsito","publisher":{"@id":"https:\/\/alvarelloseditora.gal\/#organization"},"potentialAction":[{"@type":"SearchAction","target":{"@type":"EntryPoint","urlTemplate":"https:\/\/alvarelloseditora.gal\/?s={search_term_string}"},"query-input":{"@type":"PropertyValueSpecification","valueRequired":true,"valueName":"search_term_string"}}],"inLanguage":"es"},{"@type":"Organization","@id":"https:\/\/alvarelloseditora.gal\/#organization","name":"Alvarellos Editora","url":"https:\/\/alvarelloseditora.gal\/","logo":{"@type":"ImageObject","inLanguage":"es","@id":"https:\/\/alvarelloseditora.gal\/#\/schema\/logo\/image\/","url":"https:\/\/alvarelloseditora.gal\/wp-content\/uploads\/2020\/02\/alv-icon.png","contentUrl":"https:\/\/alvarelloseditora.gal\/wp-content\/uploads\/2020\/02\/alv-icon.png","width":177,"height":175,"caption":"Alvarellos Editora"},"image":{"@id":"https:\/\/alvarelloseditora.gal\/#\/schema\/logo\/image\/"},"sameAs":["https:\/\/www.facebook.com\/alvarelloseditora","https:\/\/x.com\/alvarellos_ed"]}]}},"_links":{"self":[{"href":"https:\/\/alvarelloseditora.gal\/es\/wp-json\/wp\/v2\/product\/2855","targetHints":{"allow":["GET"]}}],"collection":[{"href":"https:\/\/alvarelloseditora.gal\/es\/wp-json\/wp\/v2\/product"}],"about":[{"href":"https:\/\/alvarelloseditora.gal\/es\/wp-json\/wp\/v2\/types\/product"}],"replies":[{"embeddable":true,"href":"https:\/\/alvarelloseditora.gal\/es\/wp-json\/wp\/v2\/comments?post=2855"}],"wp:featuredmedia":[{"embeddable":true,"href":"https:\/\/alvarelloseditora.gal\/es\/wp-json\/wp\/v2\/media\/4211"}],"wp:attachment":[{"href":"https:\/\/alvarelloseditora.gal\/es\/wp-json\/wp\/v2\/media?parent=2855"}],"wp:term":[{"taxonomy":"product_brand","embeddable":true,"href":"https:\/\/alvarelloseditora.gal\/es\/wp-json\/wp\/v2\/product_brand?post=2855"},{"taxonomy":"product_cat","embeddable":true,"href":"https:\/\/alvarelloseditora.gal\/es\/wp-json\/wp\/v2\/product_cat?post=2855"},{"taxonomy":"product_tag","embeddable":true,"href":"https:\/\/alvarelloseditora.gal\/es\/wp-json\/wp\/v2\/product_tag?post=2855"}],"curies":[{"name":"wp","href":"https:\/\/api.w.org\/{rel}","templated":true}]}}