{"id":2853,"date":"2019-12-27T13:42:20","date_gmt":"2019-12-27T14:03:24","guid":{"rendered":"https:\/\/nueva.alvarellos.info\/product\/contos-do-sol-e-da-lua\/"},"modified":"2021-06-25T13:11:41","modified_gmt":"2021-06-25T11:11:41","slug":"contos-do-sol-e-da-lua","status":"publish","type":"product","link":"https:\/\/alvarelloseditora.gal\/es\/libro\/contos-do-sol-e-da-lua\/","title":{"rendered":"CONTOS DO SOL E DA L\u00daA"},"content":{"rendered":"<p>INTERIOR<\/p>\n<div data-url=\"https:\/\/issuu.com\/alvarelloseditora\/docs\/contos_do_sol_e_da_lua_mostra_web_a\" style=\"width: 1170px; height: 778px;\" class=\"issuuembed\"><\/div>\n<p><script type=\"text\/javascript\" src=\"\/\/e.issuu.com\/embed.js\" async=\"true\"><\/script><\/p>\n<p>&nbsp;<\/p>\n<p><a href=\"https:\/\/alvarelloseditora.gal\/wp-content\/uploads\/2019\/12\/Ficha_Contos_do_sol_e_da_lua.pdf\" target=\"_blank\" rel=\"noopener\">PDF [Ficha + nota de prensa]<\/a><\/p>\n<p>&nbsp;<\/p>\n<p><a href=\"http:\/\/www.fervenzasliterarias.gal\/index.php\/lix\/novas\/as-escolas-catolicas-entregan-os-premios-frei-martin-sarmiento\">ESTA OBRA RESULT\u00d3 GANADORA DE LOS\u00a0PREMIOS FREI MART\u00cdN SARMIENTO 2017<\/a><\/p>\n<p><a href=\"http:\/\/www.culturagalega.org\/noticia.php?id=27609\">19\/06\/2017\u00a0<strong>Culturagalega.org<\/strong>\u00a0Alvarellos engade o libro infantil ilustrado ao seu cat\u00e1logo<\/a><\/p>\n<p><a href=\"http:\/\/www.lavozdegalicia.es\/noticia\/santiago\/2017\/06\/14\/alvarellos-editora-inicia-coleccion-libros-infantiles-cuarenta-aniversario\/0003_201706S14C10992.htm\">14\/06\/2017\u00a0<strong>La Voz de Galicia\u00a0<\/strong>Alvarellos Editora inicia una colecci\u00f3n de libros infantiles por su cuarenta aniversario<\/a><\/p>\n<p><a href=\"http:\/\/www.sermosgaliza.gal\/articulo\/cultura\/alvarellos-celebra-40-entrando-no-mercado-infantil\/20170613195113058537.html\">13\/06\/2017\u00a0<strong>Sermos Galiza<\/strong>\u00a0Alvarellos celebra os 40 entrando no mercado infantil<\/a><\/p>\n<p><a href=\"http:\/\/www.galiciaconfidencial.com\/noticia\/59660-alvarellos-editora-inicia-nova-coleccion-libros-infantis-verdemar\">13\/06\/2017\u00a0<strong>Galicia Confidencia<\/strong>l Alvarellos Editora inicia a nova colecci\u00f3n de libros infant\u00eds &#8216;Verdemar&#8217;<\/a><\/p>\n<p><a href=\"http:\/\/selic.gal\/gl\/edicion\/2017\/actividades\/firma-do-libro-contos-do-sol-e-da-lua\">05\/07\/2017 <strong>Selic<\/strong> Firma do libro Contos do Sol e da L\u00faa<\/a><\/p>\n","protected":false},"excerpt":{"rendered":"<p>Helena Villar Janeiro | Ilustrado por Ana Costas<br \/>\nSiete historias para leer a solas o para escuchar en familia<br \/>\n76 pp. 14&#215;19 cms<br \/>\nISBN: 978-84-16460-17-5<br \/>\nIdioma: galego<\/p>\n<p>&nbsp;<\/p>\n<p>Sete contos para ler a soas ou para escoitar en familia. Historias solidarias que reivindican un mundo de poes\u00eda, cor, superaci\u00f3n, diversidade e maxia.<\/p>\n<p>IDADE DE INTERESE: +5<br \/>\nNIVEL DE LECTURA. +8<\/p>\n<p>Helena Villar Janeiro explica as\u00ed a s\u00faa obra:<\/p>\n<p>\u00abEstas sete narraci\u00f3ns as\u00e9ntanse todas elas nos principios da \u00e9tica educativa. Destacan nelas os valores c\u00edvicos da solidariedade, da igualdade na integraci\u00f3n das diferenzas e do coidado do medio natural, entre outros.<br \/>\n\u00bbEscribinos para que poidan ser atractivos \u00e1 infancia no per\u00edodo de 8-10 anos (mesmo nos cursos finais do ensino primario) e que sexan tam\u00e9n apetecibles para nenas e nenos m\u00e1is pequenos.<br \/>\n\u00bbAs historias fant\u00e1sticas alt\u00e9rnanse con outras que tratan a realidade complexa na que viven as nenas e os nenos galegos de hoxe\u00bb.<\/p>\n","protected":false},"featured_media":4207,"comment_status":"closed","ping_status":"closed","template":"","meta":[],"product_brand":[],"product_cat":[110],"product_tag":[],"class_list":{"0":"post-2853","1":"product","2":"type-product","3":"status-publish","4":"has-post-thumbnail","6":"product_author-ana-costas-es","7":"product_author-helena-villar-janeiro-es","8":"product_cat-verdemar-es","10":"first","11":"instock","12":"taxable","13":"shipping-taxable","14":"purchasable","15":"product-type-simple"},"yoast_head":"<!-- This site is optimized with the Yoast SEO plugin v27.3 - https:\/\/yoast.com\/product\/yoast-seo-wordpress\/ -->\n<title>CONTOS DO SOL E DA L\u00daA - Alvarellos Editora<\/title>\n<meta name=\"description\" content=\"CONTOS DO SOL E DA L\u00daA. C\u00f3mprao na tenda en li\u00f1a de Alvarellos Editora.\" \/>\n<meta name=\"robots\" content=\"index, follow, max-snippet:-1, max-image-preview:large, max-video-preview:-1\" \/>\n<link rel=\"canonical\" href=\"https:\/\/alvarelloseditora.gal\/es\/libro\/contos-do-sol-e-da-lua\/\" \/>\n<meta property=\"og:locale\" content=\"es_ES\" \/>\n<meta property=\"og:type\" content=\"article\" \/>\n<meta property=\"og:title\" content=\"CONTOS DO SOL E DA L\u00daA - Alvarellos Editora\" \/>\n<meta property=\"og:description\" content=\"CONTOS DO SOL E DA L\u00daA. C\u00f3mprao na tenda en li\u00f1a de Alvarellos Editora.\" \/>\n<meta property=\"og:url\" content=\"https:\/\/alvarelloseditora.gal\/es\/libro\/contos-do-sol-e-da-lua\/\" \/>\n<meta property=\"og:site_name\" content=\"Alvarellos Editora\" \/>\n<meta property=\"article:publisher\" content=\"https:\/\/www.facebook.com\/alvarelloseditora\" \/>\n<meta property=\"article:modified_time\" content=\"2021-06-25T11:11:41+00:00\" \/>\n<meta property=\"og:image\" content=\"https:\/\/alvarelloseditora.gal\/wp-content\/uploads\/2019\/12\/Contos_Sol_Lua_alvarellos_ed.jpg\" \/>\n\t<meta property=\"og:image:width\" content=\"1075\" \/>\n\t<meta property=\"og:image:height\" content=\"1489\" \/>\n\t<meta property=\"og:image:type\" content=\"image\/jpeg\" \/>\n<meta name=\"twitter:card\" content=\"summary_large_image\" \/>\n<meta name=\"twitter:site\" content=\"@alvarellos_ed\" \/>\n<!-- \/ Yoast SEO plugin. -->","yoast_head_json":{"title":"CONTOS DO SOL E DA L\u00daA - Alvarellos Editora","description":"CONTOS DO SOL E DA L\u00daA. C\u00f3mprao na tenda en li\u00f1a de Alvarellos Editora.","robots":{"index":"index","follow":"follow","max-snippet":"max-snippet:-1","max-image-preview":"max-image-preview:large","max-video-preview":"max-video-preview:-1"},"canonical":"https:\/\/alvarelloseditora.gal\/es\/libro\/contos-do-sol-e-da-lua\/","og_locale":"es_ES","og_type":"article","og_title":"CONTOS DO SOL E DA L\u00daA - Alvarellos Editora","og_description":"CONTOS DO SOL E DA L\u00daA. C\u00f3mprao na tenda en li\u00f1a de Alvarellos Editora.","og_url":"https:\/\/alvarelloseditora.gal\/es\/libro\/contos-do-sol-e-da-lua\/","og_site_name":"Alvarellos Editora","article_publisher":"https:\/\/www.facebook.com\/alvarelloseditora","article_modified_time":"2021-06-25T11:11:41+00:00","og_image":[{"width":1075,"height":1489,"url":"https:\/\/alvarelloseditora.gal\/wp-content\/uploads\/2019\/12\/Contos_Sol_Lua_alvarellos_ed.jpg","type":"image\/jpeg"}],"twitter_card":"summary_large_image","twitter_site":"@alvarellos_ed","schema":{"@context":"https:\/\/schema.org","@graph":[{"@type":["WebPage","ItemPage"],"@id":"https:\/\/alvarelloseditora.gal\/es\/libro\/contos-do-sol-e-da-lua\/","url":"https:\/\/alvarelloseditora.gal\/es\/libro\/contos-do-sol-e-da-lua\/","name":"CONTOS DO SOL E DA L\u00daA - Alvarellos Editora","isPartOf":{"@id":"https:\/\/alvarelloseditora.gal\/#website"},"primaryImageOfPage":{"@id":"https:\/\/alvarelloseditora.gal\/es\/libro\/contos-do-sol-e-da-lua\/#primaryimage"},"image":{"@id":"https:\/\/alvarelloseditora.gal\/es\/libro\/contos-do-sol-e-da-lua\/#primaryimage"},"thumbnailUrl":"https:\/\/alvarelloseditora.gal\/wp-content\/uploads\/2019\/12\/Contos_Sol_Lua_alvarellos_ed.jpg","datePublished":"2019-12-27T14:03:24+00:00","dateModified":"2021-06-25T11:11:41+00:00","description":"CONTOS DO SOL E DA L\u00daA. C\u00f3mprao na tenda en li\u00f1a de Alvarellos Editora.","breadcrumb":{"@id":"https:\/\/alvarelloseditora.gal\/es\/libro\/contos-do-sol-e-da-lua\/#breadcrumb"},"inLanguage":"es","potentialAction":[{"@type":"ReadAction","target":["https:\/\/alvarelloseditora.gal\/es\/libro\/contos-do-sol-e-da-lua\/"]}]},{"@type":"ImageObject","inLanguage":"es","@id":"https:\/\/alvarelloseditora.gal\/es\/libro\/contos-do-sol-e-da-lua\/#primaryimage","url":"https:\/\/alvarelloseditora.gal\/wp-content\/uploads\/2019\/12\/Contos_Sol_Lua_alvarellos_ed.jpg","contentUrl":"https:\/\/alvarelloseditora.gal\/wp-content\/uploads\/2019\/12\/Contos_Sol_Lua_alvarellos_ed.jpg","width":1075,"height":1489},{"@type":"BreadcrumbList","@id":"https:\/\/alvarelloseditora.gal\/es\/libro\/contos-do-sol-e-da-lua\/#breadcrumb","itemListElement":[{"@type":"ListItem","position":1,"name":"Portada","item":"https:\/\/alvarelloseditora.gal\/"},{"@type":"ListItem","position":2,"name":"Tienda","item":"https:\/\/alvarelloseditora.gal\/es\/tienda\/"},{"@type":"ListItem","position":3,"name":"CONTOS DO SOL E DA L\u00daA"}]},{"@type":"WebSite","@id":"https:\/\/alvarelloseditora.gal\/#website","url":"https:\/\/alvarelloseditora.gal\/","name":"Alvarellos Editora","description":"Libros para un mundo en tr\u00e1nsito","publisher":{"@id":"https:\/\/alvarelloseditora.gal\/#organization"},"potentialAction":[{"@type":"SearchAction","target":{"@type":"EntryPoint","urlTemplate":"https:\/\/alvarelloseditora.gal\/?s={search_term_string}"},"query-input":{"@type":"PropertyValueSpecification","valueRequired":true,"valueName":"search_term_string"}}],"inLanguage":"es"},{"@type":"Organization","@id":"https:\/\/alvarelloseditora.gal\/#organization","name":"Alvarellos Editora","url":"https:\/\/alvarelloseditora.gal\/","logo":{"@type":"ImageObject","inLanguage":"es","@id":"https:\/\/alvarelloseditora.gal\/#\/schema\/logo\/image\/","url":"https:\/\/alvarelloseditora.gal\/wp-content\/uploads\/2020\/02\/alv-icon.png","contentUrl":"https:\/\/alvarelloseditora.gal\/wp-content\/uploads\/2020\/02\/alv-icon.png","width":177,"height":175,"caption":"Alvarellos Editora"},"image":{"@id":"https:\/\/alvarelloseditora.gal\/#\/schema\/logo\/image\/"},"sameAs":["https:\/\/www.facebook.com\/alvarelloseditora","https:\/\/x.com\/alvarellos_ed"]}]}},"_links":{"self":[{"href":"https:\/\/alvarelloseditora.gal\/es\/wp-json\/wp\/v2\/product\/2853","targetHints":{"allow":["GET"]}}],"collection":[{"href":"https:\/\/alvarelloseditora.gal\/es\/wp-json\/wp\/v2\/product"}],"about":[{"href":"https:\/\/alvarelloseditora.gal\/es\/wp-json\/wp\/v2\/types\/product"}],"replies":[{"embeddable":true,"href":"https:\/\/alvarelloseditora.gal\/es\/wp-json\/wp\/v2\/comments?post=2853"}],"wp:featuredmedia":[{"embeddable":true,"href":"https:\/\/alvarelloseditora.gal\/es\/wp-json\/wp\/v2\/media\/4207"}],"wp:attachment":[{"href":"https:\/\/alvarelloseditora.gal\/es\/wp-json\/wp\/v2\/media?parent=2853"}],"wp:term":[{"taxonomy":"product_brand","embeddable":true,"href":"https:\/\/alvarelloseditora.gal\/es\/wp-json\/wp\/v2\/product_brand?post=2853"},{"taxonomy":"product_cat","embeddable":true,"href":"https:\/\/alvarelloseditora.gal\/es\/wp-json\/wp\/v2\/product_cat?post=2853"},{"taxonomy":"product_tag","embeddable":true,"href":"https:\/\/alvarelloseditora.gal\/es\/wp-json\/wp\/v2\/product_tag?post=2853"}],"curies":[{"name":"wp","href":"https:\/\/api.w.org\/{rel}","templated":true}]}}