{"id":2852,"date":"2019-12-27T13:42:20","date_gmt":"2019-12-27T14:03:24","guid":{"rendered":"https:\/\/nueva.alvarellos.info\/product\/queres-ler-un-libro-comigo\/"},"modified":"2021-06-24T13:16:55","modified_gmt":"2021-06-24T11:16:55","slug":"queres-ler-un-libro-comigo","status":"publish","type":"product","link":"https:\/\/alvarelloseditora.gal\/es\/libro\/queres-ler-un-libro-comigo\/","title":{"rendered":"Queres ler un libro comigo?"},"content":{"rendered":"<p><strong>MIRA ESTE V\u00cdDEO DE UX\u00cdA [+3] CONTANDO LA HISTORIA DE ANT\u00d3N<\/strong><\/p>\n<p><iframe loading=\"lazy\" title=\"Queres ler un libro comigo? Ux\u00eda [+3] vaite axudar...\" width=\"1170\" height=\"658\" src=\"https:\/\/www.youtube.com\/embed\/hzmX_-zE5-Q?feature=oembed\" frameborder=\"0\" allow=\"accelerometer; autoplay; clipboard-write; encrypted-media; gyroscope; picture-in-picture\" allowfullscreen><\/iframe><\/p>\n<p><a href=\"https:\/\/alvarelloseditora.gal\/wp-content\/uploads\/2019\/12\/Ficha_1_Queres_ler_libro_comigo.pdf\" target=\"_blank\" rel=\"noopener\"> PDF [Ficha + nota de prensa]<\/a><\/p>\n<p>&nbsp;<\/p>\n<p><strong>INTERIOR<\/strong><\/p>\n<p><a href=\"https:\/\/issuu.com\/alvarelloseditora\/docs\/queres_ler_libro_comigo_alvarellos_\">Queres ler un libro comigo? by Alvarellos Editora &#8211; issuu<\/a><\/p>\n<hr \/>\n<p><a href=\"http:\/\/www.culturagalega.org\/noticia.php?id=27609\">19\/06\/2017 <strong>Culturagalega.org<\/strong>\u00a0Alvarellos engade o libro infantil ilustrado ao seu cat\u00e1logo<\/a><br \/>\n<a href=\"http:\/\/www.lavozdegalicia.es\/noticia\/santiago\/2017\/06\/14\/alvarellos-editora-inicia-coleccion-libros-infantiles-cuarenta-aniversario\/0003_201706S14C10992.htm\">14\/06\/2017 <strong>La Voz de Galicia\u00a0<\/strong>Alvarellos Editora inicia una colecci\u00f3n de libros infantiles por su cuarenta aniversario<\/a><br \/>\n<a href=\"http:\/\/www.sermosgaliza.gal\/articulo\/cultura\/alvarellos-celebra-40-entrando-no-mercado-infantil\/20170613195113058537.html\">13\/06\/2017 <strong>Sermos Galiza<\/strong>\u00a0Alvarellos celebra os 40 entrando no mercado infantil<\/a><br \/>\n<a href=\"http:\/\/www.galiciaconfidencial.com\/noticia\/59660-alvarellos-editora-inicia-nova-coleccion-libros-infantis-verdemar\">13\/06\/2017 <strong>Galicia Confidencia<\/strong>l Alvarellos Editora inicia a nova colecci\u00f3n de libros infant\u00eds &#8216;Verdemar&#8217;<\/a><\/p>\n","protected":false},"excerpt":{"rendered":"<p>Lawrence Schimel | Ilustrado por Thiago Lopes<\/p>\n<p>&nbsp;<\/p>\n<p>32 p\u00e1xinas Formato: 25&#215;21 cms<br \/>\nISBN 978-84-16460-18-2<br \/>\nCapa dura<br \/>\nIdioma: galego<\/p>\n<p>&nbsp;<\/p>\n<p>Un \u00e1lbum ilustrado que invita a compartir y reflexiona sobre la diversidad [+3 anos]<\/p>\n<p>&nbsp;<\/p>\n<p>EDICI\u00d3N RENOVADA EN TAPA DURA<\/p>\n<p>Ant\u00f3n ya sab\u00eda leer solo, pero quer\u00eda compartir con alguien su libro favorito. Sali\u00f3 todo contento por su barrio y busc\u00f3 y busc\u00f3&#8230;, pero nada. Todo el mundo parec\u00eda tan ocupado&#8230;!<\/p>\n<p>Quieres leer este libro conmigo?<\/p>\n<p>IDAD DE INTER\u00c9S: + 3<br \/>\nNIVEL DE LECTURA: + 5<\/p>\n<p>&nbsp;<\/p>\n<p>Un \u00e1lbum ilustrado publicado en gallego y por primera vez en Espa\u00f1a en el que\u00a0se reflexiona, de un modo divertido y did\u00e1ctico, sobre la necesidad de compartir: en este, caso, compartir un libro. El protagonista quiere leer con alguien su libro favorito. Porque todo lo que se comparte alcanza una mayor dimensi\u00f3n.<\/p>\n<p>&nbsp;<\/p>\n<p>Adem\u00e1s, este cuento ayuda a tratar temas como la exclusi\u00f3n promoviendo el respeto a la diversidad. Nos revela que nunca debemos dar nada por hecho. Que alrededor de uno existe todo un mundo de experiencias por descubrir y todas las personas suman en \u00e9l.<\/p>\n","protected":false},"featured_media":4205,"comment_status":"closed","ping_status":"closed","template":"","meta":[],"product_brand":[],"product_cat":[110],"product_tag":[],"class_list":{"0":"post-2852","1":"product","2":"type-product","3":"status-publish","4":"has-post-thumbnail","6":"product_author-lawrence-schimel-es","7":"product_author-thiago-lopes-es","8":"product_cat-verdemar-es","10":"first","11":"instock","12":"taxable","13":"shipping-taxable","14":"purchasable","15":"product-type-simple"},"yoast_head":"<!-- This site is optimized with the Yoast SEO plugin v27.3 - https:\/\/yoast.com\/product\/yoast-seo-wordpress\/ -->\n<title>Queres ler un libro comigo? - Alvarellos Editora<\/title>\n<meta name=\"description\" content=\"Queres ler un libro comigo?. C\u00f3mprao na tenda en li\u00f1a de Alvarellos Editora.\" \/>\n<meta name=\"robots\" content=\"index, follow, max-snippet:-1, max-image-preview:large, max-video-preview:-1\" \/>\n<link rel=\"canonical\" href=\"https:\/\/alvarelloseditora.gal\/es\/libro\/queres-ler-un-libro-comigo\/\" \/>\n<meta property=\"og:locale\" content=\"es_ES\" \/>\n<meta property=\"og:type\" content=\"article\" \/>\n<meta property=\"og:title\" content=\"Queres ler un libro comigo? - Alvarellos Editora\" \/>\n<meta property=\"og:description\" content=\"Queres ler un libro comigo?. C\u00f3mprao na tenda en li\u00f1a de Alvarellos Editora.\" \/>\n<meta property=\"og:url\" content=\"https:\/\/alvarelloseditora.gal\/es\/libro\/queres-ler-un-libro-comigo\/\" \/>\n<meta property=\"og:site_name\" content=\"Alvarellos Editora\" \/>\n<meta property=\"article:publisher\" content=\"https:\/\/www.facebook.com\/alvarelloseditora\" \/>\n<meta property=\"article:modified_time\" content=\"2021-06-24T11:16:55+00:00\" \/>\n<meta property=\"og:image\" content=\"https:\/\/alvarelloseditora.gal\/wp-content\/uploads\/2019\/12\/Queres_ler_un_libro_comigo_CAPA_DURA-scaled.jpg\" \/>\n\t<meta property=\"og:image:width\" content=\"2103\" \/>\n\t<meta property=\"og:image:height\" content=\"2560\" \/>\n\t<meta property=\"og:image:type\" content=\"image\/jpeg\" \/>\n<meta name=\"twitter:card\" content=\"summary_large_image\" \/>\n<meta name=\"twitter:site\" content=\"@alvarellos_ed\" \/>\n<meta name=\"twitter:label1\" content=\"Tiempo de lectura\" \/>\n\t<meta name=\"twitter:data1\" content=\"1 minuto\" \/>\n<!-- \/ Yoast SEO plugin. -->","yoast_head_json":{"title":"Queres ler un libro comigo? - Alvarellos Editora","description":"Queres ler un libro comigo?. C\u00f3mprao na tenda en li\u00f1a de Alvarellos Editora.","robots":{"index":"index","follow":"follow","max-snippet":"max-snippet:-1","max-image-preview":"max-image-preview:large","max-video-preview":"max-video-preview:-1"},"canonical":"https:\/\/alvarelloseditora.gal\/es\/libro\/queres-ler-un-libro-comigo\/","og_locale":"es_ES","og_type":"article","og_title":"Queres ler un libro comigo? - Alvarellos Editora","og_description":"Queres ler un libro comigo?. C\u00f3mprao na tenda en li\u00f1a de Alvarellos Editora.","og_url":"https:\/\/alvarelloseditora.gal\/es\/libro\/queres-ler-un-libro-comigo\/","og_site_name":"Alvarellos Editora","article_publisher":"https:\/\/www.facebook.com\/alvarelloseditora","article_modified_time":"2021-06-24T11:16:55+00:00","og_image":[{"width":2103,"height":2560,"url":"https:\/\/alvarelloseditora.gal\/wp-content\/uploads\/2019\/12\/Queres_ler_un_libro_comigo_CAPA_DURA-scaled.jpg","type":"image\/jpeg"}],"twitter_card":"summary_large_image","twitter_site":"@alvarellos_ed","twitter_misc":{"Tiempo de lectura":"1 minuto"},"schema":{"@context":"https:\/\/schema.org","@graph":[{"@type":["WebPage","ItemPage"],"@id":"https:\/\/alvarelloseditora.gal\/es\/libro\/queres-ler-un-libro-comigo\/","url":"https:\/\/alvarelloseditora.gal\/es\/libro\/queres-ler-un-libro-comigo\/","name":"Queres ler un libro comigo? - Alvarellos Editora","isPartOf":{"@id":"https:\/\/alvarelloseditora.gal\/#website"},"primaryImageOfPage":{"@id":"https:\/\/alvarelloseditora.gal\/es\/libro\/queres-ler-un-libro-comigo\/#primaryimage"},"image":{"@id":"https:\/\/alvarelloseditora.gal\/es\/libro\/queres-ler-un-libro-comigo\/#primaryimage"},"thumbnailUrl":"https:\/\/alvarelloseditora.gal\/wp-content\/uploads\/2019\/12\/Queres_ler_un_libro_comigo_CAPA_DURA-scaled.jpg","datePublished":"2019-12-27T14:03:24+00:00","dateModified":"2021-06-24T11:16:55+00:00","description":"Queres ler un libro comigo?. C\u00f3mprao na tenda en li\u00f1a de Alvarellos Editora.","breadcrumb":{"@id":"https:\/\/alvarelloseditora.gal\/es\/libro\/queres-ler-un-libro-comigo\/#breadcrumb"},"inLanguage":"es","potentialAction":[{"@type":"ReadAction","target":["https:\/\/alvarelloseditora.gal\/es\/libro\/queres-ler-un-libro-comigo\/"]}]},{"@type":"ImageObject","inLanguage":"es","@id":"https:\/\/alvarelloseditora.gal\/es\/libro\/queres-ler-un-libro-comigo\/#primaryimage","url":"https:\/\/alvarelloseditora.gal\/wp-content\/uploads\/2019\/12\/Queres_ler_un_libro_comigo_CAPA_DURA-scaled.jpg","contentUrl":"https:\/\/alvarelloseditora.gal\/wp-content\/uploads\/2019\/12\/Queres_ler_un_libro_comigo_CAPA_DURA-scaled.jpg","width":2103,"height":2560},{"@type":"BreadcrumbList","@id":"https:\/\/alvarelloseditora.gal\/es\/libro\/queres-ler-un-libro-comigo\/#breadcrumb","itemListElement":[{"@type":"ListItem","position":1,"name":"Portada","item":"https:\/\/alvarelloseditora.gal\/"},{"@type":"ListItem","position":2,"name":"Tienda","item":"https:\/\/alvarelloseditora.gal\/es\/tienda\/"},{"@type":"ListItem","position":3,"name":"Queres ler un libro comigo?"}]},{"@type":"WebSite","@id":"https:\/\/alvarelloseditora.gal\/#website","url":"https:\/\/alvarelloseditora.gal\/","name":"Alvarellos Editora","description":"Libros para un mundo en tr\u00e1nsito","publisher":{"@id":"https:\/\/alvarelloseditora.gal\/#organization"},"potentialAction":[{"@type":"SearchAction","target":{"@type":"EntryPoint","urlTemplate":"https:\/\/alvarelloseditora.gal\/?s={search_term_string}"},"query-input":{"@type":"PropertyValueSpecification","valueRequired":true,"valueName":"search_term_string"}}],"inLanguage":"es"},{"@type":"Organization","@id":"https:\/\/alvarelloseditora.gal\/#organization","name":"Alvarellos Editora","url":"https:\/\/alvarelloseditora.gal\/","logo":{"@type":"ImageObject","inLanguage":"es","@id":"https:\/\/alvarelloseditora.gal\/#\/schema\/logo\/image\/","url":"https:\/\/alvarelloseditora.gal\/wp-content\/uploads\/2020\/02\/alv-icon.png","contentUrl":"https:\/\/alvarelloseditora.gal\/wp-content\/uploads\/2020\/02\/alv-icon.png","width":177,"height":175,"caption":"Alvarellos Editora"},"image":{"@id":"https:\/\/alvarelloseditora.gal\/#\/schema\/logo\/image\/"},"sameAs":["https:\/\/www.facebook.com\/alvarelloseditora","https:\/\/x.com\/alvarellos_ed"]}]}},"_links":{"self":[{"href":"https:\/\/alvarelloseditora.gal\/es\/wp-json\/wp\/v2\/product\/2852","targetHints":{"allow":["GET"]}}],"collection":[{"href":"https:\/\/alvarelloseditora.gal\/es\/wp-json\/wp\/v2\/product"}],"about":[{"href":"https:\/\/alvarelloseditora.gal\/es\/wp-json\/wp\/v2\/types\/product"}],"replies":[{"embeddable":true,"href":"https:\/\/alvarelloseditora.gal\/es\/wp-json\/wp\/v2\/comments?post=2852"}],"wp:featuredmedia":[{"embeddable":true,"href":"https:\/\/alvarelloseditora.gal\/es\/wp-json\/wp\/v2\/media\/4205"}],"wp:attachment":[{"href":"https:\/\/alvarelloseditora.gal\/es\/wp-json\/wp\/v2\/media?parent=2852"}],"wp:term":[{"taxonomy":"product_brand","embeddable":true,"href":"https:\/\/alvarelloseditora.gal\/es\/wp-json\/wp\/v2\/product_brand?post=2852"},{"taxonomy":"product_cat","embeddable":true,"href":"https:\/\/alvarelloseditora.gal\/es\/wp-json\/wp\/v2\/product_cat?post=2852"},{"taxonomy":"product_tag","embeddable":true,"href":"https:\/\/alvarelloseditora.gal\/es\/wp-json\/wp\/v2\/product_tag?post=2852"}],"curies":[{"name":"wp","href":"https:\/\/api.w.org\/{rel}","templated":true}]}}