{"id":2851,"date":"2019-12-27T13:42:20","date_gmt":"2019-12-27T14:03:24","guid":{"rendered":"https:\/\/nueva.alvarellos.info\/product\/pico-sacro\/"},"modified":"2021-06-22T22:36:23","modified_gmt":"2021-06-22T20:36:23","slug":"pico-sacro","status":"publish","type":"product","link":"https:\/\/alvarelloseditora.gal\/es\/libro\/pico-sacro\/","title":{"rendered":"PICO SACRO"},"content":{"rendered":"<p><a href=\"http:\/\/www.galiciadigital.com\/opinion\/opinion.18748.php\">23-08-2017 <strong>Galicia Dixital <\/strong>O PIco Sacro, en Monforte, por Xulio Xiz.<\/a><\/p>\n<p><a href=\"http:\/\/cafebarbantia.barbantia.es\/?p=7454\">14-05-2017 <strong>Caf\u00e9 Barbantia<\/strong> Pico Sacro, ferido polo l\u00f3strego e a Lenda. Por X. Ricardo Losada<\/a><\/p>\n<p><a href=\"http:\/\/www.crtvg.es\/informativos\/un-libro-recolle-referencias-historicas-e-actuais-de-90-escritores-sobre-o-pico-sacro-2929346\">06-05-2017 <strong>Televisi\u00f3n de Galicia-A Revista FDS<\/strong>-Reportaxe dende o alto do Pico Sacro<\/a><\/p>\n","protected":false},"excerpt":{"rendered":"<p>FERIDO POLO L\u00d3STREGO E A LENDA<br \/>\nVv. Aa. Edici\u00f3n: Miro Villar | Xos\u00e9 M. Lobato<\/p>\n<p>&nbsp;<\/p>\n<p>Formato: 14&#215;21 cms. 322 pp.<br \/>\nISBN: 978-84-16460-15-1<\/p>\n<p>&nbsp;<\/p>\n<p>&nbsp;<\/p>\n<p>Si hay una cima o monte m\u00edtico, simb\u00f3lico e hist\u00f3rico a un mismo tiempo, en Galicia, este es el Pico Sacro. Se eleva orgulloso al este de Compostela, en el Concello de Boqueix\u00f3n, a 533 metros de altitud.<\/p>\n<p>Este libro re\u00fane la obra de noventa autores y autoras alrededor de este monte \u00fanico. Una edici\u00f3n al cuidado de Miro Villar y Xos\u00e9 Manuel Lobato, responsables de un trabajo pionero: recopilaron textos cl\u00e1sicos, hist\u00f3ricos -algunos muy desconocidos, otros muy poco divulgados hasta hoy- y los pusieron a dialogar con nuevas composiciones, in\u00e9ditas de autores y autoras actuales.<\/p>\n<p>Desde el\u00a0Rexurdimento\u00a0hasta nuestros d\u00edas, el Pico Sacro fue constante invocaci\u00f3n literaria, y esta obra es la prueba evidente. Poemas, relatos, ensayos, cr\u00f3nicas period\u00edsticas, incluso cuentos infantiles&#8230;<\/p>\n<p>\u00abHistoria y ficci\u00f3n se mezclan aqu\u00ed en un binomio inseparable\u00bb, se\u00f1alan los art\u00edfices de esta convocatoria.<\/p>\n<p>Subamos pues al Pico Sacro. Y alcancemos, desde Galicia, el universo entero. Un universo escrito que se despliega en cada una de estas p\u00e1ginas.<\/p>\n<p>IDO POLO L\u00d3STREGO E A LENDA<\/p>\n<p>&nbsp;<\/p>\n","protected":false},"featured_media":4203,"comment_status":"closed","ping_status":"closed","template":"","meta":[],"product_brand":[],"product_cat":[106],"product_tag":[1045],"class_list":{"0":"post-2851","1":"product","2":"type-product","3":"status-publish","4":"has-post-thumbnail","6":"product_cat-libros-do-sarela-es","7":"product_tag-santiago-de-compostela-y-el-camino","9":"first","10":"instock","11":"taxable","12":"shipping-taxable","13":"purchasable","14":"product-type-simple"},"yoast_head":"<!-- This site is optimized with the Yoast SEO plugin v27.3 - https:\/\/yoast.com\/product\/yoast-seo-wordpress\/ -->\n<title>PICO SACRO - Alvarellos Editora<\/title>\n<meta name=\"description\" content=\"PICO SACRO. C\u00f3mprao na tenda en li\u00f1a de Alvarellos Editora.\" \/>\n<meta name=\"robots\" content=\"index, follow, max-snippet:-1, max-image-preview:large, max-video-preview:-1\" \/>\n<link rel=\"canonical\" href=\"https:\/\/alvarelloseditora.gal\/es\/libro\/pico-sacro\/\" \/>\n<meta property=\"og:locale\" content=\"es_ES\" \/>\n<meta property=\"og:type\" content=\"article\" \/>\n<meta property=\"og:title\" content=\"PICO SACRO - Alvarellos Editora\" \/>\n<meta property=\"og:description\" content=\"PICO SACRO. C\u00f3mprao na tenda en li\u00f1a de Alvarellos Editora.\" \/>\n<meta property=\"og:url\" content=\"https:\/\/alvarelloseditora.gal\/es\/libro\/pico-sacro\/\" \/>\n<meta property=\"og:site_name\" content=\"Alvarellos Editora\" \/>\n<meta property=\"article:publisher\" content=\"https:\/\/www.facebook.com\/alvarelloseditora\" \/>\n<meta property=\"article:modified_time\" content=\"2021-06-22T20:36:23+00:00\" \/>\n<meta property=\"og:image\" content=\"https:\/\/alvarelloseditora.gal\/wp-content\/uploads\/2019\/12\/Pico_Sacro_capa_libro_alvarellos.jpg\" \/>\n\t<meta property=\"og:image:width\" content=\"813\" \/>\n\t<meta property=\"og:image:height\" content=\"1239\" \/>\n\t<meta property=\"og:image:type\" content=\"image\/jpeg\" \/>\n<meta name=\"twitter:card\" content=\"summary_large_image\" \/>\n<meta name=\"twitter:site\" content=\"@alvarellos_ed\" \/>\n<!-- \/ Yoast SEO plugin. -->","yoast_head_json":{"title":"PICO SACRO - Alvarellos Editora","description":"PICO SACRO. C\u00f3mprao na tenda en li\u00f1a de Alvarellos Editora.","robots":{"index":"index","follow":"follow","max-snippet":"max-snippet:-1","max-image-preview":"max-image-preview:large","max-video-preview":"max-video-preview:-1"},"canonical":"https:\/\/alvarelloseditora.gal\/es\/libro\/pico-sacro\/","og_locale":"es_ES","og_type":"article","og_title":"PICO SACRO - Alvarellos Editora","og_description":"PICO SACRO. C\u00f3mprao na tenda en li\u00f1a de Alvarellos Editora.","og_url":"https:\/\/alvarelloseditora.gal\/es\/libro\/pico-sacro\/","og_site_name":"Alvarellos Editora","article_publisher":"https:\/\/www.facebook.com\/alvarelloseditora","article_modified_time":"2021-06-22T20:36:23+00:00","og_image":[{"width":813,"height":1239,"url":"https:\/\/alvarelloseditora.gal\/wp-content\/uploads\/2019\/12\/Pico_Sacro_capa_libro_alvarellos.jpg","type":"image\/jpeg"}],"twitter_card":"summary_large_image","twitter_site":"@alvarellos_ed","schema":{"@context":"https:\/\/schema.org","@graph":[{"@type":["WebPage","ItemPage"],"@id":"https:\/\/alvarelloseditora.gal\/es\/libro\/pico-sacro\/","url":"https:\/\/alvarelloseditora.gal\/es\/libro\/pico-sacro\/","name":"PICO SACRO - Alvarellos Editora","isPartOf":{"@id":"https:\/\/alvarelloseditora.gal\/#website"},"primaryImageOfPage":{"@id":"https:\/\/alvarelloseditora.gal\/es\/libro\/pico-sacro\/#primaryimage"},"image":{"@id":"https:\/\/alvarelloseditora.gal\/es\/libro\/pico-sacro\/#primaryimage"},"thumbnailUrl":"https:\/\/alvarelloseditora.gal\/wp-content\/uploads\/2019\/12\/Pico_Sacro_capa_libro_alvarellos.jpg","datePublished":"2019-12-27T14:03:24+00:00","dateModified":"2021-06-22T20:36:23+00:00","description":"PICO SACRO. C\u00f3mprao na tenda en li\u00f1a de Alvarellos Editora.","breadcrumb":{"@id":"https:\/\/alvarelloseditora.gal\/es\/libro\/pico-sacro\/#breadcrumb"},"inLanguage":"es","potentialAction":[{"@type":"ReadAction","target":["https:\/\/alvarelloseditora.gal\/es\/libro\/pico-sacro\/"]}]},{"@type":"ImageObject","inLanguage":"es","@id":"https:\/\/alvarelloseditora.gal\/es\/libro\/pico-sacro\/#primaryimage","url":"https:\/\/alvarelloseditora.gal\/wp-content\/uploads\/2019\/12\/Pico_Sacro_capa_libro_alvarellos.jpg","contentUrl":"https:\/\/alvarelloseditora.gal\/wp-content\/uploads\/2019\/12\/Pico_Sacro_capa_libro_alvarellos.jpg","width":813,"height":1239},{"@type":"BreadcrumbList","@id":"https:\/\/alvarelloseditora.gal\/es\/libro\/pico-sacro\/#breadcrumb","itemListElement":[{"@type":"ListItem","position":1,"name":"Portada","item":"https:\/\/alvarelloseditora.gal\/"},{"@type":"ListItem","position":2,"name":"Tienda","item":"https:\/\/alvarelloseditora.gal\/es\/tienda\/"},{"@type":"ListItem","position":3,"name":"PICO SACRO"}]},{"@type":"WebSite","@id":"https:\/\/alvarelloseditora.gal\/#website","url":"https:\/\/alvarelloseditora.gal\/","name":"Alvarellos Editora","description":"Libros para un mundo en tr\u00e1nsito","publisher":{"@id":"https:\/\/alvarelloseditora.gal\/#organization"},"potentialAction":[{"@type":"SearchAction","target":{"@type":"EntryPoint","urlTemplate":"https:\/\/alvarelloseditora.gal\/?s={search_term_string}"},"query-input":{"@type":"PropertyValueSpecification","valueRequired":true,"valueName":"search_term_string"}}],"inLanguage":"es"},{"@type":"Organization","@id":"https:\/\/alvarelloseditora.gal\/#organization","name":"Alvarellos Editora","url":"https:\/\/alvarelloseditora.gal\/","logo":{"@type":"ImageObject","inLanguage":"es","@id":"https:\/\/alvarelloseditora.gal\/#\/schema\/logo\/image\/","url":"https:\/\/alvarelloseditora.gal\/wp-content\/uploads\/2020\/02\/alv-icon.png","contentUrl":"https:\/\/alvarelloseditora.gal\/wp-content\/uploads\/2020\/02\/alv-icon.png","width":177,"height":175,"caption":"Alvarellos Editora"},"image":{"@id":"https:\/\/alvarelloseditora.gal\/#\/schema\/logo\/image\/"},"sameAs":["https:\/\/www.facebook.com\/alvarelloseditora","https:\/\/x.com\/alvarellos_ed"]}]}},"_links":{"self":[{"href":"https:\/\/alvarelloseditora.gal\/es\/wp-json\/wp\/v2\/product\/2851","targetHints":{"allow":["GET"]}}],"collection":[{"href":"https:\/\/alvarelloseditora.gal\/es\/wp-json\/wp\/v2\/product"}],"about":[{"href":"https:\/\/alvarelloseditora.gal\/es\/wp-json\/wp\/v2\/types\/product"}],"replies":[{"embeddable":true,"href":"https:\/\/alvarelloseditora.gal\/es\/wp-json\/wp\/v2\/comments?post=2851"}],"wp:featuredmedia":[{"embeddable":true,"href":"https:\/\/alvarelloseditora.gal\/es\/wp-json\/wp\/v2\/media\/4203"}],"wp:attachment":[{"href":"https:\/\/alvarelloseditora.gal\/es\/wp-json\/wp\/v2\/media?parent=2851"}],"wp:term":[{"taxonomy":"product_brand","embeddable":true,"href":"https:\/\/alvarelloseditora.gal\/es\/wp-json\/wp\/v2\/product_brand?post=2851"},{"taxonomy":"product_cat","embeddable":true,"href":"https:\/\/alvarelloseditora.gal\/es\/wp-json\/wp\/v2\/product_cat?post=2851"},{"taxonomy":"product_tag","embeddable":true,"href":"https:\/\/alvarelloseditora.gal\/es\/wp-json\/wp\/v2\/product_tag?post=2851"}],"curies":[{"name":"wp","href":"https:\/\/api.w.org\/{rel}","templated":true}]}}