{"id":2850,"date":"2019-12-27T13:42:20","date_gmt":"2019-12-27T14:03:24","guid":{"rendered":"https:\/\/nueva.alvarellos.info\/product\/poemas-del-diez-de-marzo\/"},"modified":"2021-06-23T13:27:13","modified_gmt":"2021-06-23T11:27:13","slug":"poemas-del-diez-de-marzo","status":"publish","type":"product","link":"https:\/\/alvarelloseditora.gal\/es\/libro\/poemas-del-diez-de-marzo\/","title":{"rendered":"POEMAS DEL DIEZ DE MARZO"},"content":{"rendered":"<p>09-03-2017\u00a0<strong>La Opini\u00f3n de A Coru\u00f1a\u00a0<\/strong><a href=\"http:\/\/www.laopinioncoruna.es\/coruna\/2017\/03\/10\/versos-rafael-barez-cobran-vida\/1160207.html\">Los versos de B\u00e1rez cobran vida<\/a><\/p>\n<p>09-03-2017<strong> Cadena Se<\/strong>r-Hoy por Hoy A Coru\u00f1a\u00a0<a href=\"http:\/\/play.cadenaser.com\/audio\/1489078385_506164\/\">Entrevista a Toya Fern\u00e1ndez<\/a><strong>\u00a0<\/strong><\/p>\n<p>08-03-2017<strong> La Voz de Galicia<\/strong> <a href=\"http:\/\/www.lavozdegalicia.es\/noticia\/coruna\/coruna\/2017\/03\/07\/homenaje-rafael-barez-traves-versos-ineditos\/0003_201703H7C11997.htm\">Un homenaje a Rafael B\u00e1rez a trav\u00e9s de sus versos in\u00e9ditos<\/a><\/p>\n<p>06-03-2017 <strong>La Opini\u00f3n de A Coru\u00f1a<\/strong> <a href=\"http:\/\/www.laopinioncoruna.es\/multimedia\/fotos\/a-coruna-metro\/2017-03-06-85033-presentacion-homenaje-poetico-musical-rafael-barez.html\">Presentaci\u00f3n del Homenaje a Rafael B\u00e1rez<\/a><\/p>\n","protected":false},"excerpt":{"rendered":"<p>Escritos en la c\u00e1rcel<\/p>\n<p>&nbsp;<\/p>\n<p>160 pp | 14 x 21 cms<br \/>\nISBN 978-84-16460-16-8<\/p>\n<p>&nbsp;<\/p>\n<p>Una excepcional edici\u00f3n facsimilar para estos Poemas del Diez de Marzo (escritos en la c\u00e1rcel) los versos in\u00e9ditos del abogado laboralista y pol\u00edtico coru\u00f1\u00e9s Rafael B\u00e1rez (Cambre, 1946-A Coru\u00f1a, 1996), una obra escrita en la prisi\u00f3n de A Coru\u00f1a durante los nueve meses que B\u00e1rez permaneci\u00f3 encarcelado tras ser procesado por los sucesos del Diez de Marzo de 1972 (la protesta sindical en los astilleros de Ferrol onde morir\u00edan, a disparos de la polic\u00eda franquista, dos trabajadores de Comisiones Obreras. Hoy el Diez de Marzo es el D\u00eda da Clase Obreira Galega).<\/p>\n<p>Adem\u00e1s de la reproducci\u00f3n fiel del mecanoscrito completo e in\u00e9dito original, esta edici\u00f3n cuenta con una primera parte donde colaboran el escritor y periodista Manuel Rivas; el catedr\u00e1tico em\u00e9rito de la Universidade de Santiago, Xes\u00fas Alonso Montero; el senador y ex-presidente del Principado de Asturias, Vicente \u00c1lvarez Areces, y el historiador Jos\u00e9 G\u00f3mez Al\u00e9n. Adem\u00e1s, ha participado directamente la compa\u00f1era de Rafael, Toya Fern\u00e1ndez, y el colectivo ciudadano \u201cProxecto C\u00e1rcere\u201d, que lucha por la transformaci\u00f3n del edificio de la vieja c\u00e1rcel de A Coru\u00f1a en un espacio para la libertad y la convivencia.<\/p>\n<p>La puesta en marcha de esta cuidada edici\u00f3n, que cuenta con el dise\u00f1o de Pepe Barro, ha sido posible gracias a la colaboraci\u00f3n econ\u00f3mica de m\u00e1s de 400 personas \u2013y colectivos\u2013 que han apoyado el proyecto (diez euros por persona) mediante una amplia y exitosa campa\u00f1a de suscripci\u00f3n.<\/p>\n<p>POEMAS \u00a0DESCUBIERTOS \u00a0EN \u00a0UN \u00a0CAJ\u00d3N<\/p>\n<p>Xes\u00fas Alonso Montero, Manuel Rivas y Toya Fern\u00e1ndez, responsables del cuidado cde la edici\u00f3n, afirman en la nota editorial: \u201cPocas personas en Galicia, del \u00e1mbito pol\u00edtico, han dejado una impronta de simpat\u00eda personal, de adhesi\u00f3n moral y de admiraci\u00f3n como lo ha hecho Rafael B\u00e1rez. Como fue adem\u00e1s un ciudadano esclarecido del mundo de la cultura, cada vez eran m\u00e1s las voces, en estos tiempos de miseria, que reclamaban un digno reconocimiento a su biograf\u00eda. Aqu\u00ed las cosas, Toya Fern\u00e1ndez, su compa\u00f1era, descubre en un caj\u00f3n, semiolvidado, un libro, un libro de poemas de Rafael, escrito en la prisi\u00f3n de A Coru\u00f1a en los meses que siguen al Diez de Marzo de 1972, aquel suceso que es un timbre de gloria en la historia de la clase obrera gallega. Este es el poemario que hoy ofrecemos, en edici\u00f3n facsimilar, a amigos, camaradas y admiradores de Rafael B\u00e1rez y de cuantas personas gusten de la poes\u00eda escrita desde dentro de un gran acontecer hist\u00f3rico\u201d.<\/p>\n<p>Toya Fern\u00e1ndez: \u00abCon este libro honramos a memoria de Rafael B\u00e1rez, amigo e compa\u00f1eiro, que exerceu o dereito e a avogac\u00eda como instrumentos de loita pol\u00edtica, de loita a favor das liberdades sindicais, de loita contra a desigualdade e a inxustiza.\u00a0 El, e moitos m\u00e1is, sufriron c\u00e1rcere e represi\u00f3n por esta causa. E \u00e9 al\u00ed no c\u00e1rcere, entre reixas, onde nace este libro de poemas. Porque poden privarche da liberdade de movemento pero nunca da liberdade de pensar como un home libre\u201d.<\/p>\n<p>Xes\u00fas Alonso Montero: \u201cEste poemario, m\u00e1s all\u00e1 del documento, es un conjunto de textos de notable val\u00eda po\u00e9tica. El g\u00e9nero \u2013la poes\u00eda carcelaria\u2013 cuenta en Espa\u00f1a, desde ahora, con un t\u00edtulo muy valioso\u201d.<\/p>\n<p>Manuel Rivas: \u201cAgora sei que non estabamos totalmente indefensos. Nalg\u00fan recanto da s\u00faa terra escondida, Rafael B\u00e1rez ti\u00f1a un arsenal serodio, un dep\u00f3sito de humanidade que levedaba dende 1972\u201d.<\/p>\n<p>Vicente \u00c1lvarez Areces: \u201cEst\u00e1bamos aislados de los presos comunes, y nuestra vida transcurr\u00eda entre un patio interior y las celdas que estaban en una galer\u00eda con acceso directo al patio, por lo que dispon\u00edamos de cierta libertad de movimientos durante el d\u00eda\u201d.<\/p>\n","protected":false},"featured_media":4201,"comment_status":"closed","ping_status":"closed","template":"","meta":[],"product_brand":[],"product_cat":[105],"product_tag":[1042],"class_list":{"0":"post-2850","1":"product","2":"type-product","3":"status-publish","4":"has-post-thumbnail","6":"product_author-rafael-barez-es","7":"product_cat-oeste-es","8":"product_tag-libros-con-memoria-es","10":"first","11":"instock","12":"taxable","13":"shipping-taxable","14":"purchasable","15":"product-type-simple"},"yoast_head":"<!-- This site is optimized with the Yoast SEO plugin v27.3 - https:\/\/yoast.com\/product\/yoast-seo-wordpress\/ -->\n<title>POEMAS DEL DIEZ DE MARZO - Alvarellos Editora<\/title>\n<meta name=\"description\" content=\"POEMAS DEL DIEZ DE MARZO. C\u00f3mprao na tenda en li\u00f1a de Alvarellos Editora.\" \/>\n<meta name=\"robots\" content=\"index, follow, max-snippet:-1, max-image-preview:large, max-video-preview:-1\" \/>\n<link rel=\"canonical\" href=\"https:\/\/alvarelloseditora.gal\/es\/libro\/poemas-del-diez-de-marzo\/\" \/>\n<meta property=\"og:locale\" content=\"es_ES\" \/>\n<meta property=\"og:type\" content=\"article\" \/>\n<meta property=\"og:title\" content=\"POEMAS DEL DIEZ DE MARZO - Alvarellos Editora\" \/>\n<meta property=\"og:description\" content=\"POEMAS DEL DIEZ DE MARZO. C\u00f3mprao na tenda en li\u00f1a de Alvarellos Editora.\" \/>\n<meta property=\"og:url\" content=\"https:\/\/alvarelloseditora.gal\/es\/libro\/poemas-del-diez-de-marzo\/\" \/>\n<meta property=\"og:site_name\" content=\"Alvarellos Editora\" \/>\n<meta property=\"article:publisher\" content=\"https:\/\/www.facebook.com\/alvarelloseditora\" \/>\n<meta property=\"article:modified_time\" content=\"2021-06-23T11:27:13+00:00\" \/>\n<meta property=\"og:image\" content=\"https:\/\/alvarelloseditora.gal\/wp-content\/uploads\/2019\/12\/Poemas_del_Diez_de_Marzo_libro_alvarellos-scaled.jpg\" \/>\n\t<meta property=\"og:image:width\" content=\"1785\" \/>\n\t<meta property=\"og:image:height\" content=\"2560\" \/>\n\t<meta property=\"og:image:type\" content=\"image\/jpeg\" \/>\n<meta name=\"twitter:card\" content=\"summary_large_image\" \/>\n<meta name=\"twitter:site\" content=\"@alvarellos_ed\" \/>\n<!-- \/ Yoast SEO plugin. -->","yoast_head_json":{"title":"POEMAS DEL DIEZ DE MARZO - Alvarellos Editora","description":"POEMAS DEL DIEZ DE MARZO. C\u00f3mprao na tenda en li\u00f1a de Alvarellos Editora.","robots":{"index":"index","follow":"follow","max-snippet":"max-snippet:-1","max-image-preview":"max-image-preview:large","max-video-preview":"max-video-preview:-1"},"canonical":"https:\/\/alvarelloseditora.gal\/es\/libro\/poemas-del-diez-de-marzo\/","og_locale":"es_ES","og_type":"article","og_title":"POEMAS DEL DIEZ DE MARZO - Alvarellos Editora","og_description":"POEMAS DEL DIEZ DE MARZO. C\u00f3mprao na tenda en li\u00f1a de Alvarellos Editora.","og_url":"https:\/\/alvarelloseditora.gal\/es\/libro\/poemas-del-diez-de-marzo\/","og_site_name":"Alvarellos Editora","article_publisher":"https:\/\/www.facebook.com\/alvarelloseditora","article_modified_time":"2021-06-23T11:27:13+00:00","og_image":[{"width":1785,"height":2560,"url":"https:\/\/alvarelloseditora.gal\/wp-content\/uploads\/2019\/12\/Poemas_del_Diez_de_Marzo_libro_alvarellos-scaled.jpg","type":"image\/jpeg"}],"twitter_card":"summary_large_image","twitter_site":"@alvarellos_ed","schema":{"@context":"https:\/\/schema.org","@graph":[{"@type":["WebPage","ItemPage"],"@id":"https:\/\/alvarelloseditora.gal\/es\/libro\/poemas-del-diez-de-marzo\/","url":"https:\/\/alvarelloseditora.gal\/es\/libro\/poemas-del-diez-de-marzo\/","name":"POEMAS DEL DIEZ DE MARZO - Alvarellos Editora","isPartOf":{"@id":"https:\/\/alvarelloseditora.gal\/#website"},"primaryImageOfPage":{"@id":"https:\/\/alvarelloseditora.gal\/es\/libro\/poemas-del-diez-de-marzo\/#primaryimage"},"image":{"@id":"https:\/\/alvarelloseditora.gal\/es\/libro\/poemas-del-diez-de-marzo\/#primaryimage"},"thumbnailUrl":"https:\/\/alvarelloseditora.gal\/wp-content\/uploads\/2019\/12\/Poemas_del_Diez_de_Marzo_libro_alvarellos-scaled.jpg","datePublished":"2019-12-27T14:03:24+00:00","dateModified":"2021-06-23T11:27:13+00:00","description":"POEMAS DEL DIEZ DE MARZO. C\u00f3mprao na tenda en li\u00f1a de Alvarellos Editora.","breadcrumb":{"@id":"https:\/\/alvarelloseditora.gal\/es\/libro\/poemas-del-diez-de-marzo\/#breadcrumb"},"inLanguage":"es","potentialAction":[{"@type":"ReadAction","target":["https:\/\/alvarelloseditora.gal\/es\/libro\/poemas-del-diez-de-marzo\/"]}]},{"@type":"ImageObject","inLanguage":"es","@id":"https:\/\/alvarelloseditora.gal\/es\/libro\/poemas-del-diez-de-marzo\/#primaryimage","url":"https:\/\/alvarelloseditora.gal\/wp-content\/uploads\/2019\/12\/Poemas_del_Diez_de_Marzo_libro_alvarellos-scaled.jpg","contentUrl":"https:\/\/alvarelloseditora.gal\/wp-content\/uploads\/2019\/12\/Poemas_del_Diez_de_Marzo_libro_alvarellos-scaled.jpg","width":1785,"height":2560},{"@type":"BreadcrumbList","@id":"https:\/\/alvarelloseditora.gal\/es\/libro\/poemas-del-diez-de-marzo\/#breadcrumb","itemListElement":[{"@type":"ListItem","position":1,"name":"Portada","item":"https:\/\/alvarelloseditora.gal\/"},{"@type":"ListItem","position":2,"name":"Tienda","item":"https:\/\/alvarelloseditora.gal\/es\/tienda\/"},{"@type":"ListItem","position":3,"name":"POEMAS DEL DIEZ DE MARZO"}]},{"@type":"WebSite","@id":"https:\/\/alvarelloseditora.gal\/#website","url":"https:\/\/alvarelloseditora.gal\/","name":"Alvarellos Editora","description":"Libros para un mundo en tr\u00e1nsito","publisher":{"@id":"https:\/\/alvarelloseditora.gal\/#organization"},"potentialAction":[{"@type":"SearchAction","target":{"@type":"EntryPoint","urlTemplate":"https:\/\/alvarelloseditora.gal\/?s={search_term_string}"},"query-input":{"@type":"PropertyValueSpecification","valueRequired":true,"valueName":"search_term_string"}}],"inLanguage":"es"},{"@type":"Organization","@id":"https:\/\/alvarelloseditora.gal\/#organization","name":"Alvarellos Editora","url":"https:\/\/alvarelloseditora.gal\/","logo":{"@type":"ImageObject","inLanguage":"es","@id":"https:\/\/alvarelloseditora.gal\/#\/schema\/logo\/image\/","url":"https:\/\/alvarelloseditora.gal\/wp-content\/uploads\/2020\/02\/alv-icon.png","contentUrl":"https:\/\/alvarelloseditora.gal\/wp-content\/uploads\/2020\/02\/alv-icon.png","width":177,"height":175,"caption":"Alvarellos Editora"},"image":{"@id":"https:\/\/alvarelloseditora.gal\/#\/schema\/logo\/image\/"},"sameAs":["https:\/\/www.facebook.com\/alvarelloseditora","https:\/\/x.com\/alvarellos_ed"]}]}},"_links":{"self":[{"href":"https:\/\/alvarelloseditora.gal\/es\/wp-json\/wp\/v2\/product\/2850","targetHints":{"allow":["GET"]}}],"collection":[{"href":"https:\/\/alvarelloseditora.gal\/es\/wp-json\/wp\/v2\/product"}],"about":[{"href":"https:\/\/alvarelloseditora.gal\/es\/wp-json\/wp\/v2\/types\/product"}],"replies":[{"embeddable":true,"href":"https:\/\/alvarelloseditora.gal\/es\/wp-json\/wp\/v2\/comments?post=2850"}],"wp:featuredmedia":[{"embeddable":true,"href":"https:\/\/alvarelloseditora.gal\/es\/wp-json\/wp\/v2\/media\/4201"}],"wp:attachment":[{"href":"https:\/\/alvarelloseditora.gal\/es\/wp-json\/wp\/v2\/media?parent=2850"}],"wp:term":[{"taxonomy":"product_brand","embeddable":true,"href":"https:\/\/alvarelloseditora.gal\/es\/wp-json\/wp\/v2\/product_brand?post=2850"},{"taxonomy":"product_cat","embeddable":true,"href":"https:\/\/alvarelloseditora.gal\/es\/wp-json\/wp\/v2\/product_cat?post=2850"},{"taxonomy":"product_tag","embeddable":true,"href":"https:\/\/alvarelloseditora.gal\/es\/wp-json\/wp\/v2\/product_tag?post=2850"}],"curies":[{"name":"wp","href":"https:\/\/api.w.org\/{rel}","templated":true}]}}