{"id":2849,"date":"2019-12-27T13:42:20","date_gmt":"2019-12-27T14:03:24","guid":{"rendered":"https:\/\/nueva.alvarellos.info\/product\/pon-un-psiquiatra-na-tua-vida-e-xa-veras\/"},"modified":"2021-06-22T22:33:53","modified_gmt":"2021-06-22T20:33:53","slug":"pon-un-psiquiatra-na-tua-vida-e-xa-veras","status":"publish","type":"product","link":"https:\/\/alvarelloseditora.gal\/es\/libro\/pon-un-psiquiatra-na-tua-vida-e-xa-veras\/","title":{"rendered":"PON UN PSIQUIATRA NA T\u00daA VIDA&#8230; E XA VER\u00c1S"},"content":{"rendered":"<p>24-03-2017<strong> La Voz de Galicia<\/strong>-Suplemento Fugas <a href=\"http:\/\/www.lavozdegalicia.es\/noticia\/fugas\/2017\/03\/24\/despois-do-croissant-sentanos-divanpon-psiquiatra-pon-psiquiatra\/0003_201703SF24P8991.htm\">Despu\u00e9s do croissant, s\u00e9ntanos no div\u00e1n<\/a>\u00a0Cr\u00edtica de Ram\u00f3n Nicol\u00e1s.<\/p>\n<p>18-03-2017 <strong>Cadena Ser-<\/strong>Galicia <a href=\"http:\/\/cadenaser.com\/emisora\/2017\/03\/18\/radio_galicia\/1489830854_722770.html\">Prohibido deprimirse<\/a>\u00a0(Entrev. a Ursula Heinze)<\/p>\n<p>17-03-2017 <strong>La \u00a0Voz de Galicia<\/strong>-Santiago <a href=\"http:\/\/www.lavozdegalicia.es\/noticia\/santiago\/2017\/03\/17\/pon-psiquiatra-na-tua-vida-xa-veras\/0003_201703S17C11994.htm\">Presentaci\u00f3n en Santiago<\/a><\/p>\n<p>16-03-2017 <strong>Galicia Confidencial<\/strong> <a href=\"http:\/\/www.galiciaconfidencial.com\/noticia\/51793-rsula-heinze-aborda-mundo-depresion-traves-dialogo-paciente-psiquiatra\">Ursula Heinze aborda el mundo de la depresi\u00f3n&#8230;<\/a><\/p>\n","protected":false},"excerpt":{"rendered":"<p>[Un cara a cara entre una enferma de depresi\u00f3n y su psiquiatra]<\/p>\n<p>&nbsp;<\/p>\n<p>177 pp. 14 x 21 cms<br \/>\nISBN 978-84-16460-14-4<\/p>\n<p>&nbsp;<\/p>\n<p>Despu\u00e9s de publicar en 2015 una cr\u00f3nica de su experiencia como interna en un psiqui\u00e1trico, la veterana escritora aborda ahora el mundo de la depresi\u00f3n desde un \u00e1ngulo bien diferente: el revelador di\u00e1logo entre unha paciente y su psiquiatra.<\/p>\n<p>Sally McMahon es una mujer madura que padece una profunda depresi\u00f3n. Para salir del pozo, decide buscar la ayuda de un especialista. Visita a un joven siquiatra, es sesiones mensuales, durante dos a\u00f1os. En ellas van aflorando los conflictos y problemas m\u00e1s hondos de su enfermedad y de su vida: la vejez, la idea de la muerte, la sexualidad, la relaci\u00f3n con los dem\u00e1s, la desilusi\u00f3n&#8230; Y tambi\u00e9n el provecho, o no, de las propias citas m\u00e9dicas.<\/p>\n<p>Despu\u00e9s de publicar &#8230;e os domingos, un croissant. Diario dun encontro coa vida (Alvarellos Editora, 2015), donde Ursula Heinze retrataba el d\u00eda a d\u00eda de los internos de un sanatorio mental, ahora, la prestigiosa escritora alemana (Colonia, 1941) afincada en Galicia regresa con este poderoso, valiente y original relato titulado Pon un psiquiatra na t\u00faa vida\u2026 e xa ver\u00e1s.<\/p>\n<p>La protagonista habla a tumba abierta de su propia depresi\u00f3n. La prosa camina \u00e1gil y atrayente, los di\u00e1logos m\u00e9dico-paciente son enormemente reveladores y en ellos afloran pensamientos profundos alrededor de las grandes dudas, contradicciones y peligros de esta tan extendida enfermedad. En los momentos bajos, Sally solamente se consuela recordando delante del doctor los viajes que hizo por toda Europa en sus a\u00f1os dorados, cuando era una escritora reconocida.<\/p>\n","protected":false},"featured_media":4199,"comment_status":"closed","ping_status":"closed","template":"","meta":[],"product_brand":[],"product_cat":[106],"product_tag":[],"class_list":{"0":"post-2849","1":"product","2":"type-product","3":"status-publish","4":"has-post-thumbnail","6":"product_author-ursula-heinze-es","7":"product_cat-libros-do-sarela-es","9":"first","10":"instock","11":"taxable","12":"shipping-taxable","13":"purchasable","14":"product-type-simple"},"yoast_head":"<!-- This site is optimized with the Yoast SEO plugin v27.3 - https:\/\/yoast.com\/product\/yoast-seo-wordpress\/ -->\n<title>PON UN PSIQUIATRA NA T\u00daA VIDA... E XA VER\u00c1S - Alvarellos Editora<\/title>\n<meta name=\"description\" content=\"PON UN PSIQUIATRA NA T\u00daA VIDA... E XA VER\u00c1S. C\u00f3mprao na tenda en li\u00f1a de Alvarellos Editora.\" \/>\n<meta name=\"robots\" content=\"index, follow, max-snippet:-1, max-image-preview:large, max-video-preview:-1\" \/>\n<link rel=\"canonical\" href=\"https:\/\/alvarelloseditora.gal\/es\/libro\/pon-un-psiquiatra-na-tua-vida-e-xa-veras\/\" \/>\n<meta property=\"og:locale\" content=\"es_ES\" \/>\n<meta property=\"og:type\" content=\"article\" \/>\n<meta property=\"og:title\" content=\"PON UN PSIQUIATRA NA T\u00daA VIDA... E XA VER\u00c1S - Alvarellos Editora\" \/>\n<meta property=\"og:description\" content=\"PON UN PSIQUIATRA NA T\u00daA VIDA... E XA VER\u00c1S. C\u00f3mprao na tenda en li\u00f1a de Alvarellos Editora.\" \/>\n<meta property=\"og:url\" content=\"https:\/\/alvarelloseditora.gal\/es\/libro\/pon-un-psiquiatra-na-tua-vida-e-xa-veras\/\" \/>\n<meta property=\"og:site_name\" content=\"Alvarellos Editora\" \/>\n<meta property=\"article:publisher\" content=\"https:\/\/www.facebook.com\/alvarelloseditora\" \/>\n<meta property=\"article:modified_time\" content=\"2021-06-22T20:33:53+00:00\" \/>\n<meta property=\"og:image\" content=\"https:\/\/alvarelloseditora.gal\/wp-content\/uploads\/2019\/12\/Pon_un_psiquiatra_ursula_alvarellos_libro_capa.jpg\" \/>\n\t<meta property=\"og:image:width\" content=\"826\" \/>\n\t<meta property=\"og:image:height\" content=\"1239\" \/>\n\t<meta property=\"og:image:type\" content=\"image\/jpeg\" \/>\n<meta name=\"twitter:card\" content=\"summary_large_image\" \/>\n<meta name=\"twitter:site\" content=\"@alvarellos_ed\" \/>\n<!-- \/ Yoast SEO plugin. -->","yoast_head_json":{"title":"PON UN PSIQUIATRA NA T\u00daA VIDA... E XA VER\u00c1S - Alvarellos Editora","description":"PON UN PSIQUIATRA NA T\u00daA VIDA... E XA VER\u00c1S. C\u00f3mprao na tenda en li\u00f1a de Alvarellos Editora.","robots":{"index":"index","follow":"follow","max-snippet":"max-snippet:-1","max-image-preview":"max-image-preview:large","max-video-preview":"max-video-preview:-1"},"canonical":"https:\/\/alvarelloseditora.gal\/es\/libro\/pon-un-psiquiatra-na-tua-vida-e-xa-veras\/","og_locale":"es_ES","og_type":"article","og_title":"PON UN PSIQUIATRA NA T\u00daA VIDA... E XA VER\u00c1S - Alvarellos Editora","og_description":"PON UN PSIQUIATRA NA T\u00daA VIDA... E XA VER\u00c1S. C\u00f3mprao na tenda en li\u00f1a de Alvarellos Editora.","og_url":"https:\/\/alvarelloseditora.gal\/es\/libro\/pon-un-psiquiatra-na-tua-vida-e-xa-veras\/","og_site_name":"Alvarellos Editora","article_publisher":"https:\/\/www.facebook.com\/alvarelloseditora","article_modified_time":"2021-06-22T20:33:53+00:00","og_image":[{"width":826,"height":1239,"url":"https:\/\/alvarelloseditora.gal\/wp-content\/uploads\/2019\/12\/Pon_un_psiquiatra_ursula_alvarellos_libro_capa.jpg","type":"image\/jpeg"}],"twitter_card":"summary_large_image","twitter_site":"@alvarellos_ed","schema":{"@context":"https:\/\/schema.org","@graph":[{"@type":["WebPage","ItemPage"],"@id":"https:\/\/alvarelloseditora.gal\/es\/libro\/pon-un-psiquiatra-na-tua-vida-e-xa-veras\/","url":"https:\/\/alvarelloseditora.gal\/es\/libro\/pon-un-psiquiatra-na-tua-vida-e-xa-veras\/","name":"PON UN PSIQUIATRA NA T\u00daA VIDA... E XA VER\u00c1S - Alvarellos Editora","isPartOf":{"@id":"https:\/\/alvarelloseditora.gal\/#website"},"primaryImageOfPage":{"@id":"https:\/\/alvarelloseditora.gal\/es\/libro\/pon-un-psiquiatra-na-tua-vida-e-xa-veras\/#primaryimage"},"image":{"@id":"https:\/\/alvarelloseditora.gal\/es\/libro\/pon-un-psiquiatra-na-tua-vida-e-xa-veras\/#primaryimage"},"thumbnailUrl":"https:\/\/alvarelloseditora.gal\/wp-content\/uploads\/2019\/12\/Pon_un_psiquiatra_ursula_alvarellos_libro_capa.jpg","datePublished":"2019-12-27T14:03:24+00:00","dateModified":"2021-06-22T20:33:53+00:00","description":"PON UN PSIQUIATRA NA T\u00daA VIDA... E XA VER\u00c1S. C\u00f3mprao na tenda en li\u00f1a de Alvarellos Editora.","breadcrumb":{"@id":"https:\/\/alvarelloseditora.gal\/es\/libro\/pon-un-psiquiatra-na-tua-vida-e-xa-veras\/#breadcrumb"},"inLanguage":"es","potentialAction":[{"@type":"ReadAction","target":["https:\/\/alvarelloseditora.gal\/es\/libro\/pon-un-psiquiatra-na-tua-vida-e-xa-veras\/"]}]},{"@type":"ImageObject","inLanguage":"es","@id":"https:\/\/alvarelloseditora.gal\/es\/libro\/pon-un-psiquiatra-na-tua-vida-e-xa-veras\/#primaryimage","url":"https:\/\/alvarelloseditora.gal\/wp-content\/uploads\/2019\/12\/Pon_un_psiquiatra_ursula_alvarellos_libro_capa.jpg","contentUrl":"https:\/\/alvarelloseditora.gal\/wp-content\/uploads\/2019\/12\/Pon_un_psiquiatra_ursula_alvarellos_libro_capa.jpg","width":826,"height":1239},{"@type":"BreadcrumbList","@id":"https:\/\/alvarelloseditora.gal\/es\/libro\/pon-un-psiquiatra-na-tua-vida-e-xa-veras\/#breadcrumb","itemListElement":[{"@type":"ListItem","position":1,"name":"Portada","item":"https:\/\/alvarelloseditora.gal\/"},{"@type":"ListItem","position":2,"name":"Tienda","item":"https:\/\/alvarelloseditora.gal\/es\/tienda\/"},{"@type":"ListItem","position":3,"name":"PON UN PSIQUIATRA NA T\u00daA VIDA&#8230; E XA VER\u00c1S"}]},{"@type":"WebSite","@id":"https:\/\/alvarelloseditora.gal\/#website","url":"https:\/\/alvarelloseditora.gal\/","name":"Alvarellos Editora","description":"Libros para un mundo en tr\u00e1nsito","publisher":{"@id":"https:\/\/alvarelloseditora.gal\/#organization"},"potentialAction":[{"@type":"SearchAction","target":{"@type":"EntryPoint","urlTemplate":"https:\/\/alvarelloseditora.gal\/?s={search_term_string}"},"query-input":{"@type":"PropertyValueSpecification","valueRequired":true,"valueName":"search_term_string"}}],"inLanguage":"es"},{"@type":"Organization","@id":"https:\/\/alvarelloseditora.gal\/#organization","name":"Alvarellos Editora","url":"https:\/\/alvarelloseditora.gal\/","logo":{"@type":"ImageObject","inLanguage":"es","@id":"https:\/\/alvarelloseditora.gal\/#\/schema\/logo\/image\/","url":"https:\/\/alvarelloseditora.gal\/wp-content\/uploads\/2020\/02\/alv-icon.png","contentUrl":"https:\/\/alvarelloseditora.gal\/wp-content\/uploads\/2020\/02\/alv-icon.png","width":177,"height":175,"caption":"Alvarellos Editora"},"image":{"@id":"https:\/\/alvarelloseditora.gal\/#\/schema\/logo\/image\/"},"sameAs":["https:\/\/www.facebook.com\/alvarelloseditora","https:\/\/x.com\/alvarellos_ed"]}]}},"_links":{"self":[{"href":"https:\/\/alvarelloseditora.gal\/es\/wp-json\/wp\/v2\/product\/2849","targetHints":{"allow":["GET"]}}],"collection":[{"href":"https:\/\/alvarelloseditora.gal\/es\/wp-json\/wp\/v2\/product"}],"about":[{"href":"https:\/\/alvarelloseditora.gal\/es\/wp-json\/wp\/v2\/types\/product"}],"replies":[{"embeddable":true,"href":"https:\/\/alvarelloseditora.gal\/es\/wp-json\/wp\/v2\/comments?post=2849"}],"wp:featuredmedia":[{"embeddable":true,"href":"https:\/\/alvarelloseditora.gal\/es\/wp-json\/wp\/v2\/media\/4199"}],"wp:attachment":[{"href":"https:\/\/alvarelloseditora.gal\/es\/wp-json\/wp\/v2\/media?parent=2849"}],"wp:term":[{"taxonomy":"product_brand","embeddable":true,"href":"https:\/\/alvarelloseditora.gal\/es\/wp-json\/wp\/v2\/product_brand?post=2849"},{"taxonomy":"product_cat","embeddable":true,"href":"https:\/\/alvarelloseditora.gal\/es\/wp-json\/wp\/v2\/product_cat?post=2849"},{"taxonomy":"product_tag","embeddable":true,"href":"https:\/\/alvarelloseditora.gal\/es\/wp-json\/wp\/v2\/product_tag?post=2849"}],"curies":[{"name":"wp","href":"https:\/\/api.w.org\/{rel}","templated":true}]}}