{"id":2848,"date":"2019-12-27T13:42:20","date_gmt":"2019-12-27T14:03:24","guid":{"rendered":"https:\/\/nueva.alvarellos.info\/product\/universos-en-orden\/"},"modified":"2021-06-22T15:28:37","modified_gmt":"2021-06-22T13:28:37","slug":"universos-en-orden","status":"publish","type":"product","link":"https:\/\/alvarelloseditora.gal\/es\/libro\/universos-en-orden\/","title":{"rendered":"UNIVERSOS EN ORDEN"},"content":{"rendered":"<p>03-03-2017<strong> El Correo Gallego\u00a0<\/strong><a href=\"http:\/\/www.elcorreogallego.es\/tendencias\/ecg\/universos-orden-nova-achega-da-arte-relixiosa-galega\/idEdicion-2017-03-03\/idNoticia-1043914\/\">Universos en orden\u2019, a nova achega da arte relixiosa galega<\/a><\/p>\n<p>03-03-2017<strong>\u00a0La Voz de Galicia\u00a0<\/strong><a href=\"http:\/\/www.lavozdegalicia.es\/noticia\/santiago\/santiago\/2017\/03\/03\/span-langgl-libro-permite-interpretar-spanspan-langgl-realidade-dende-artespan\/0003_201703S3C10993.htm\">\u00abO libro permite interpretar\u00a0a realidade dende a arte\u00bb<\/a><\/p>\n<p>02-03-2017 <strong>Xornal da USC<\/strong>\u00a0<a href=\"http:\/\/xornal.usc.es\/xornal\/acontece\/2017_03\/noticia_0012.html\"><em>Universos en orden<\/em>, nova achega do Grupo Iacobus<\/a><\/p>\n","protected":false},"excerpt":{"rendered":"<p>Las \u00f3rdenes religiosas y el patrimonio cultural iberoamericano<\/p>\n<p>&nbsp;<\/p>\n<p>2 vol\u00famenes formato 23 x 15 cms<br \/>\n1.468 p\u00e1ginas<br \/>\nISBN 978-84-16460-04-5<\/p>\n<p>&nbsp;<\/p>\n<p>El grupo de investigaci\u00f3n Iacobus de la Universidad de Santiago de Compostela presenta, bajo un t\u00edtulo sugestivo y totalizador -Universos en Orden-, en un formato en dos vol\u00famenes que supera las 1.450 p\u00e1xinas (con un rico aparato gr\u00e1fico), las m\u00e1s recientes aportaciones de 54 historiadores e historiadoras del arte.<\/p>\n","protected":false},"featured_media":4197,"comment_status":"closed","ping_status":"closed","template":"","meta":[],"product_brand":[],"product_cat":[104],"product_tag":[],"class_list":{"0":"post-2848","1":"product","2":"type-product","3":"status-publish","4":"has-post-thumbnail","6":"product_author-varios-autores-es","7":"product_cat-ilustrada-es","9":"first","10":"instock","11":"taxable","12":"shipping-taxable","13":"purchasable","14":"product-type-simple"},"yoast_head":"<!-- This site is optimized with the Yoast SEO plugin v27.3 - https:\/\/yoast.com\/product\/yoast-seo-wordpress\/ -->\n<title>UNIVERSOS EN ORDEN - Alvarellos Editora<\/title>\n<meta name=\"description\" content=\"UNIVERSOS EN ORDEN. C\u00f3mprao na tenda en li\u00f1a de Alvarellos Editora.\" \/>\n<meta name=\"robots\" content=\"index, follow, max-snippet:-1, max-image-preview:large, max-video-preview:-1\" \/>\n<link rel=\"canonical\" href=\"https:\/\/alvarelloseditora.gal\/es\/libro\/universos-en-orden\/\" \/>\n<meta property=\"og:locale\" content=\"es_ES\" \/>\n<meta property=\"og:type\" content=\"article\" \/>\n<meta property=\"og:title\" content=\"UNIVERSOS EN ORDEN - Alvarellos Editora\" \/>\n<meta property=\"og:description\" content=\"UNIVERSOS EN ORDEN. C\u00f3mprao na tenda en li\u00f1a de Alvarellos Editora.\" \/>\n<meta property=\"og:url\" content=\"https:\/\/alvarelloseditora.gal\/es\/libro\/universos-en-orden\/\" \/>\n<meta property=\"og:site_name\" content=\"Alvarellos Editora\" \/>\n<meta property=\"article:publisher\" content=\"https:\/\/www.facebook.com\/alvarelloseditora\" \/>\n<meta property=\"article:modified_time\" content=\"2021-06-22T13:28:37+00:00\" \/>\n<meta property=\"og:image\" content=\"https:\/\/alvarelloseditora.gal\/wp-content\/uploads\/2019\/12\/Universos-en-orden-Vol-1-capa-libro-alvarellos.jpg\" \/>\n\t<meta property=\"og:image:width\" content=\"919\" \/>\n\t<meta property=\"og:image:height\" content=\"1388\" \/>\n\t<meta property=\"og:image:type\" content=\"image\/jpeg\" \/>\n<meta name=\"twitter:card\" content=\"summary_large_image\" \/>\n<meta name=\"twitter:site\" content=\"@alvarellos_ed\" \/>\n<!-- \/ Yoast SEO plugin. -->","yoast_head_json":{"title":"UNIVERSOS EN ORDEN - Alvarellos Editora","description":"UNIVERSOS EN ORDEN. C\u00f3mprao na tenda en li\u00f1a de Alvarellos Editora.","robots":{"index":"index","follow":"follow","max-snippet":"max-snippet:-1","max-image-preview":"max-image-preview:large","max-video-preview":"max-video-preview:-1"},"canonical":"https:\/\/alvarelloseditora.gal\/es\/libro\/universos-en-orden\/","og_locale":"es_ES","og_type":"article","og_title":"UNIVERSOS EN ORDEN - Alvarellos Editora","og_description":"UNIVERSOS EN ORDEN. C\u00f3mprao na tenda en li\u00f1a de Alvarellos Editora.","og_url":"https:\/\/alvarelloseditora.gal\/es\/libro\/universos-en-orden\/","og_site_name":"Alvarellos Editora","article_publisher":"https:\/\/www.facebook.com\/alvarelloseditora","article_modified_time":"2021-06-22T13:28:37+00:00","og_image":[{"width":919,"height":1388,"url":"https:\/\/alvarelloseditora.gal\/wp-content\/uploads\/2019\/12\/Universos-en-orden-Vol-1-capa-libro-alvarellos.jpg","type":"image\/jpeg"}],"twitter_card":"summary_large_image","twitter_site":"@alvarellos_ed","schema":{"@context":"https:\/\/schema.org","@graph":[{"@type":["WebPage","ItemPage"],"@id":"https:\/\/alvarelloseditora.gal\/es\/libro\/universos-en-orden\/","url":"https:\/\/alvarelloseditora.gal\/es\/libro\/universos-en-orden\/","name":"UNIVERSOS EN ORDEN - Alvarellos Editora","isPartOf":{"@id":"https:\/\/alvarelloseditora.gal\/#website"},"primaryImageOfPage":{"@id":"https:\/\/alvarelloseditora.gal\/es\/libro\/universos-en-orden\/#primaryimage"},"image":{"@id":"https:\/\/alvarelloseditora.gal\/es\/libro\/universos-en-orden\/#primaryimage"},"thumbnailUrl":"https:\/\/alvarelloseditora.gal\/wp-content\/uploads\/2019\/12\/Universos-en-orden-Vol-1-capa-libro-alvarellos.jpg","datePublished":"2019-12-27T14:03:24+00:00","dateModified":"2021-06-22T13:28:37+00:00","description":"UNIVERSOS EN ORDEN. C\u00f3mprao na tenda en li\u00f1a de Alvarellos Editora.","breadcrumb":{"@id":"https:\/\/alvarelloseditora.gal\/es\/libro\/universos-en-orden\/#breadcrumb"},"inLanguage":"es","potentialAction":[{"@type":"ReadAction","target":["https:\/\/alvarelloseditora.gal\/es\/libro\/universos-en-orden\/"]}]},{"@type":"ImageObject","inLanguage":"es","@id":"https:\/\/alvarelloseditora.gal\/es\/libro\/universos-en-orden\/#primaryimage","url":"https:\/\/alvarelloseditora.gal\/wp-content\/uploads\/2019\/12\/Universos-en-orden-Vol-1-capa-libro-alvarellos.jpg","contentUrl":"https:\/\/alvarelloseditora.gal\/wp-content\/uploads\/2019\/12\/Universos-en-orden-Vol-1-capa-libro-alvarellos.jpg","width":919,"height":1388},{"@type":"BreadcrumbList","@id":"https:\/\/alvarelloseditora.gal\/es\/libro\/universos-en-orden\/#breadcrumb","itemListElement":[{"@type":"ListItem","position":1,"name":"Portada","item":"https:\/\/alvarelloseditora.gal\/"},{"@type":"ListItem","position":2,"name":"Tienda","item":"https:\/\/alvarelloseditora.gal\/es\/tienda\/"},{"@type":"ListItem","position":3,"name":"UNIVERSOS EN ORDEN"}]},{"@type":"WebSite","@id":"https:\/\/alvarelloseditora.gal\/#website","url":"https:\/\/alvarelloseditora.gal\/","name":"Alvarellos Editora","description":"Libros para un mundo en tr\u00e1nsito","publisher":{"@id":"https:\/\/alvarelloseditora.gal\/#organization"},"potentialAction":[{"@type":"SearchAction","target":{"@type":"EntryPoint","urlTemplate":"https:\/\/alvarelloseditora.gal\/?s={search_term_string}"},"query-input":{"@type":"PropertyValueSpecification","valueRequired":true,"valueName":"search_term_string"}}],"inLanguage":"es"},{"@type":"Organization","@id":"https:\/\/alvarelloseditora.gal\/#organization","name":"Alvarellos Editora","url":"https:\/\/alvarelloseditora.gal\/","logo":{"@type":"ImageObject","inLanguage":"es","@id":"https:\/\/alvarelloseditora.gal\/#\/schema\/logo\/image\/","url":"https:\/\/alvarelloseditora.gal\/wp-content\/uploads\/2020\/02\/alv-icon.png","contentUrl":"https:\/\/alvarelloseditora.gal\/wp-content\/uploads\/2020\/02\/alv-icon.png","width":177,"height":175,"caption":"Alvarellos Editora"},"image":{"@id":"https:\/\/alvarelloseditora.gal\/#\/schema\/logo\/image\/"},"sameAs":["https:\/\/www.facebook.com\/alvarelloseditora","https:\/\/x.com\/alvarellos_ed"]}]}},"_links":{"self":[{"href":"https:\/\/alvarelloseditora.gal\/es\/wp-json\/wp\/v2\/product\/2848","targetHints":{"allow":["GET"]}}],"collection":[{"href":"https:\/\/alvarelloseditora.gal\/es\/wp-json\/wp\/v2\/product"}],"about":[{"href":"https:\/\/alvarelloseditora.gal\/es\/wp-json\/wp\/v2\/types\/product"}],"replies":[{"embeddable":true,"href":"https:\/\/alvarelloseditora.gal\/es\/wp-json\/wp\/v2\/comments?post=2848"}],"wp:featuredmedia":[{"embeddable":true,"href":"https:\/\/alvarelloseditora.gal\/es\/wp-json\/wp\/v2\/media\/4197"}],"wp:attachment":[{"href":"https:\/\/alvarelloseditora.gal\/es\/wp-json\/wp\/v2\/media?parent=2848"}],"wp:term":[{"taxonomy":"product_brand","embeddable":true,"href":"https:\/\/alvarelloseditora.gal\/es\/wp-json\/wp\/v2\/product_brand?post=2848"},{"taxonomy":"product_cat","embeddable":true,"href":"https:\/\/alvarelloseditora.gal\/es\/wp-json\/wp\/v2\/product_cat?post=2848"},{"taxonomy":"product_tag","embeddable":true,"href":"https:\/\/alvarelloseditora.gal\/es\/wp-json\/wp\/v2\/product_tag?post=2848"}],"curies":[{"name":"wp","href":"https:\/\/api.w.org\/{rel}","templated":true}]}}