{"id":2847,"date":"2021-01-15T13:42:20","date_gmt":"2019-12-27T14:03:24","guid":{"rendered":"https:\/\/nueva.alvarellos.info\/product\/de-catro-a-catro\/"},"modified":"2022-05-13T11:16:32","modified_gmt":"2022-05-13T09:16:32","slug":"de-catro-a-catro","status":"publish","type":"product","link":"https:\/\/alvarelloseditora.gal\/es\/libro\/de-catro-a-catro\/","title":{"rendered":"De catro a catro. Manuscrito orixinal"},"content":{"rendered":"<p><strong><a href=\"https:\/\/alvarelloseditora.gal\/wp-content\/uploads\/2019\/12\/NP_ficha_CAST_De_Catro_a_Catro_manuscrito.pdf\" target=\"_blank\" rel=\"noopener\">Nota de prensa<\/a><\/strong><\/p>\n<p>&nbsp;<\/p>\n<p><iframe loading=\"lazy\" title=\"YouTube video player\" src=\"https:\/\/www.youtube.com\/embed\/vK9g6A1lHbI\" width=\"560\" height=\"315\" frameborder=\"0\" allowfullscreen=\"allowfullscreen\"><\/iframe><\/p>\n<p>14-03-2017<strong> La Voz de Galicia<\/strong>-Barbanza\u00a0<a href=\"http:\/\/www.lavozdegalicia.es\/noticia\/barbanza\/2017\/03\/14\/span-langgl-manuscrito-manuel-antonio-permite-resolver-interrogantesspan\/0003_201703B14C4991.htm?utm_source=facebook&amp;utm_medium=referral&amp;utm_campaign=fbbar\">\u00abO manuscrito de Manuel Antonio permite resolver interrogantes\u00bb<\/a><\/p>\n<p>24-02-2017 <strong>La Voz de Galicia<\/strong> \u00a0<a href=\"http:\/\/www.lavozdegalicia.es\/noticia\/literatura\/2017\/02\/24\/manuel-antonio-puno-letrapoesia\/0003_201702B24E3992.htm\">Manuel Antonio de pu\u00f1o e letra\u00a0<\/a>\u00a0Por Rom\u00e1n Ar\u00e9n.<\/p>\n<p>21-02-2017 <strong>Radio Galega<\/strong>-Diario Cultural <a href=\"http:\/\/www.crtvg.es\/rg\/destacados\/diario-cultural-diario-cultural-do-dia-21-02-2017-2747097\">Cr\u00edtica de Chus Nogueira<\/a><\/p>\n<p>20-02-2017 <strong>Televisi\u00f3n de Galicia<\/strong>-Programa Zig Zag. <a href=\"http:\/\/www.crtvg.es\/cultural\/corte-a-corte\/publicado-o-manuscrito-de-de-catro-a-catro-do-poeta-manuel-antonio\">Publicado o manuscrito de De catro a catro<\/a><\/p>\n<p>27-01-2017 <strong>Praza p\u00fablica <\/strong><a href=\"http:\/\/praza.gal\/cultura\/13510\/manuel-antonio-foi-un-espirito-moi-rexo-so-queria-depender-do-seu-propio-albedrio-e-criterio\/\">\u00abManuel Antonio foi un esp\u00edrito moi rexo&#8230;\u00bb. Entrevista a Anxo Tarr\u00edo.<\/a><\/p>\n<p>19-01-2017\u00a0<strong>Faro de Vigo<\/strong>.\u00a0<a href=\"https:\/\/alvarelloseditora.gal\/wp-content\/uploads\/prensa\/24012017-faro_decatroacatro.pdf\" target=\"_blank\" rel=\"noopener noreferrer\"><em>Faro da Cultura<\/em>. De catro a catro. Facs\u00edmile, por A. Requeixo.<\/a><\/p>\n<p>24-12-2016 <strong>Diario de Pontevedra. Por<\/strong>\u00a0<strong>Ram\u00f3n Rozas<\/strong> <a href=\"http:\/\/diariodepontevedra.galiciae.com\/blog\/640841\/horizontes\">\u00abHorizontes\u00bb<\/a><\/p>\n<p>23-12-2016 <strong>Caderno da cr\u00edtica. Por Ram\u00f3n Nicol\u00e1s<\/strong> <a href=\"https:\/\/cadernodacritica.wordpress.com\/2016\/12\/23\/de-catro-a-catro-manuscrito-inedito-de-manuel-antonio\/\">De catro a catro (manuscrito), de Manuel Antonio.<\/a><\/p>\n<p>21-12-2016 <strong>Praza P\u00fablica<\/strong> <a href=\"http:\/\/praza.gal\/cultura\/13296\/publicase-de-catro-a-catro-no-formato-de-caderno-contable-no-que-manuel-antonio-escribiu\/\">Publ\u00edcase &#8216;De catro a catro&#8217; no formato de caderno contable no que Manuel Antonio escribiu<\/a><\/p>\n<p>19-12-2016 <strong>Galiciapress.es<\/strong> <a href=\"http:\/\/www.galiciapress.es\/texto-diario\/mostrar\/554106\/sae-venda-manuscrito-inedito-manuel-antonio-catro-catro\">Sae \u00e1 venda o manuscrito in\u00e9dito de Manuel Antonio &#8216;De catro a catro&#8217;<\/a><\/p>\n<p>19-12-2016 <strong>Galicia Confidencial<\/strong> <a href=\"http:\/\/www.galiciaconfidencial.com\/noticia\/43934-sae-venda-manuscrito-inedito-manuel-antonio-catro-catro-nunha-coidada-edicion-facsimilar\">Sae \u00e1 venda o manuscrito in\u00e9dito de Manuel Antonio &#8216;De catro a catro&#8217; nunha coidada edici\u00f3n facsimilar<\/a><\/p>\n<p>19-12-2016 <strong>El Progreso<\/strong> <a href=\"http:\/\/elprogreso.galiciae.com\/noticia\/638651\/alvarellos-y-el-consorcio-de-santiago-rescatan-el-inedito-manuscrito-de-manuel\">Alvarellos y el Consorcio de Santiago rescatan el in\u00e9dito manuscrito de Manuel Antonio &#8216;De catro a catro&#8217;.<\/a><\/p>\n","protected":false},"excerpt":{"rendered":"<p>2\u00aa EDICI\u00d3N<br \/>\nManuel Antonio<br \/>\n170 pp | 21 x 15 cms.<br \/>\nCarton\u00e9 con sobrecubierta.<br \/>\nISBN 978-84-16460-99-1<\/p>\n<p>&nbsp;<\/p>\n<p>Uno de los manuscritos originales e in\u00e9ditos m\u00e1s esperados de la literatura gallega. Publicado en una cuidada edici\u00f3n facsimilar que\u00a0respeta fielmente el formato original\u00a0en el que fue creado: un cuaderno contable en tapa dura.<\/p>\n<p>De catro a catro, escrito por Manuel Antonio entre los a\u00f1os 1926 y 1927, es\u00a0uno de los libros de poes\u00eda gallega m\u00e1s relevantes de todos los tiempos. Est\u00e1 considerado adem\u00e1s como una\u00a0de las cimas universales de la poes\u00eda vanguardista.<\/p>\n<p>El cuidado de esta edici\u00f3n, que incluye la\u00a0transcripci\u00f3n del texto con la identificaci\u00f3n de sus variantes\u00a0sobre la edici\u00f3n que \u00c1nxel Casal public\u00f3 en Edici\u00f3ns\u00a0N\u00f3s en 1928, y la\u00a0reproducci\u00f3n de varias fotograf\u00edas e ilustraciones muy poco divulgadas hasta hoy, corre a cargo del catedr\u00e1tico de Filolox\u00edas Galega y Portuguesa de la Universidade de Santiago de Compostela,\u00a0Anxo Tarr\u00edo Varela.<\/p>\n<p>Esta obra fue finalista en 2017 en los Premios da Cr\u00edtica de Galicia (categor\u00eda de Creaci\u00f3n) y en la\u00a0Gala do Libro Galego (categor\u00eda de Mejor Iniciativa Bibliogr\u00e1fica).<\/p>\n<p>&nbsp;<\/p>\n<p>Ver interior<\/p>\n","protected":false},"featured_media":6027,"comment_status":"closed","ping_status":"closed","template":"","meta":[],"product_brand":[],"product_cat":[112,111],"product_tag":[],"class_list":{"0":"post-2847","1":"product","2":"type-product","3":"status-publish","4":"has-post-thumbnail","6":"product_author-manuel-antonio-es","7":"product_cat-facsimiles-es","8":"product_cat-coleccion-rescate-es","10":"first","11":"instock","12":"taxable","13":"shipping-taxable","14":"purchasable","15":"product-type-simple"},"yoast_head":"<!-- This site is optimized with the Yoast SEO plugin v27.3 - https:\/\/yoast.com\/product\/yoast-seo-wordpress\/ -->\n<title>De catro a catro. Manuscrito orixinal - Alvarellos Editora<\/title>\n<meta name=\"description\" content=\"De catro a catro. Manuscrito orixinal. C\u00f3mprao na tenda en li\u00f1a de Alvarellos Editora.\" \/>\n<meta name=\"robots\" content=\"index, follow, max-snippet:-1, max-image-preview:large, max-video-preview:-1\" \/>\n<link rel=\"canonical\" href=\"https:\/\/alvarelloseditora.gal\/es\/libro\/de-catro-a-catro\/\" \/>\n<meta property=\"og:locale\" content=\"es_ES\" \/>\n<meta property=\"og:type\" content=\"article\" \/>\n<meta property=\"og:title\" content=\"De catro a catro. Manuscrito orixinal - Alvarellos Editora\" \/>\n<meta property=\"og:description\" content=\"De catro a catro. Manuscrito orixinal. C\u00f3mprao na tenda en li\u00f1a de Alvarellos Editora.\" \/>\n<meta property=\"og:url\" content=\"https:\/\/alvarelloseditora.gal\/es\/libro\/de-catro-a-catro\/\" \/>\n<meta property=\"og:site_name\" content=\"Alvarellos Editora\" \/>\n<meta property=\"article:publisher\" content=\"https:\/\/www.facebook.com\/alvarelloseditora\" \/>\n<meta property=\"article:modified_time\" content=\"2022-05-13T09:16:32+00:00\" \/>\n<meta property=\"og:image\" content=\"https:\/\/alvarelloseditora.gal\/wp-content\/uploads\/2019\/12\/De-catro-a-catro-manuscrito-2a-edi-xan-2021-scaled.jpg\" \/>\n\t<meta property=\"og:image:width\" content=\"2560\" \/>\n\t<meta property=\"og:image:height\" content=\"1734\" \/>\n\t<meta property=\"og:image:type\" content=\"image\/jpeg\" \/>\n<meta name=\"twitter:card\" content=\"summary_large_image\" \/>\n<meta name=\"twitter:site\" content=\"@alvarellos_ed\" \/>\n<meta name=\"twitter:label1\" content=\"Tiempo de lectura\" \/>\n\t<meta name=\"twitter:data1\" content=\"1 minuto\" \/>\n<!-- \/ Yoast SEO plugin. -->","yoast_head_json":{"title":"De catro a catro. Manuscrito orixinal - Alvarellos Editora","description":"De catro a catro. Manuscrito orixinal. C\u00f3mprao na tenda en li\u00f1a de Alvarellos Editora.","robots":{"index":"index","follow":"follow","max-snippet":"max-snippet:-1","max-image-preview":"max-image-preview:large","max-video-preview":"max-video-preview:-1"},"canonical":"https:\/\/alvarelloseditora.gal\/es\/libro\/de-catro-a-catro\/","og_locale":"es_ES","og_type":"article","og_title":"De catro a catro. Manuscrito orixinal - Alvarellos Editora","og_description":"De catro a catro. Manuscrito orixinal. C\u00f3mprao na tenda en li\u00f1a de Alvarellos Editora.","og_url":"https:\/\/alvarelloseditora.gal\/es\/libro\/de-catro-a-catro\/","og_site_name":"Alvarellos Editora","article_publisher":"https:\/\/www.facebook.com\/alvarelloseditora","article_modified_time":"2022-05-13T09:16:32+00:00","og_image":[{"width":2560,"height":1734,"url":"https:\/\/alvarelloseditora.gal\/wp-content\/uploads\/2019\/12\/De-catro-a-catro-manuscrito-2a-edi-xan-2021-scaled.jpg","type":"image\/jpeg"}],"twitter_card":"summary_large_image","twitter_site":"@alvarellos_ed","twitter_misc":{"Tiempo de lectura":"1 minuto"},"schema":{"@context":"https:\/\/schema.org","@graph":[{"@type":["WebPage","ItemPage"],"@id":"https:\/\/alvarelloseditora.gal\/es\/libro\/de-catro-a-catro\/","url":"https:\/\/alvarelloseditora.gal\/es\/libro\/de-catro-a-catro\/","name":"De catro a catro. Manuscrito orixinal - Alvarellos Editora","isPartOf":{"@id":"https:\/\/alvarelloseditora.gal\/#website"},"primaryImageOfPage":{"@id":"https:\/\/alvarelloseditora.gal\/es\/libro\/de-catro-a-catro\/#primaryimage"},"image":{"@id":"https:\/\/alvarelloseditora.gal\/es\/libro\/de-catro-a-catro\/#primaryimage"},"thumbnailUrl":"https:\/\/alvarelloseditora.gal\/wp-content\/uploads\/2019\/12\/De-catro-a-catro-manuscrito-2a-edi-xan-2021-scaled.jpg","datePublished":"2019-12-27T14:03:24+00:00","dateModified":"2022-05-13T09:16:32+00:00","description":"De catro a catro. Manuscrito orixinal. C\u00f3mprao na tenda en li\u00f1a de Alvarellos Editora.","breadcrumb":{"@id":"https:\/\/alvarelloseditora.gal\/es\/libro\/de-catro-a-catro\/#breadcrumb"},"inLanguage":"es","potentialAction":[{"@type":"ReadAction","target":["https:\/\/alvarelloseditora.gal\/es\/libro\/de-catro-a-catro\/"]}]},{"@type":"ImageObject","inLanguage":"es","@id":"https:\/\/alvarelloseditora.gal\/es\/libro\/de-catro-a-catro\/#primaryimage","url":"https:\/\/alvarelloseditora.gal\/wp-content\/uploads\/2019\/12\/De-catro-a-catro-manuscrito-2a-edi-xan-2021-scaled.jpg","contentUrl":"https:\/\/alvarelloseditora.gal\/wp-content\/uploads\/2019\/12\/De-catro-a-catro-manuscrito-2a-edi-xan-2021-scaled.jpg","width":2560,"height":1734,"caption":"DE CATRO A CATRO. MANUSCRITO ORIXINAL"},{"@type":"BreadcrumbList","@id":"https:\/\/alvarelloseditora.gal\/es\/libro\/de-catro-a-catro\/#breadcrumb","itemListElement":[{"@type":"ListItem","position":1,"name":"Portada","item":"https:\/\/alvarelloseditora.gal\/"},{"@type":"ListItem","position":2,"name":"Tienda","item":"https:\/\/alvarelloseditora.gal\/es\/tienda\/"},{"@type":"ListItem","position":3,"name":"De catro a catro. Manuscrito orixinal"}]},{"@type":"WebSite","@id":"https:\/\/alvarelloseditora.gal\/#website","url":"https:\/\/alvarelloseditora.gal\/","name":"Alvarellos Editora","description":"Libros para un mundo en tr\u00e1nsito","publisher":{"@id":"https:\/\/alvarelloseditora.gal\/#organization"},"potentialAction":[{"@type":"SearchAction","target":{"@type":"EntryPoint","urlTemplate":"https:\/\/alvarelloseditora.gal\/?s={search_term_string}"},"query-input":{"@type":"PropertyValueSpecification","valueRequired":true,"valueName":"search_term_string"}}],"inLanguage":"es"},{"@type":"Organization","@id":"https:\/\/alvarelloseditora.gal\/#organization","name":"Alvarellos Editora","url":"https:\/\/alvarelloseditora.gal\/","logo":{"@type":"ImageObject","inLanguage":"es","@id":"https:\/\/alvarelloseditora.gal\/#\/schema\/logo\/image\/","url":"https:\/\/alvarelloseditora.gal\/wp-content\/uploads\/2020\/02\/alv-icon.png","contentUrl":"https:\/\/alvarelloseditora.gal\/wp-content\/uploads\/2020\/02\/alv-icon.png","width":177,"height":175,"caption":"Alvarellos Editora"},"image":{"@id":"https:\/\/alvarelloseditora.gal\/#\/schema\/logo\/image\/"},"sameAs":["https:\/\/www.facebook.com\/alvarelloseditora","https:\/\/x.com\/alvarellos_ed"]}]}},"_links":{"self":[{"href":"https:\/\/alvarelloseditora.gal\/es\/wp-json\/wp\/v2\/product\/2847","targetHints":{"allow":["GET"]}}],"collection":[{"href":"https:\/\/alvarelloseditora.gal\/es\/wp-json\/wp\/v2\/product"}],"about":[{"href":"https:\/\/alvarelloseditora.gal\/es\/wp-json\/wp\/v2\/types\/product"}],"replies":[{"embeddable":true,"href":"https:\/\/alvarelloseditora.gal\/es\/wp-json\/wp\/v2\/comments?post=2847"}],"wp:featuredmedia":[{"embeddable":true,"href":"https:\/\/alvarelloseditora.gal\/es\/wp-json\/wp\/v2\/media\/6027"}],"wp:attachment":[{"href":"https:\/\/alvarelloseditora.gal\/es\/wp-json\/wp\/v2\/media?parent=2847"}],"wp:term":[{"taxonomy":"product_brand","embeddable":true,"href":"https:\/\/alvarelloseditora.gal\/es\/wp-json\/wp\/v2\/product_brand?post=2847"},{"taxonomy":"product_cat","embeddable":true,"href":"https:\/\/alvarelloseditora.gal\/es\/wp-json\/wp\/v2\/product_cat?post=2847"},{"taxonomy":"product_tag","embeddable":true,"href":"https:\/\/alvarelloseditora.gal\/es\/wp-json\/wp\/v2\/product_tag?post=2847"}],"curies":[{"name":"wp","href":"https:\/\/api.w.org\/{rel}","templated":true}]}}