{"id":2846,"date":"2022-01-27T13:42:20","date_gmt":"2022-01-27T12:42:20","guid":{"rendered":"https:\/\/nueva.alvarellos.info\/product\/os-ultimos-carballos-do-banquete-de-conxo\/"},"modified":"2026-02-24T13:42:18","modified_gmt":"2026-02-24T12:42:18","slug":"os-ultimos-carballos-do-banquete-de-conxo","status":"publish","type":"product","link":"https:\/\/alvarelloseditora.gal\/es\/libro\/os-ultimos-carballos-do-banquete-de-conxo\/","title":{"rendered":"Os \u00faltimos carballos do Banquete de Conxo [2\u00aa ed. ampliada]"},"content":{"rendered":"<p>27-01-2017<strong> Lindeiros\u00a0<\/strong><a href=\"http:\/\/lindeiros.gal\/banquete-conxo-recollida-libro\/\">A historia do Banquete de Conxo recollida nun libro<\/a><br \/>\n26-01-2017 <strong>La Voz de Galicia<\/strong>\u00a0<a href=\"http:\/\/www.lavozdegalicia.es\/noticia\/cultura\/2017\/01\/26\/luis-rodriguez-seoane-poeta-do-banquete-conxo\/0003_201701G26P32994.htm\">Luis Rodriguez Seoane, poeta do Banquete de Conxo, por Olivia Tudela\u00a0<\/a><br \/>\n26-01-2017 <strong>La Voz de Galicia-Ed. Santiago<\/strong>\u00a0<a href=\"http:\/\/www.lavozdegalicia.es\/noticia\/santiago\/santiago\/2017\/01\/26\/recorrido-memoria-span-langglxantar-pola-liberdadespan\/0003_201701S26C10993.htm\">Un recorrido por la memoria del \u00abxantar da liberdade\u00bb<\/a><br \/>\n25-01-2017 <strong>Faro de Vigo<\/strong> <a href=\"http:\/\/www.farodevigo.es\/cultura\/2017\/01\/25\/libro-recolle-catro-visions-orixinais\/1611276.html\">Un libro recolle catro visi\u00f3ns sobre o Banquete de Conxo<\/a><br \/>\n24-01-2017 <strong>El Correo Gallego<\/strong> <a href=\"http:\/\/www.elcorreogallego.es\/tendencias\/ecg\/presentase-mercores-libro-ultimos-carballos-do-banquete-conxo\/idEdicion-2017-01-24\/idNoticia-1038013\/\">Pres\u00e9ntase este m\u00e9rcores o libro \u00abOs \u00faltimos carballos do Banquete de Conxo\u00bb.<\/a><br \/>\n19-01-2017 <strong>Faro de Vigo<\/strong>. <a href=\"https:\/\/alvarelloseditora.gal\/wp-content\/uploads\/prensa\/24012017-faro_banquete.pdf\" target=\"_blank\" rel=\"noopener noreferrer\"><em>Faro da Cultura<\/em>. Entrevista a Xurxo Mart\u00ednez Gonz\u00e1lez.<\/a><br \/>\n05-01-2017<strong> Praza P\u00fablica<\/strong> <a href=\"http:\/\/praza.gal\/cultura\/13397\/coa-descuberta-deste-texto-podemos-completar-o-contido-politico-do-banquete-de-conxo\/\">Entrevista a Xurxo Mart\u00ednez Gonz\u00e1lez<\/a><br \/>\n04-01-2017 <strong>Radio Galega<\/strong>\u00a0&#8211; Diario Cultural.\u00a0<a href=\"http:\/\/www.crtvg.es\/rg\/destacados\/diario-cultural-diario-cultural-do-dia-04-01-2017-2604442\">Recuperan o terceiro brinde do Banquete de Conxo. Entrevsita a Xurxo Mart\u00ednez Glez.<\/a><br \/>\n04-01-2017 <strong>Faro de Vigo<\/strong> <a href=\"http:\/\/www.farodevigo.es\/cultura\/2017\/01\/04\/aparece-tercer-brindis-banquete-conxo\/1599056.html\">Aparece el tercer \u00abBrindis\u00bb de Conxo, que se cre\u00eda perdido<\/a><br \/>\n04-01-2017 <strong>NOTA DE PRENSA\u00a0<\/strong><a href=\"http:\/\/alvarellos.info\/arquivos\/novidades\/144\/NP-Aparece-Brindis-Seoane-Banquete-Conxo-xan-2017.pdf\" target=\"_blank\" rel=\"noopener noreferrer\">Aparece o terceiro \u00abBrindis\u00bb do Banquete de Conxo de 1856, o que pronunciou Luis Rodr\u00edguez Seoane<\/a><br \/>\n30-12-2016<strong> La Voz de Galicia<\/strong>-Fugas. Por Ram\u00f3n Nicol\u00e1s <a href=\"http:\/\/www.lavozdegalicia.es\/noticia\/fugas\/2016\/12\/30\/os-segredos-oculta-conxo\/00031483025158263340272.htm\">Os segredos que oculta Conxo<\/a><br \/>\n10-12-2016 <strong>Faro de Vigo<\/strong> <a href=\"http:\/\/www.farodevigo.es\/suscriptor\/sabado\/2016\/12\/10\/ultimos-carballos-do-banquete-conxo\/1585521.html\">Os \u00faltimos carballos do Banquete de Conxo<\/a><br \/>\n23-11-2016 <strong>NOTA DE PRENSA<\/strong> <a href=\"http:\/\/alvarellos.info\/arquivos\/libros\/185\/NP-publicacion-Os-ultimos-carballos-Banquete-Conxo-23-nov-2016.pdf\" target=\"_blank\" rel=\"noopener noreferrer\">O Banquete de Conxo: un xantar que fixo historia de Galicia<\/a><br \/>\n<a href=\"https:\/\/www.elcorreogallego.es\/santiago\/ecg\/el-escenario-del-banquete-de-conxo-en-un-abandono-total\/idEdicion-2014-03-18\/idNoticia-858659\/\">18-3-2014<strong> El Correo Gallego<\/strong> El escenario del Banquete de Conxo, en un abandono total\u00a0<\/a><br \/>\n17-09-2013 <strong>Mundiario.com<\/strong> <a href=\"https:\/\/www.mundiario.com\/articulo\/sociedad\/abandono-hunde-olvido-carballeira-historico-banquete-conxo-1856\/20130917091345010549.html\">\u00abEl abandono hunde en el olvido la hist\u00f3rica carballeira del Banquete de Conxo\u00bb<\/a><\/p>\n<hr \/>\n<hr \/>\n","protected":false},"excerpt":{"rendered":"<p>O libro que impulsou en 2018 a apertura do Bosque do Banquete de Conxo, onde se ergue o Carballo centenario, \u00c1rbore do Ano de Espa\u00f1a 2022.<br \/>\n[2\u00aa edici\u00f3n actualizada e ampliada]<br \/>\nFormato: 12 x 22 cms<br \/>\nISBN 978-84-16460-64-9<br \/>\nCosido a f\u00edo. Impreso en cor<\/p>\n<p>&nbsp;<\/p>\n<p>Incorpora os tres brindes oficiais e tam\u00e9n os clandestinos.<br \/>\nIncl\u00fae oitenta fotograf\u00edas, planos e ilustraci\u00f3ns, trinta delas, novas.<br \/>\nCoordinados polo responsable da edici\u00f3n e coautor, Henrique Alvarellos, escriben tam\u00e9n Xurxo Mart\u00ednez, Francisco Singul, Mart\u00edn Souto e Julio Estrada.<\/p>\n<p>Alvarellos Editora publica no\u00a0ver\u00e1n de 2019 a segunda edici\u00f3n actualizada e ampliada d\u2019Os \u00faltimos carballos do Banquete de Conxo, a obra que, editada en 2016, impulsou a apertura do hist\u00f3rico Bosque do Banquete de Conxo de 1856. Unha edici\u00f3n ao coidado de Henrique Alvarellos (Lugo, 1968), impulsor da apertura ao p\u00fablico deste espazo natural e hist\u00f3rico.<\/p>\n<p>Incorpora m\u00e1is de trinta novas fotograf\u00edas e ilustraci\u00f3ns, actuais e hist\u00f3ricas; os textos completos dos tres brindes pronunciados naquel acto por Aurelio Aguirre, Eduardo Pondal e Luis Rodr\u00edguez Seoane, mais tam\u00e9n a noticia doutros brindes, ata agora desco\u00f1ecidos, tan atrevidos para o seu tempo que nin sequera chegar\u00edan a ser publicados. Xunto a todo isto, moitos datos novos \u2014hist\u00f3ricos e literarios\u2014 sobre este lugar, un mapa actualizado do bosque, e un total de oitenta ilustraci\u00f3ns, planos e fotograf\u00edas.<\/p>\n<p>Viaxamos ao espazo natural que tanto fascinou a Rosal\u00eda de Castro; ao hist\u00f3rico mosteiro que visitou Federico Garc\u00eda Lorca en 1916; ao souto que versou, na bruma do s\u00e9culo XIII, o trobador Joam Airas; e tam\u00e9n, ao lugar de devoci\u00f3n pola Virxe da Cuncha de milleiros de peregrinos dende os tempos medievais.<\/p>\n<p>Todos estes feitos figuran concentrados nun espazo concreto ao sur de Compostela: a carballeira do Banquete de Conxo. Nela, un domingo 2 de marzo de 1856 vivir\u00edase un feito ins\u00f3lito: a celebraci\u00f3n dun banquete democr\u00e1tico onde brindaron xuntos, pola liberdade e a fraternidade, estudantes e artes\u00e1ns. De aqu\u00ed xurdir\u00e1 a xeraci\u00f3n que logo vai promover o Rexurdimento pleno da cultura galega.<\/p>\n<p>Neste bosque, nas marxes do r\u00edo Sar, resiste unha fraga onde se erguen os \u00faltimos carballos centenarios do Banquete de Conxo, testemu\u00f1as vivas de acontecementos \u00fanicos na historia de Galicia.<\/p>\n","protected":false},"featured_media":10490,"comment_status":"closed","ping_status":"closed","template":"","meta":[],"product_brand":[],"product_cat":[105],"product_tag":[1045],"class_list":{"0":"post-2846","1":"product","2":"type-product","3":"status-publish","4":"has-post-thumbnail","6":"product_cat-oeste-es","7":"product_tag-santiago-de-compostela-y-el-camino","9":"first","10":"instock","11":"featured","12":"taxable","13":"shipping-taxable","14":"purchasable","15":"product-type-simple"},"yoast_head":"<!-- This site is optimized with the Yoast SEO plugin v27.3 - https:\/\/yoast.com\/product\/yoast-seo-wordpress\/ -->\n<title>Os \u00faltimos carballos do Banquete de Conxo [2\u00aa ed. ampliada] - Alvarellos Editora<\/title>\n<meta name=\"description\" content=\"Os \u00faltimos carballos do Banquete de Conxo [2\u00aa ed. ampliada]. C\u00f3mprao na tenda en li\u00f1a de Alvarellos Editora.\" \/>\n<meta name=\"robots\" content=\"index, follow, max-snippet:-1, max-image-preview:large, max-video-preview:-1\" \/>\n<link rel=\"canonical\" href=\"https:\/\/alvarelloseditora.gal\/es\/libro\/os-ultimos-carballos-do-banquete-de-conxo\/\" \/>\n<meta property=\"og:locale\" content=\"es_ES\" \/>\n<meta property=\"og:type\" content=\"article\" \/>\n<meta property=\"og:title\" content=\"Os \u00faltimos carballos do Banquete de Conxo [2\u00aa ed. ampliada] - Alvarellos Editora\" \/>\n<meta property=\"og:description\" content=\"Os \u00faltimos carballos do Banquete de Conxo [2\u00aa ed. ampliada]. C\u00f3mprao na tenda en li\u00f1a de Alvarellos Editora.\" \/>\n<meta property=\"og:url\" content=\"https:\/\/alvarelloseditora.gal\/es\/libro\/os-ultimos-carballos-do-banquete-de-conxo\/\" \/>\n<meta property=\"og:site_name\" content=\"Alvarellos Editora\" \/>\n<meta property=\"article:publisher\" content=\"https:\/\/www.facebook.com\/alvarelloseditora\" \/>\n<meta property=\"article:modified_time\" content=\"2026-02-24T12:42:18+00:00\" \/>\n<meta property=\"og:image\" content=\"https:\/\/alvarelloseditora.gal\/wp-content\/uploads\/2022\/01\/9788416460649osultimoscarballos-scaled.jpg\" \/>\n\t<meta property=\"og:image:width\" content=\"1442\" \/>\n\t<meta property=\"og:image:height\" content=\"2560\" \/>\n\t<meta property=\"og:image:type\" content=\"image\/jpeg\" \/>\n<meta name=\"twitter:card\" content=\"summary_large_image\" \/>\n<meta name=\"twitter:site\" content=\"@alvarellos_ed\" \/>\n<meta name=\"twitter:label1\" content=\"Tiempo de lectura\" \/>\n\t<meta name=\"twitter:data1\" content=\"2 minutos\" \/>\n<!-- \/ Yoast SEO plugin. -->","yoast_head_json":{"title":"Os \u00faltimos carballos do Banquete de Conxo [2\u00aa ed. ampliada] - Alvarellos Editora","description":"Os \u00faltimos carballos do Banquete de Conxo [2\u00aa ed. ampliada]. C\u00f3mprao na tenda en li\u00f1a de Alvarellos Editora.","robots":{"index":"index","follow":"follow","max-snippet":"max-snippet:-1","max-image-preview":"max-image-preview:large","max-video-preview":"max-video-preview:-1"},"canonical":"https:\/\/alvarelloseditora.gal\/es\/libro\/os-ultimos-carballos-do-banquete-de-conxo\/","og_locale":"es_ES","og_type":"article","og_title":"Os \u00faltimos carballos do Banquete de Conxo [2\u00aa ed. ampliada] - Alvarellos Editora","og_description":"Os \u00faltimos carballos do Banquete de Conxo [2\u00aa ed. ampliada]. C\u00f3mprao na tenda en li\u00f1a de Alvarellos Editora.","og_url":"https:\/\/alvarelloseditora.gal\/es\/libro\/os-ultimos-carballos-do-banquete-de-conxo\/","og_site_name":"Alvarellos Editora","article_publisher":"https:\/\/www.facebook.com\/alvarelloseditora","article_modified_time":"2026-02-24T12:42:18+00:00","og_image":[{"width":1442,"height":2560,"url":"https:\/\/alvarelloseditora.gal\/wp-content\/uploads\/2022\/01\/9788416460649osultimoscarballos-scaled.jpg","type":"image\/jpeg"}],"twitter_card":"summary_large_image","twitter_site":"@alvarellos_ed","twitter_misc":{"Tiempo de lectura":"2 minutos"},"schema":{"@context":"https:\/\/schema.org","@graph":[{"@type":["WebPage","ItemPage"],"@id":"https:\/\/alvarelloseditora.gal\/es\/libro\/os-ultimos-carballos-do-banquete-de-conxo\/","url":"https:\/\/alvarelloseditora.gal\/es\/libro\/os-ultimos-carballos-do-banquete-de-conxo\/","name":"Os \u00faltimos carballos do Banquete de Conxo [2\u00aa ed. ampliada] - Alvarellos Editora","isPartOf":{"@id":"https:\/\/alvarelloseditora.gal\/#website"},"primaryImageOfPage":{"@id":"https:\/\/alvarelloseditora.gal\/es\/libro\/os-ultimos-carballos-do-banquete-de-conxo\/#primaryimage"},"image":{"@id":"https:\/\/alvarelloseditora.gal\/es\/libro\/os-ultimos-carballos-do-banquete-de-conxo\/#primaryimage"},"thumbnailUrl":"https:\/\/alvarelloseditora.gal\/wp-content\/uploads\/2022\/01\/9788416460649osultimoscarballos-scaled.jpg","datePublished":"2022-01-27T12:42:20+00:00","dateModified":"2026-02-24T12:42:18+00:00","description":"Os \u00faltimos carballos do Banquete de Conxo [2\u00aa ed. ampliada]. C\u00f3mprao na tenda en li\u00f1a de Alvarellos Editora.","breadcrumb":{"@id":"https:\/\/alvarelloseditora.gal\/es\/libro\/os-ultimos-carballos-do-banquete-de-conxo\/#breadcrumb"},"inLanguage":"es","potentialAction":[{"@type":"ReadAction","target":["https:\/\/alvarelloseditora.gal\/es\/libro\/os-ultimos-carballos-do-banquete-de-conxo\/"]}]},{"@type":"ImageObject","inLanguage":"es","@id":"https:\/\/alvarelloseditora.gal\/es\/libro\/os-ultimos-carballos-do-banquete-de-conxo\/#primaryimage","url":"https:\/\/alvarelloseditora.gal\/wp-content\/uploads\/2022\/01\/9788416460649osultimoscarballos-scaled.jpg","contentUrl":"https:\/\/alvarelloseditora.gal\/wp-content\/uploads\/2022\/01\/9788416460649osultimoscarballos-scaled.jpg","width":1442,"height":2560},{"@type":"BreadcrumbList","@id":"https:\/\/alvarelloseditora.gal\/es\/libro\/os-ultimos-carballos-do-banquete-de-conxo\/#breadcrumb","itemListElement":[{"@type":"ListItem","position":1,"name":"Portada","item":"https:\/\/alvarelloseditora.gal\/"},{"@type":"ListItem","position":2,"name":"Tienda","item":"https:\/\/alvarelloseditora.gal\/es\/tienda\/"},{"@type":"ListItem","position":3,"name":"Os \u00faltimos carballos do Banquete de Conxo [2\u00aa ed. ampliada]"}]},{"@type":"WebSite","@id":"https:\/\/alvarelloseditora.gal\/#website","url":"https:\/\/alvarelloseditora.gal\/","name":"Alvarellos Editora","description":"Libros para un mundo en tr\u00e1nsito","publisher":{"@id":"https:\/\/alvarelloseditora.gal\/#organization"},"potentialAction":[{"@type":"SearchAction","target":{"@type":"EntryPoint","urlTemplate":"https:\/\/alvarelloseditora.gal\/?s={search_term_string}"},"query-input":{"@type":"PropertyValueSpecification","valueRequired":true,"valueName":"search_term_string"}}],"inLanguage":"es"},{"@type":"Organization","@id":"https:\/\/alvarelloseditora.gal\/#organization","name":"Alvarellos Editora","url":"https:\/\/alvarelloseditora.gal\/","logo":{"@type":"ImageObject","inLanguage":"es","@id":"https:\/\/alvarelloseditora.gal\/#\/schema\/logo\/image\/","url":"https:\/\/alvarelloseditora.gal\/wp-content\/uploads\/2020\/02\/alv-icon.png","contentUrl":"https:\/\/alvarelloseditora.gal\/wp-content\/uploads\/2020\/02\/alv-icon.png","width":177,"height":175,"caption":"Alvarellos Editora"},"image":{"@id":"https:\/\/alvarelloseditora.gal\/#\/schema\/logo\/image\/"},"sameAs":["https:\/\/www.facebook.com\/alvarelloseditora","https:\/\/x.com\/alvarellos_ed"]}]}},"_links":{"self":[{"href":"https:\/\/alvarelloseditora.gal\/es\/wp-json\/wp\/v2\/product\/2846","targetHints":{"allow":["GET"]}}],"collection":[{"href":"https:\/\/alvarelloseditora.gal\/es\/wp-json\/wp\/v2\/product"}],"about":[{"href":"https:\/\/alvarelloseditora.gal\/es\/wp-json\/wp\/v2\/types\/product"}],"replies":[{"embeddable":true,"href":"https:\/\/alvarelloseditora.gal\/es\/wp-json\/wp\/v2\/comments?post=2846"}],"wp:featuredmedia":[{"embeddable":true,"href":"https:\/\/alvarelloseditora.gal\/es\/wp-json\/wp\/v2\/media\/10490"}],"wp:attachment":[{"href":"https:\/\/alvarelloseditora.gal\/es\/wp-json\/wp\/v2\/media?parent=2846"}],"wp:term":[{"taxonomy":"product_brand","embeddable":true,"href":"https:\/\/alvarelloseditora.gal\/es\/wp-json\/wp\/v2\/product_brand?post=2846"},{"taxonomy":"product_cat","embeddable":true,"href":"https:\/\/alvarelloseditora.gal\/es\/wp-json\/wp\/v2\/product_cat?post=2846"},{"taxonomy":"product_tag","embeddable":true,"href":"https:\/\/alvarelloseditora.gal\/es\/wp-json\/wp\/v2\/product_tag?post=2846"}],"curies":[{"name":"wp","href":"https:\/\/api.w.org\/{rel}","templated":true}]}}