{"id":2845,"date":"2019-12-27T13:41:43","date_gmt":"2019-12-27T13:41:43","guid":{"rendered":"https:\/\/nueva.alvarellos.info\/product\/a-coruna-anos-20\/"},"modified":"2025-07-24T12:40:41","modified_gmt":"2025-07-24T10:40:41","slug":"a-coruna-anos-20","status":"publish","type":"product","link":"https:\/\/alvarelloseditora.gal\/es\/libro\/a-coruna-anos-20\/","title":{"rendered":"A Coru\u00f1a anos 20"},"content":{"rendered":"","protected":false},"excerpt":{"rendered":"<p>Doce postales de gran formato de Luciano Roisin<br \/>\nPack 12 postales con estuche | 29 x 13 cms.<br \/>\nISBN 978-84-16460-09-0<\/p>\n<p>&nbsp;<\/p>\n<p>&nbsp;<\/p>\n<p>Alvarellos Editora saca a la luz un documento gr\u00e1fico muy desconocido de la ciudad de A Coru\u00f1a: la serie completa de las doce im\u00e1genes panor\u00e1micas que, en los a\u00f1os veinte del siglo pasado, comercializ\u00f3 como postales de gran formato (29&#215;13 cms) el fot\u00f3grafo Luciano Roisin, pero que, desde entonces, no hab\u00edan vuelto a ser difundidas. Son doce escenas urbanas de alto valor documental. Presentadas ahora conservando la est\u00e9tica y formato originales y en nuevo estuche editado para la ocasi\u00f3n.<\/p>\n<p>EL NACIMIENTO DEL TURISMO<\/p>\n<p>En la d\u00e9cada de los 20, A Coru\u00f1a, igual que otros puntos de Galicia y Espa\u00f1a, viv\u00eda el\u00a0nacimiento de un turismo que demandaba souvenirs\u00a0gr\u00e1ficos de los lugares m\u00e1s atractivos. El fot\u00f3grafo Luciano Roisin (Par\u00eds, 1884-Barcelona, 1943), reconocido editor de postales afincado en Barcelona (donde fundar\u00eda \u201cLa Casa de la Postal\u201d) confeccion\u00f3 un \u00e1lbum con\u00a0doce im\u00e1genes muy visuales, panor\u00e1micas, de A Coru\u00f1a.\u00a0Desconocemos si Roisin fue el autor de las fotograf\u00edas, solamente sabemos que \u00e9l fue \u00a0su editor\u00a0(pues sol\u00eda tambi\u00e9n encargar el material por toda Espa\u00f1a). La exposici\u00f3n que se ver\u00e1 en A Coru\u00f1a parte de la reproducci\u00f3n directa de uno de los ejemplares originales de postales,\u00a0perteneciente al Archivo Gr\u00e1fico de Alvarellos Editora.<\/p>\n<p>\u00bfQU\u00c9 MUESTRAN LAS IM\u00c1GENES?<\/p>\n<p>Las fotograf\u00edas muestran, en palabras del editor Alvarellos, \u00abuna ciudad hermosa, que hoy contin\u00faa siendo muy atractiva, pero que es muy distinta a la que nos muestra estas doce panor\u00e1micas: las barcas amarradas en el Parrote, el nuevo rascacielos del Banco Pastor sobresaliendo en el skyline (un edificio inaugurado en el oto\u00f1o de 1925, y que fue, con sus 40 metros de alto, el primer rascacielos de Galicia), una playa de Riazor con ba\u00f1istas entre gamelas, los Cantones con los emblem\u00e1ticos hoteles como el Gran Hotel de Francia, el Gran Hotel Londres, el Hotel Palace o el Atlantic Hotel&#8230; Frente a ellos apenas vemos coches, solamente tranv\u00edas y peatones. Y tambi\u00e9n tenemos panor\u00e1micas como la del Castillo de San Ant\u00f3n, la Torre de H\u00e9rcules, una vista \u2014muy diferente a la actual\u2014 desde la Torre, o la actividad en el Puerto con un barco pesquero que, en el momento de la foto, est\u00e1 echando las redes, con el sistema del cerco, a escasos metros del litoral\u201d.<\/p>\n<p>\u201cLuciano Roisin sempre buscaba perspectivas extraordinarias das cidades, moi visuais e de gran profundidade, como a que obt\u00e9n dende o alto do ra\u00f1aceos do Banco Pastor. Ser\u00e1 unha delicia para coru\u00f1eses e visitantes; non o dubidamos\u201d, concl\u00fae Alvarellos.<\/p>\n<p>\u21d2 VER A CORU\u00d1A ANOS 20 (II). Ocho\u00a0nuevas\u00a0panor\u00e1micas.<\/p>\n","protected":false},"featured_media":4191,"comment_status":"closed","ping_status":"closed","template":"","meta":[],"product_brand":[],"product_cat":[109],"product_tag":[],"class_list":{"0":"post-2845","1":"product","2":"type-product","3":"status-publish","4":"has-post-thumbnail","6":"product_author-luciano-roisin-es","7":"product_cat-varia-es","9":"first","10":"instock","11":"taxable","12":"shipping-taxable","13":"purchasable","14":"product-type-simple"},"yoast_head":"<!-- This site is optimized with the Yoast SEO plugin v27.3 - https:\/\/yoast.com\/product\/yoast-seo-wordpress\/ -->\n<title>A Coru\u00f1a anos 20 - Alvarellos Editora<\/title>\n<meta name=\"description\" content=\"A Coru\u00f1a anos 20. C\u00f3mprao na tenda en li\u00f1a de Alvarellos Editora.\" \/>\n<meta name=\"robots\" content=\"index, follow, max-snippet:-1, max-image-preview:large, max-video-preview:-1\" \/>\n<link rel=\"canonical\" href=\"https:\/\/alvarelloseditora.gal\/es\/libro\/a-coruna-anos-20\/\" \/>\n<meta property=\"og:locale\" content=\"es_ES\" \/>\n<meta property=\"og:type\" content=\"article\" \/>\n<meta property=\"og:title\" content=\"A Coru\u00f1a anos 20 - Alvarellos Editora\" \/>\n<meta property=\"og:description\" content=\"A Coru\u00f1a anos 20. C\u00f3mprao na tenda en li\u00f1a de Alvarellos Editora.\" \/>\n<meta property=\"og:url\" content=\"https:\/\/alvarelloseditora.gal\/es\/libro\/a-coruna-anos-20\/\" \/>\n<meta property=\"og:site_name\" content=\"Alvarellos Editora\" \/>\n<meta property=\"article:publisher\" content=\"https:\/\/www.facebook.com\/alvarelloseditora\" \/>\n<meta property=\"article:modified_time\" content=\"2025-07-24T10:40:41+00:00\" \/>\n<meta property=\"og:image\" content=\"https:\/\/alvarelloseditora.gal\/wp-content\/uploads\/2019\/12\/Coruna-b-Anos-20-pack-postais-alvarellos.jpg\" \/>\n\t<meta property=\"og:image:width\" content=\"768\" \/>\n\t<meta property=\"og:image:height\" content=\"1004\" \/>\n\t<meta property=\"og:image:type\" content=\"image\/jpeg\" \/>\n<meta name=\"twitter:card\" content=\"summary_large_image\" \/>\n<meta name=\"twitter:site\" content=\"@alvarellos_ed\" \/>\n<meta name=\"twitter:label1\" content=\"Tiempo de lectura\" \/>\n\t<meta name=\"twitter:data1\" content=\"1 minuto\" \/>\n<!-- \/ Yoast SEO plugin. -->","yoast_head_json":{"title":"A Coru\u00f1a anos 20 - Alvarellos Editora","description":"A Coru\u00f1a anos 20. C\u00f3mprao na tenda en li\u00f1a de Alvarellos Editora.","robots":{"index":"index","follow":"follow","max-snippet":"max-snippet:-1","max-image-preview":"max-image-preview:large","max-video-preview":"max-video-preview:-1"},"canonical":"https:\/\/alvarelloseditora.gal\/es\/libro\/a-coruna-anos-20\/","og_locale":"es_ES","og_type":"article","og_title":"A Coru\u00f1a anos 20 - Alvarellos Editora","og_description":"A Coru\u00f1a anos 20. C\u00f3mprao na tenda en li\u00f1a de Alvarellos Editora.","og_url":"https:\/\/alvarelloseditora.gal\/es\/libro\/a-coruna-anos-20\/","og_site_name":"Alvarellos Editora","article_publisher":"https:\/\/www.facebook.com\/alvarelloseditora","article_modified_time":"2025-07-24T10:40:41+00:00","og_image":[{"width":768,"height":1004,"url":"https:\/\/alvarelloseditora.gal\/wp-content\/uploads\/2019\/12\/Coruna-b-Anos-20-pack-postais-alvarellos.jpg","type":"image\/jpeg"}],"twitter_card":"summary_large_image","twitter_site":"@alvarellos_ed","twitter_misc":{"Tiempo de lectura":"1 minuto"},"schema":{"@context":"https:\/\/schema.org","@graph":[{"@type":["WebPage","ItemPage"],"@id":"https:\/\/alvarelloseditora.gal\/es\/libro\/a-coruna-anos-20\/","url":"https:\/\/alvarelloseditora.gal\/es\/libro\/a-coruna-anos-20\/","name":"A Coru\u00f1a anos 20 - Alvarellos Editora","isPartOf":{"@id":"https:\/\/alvarelloseditora.gal\/#website"},"primaryImageOfPage":{"@id":"https:\/\/alvarelloseditora.gal\/es\/libro\/a-coruna-anos-20\/#primaryimage"},"image":{"@id":"https:\/\/alvarelloseditora.gal\/es\/libro\/a-coruna-anos-20\/#primaryimage"},"thumbnailUrl":"https:\/\/alvarelloseditora.gal\/wp-content\/uploads\/2019\/12\/Coruna-b-Anos-20-pack-postais-alvarellos.jpg","datePublished":"2019-12-27T13:41:43+00:00","dateModified":"2025-07-24T10:40:41+00:00","description":"A Coru\u00f1a anos 20. C\u00f3mprao na tenda en li\u00f1a de Alvarellos Editora.","breadcrumb":{"@id":"https:\/\/alvarelloseditora.gal\/es\/libro\/a-coruna-anos-20\/#breadcrumb"},"inLanguage":"es","potentialAction":[{"@type":"ReadAction","target":["https:\/\/alvarelloseditora.gal\/es\/libro\/a-coruna-anos-20\/"]}]},{"@type":"ImageObject","inLanguage":"es","@id":"https:\/\/alvarelloseditora.gal\/es\/libro\/a-coruna-anos-20\/#primaryimage","url":"https:\/\/alvarelloseditora.gal\/wp-content\/uploads\/2019\/12\/Coruna-b-Anos-20-pack-postais-alvarellos.jpg","contentUrl":"https:\/\/alvarelloseditora.gal\/wp-content\/uploads\/2019\/12\/Coruna-b-Anos-20-pack-postais-alvarellos.jpg","width":768,"height":1004},{"@type":"BreadcrumbList","@id":"https:\/\/alvarelloseditora.gal\/es\/libro\/a-coruna-anos-20\/#breadcrumb","itemListElement":[{"@type":"ListItem","position":1,"name":"Portada","item":"https:\/\/alvarelloseditora.gal\/"},{"@type":"ListItem","position":2,"name":"Tienda","item":"https:\/\/alvarelloseditora.gal\/es\/tienda\/"},{"@type":"ListItem","position":3,"name":"A Coru\u00f1a anos 20"}]},{"@type":"WebSite","@id":"https:\/\/alvarelloseditora.gal\/#website","url":"https:\/\/alvarelloseditora.gal\/","name":"Alvarellos Editora","description":"Libros para un mundo en tr\u00e1nsito","publisher":{"@id":"https:\/\/alvarelloseditora.gal\/#organization"},"potentialAction":[{"@type":"SearchAction","target":{"@type":"EntryPoint","urlTemplate":"https:\/\/alvarelloseditora.gal\/?s={search_term_string}"},"query-input":{"@type":"PropertyValueSpecification","valueRequired":true,"valueName":"search_term_string"}}],"inLanguage":"es"},{"@type":"Organization","@id":"https:\/\/alvarelloseditora.gal\/#organization","name":"Alvarellos Editora","url":"https:\/\/alvarelloseditora.gal\/","logo":{"@type":"ImageObject","inLanguage":"es","@id":"https:\/\/alvarelloseditora.gal\/#\/schema\/logo\/image\/","url":"https:\/\/alvarelloseditora.gal\/wp-content\/uploads\/2020\/02\/alv-icon.png","contentUrl":"https:\/\/alvarelloseditora.gal\/wp-content\/uploads\/2020\/02\/alv-icon.png","width":177,"height":175,"caption":"Alvarellos Editora"},"image":{"@id":"https:\/\/alvarelloseditora.gal\/#\/schema\/logo\/image\/"},"sameAs":["https:\/\/www.facebook.com\/alvarelloseditora","https:\/\/x.com\/alvarellos_ed"]}]}},"_links":{"self":[{"href":"https:\/\/alvarelloseditora.gal\/es\/wp-json\/wp\/v2\/product\/2845","targetHints":{"allow":["GET"]}}],"collection":[{"href":"https:\/\/alvarelloseditora.gal\/es\/wp-json\/wp\/v2\/product"}],"about":[{"href":"https:\/\/alvarelloseditora.gal\/es\/wp-json\/wp\/v2\/types\/product"}],"replies":[{"embeddable":true,"href":"https:\/\/alvarelloseditora.gal\/es\/wp-json\/wp\/v2\/comments?post=2845"}],"wp:featuredmedia":[{"embeddable":true,"href":"https:\/\/alvarelloseditora.gal\/es\/wp-json\/wp\/v2\/media\/4191"}],"wp:attachment":[{"href":"https:\/\/alvarelloseditora.gal\/es\/wp-json\/wp\/v2\/media?parent=2845"}],"wp:term":[{"taxonomy":"product_brand","embeddable":true,"href":"https:\/\/alvarelloseditora.gal\/es\/wp-json\/wp\/v2\/product_brand?post=2845"},{"taxonomy":"product_cat","embeddable":true,"href":"https:\/\/alvarelloseditora.gal\/es\/wp-json\/wp\/v2\/product_cat?post=2845"},{"taxonomy":"product_tag","embeddable":true,"href":"https:\/\/alvarelloseditora.gal\/es\/wp-json\/wp\/v2\/product_tag?post=2845"}],"curies":[{"name":"wp","href":"https:\/\/api.w.org\/{rel}","templated":true}]}}