{"id":2843,"date":"2019-12-27T13:41:43","date_gmt":"2019-12-27T14:03:01","guid":{"rendered":"https:\/\/nueva.alvarellos.info\/product\/adagio-por-outono\/"},"modified":"2021-06-23T12:12:48","modified_gmt":"2021-06-23T10:12:48","slug":"adagio-por-outono","status":"publish","type":"product","link":"https:\/\/alvarelloseditora.gal\/es\/libro\/adagio-por-outono\/","title":{"rendered":"ADAGIO POR OUTONO"},"content":{"rendered":"<p>03-08-2016<strong> Radio Galega<\/strong>-Diario Cultural <a href=\"http:\/\/www.crtvg.es\/rg\/destacados\/diario-cultural-diario-cultural-do-dia-03-08-2016-2260150\">Entrevista a Modesto Fraga<\/a><\/p>\n","protected":false},"excerpt":{"rendered":"<p>[1\u00ba Premio XLI Certamen de Poes\u00eda Concello de Vilalba]<\/p>\n<p>&nbsp;<\/p>\n<p>76 pp | 14 x 21 cms<br \/>\nISBN 978-84-16460-10-6<\/p>\n<p>&nbsp;<\/p>\n<p>\u00abUna alta sinfon\u00eda del amor donde todo es tocado por el milagro de una luz que emana de la palabra po\u00e9tica\u00bb. De tal modo define la profesora Teresa Seara, en el Pr\u00f3logo de Adagio por outono, la pasi\u00f3n l\u00edrica que destilan estos nuevos versos de Modesto Fraga, escritor de larga y premiada trayectoria literaria que suma, a los muchos reconocimientos recibidos, este primer premio de 2015 en el XLI Certamen Literario del Concello de Vilalba.<\/p>\n<p>Adagio por outono es un homenaje a aquellos poetas italianos que, en el siglo XIII, fueron capaces de romper con la tradici\u00f3n y situar a la mujer en el centro de su l\u00edrica, y al sentimiento amoroso como n\u00facleo de su revoluci\u00f3n est\u00e9tica y de su esperanza. Fueron conocidos como el Dolce Stil Novo.<\/p>\n<p>Modesto Fraga escoge de la tradici\u00f3n la arquitectura plena del soneto y desde ella transita hasta el verso libre. Caminamos, con su palabra, a trav\u00e9s de Florencia, contemplamos la dulzura de los lienzos de Rafael, nos maravillamos ante el P\u00f3rtico de la Gloria en Compostela, o asistimos a un banquete po\u00e9tico donde se dan cita escogidas voces de la literatura y del arte universales de todos los tempos.<\/p>\n<p>Cada lector, cada lectora, encontrar\u00e1 aqu\u00ed poderosas razones para vivir m\u00e1s vidas y\u00a0 m\u00e1s hondas a trav\u00e9s de la poes\u00eda y del amor.<\/p>\n","protected":false},"featured_media":4187,"comment_status":"closed","ping_status":"closed","template":"","meta":[],"product_brand":[],"product_cat":[106],"product_tag":[],"class_list":{"0":"post-2843","1":"product","2":"type-product","3":"status-publish","4":"has-post-thumbnail","6":"product_author-modesto-fraga-es","7":"product_cat-libros-do-sarela-es","9":"first","10":"instock","11":"taxable","12":"shipping-taxable","13":"purchasable","14":"product-type-simple"},"yoast_head":"<!-- This site is optimized with the Yoast SEO plugin v27.3 - https:\/\/yoast.com\/product\/yoast-seo-wordpress\/ -->\n<title>ADAGIO POR OUTONO - Alvarellos Editora<\/title>\n<meta name=\"description\" content=\"ADAGIO POR OUTONO. C\u00f3mprao na tenda en li\u00f1a de Alvarellos Editora.\" \/>\n<meta name=\"robots\" content=\"index, follow, max-snippet:-1, max-image-preview:large, max-video-preview:-1\" \/>\n<link rel=\"canonical\" href=\"https:\/\/alvarelloseditora.gal\/es\/libro\/adagio-por-outono\/\" \/>\n<meta property=\"og:locale\" content=\"es_ES\" \/>\n<meta property=\"og:type\" content=\"article\" \/>\n<meta property=\"og:title\" content=\"ADAGIO POR OUTONO - Alvarellos Editora\" \/>\n<meta property=\"og:description\" content=\"ADAGIO POR OUTONO. C\u00f3mprao na tenda en li\u00f1a de Alvarellos Editora.\" \/>\n<meta property=\"og:url\" content=\"https:\/\/alvarelloseditora.gal\/es\/libro\/adagio-por-outono\/\" \/>\n<meta property=\"og:site_name\" content=\"Alvarellos Editora\" \/>\n<meta property=\"article:publisher\" content=\"https:\/\/www.facebook.com\/alvarelloseditora\" \/>\n<meta property=\"article:modified_time\" content=\"2021-06-23T10:12:48+00:00\" \/>\n<meta property=\"og:image\" content=\"https:\/\/alvarelloseditora.gal\/wp-content\/uploads\/2019\/12\/Adagio-por-outono-capa-alvarellos-editora.jpg\" \/>\n\t<meta property=\"og:image:width\" content=\"801\" \/>\n\t<meta property=\"og:image:height\" content=\"1242\" \/>\n\t<meta property=\"og:image:type\" content=\"image\/jpeg\" \/>\n<meta name=\"twitter:card\" content=\"summary_large_image\" \/>\n<meta name=\"twitter:site\" content=\"@alvarellos_ed\" \/>\n<!-- \/ Yoast SEO plugin. -->","yoast_head_json":{"title":"ADAGIO POR OUTONO - Alvarellos Editora","description":"ADAGIO POR OUTONO. C\u00f3mprao na tenda en li\u00f1a de Alvarellos Editora.","robots":{"index":"index","follow":"follow","max-snippet":"max-snippet:-1","max-image-preview":"max-image-preview:large","max-video-preview":"max-video-preview:-1"},"canonical":"https:\/\/alvarelloseditora.gal\/es\/libro\/adagio-por-outono\/","og_locale":"es_ES","og_type":"article","og_title":"ADAGIO POR OUTONO - Alvarellos Editora","og_description":"ADAGIO POR OUTONO. C\u00f3mprao na tenda en li\u00f1a de Alvarellos Editora.","og_url":"https:\/\/alvarelloseditora.gal\/es\/libro\/adagio-por-outono\/","og_site_name":"Alvarellos Editora","article_publisher":"https:\/\/www.facebook.com\/alvarelloseditora","article_modified_time":"2021-06-23T10:12:48+00:00","og_image":[{"width":801,"height":1242,"url":"https:\/\/alvarelloseditora.gal\/wp-content\/uploads\/2019\/12\/Adagio-por-outono-capa-alvarellos-editora.jpg","type":"image\/jpeg"}],"twitter_card":"summary_large_image","twitter_site":"@alvarellos_ed","schema":{"@context":"https:\/\/schema.org","@graph":[{"@type":["WebPage","ItemPage"],"@id":"https:\/\/alvarelloseditora.gal\/es\/libro\/adagio-por-outono\/","url":"https:\/\/alvarelloseditora.gal\/es\/libro\/adagio-por-outono\/","name":"ADAGIO POR OUTONO - Alvarellos Editora","isPartOf":{"@id":"https:\/\/alvarelloseditora.gal\/#website"},"primaryImageOfPage":{"@id":"https:\/\/alvarelloseditora.gal\/es\/libro\/adagio-por-outono\/#primaryimage"},"image":{"@id":"https:\/\/alvarelloseditora.gal\/es\/libro\/adagio-por-outono\/#primaryimage"},"thumbnailUrl":"https:\/\/alvarelloseditora.gal\/wp-content\/uploads\/2019\/12\/Adagio-por-outono-capa-alvarellos-editora.jpg","datePublished":"2019-12-27T14:03:01+00:00","dateModified":"2021-06-23T10:12:48+00:00","description":"ADAGIO POR OUTONO. C\u00f3mprao na tenda en li\u00f1a de Alvarellos Editora.","breadcrumb":{"@id":"https:\/\/alvarelloseditora.gal\/es\/libro\/adagio-por-outono\/#breadcrumb"},"inLanguage":"es","potentialAction":[{"@type":"ReadAction","target":["https:\/\/alvarelloseditora.gal\/es\/libro\/adagio-por-outono\/"]}]},{"@type":"ImageObject","inLanguage":"es","@id":"https:\/\/alvarelloseditora.gal\/es\/libro\/adagio-por-outono\/#primaryimage","url":"https:\/\/alvarelloseditora.gal\/wp-content\/uploads\/2019\/12\/Adagio-por-outono-capa-alvarellos-editora.jpg","contentUrl":"https:\/\/alvarelloseditora.gal\/wp-content\/uploads\/2019\/12\/Adagio-por-outono-capa-alvarellos-editora.jpg","width":801,"height":1242},{"@type":"BreadcrumbList","@id":"https:\/\/alvarelloseditora.gal\/es\/libro\/adagio-por-outono\/#breadcrumb","itemListElement":[{"@type":"ListItem","position":1,"name":"Portada","item":"https:\/\/alvarelloseditora.gal\/"},{"@type":"ListItem","position":2,"name":"Tienda","item":"https:\/\/alvarelloseditora.gal\/es\/tienda\/"},{"@type":"ListItem","position":3,"name":"ADAGIO POR OUTONO"}]},{"@type":"WebSite","@id":"https:\/\/alvarelloseditora.gal\/#website","url":"https:\/\/alvarelloseditora.gal\/","name":"Alvarellos Editora","description":"Libros para un mundo en tr\u00e1nsito","publisher":{"@id":"https:\/\/alvarelloseditora.gal\/#organization"},"potentialAction":[{"@type":"SearchAction","target":{"@type":"EntryPoint","urlTemplate":"https:\/\/alvarelloseditora.gal\/?s={search_term_string}"},"query-input":{"@type":"PropertyValueSpecification","valueRequired":true,"valueName":"search_term_string"}}],"inLanguage":"es"},{"@type":"Organization","@id":"https:\/\/alvarelloseditora.gal\/#organization","name":"Alvarellos Editora","url":"https:\/\/alvarelloseditora.gal\/","logo":{"@type":"ImageObject","inLanguage":"es","@id":"https:\/\/alvarelloseditora.gal\/#\/schema\/logo\/image\/","url":"https:\/\/alvarelloseditora.gal\/wp-content\/uploads\/2020\/02\/alv-icon.png","contentUrl":"https:\/\/alvarelloseditora.gal\/wp-content\/uploads\/2020\/02\/alv-icon.png","width":177,"height":175,"caption":"Alvarellos Editora"},"image":{"@id":"https:\/\/alvarelloseditora.gal\/#\/schema\/logo\/image\/"},"sameAs":["https:\/\/www.facebook.com\/alvarelloseditora","https:\/\/x.com\/alvarellos_ed"]}]}},"_links":{"self":[{"href":"https:\/\/alvarelloseditora.gal\/es\/wp-json\/wp\/v2\/product\/2843","targetHints":{"allow":["GET"]}}],"collection":[{"href":"https:\/\/alvarelloseditora.gal\/es\/wp-json\/wp\/v2\/product"}],"about":[{"href":"https:\/\/alvarelloseditora.gal\/es\/wp-json\/wp\/v2\/types\/product"}],"replies":[{"embeddable":true,"href":"https:\/\/alvarelloseditora.gal\/es\/wp-json\/wp\/v2\/comments?post=2843"}],"wp:featuredmedia":[{"embeddable":true,"href":"https:\/\/alvarelloseditora.gal\/es\/wp-json\/wp\/v2\/media\/4187"}],"wp:attachment":[{"href":"https:\/\/alvarelloseditora.gal\/es\/wp-json\/wp\/v2\/media?parent=2843"}],"wp:term":[{"taxonomy":"product_brand","embeddable":true,"href":"https:\/\/alvarelloseditora.gal\/es\/wp-json\/wp\/v2\/product_brand?post=2843"},{"taxonomy":"product_cat","embeddable":true,"href":"https:\/\/alvarelloseditora.gal\/es\/wp-json\/wp\/v2\/product_cat?post=2843"},{"taxonomy":"product_tag","embeddable":true,"href":"https:\/\/alvarelloseditora.gal\/es\/wp-json\/wp\/v2\/product_tag?post=2843"}],"curies":[{"name":"wp","href":"https:\/\/api.w.org\/{rel}","templated":true}]}}