{"id":2842,"date":"2019-12-27T13:41:43","date_gmt":"2019-12-27T14:03:01","guid":{"rendered":"https:\/\/nueva.alvarellos.info\/product\/rosa-tantrica\/"},"modified":"2021-06-23T12:12:31","modified_gmt":"2021-06-23T10:12:31","slug":"rosa-tantrica","status":"publish","type":"product","link":"https:\/\/alvarelloseditora.gal\/es\/libro\/rosa-tantrica\/","title":{"rendered":"ROSA T\u00c1NTRICA"},"content":{"rendered":"<p>13-07-2016 <strong>La Voz de Galicia<\/strong> &#8211; Edici\u00f3n Barbanza <a href=\"http:\/\/www.lavozdegalicia.es\/noticia\/barbanza\/2016\/07\/13\/poetas\/00031468350314669227777.htm\">Poetas<\/a>, por Maxi Olariaga<\/p>\n<p>08-07-2016 <strong>Laduda.net<\/strong>\u00a0Luz Pozo Garza e o peiteado do ex presidente\u00a0por Anxo Carracedo<\/p>\n<p>07-07-2016 <strong>Agencia EFE<\/strong>\u00a0<a href=\"http:\/\/espana.servidornoticias.com\/596_galicia\/3921084_pozo-garza-indaga-en-el-misterio-de-la-vida-en-rosa-tantrica.html\">Pozo Garza indaga en el \u00abmisterio de la vida\u00bb en \u00abRosa t\u00e1ntrica\u00bb<\/a><\/p>\n<p>07-07-2016 <strong>La Regi\u00f3n<\/strong> de Ourense<a href=\"http:\/\/www.laregion.es\/articulo\/la-revista\/pozo-dialoga-borges\/20160707172827633800.html\"> Luz Pozo dialoga con Borges<\/a><\/p>\n<p>07-07-2016 <strong>La Opini\u00f3n <\/strong>de A Coru\u00f1a\u00a0<a href=\"http:\/\/ocio.laopinioncoruna.es\/agenda\/noticias\/nws-514974-luz-pozo-garza-presenta-su-nuevo-poemario-titulado-rosa-tantrica.html\">Luz Pozo Garza presenta su nuevo poemario titulado &#8216;Rosa t\u00e1ntrica&#8217;<\/a><\/p>\n<p>07-07-2016 El Correo Gallego\u00a0<a href=\"http:\/\/www.elcorreogallego.es\/tendencias\/ecg\/luz-pozo-retorna-seus-94-anos-uns-versos-retadores\/idEdicion-2016-07-07\/idNoticia-1006797\/\">Luz Pozo retorna \u00f3s seus 94 anos a uns \u201cversos retadores\u201d<\/a><\/p>\n<p>07-07-2016 <strong>La Voz de Galicia<\/strong> <a href=\"http:\/\/www.lavozdegalicia.es\/noticia\/cultura\/2016\/07\/07\/span-langglluz-pozo-mergullase-labirinto-borgiano-traves-da-sua-ultima-obra-rosa-tantricaspan\/0003_201607G7P38991.htm\">Luz Pozo Garza merg\u00fallase no labirinto borgiano&#8230;<\/a><\/p>\n<p>06-07-2016 <strong>La Opini\u00f3n<\/strong> de A Coru\u00f1a <a href=\"http:\/\/ocio.laopinioncoruna.es\/agenda\/noticias\/nws-514617-a-literatura-galega-esta-pasando-hoxe-unha-fase-admirable.html\">Entrevista a Luz Pozo Garza<\/a><\/p>\n<p>01-07-2016 <strong>Galicia Confidencial<\/strong> <a href=\"http:\/\/www.galiciaconfidencial.com\/noticia\/30576-poetisa-galega-luz-pozo-dialoga-borges-xoga-coa-simboloxia-budista-nova-obra-rosa-tantrica\">Luz Pozo dialoga con Borges e xoga coa simbolox\u00eda budista<\/a><\/p>\n<p>09-03-2015 <strong>Mundiario.com<\/strong><a href=\"http:\/\/www.mundiario.com\/articulo\/sociedad\/poeta-luz-pozo-garza-prepara-92-anos-nuevo-libro\/20150309135507027984.html\">\u00a0La poeta Luz Pozo prepara un nuevo libro<\/a>, por Quique Alvarellos<\/p>\n","protected":false},"excerpt":{"rendered":"<p>Un di\u00e1logo con Borges en nuevos y originales poemas<\/p>\n<p>&nbsp;<\/p>\n<p>114 pp | 14 x 21 cms.<br \/>\nISBN 978-84-16460-08-3<\/p>\n<p>&nbsp;<\/p>\n<p>Luz Pozo Garza regresa a la poes\u00eda en gallego con unos versos retadores. Llevan por t\u00edtulo Rosa t\u00e1ntrica e integran la Colecci\u00f3n Libros do Sarela de Alvarellos Editora. Asistimos a un microcosmos po\u00e9tico muy singular. Apartada de cualquier moda o tendencia, la escritora y fil\u00f3loga \u2014nacida en Ribadeo en 1922 y autora de su primer libro de poemas hace case setenta a\u00f1os (\u00c1nfora, 1949)\u2014 establece aqu\u00ed un di\u00e1logo con Jorge Luis Borges a partir del relato \u201cLa rosa de Paracelso\u201d, donde el escritor argentino narra la historia del mago alquimista y de su incr\u00e9dulo disc\u00edpulo. En este cuento, Borges ahonda en el origen de la creaci\u00f3n como algo trascendente. Sobre esta base construye Luz, libre, su Rosa t\u00e1ntrica.<\/p>\n<p>DIEZ ANOS DE TRABAJO\u00a0 EN 63 POEMAS<\/p>\n<p>Es su regreso, despu\u00e9s de Deter o d\u00eda cunha flor (2009), a la poes\u00eda en lengua gallega. Un conjunto de versos \u00a0en los que la creadora estuvo trabajando cerca de una d\u00e9cada. El libro consta de 63 poemas, estructurados en dos partes o \u201cLibros\u201d y trece cap\u00edtulos.<\/p>\n<p>Luz Pozo nos sumerge\u00a0 en un peculiar universo po\u00e9tico en el que, en ocasiones, la puntuaci\u00f3n juega con los lectores y la lengua gallega atrae como im\u00e1n t\u00e9rminos y giros del s\u00e1nscrito, lat\u00edn, ingl\u00e9s, portugu\u00e9s y castellano.<\/p>\n<p>SIMBOLOG\u00cdA BUDISTA<\/p>\n<p>Aqu\u00ed, la simbolog\u00eda budista y el tantra asoman en numerosas ocasiones: la energ\u00eda positiva de Pundarika, el camino al m\u00e1s all\u00e1 de la T\u00e1bula Esmeralda, el ciclo de vida-muerte-vida-reencarnaci\u00f3n del Samsara, la pureza de la Flor de Loto&#8230; Y tambi\u00e9n los enigm\u00e1ticos tigres de Borges o la aparici\u00f3n de fil\u00f3sofos como Carl Jung \u201caquel sabio que entend\u00eda a alma\u201d.<\/p>\n<p>LA IDEA DE ETERNIDADE A TRAV\u00c9S DE LA CREACI\u00d3N<\/p>\n<p>Nos pide Luz, desde su altura vital, que, como ella, nos enfrentemos a la idea de eternidad a trav\u00e9s de la palabra y de la creaci\u00f3n. As\u00ed de rica y complexa es esta misteriosa y trascendente Rosa t\u00e1ntrica.<\/p>\n<p>Esta edici\u00f3n, al cuidado de Olivia Rodr\u00edguez y Henrique Alvarellos, cuenta con la colaboraci\u00f3n de los escritores Carmen Blanco y Claudio Rodr\u00edguez Fer, que firman sendos poemas al final de la obra. Asimismo, Luz Pozo es la responsable de la ilustraci\u00f3n de la capa y de los dibujos interiores.<\/p>\n","protected":false},"featured_media":4185,"comment_status":"closed","ping_status":"closed","template":"","meta":[],"product_brand":[],"product_cat":[106],"product_tag":[],"class_list":{"0":"post-2842","1":"product","2":"type-product","3":"status-publish","4":"has-post-thumbnail","6":"product_author-luz-pozo-garza-es","7":"product_cat-libros-do-sarela-es","9":"first","10":"instock","11":"taxable","12":"shipping-taxable","13":"purchasable","14":"product-type-simple"},"yoast_head":"<!-- This site is optimized with the Yoast SEO plugin v27.3 - https:\/\/yoast.com\/product\/yoast-seo-wordpress\/ -->\n<title>ROSA T\u00c1NTRICA - Alvarellos Editora<\/title>\n<meta name=\"description\" content=\"ROSA T\u00c1NTRICA. C\u00f3mprao na tenda en li\u00f1a de Alvarellos Editora.\" \/>\n<meta name=\"robots\" content=\"index, follow, max-snippet:-1, max-image-preview:large, max-video-preview:-1\" \/>\n<link rel=\"canonical\" href=\"https:\/\/alvarelloseditora.gal\/es\/libro\/rosa-tantrica\/\" \/>\n<meta property=\"og:locale\" content=\"es_ES\" \/>\n<meta property=\"og:type\" content=\"article\" \/>\n<meta property=\"og:title\" content=\"ROSA T\u00c1NTRICA - Alvarellos Editora\" \/>\n<meta property=\"og:description\" content=\"ROSA T\u00c1NTRICA. C\u00f3mprao na tenda en li\u00f1a de Alvarellos Editora.\" \/>\n<meta property=\"og:url\" content=\"https:\/\/alvarelloseditora.gal\/es\/libro\/rosa-tantrica\/\" \/>\n<meta property=\"og:site_name\" content=\"Alvarellos Editora\" \/>\n<meta property=\"article:publisher\" content=\"https:\/\/www.facebook.com\/alvarelloseditora\" \/>\n<meta property=\"article:modified_time\" content=\"2021-06-23T10:12:31+00:00\" \/>\n<meta property=\"og:image\" content=\"https:\/\/alvarelloseditora.gal\/wp-content\/uploads\/2019\/12\/Rosa-tantrica-luz-pozo-garza-libro-alvarellos-editora.jpg\" \/>\n\t<meta property=\"og:image:width\" content=\"811\" \/>\n\t<meta property=\"og:image:height\" content=\"1232\" \/>\n\t<meta property=\"og:image:type\" content=\"image\/jpeg\" \/>\n<meta name=\"twitter:card\" content=\"summary_large_image\" \/>\n<meta name=\"twitter:site\" content=\"@alvarellos_ed\" \/>\n<meta name=\"twitter:label1\" content=\"Tiempo de lectura\" \/>\n\t<meta name=\"twitter:data1\" content=\"1 minuto\" \/>\n<!-- \/ Yoast SEO plugin. -->","yoast_head_json":{"title":"ROSA T\u00c1NTRICA - Alvarellos Editora","description":"ROSA T\u00c1NTRICA. C\u00f3mprao na tenda en li\u00f1a de Alvarellos Editora.","robots":{"index":"index","follow":"follow","max-snippet":"max-snippet:-1","max-image-preview":"max-image-preview:large","max-video-preview":"max-video-preview:-1"},"canonical":"https:\/\/alvarelloseditora.gal\/es\/libro\/rosa-tantrica\/","og_locale":"es_ES","og_type":"article","og_title":"ROSA T\u00c1NTRICA - Alvarellos Editora","og_description":"ROSA T\u00c1NTRICA. C\u00f3mprao na tenda en li\u00f1a de Alvarellos Editora.","og_url":"https:\/\/alvarelloseditora.gal\/es\/libro\/rosa-tantrica\/","og_site_name":"Alvarellos Editora","article_publisher":"https:\/\/www.facebook.com\/alvarelloseditora","article_modified_time":"2021-06-23T10:12:31+00:00","og_image":[{"width":811,"height":1232,"url":"https:\/\/alvarelloseditora.gal\/wp-content\/uploads\/2019\/12\/Rosa-tantrica-luz-pozo-garza-libro-alvarellos-editora.jpg","type":"image\/jpeg"}],"twitter_card":"summary_large_image","twitter_site":"@alvarellos_ed","twitter_misc":{"Tiempo de lectura":"1 minuto"},"schema":{"@context":"https:\/\/schema.org","@graph":[{"@type":["WebPage","ItemPage"],"@id":"https:\/\/alvarelloseditora.gal\/es\/libro\/rosa-tantrica\/","url":"https:\/\/alvarelloseditora.gal\/es\/libro\/rosa-tantrica\/","name":"ROSA T\u00c1NTRICA - Alvarellos Editora","isPartOf":{"@id":"https:\/\/alvarelloseditora.gal\/#website"},"primaryImageOfPage":{"@id":"https:\/\/alvarelloseditora.gal\/es\/libro\/rosa-tantrica\/#primaryimage"},"image":{"@id":"https:\/\/alvarelloseditora.gal\/es\/libro\/rosa-tantrica\/#primaryimage"},"thumbnailUrl":"https:\/\/alvarelloseditora.gal\/wp-content\/uploads\/2019\/12\/Rosa-tantrica-luz-pozo-garza-libro-alvarellos-editora.jpg","datePublished":"2019-12-27T14:03:01+00:00","dateModified":"2021-06-23T10:12:31+00:00","description":"ROSA T\u00c1NTRICA. C\u00f3mprao na tenda en li\u00f1a de Alvarellos Editora.","breadcrumb":{"@id":"https:\/\/alvarelloseditora.gal\/es\/libro\/rosa-tantrica\/#breadcrumb"},"inLanguage":"es","potentialAction":[{"@type":"ReadAction","target":["https:\/\/alvarelloseditora.gal\/es\/libro\/rosa-tantrica\/"]}]},{"@type":"ImageObject","inLanguage":"es","@id":"https:\/\/alvarelloseditora.gal\/es\/libro\/rosa-tantrica\/#primaryimage","url":"https:\/\/alvarelloseditora.gal\/wp-content\/uploads\/2019\/12\/Rosa-tantrica-luz-pozo-garza-libro-alvarellos-editora.jpg","contentUrl":"https:\/\/alvarelloseditora.gal\/wp-content\/uploads\/2019\/12\/Rosa-tantrica-luz-pozo-garza-libro-alvarellos-editora.jpg","width":811,"height":1232},{"@type":"BreadcrumbList","@id":"https:\/\/alvarelloseditora.gal\/es\/libro\/rosa-tantrica\/#breadcrumb","itemListElement":[{"@type":"ListItem","position":1,"name":"Portada","item":"https:\/\/alvarelloseditora.gal\/"},{"@type":"ListItem","position":2,"name":"Tienda","item":"https:\/\/alvarelloseditora.gal\/es\/tienda\/"},{"@type":"ListItem","position":3,"name":"ROSA T\u00c1NTRICA"}]},{"@type":"WebSite","@id":"https:\/\/alvarelloseditora.gal\/#website","url":"https:\/\/alvarelloseditora.gal\/","name":"Alvarellos Editora","description":"Libros para un mundo en tr\u00e1nsito","publisher":{"@id":"https:\/\/alvarelloseditora.gal\/#organization"},"potentialAction":[{"@type":"SearchAction","target":{"@type":"EntryPoint","urlTemplate":"https:\/\/alvarelloseditora.gal\/?s={search_term_string}"},"query-input":{"@type":"PropertyValueSpecification","valueRequired":true,"valueName":"search_term_string"}}],"inLanguage":"es"},{"@type":"Organization","@id":"https:\/\/alvarelloseditora.gal\/#organization","name":"Alvarellos Editora","url":"https:\/\/alvarelloseditora.gal\/","logo":{"@type":"ImageObject","inLanguage":"es","@id":"https:\/\/alvarelloseditora.gal\/#\/schema\/logo\/image\/","url":"https:\/\/alvarelloseditora.gal\/wp-content\/uploads\/2020\/02\/alv-icon.png","contentUrl":"https:\/\/alvarelloseditora.gal\/wp-content\/uploads\/2020\/02\/alv-icon.png","width":177,"height":175,"caption":"Alvarellos Editora"},"image":{"@id":"https:\/\/alvarelloseditora.gal\/#\/schema\/logo\/image\/"},"sameAs":["https:\/\/www.facebook.com\/alvarelloseditora","https:\/\/x.com\/alvarellos_ed"]}]}},"_links":{"self":[{"href":"https:\/\/alvarelloseditora.gal\/es\/wp-json\/wp\/v2\/product\/2842","targetHints":{"allow":["GET"]}}],"collection":[{"href":"https:\/\/alvarelloseditora.gal\/es\/wp-json\/wp\/v2\/product"}],"about":[{"href":"https:\/\/alvarelloseditora.gal\/es\/wp-json\/wp\/v2\/types\/product"}],"replies":[{"embeddable":true,"href":"https:\/\/alvarelloseditora.gal\/es\/wp-json\/wp\/v2\/comments?post=2842"}],"wp:featuredmedia":[{"embeddable":true,"href":"https:\/\/alvarelloseditora.gal\/es\/wp-json\/wp\/v2\/media\/4185"}],"wp:attachment":[{"href":"https:\/\/alvarelloseditora.gal\/es\/wp-json\/wp\/v2\/media?parent=2842"}],"wp:term":[{"taxonomy":"product_brand","embeddable":true,"href":"https:\/\/alvarelloseditora.gal\/es\/wp-json\/wp\/v2\/product_brand?post=2842"},{"taxonomy":"product_cat","embeddable":true,"href":"https:\/\/alvarelloseditora.gal\/es\/wp-json\/wp\/v2\/product_cat?post=2842"},{"taxonomy":"product_tag","embeddable":true,"href":"https:\/\/alvarelloseditora.gal\/es\/wp-json\/wp\/v2\/product_tag?post=2842"}],"curies":[{"name":"wp","href":"https:\/\/api.w.org\/{rel}","templated":true}]}}