{"id":2841,"date":"2019-12-27T13:41:43","date_gmt":"2019-12-27T14:03:01","guid":{"rendered":"https:\/\/nueva.alvarellos.info\/product\/solo-rivas-fontan\/"},"modified":"2021-06-25T12:17:37","modified_gmt":"2021-06-25T10:17:37","slug":"solo-rivas-fontan","status":"publish","type":"product","link":"https:\/\/alvarelloseditora.gal\/es\/libro\/solo-rivas-fontan\/","title":{"rendered":"SOLO RIVAS FONT\u00c1N"},"content":{"rendered":"<p><a href=\"https:\/\/www.youtube.com\/watch?v=orCJwhp-jXQ\"><strong>V\u00cdDEO PRESENTACI\u00d3N EN PONTEVEDRA<\/strong>. Teatro Principal, 23\/05\/2016<\/a><\/p>\n<p><a href=\"http:\/\/pontevedraviva.com\/cultura\/28287\/rivas-fontan-de-vuelta-teatro-principal-para-presentar-memorias\/\"><strong>FOTOGRAF\u00cdAS PRESENTACI\u00d3N EN PONTEVEDRA<\/strong>. Teatro Principal, 23\/05\/2016<\/a><\/p>\n<p><a href=\"https:\/\/www.facebook.com\/alvarelloseditora\/posts\/10155009597804418\"><strong>FOTOGRAF\u00cdAS PRESENTACI\u00d3N EN MADRID<\/strong>. Casa de Galicia, 29\/06\/2016<\/a><a href=\"http:\/\/pontevedraviva.com\/cultura\/28287\/rivas-fontan-de-vuelta-teatro-principal-para-presentar-memorias\/\">\u00a0<\/a><\/p>\n<p>03-07-2016<strong> El Pa\u00eds<\/strong> <a href=\"http:\/\/politica.elpais.com\/politica\/2016\/07\/02\/actualidad\/1467481594_681550.html\">Pon cara de cart\u00f3n, Pepe, cara de cart\u00f3n<\/a>, por Javier Casqueiro<\/p>\n<p>03-07-2016 <strong>El Correo Gallego<\/strong><a href=\"https:\/\/alvarelloseditora.gal\/wp-content\/uploads\/2021\/05\/2016-07-03_ElCorreoGallego-CaetanoDiaz.pdf\" target=\"_blank\" rel=\"noopener noreferrer\"> Salvar al soldado Rivas<\/a>, por Caetano D\u00edaz<\/p>\n<p>30-06-2016 <strong>Cr\u00f3nicas de la Emigraci\u00f3n<\/strong>\u00a0<a href=\"http:\/\/www.cronicasdelaemigracion.com\/articulo\/galicia\/libro-solo-rivas-fontan-memorias-politico-lejos-rebano-presento-casa-galicia-madrid\/20160630181321074005.html\">El libro \u2018Solo Rivas Font\u00e1n. Memorias de un pol\u00edtico lejos del reba\u00f1o\u2019 se present\u00f3 en la Casa de Galicia en Madrid<\/a><\/p>\n<p>30-06-2016 <strong>Galicia Confidencial<\/strong> <a href=\"http:\/\/www.galiciaconfidencial.com\/noticia\/30452-libro-indagar-inicio-politico-rajoy-cuina-fraga\">Un libro para indagar no inicio pol\u00edtico de Rajoy, Cu\u00ed\u00f1a e Fraga<\/a><\/p>\n<p>25-06-2016 <strong>El Pa\u00eds<\/strong>\u00a0<a href=\"http:\/\/politica.elpais.com\/politica\/2016\/06\/23\/actualidad\/1466689747_923277.html\">La Administraci\u00f3n como \u201chospital de campa\u00f1a\u201d<\/a>, por Manuel Jabois<\/p>\n<p>24-06-2016 <strong>La Voz de Galicia <\/strong><a href=\"http:\/\/www.lavozdegalicia.es\/noticia\/fugas\/2016\/06\/24\/traiciones-mayorias-puerta-atras\/0003_201606SF24P12992.htm\">Traiciones, mayor\u00edas y la puerta de atr\u00e1s, por Carmen Garc\u00eda de Burgos.<\/a><\/p>\n<p>30-05-2016 <strong>Cadena Ser<\/strong>-Pontevedra <a href=\"http:\/\/play.cadenaser.com\/audio\/1464599105_004714\/\">Verm\u00fa con Ser-Presentaci\u00f3n libro Rivas Font\u00e1n<\/a><\/p>\n<p>29-05-2016 <strong>La Voz de Galicia<\/strong>-Ed. Pontevedra <a href=\"http:\/\/www.lavozdegalicia.es\/noticia\/pontevedra\/2016\/05\/29\/conexion-rivas-fontan-torres\/0003_201605P29C12991.htm\">La conexi\u00f3n entre Rivas Font\u00e1n y Sabino Torres<\/a>. Por Eugenio Gir\u00e1ldez<\/p>\n<p>28-05-2016 <strong>Diario de Pontevedra<\/strong> <a href=\"https:\/\/alvarelloseditora.gal\/wp-content\/uploads\/2021\/05\/20160528-Rodrigo-Cota-Diario-de-Pontevedra.pdf\" target=\"_blank\" rel=\"noopener noreferrer\">El gran d\u00eda de Rivas Font\u00e1n, por Rodrigo Cota<\/a><\/p>\n<p>28-05-2015 <strong>Diario de Pontevedra<\/strong> <a href=\"http:\/\/diariodepontevedra.galiciae.com\/gl\/blog\/550406\/y-el-teatro-se-lleno\">Cr\u00f3nica de Ram\u00f3n Rozas<\/a><\/p>\n<p>26-05-2016 <strong>Diario de Pontevedra\u00a0<\/strong><a href=\"http:\/\/diariodepontevedra.galiciae.com\/opinion\/549164\/de-politica-con-un-par\">Cr\u00edtica de Ant\u00f3n Xil<\/a><\/p>\n<p>25-05-2016 <strong>PontevedraViva Radio<\/strong> <a href=\"http:\/\/pontevedraviva.com\/radio\/emision\/150\/cara-a-cara-pontevedraviva-radio\/\">Entrevista a Adri\u00e1n Rodr\u00edguez + Jos\u00e9 Rivas Font\u00e1n<\/a><\/p>\n<p>24-05-2016 <strong>Diario de Pontevedra<\/strong>\u00a0<a href=\"http:\/\/diariodepontevedra.galiciae.com\/noticia\/548316\/rivas-fontan-un-libro-para-reflexionar\">\u00abUn libro para reflexionar\u00bb<\/a><\/p>\n<p>24-05-2016 <strong>Faro de Vigo<\/strong>-Edic Pontevedra <a href=\"http:\/\/www.farodevigo.es\/portada-pontevedra\/2016\/05\/24\/rivas-fontan-recupera-protagonismo-presentacion\/1466645.html\">Rivas Font\u00e1n recupera el protagonismo&#8230;<\/a><\/p>\n<p>24-05-2016<strong> PontevedraViva.com <\/strong><a href=\"http:\/\/pontevedraviva.com\/cultura\/28287\/rivas-fontan-de-vuelta-teatro-principal-para-presentar-memorias\/\">Fotos+cr\u00f3nica presentaci\u00f3n.Teatro Principal de Pontevedra<\/a><\/p>\n<p>23-05-2016 <strong>Galicia\u00e9-Xornal galego <\/strong><a href=\"https:\/\/www.youtube.com\/watch?v=orCJwhp-jXQ\">V\u00eddeo presentaci\u00f3n en Pontevedra (4&#8217;32\u00bb)<\/a><\/p>\n<p>23-05-2016 <strong>Onda Cero<\/strong>-Pontevedra. A partir minuto 29:32.<br \/>\n<a href=\"http:\/\/www.ondacero.es\/emisoras\/galicia\/pontevedra\/audios-podcast\/pontevedra-en-la-onda-23-05-2016_201605235742f2bf6584a8f86262c068.html\">Entrevista a Rivas Font\u00e1n + Adri\u00e1n Rodr\u00edguez\u00a0<\/a><\/p>\n<p>20-05-2016 <strong>Televisi\u00f3n de Galicia<\/strong> <a href=\"http:\/\/www.crtvg.es\/informativos\/entrevista-a-jose-rivas-fontan\">Entrevista a Jos\u00e9 Rivas Font\u00e1n<\/a><\/p>\n<p>19-05-2016 <strong>Radio Galega\u00a0<\/strong><a href=\"http:\/\/www.crtvg.es\/rg\/destacados\/galicia-por-diante-galicia-por-diante-do-dia-18-05-2016-2070239\">Entrevista a Jos\u00e9 Rivas Font\u00e1n + Adri\u00e1n Rodr\u00edguez<\/a><\/p>\n<p>19-05-2016 <strong>Diario de Pontevedra<\/strong> <a href=\"http:\/\/diariodepontevedra.galiciae.com\/blog\/546309\/gloria-bendita\">Gloria bendita, por Bernardo Sartier<\/a><\/p>\n<p>18-05-2017 <strong>PontevedraViva.com<\/strong> <a href=\"http:\/\/pontevedraviva.com\/opinion\/2307\/lecturas-intemporales-manuel-perez-lourido\/\">Cr\u00edtica de Manuel P\u00e9rez Lourido<\/a><\/p>\n<p>15-05-2016 <strong>La Voz de Galicia<\/strong>-Edic. Pontevedra .<a href=\"http:\/\/www.lavozdegalicia.es\/noticia\/pontevedra\/2016\/05\/15\/liberacion-triple-exalcalde-abierto-canal\/0003_201605P15C5991.htm\">.. un triple exalcalde abierto en canal<\/a><\/p>\n<p>15-05-2016 <strong>Faro de Vigo<\/strong>-Edic. Pontevedra <a href=\"http:\/\/www.farodevigo.es\/portada-pontevedra\/2016\/05\/15\/jose-rivas-fontan-adrian-rodriguez\/1461376.html\">\u00abLa pol\u00edtica es un mundo donde&#8230;\u00bb<\/a><\/p>\n<p>15-05-2016 <strong>Diario de Pontevedra<\/strong> <a href=\"http:\/\/diariodepontevedra.galiciae.com\/blog\/544789\/rivas-fontan-por-adrian-rodriguez\">Rivas Font\u00e1n, por Adri\u00e1n Rodr\u00edguez. Cr\u00edtica de Rodrigo Cota<\/a><\/p>\n<p>12-05-2016\u00a0<strong>Europa Press-El Correo Gallego<\/strong> <a href=\"http:\/\/www.elcorreogallego.es\/tendencias\/ecg\/alvarellos-edita-as-memorias-do-politico-pontevedres-jose-rivas-fontan\/idEdicion-2016-05-12\/idNoticia-996787\/\">Alvarellos edita as memorias do pol\u00edtico&#8230;<\/a><\/p>\n<p>12-05-2016 <strong>Europa Press-La Vanguardia<\/strong> <a href=\"http:\/\/www.lavanguardia.com\/vida\/20160512\/401742389486\/galicia-alvarellos-edita-las-memorias-del-politico-pontevedres-jose-rivas-fontan.html\">Alvarellos edita las memorias del pol\u00edtico&#8230;<\/a><\/p>\n<p>12-05-2016 <strong>Cadena Ser-Pontevedra<\/strong> <a href=\"https:\/\/alvarelloseditora.gal\/wp-content\/uploads\/arquivos\/audio\/Ser-HoyporHoyPontevedra.mp3\" target=\"_blank\" rel=\"noopener noreferrer\">Entrevista a Adri\u00e1n Rodr\u00edguez<\/a><\/p>\n<p>12-05-2016 <strong>La Voz de Galicia<\/strong>-Edici\u00f3n Pontevedra\u00a0<a href=\"http:\/\/www.lavozdegalicia.es\/noticia\/pontevedra\/pontevedra\/2016\/05\/12\/adrian-rodriguez-desnuda-rivas-fontan-primer-libro\/0003_201605P12C11996.htm\">Adri\u00e1n Rodr\u00edguez desnuda a Rivas Font\u00e1n en su primer libro<\/a><\/p>\n<p>12-05-2016 <strong>PontevedraViva.com<\/strong>\u00a0<a href=\"http:\/\/pontevedraviva.com\/opinion\/2294\/bernardo-sartier-adrian-rodriguez-rivas-fontan-memorias\/\">Cr\u00edtica de Bernardo Sartier: \u00abRivas, la &#8216;bestia&#8217; de Adri\u00e1n\u00bb<\/a><\/p>\n<p>12-05-2016\u00a0<strong>PontevedraViva.com\u00a0<\/strong><a href=\"http:\/\/pontevedraviva.com\/cultura\/28017\/rivas-fontan-hace-memoria-vida-personal-politica-periodista-adrian-rodriguez\/\">Rivas Font\u00e1n fai memoria da s\u00faa vida&#8230;<\/a><\/p>\n","protected":false},"excerpt":{"rendered":"<p>Memorias de un pol\u00edtico lejos del reba\u00f1o<br \/>\nFormato 15,5 x 23,5 cms | 356 pp.<br \/>\nISBN 978-84-16460-07-6<\/p>\n<p>&nbsp;<\/p>\n<p>Uno de los pol\u00edticos imprescindibles para entender la historia reciente de Pontevedra y tambi\u00e9n la Transici\u00f3n pol\u00edtica en Galicia y Espa\u00f1a lleva a cabo un ejercicio de sinceridad abrumadora.\u00a0\u201cUn thriller que se lee de un trago\u201d, afirma Manuel Jabois, autor del pr\u00f3logo.<\/p>\n<p>\u00bfQui\u00e9n es Jos\u00e9 Rivas Font\u00e1n? \u00bfEl primer alcalde democr\u00e1tico de Pontevedra? \u00bfEl l\u00edder sindical del movimiento de maestros que acab\u00f3 como diputado constituyente en las filas de la UCD de Adolfo Su\u00e1rez? \u00bfEl primer secretario general de la Xunta de Galicia? \u00bfEl hombre que se enfrent\u00f3 a Luciano Varela y sufri\u00f3 un via crucis judicial? \u00bfEl pol\u00edtico que conoci\u00f3 a fondo a Mariano Rajoy, a Manuel Fraga, a Xos\u00e9 Cu\u00ed\u00f1a o al propio Su\u00e1rez? \u00bfLa vieja gloria que se fue del PP dando un portazo? \u00bfO es tambi\u00e9n Pepi\u00f1o da G\u00e1ndara, aquel ni\u00f1o de Verducido? \u00bfO el padre que asist\u00eda impotente a su desfile judicial en el Telediario de las tres? \u00bfEl alcalde que plant\u00f3 batalla o el ser humano que notaba una erosi\u00f3n interior descomunal e imparable?<\/p>\n<p>Todas esas personas conforman este Jos\u00e9 Rivas Font\u00e1n poli\u00e9drico, un protagonista imprescindible para entender no solo la historia de Pontevedra, que corre paralela a la suya, sino la de un pa\u00eds y su democracia; un retrato dibujado en unas memorias que, sabiamente armadas por el periodista Adri\u00e1n Rodr\u00edguez, constituyen un ejercicio de sinceridad abrumadora.<\/p>\n","protected":false},"featured_media":4183,"comment_status":"closed","ping_status":"closed","template":"","meta":[],"product_brand":[],"product_cat":[109],"product_tag":[],"class_list":{"0":"post-2841","1":"product","2":"type-product","3":"status-publish","4":"has-post-thumbnail","6":"product_author-adrian-rodriguez-es","7":"product_cat-varia-es","9":"first","10":"instock","11":"taxable","12":"shipping-taxable","13":"purchasable","14":"product-type-simple"},"yoast_head":"<!-- This site is optimized with the Yoast SEO plugin v27.3 - https:\/\/yoast.com\/product\/yoast-seo-wordpress\/ -->\n<title>SOLO RIVAS FONT\u00c1N - Alvarellos Editora<\/title>\n<meta name=\"description\" content=\"SOLO RIVAS FONT\u00c1N. C\u00f3mprao na tenda en li\u00f1a de Alvarellos Editora.\" \/>\n<meta name=\"robots\" content=\"index, follow, max-snippet:-1, max-image-preview:large, max-video-preview:-1\" \/>\n<link rel=\"canonical\" href=\"https:\/\/alvarelloseditora.gal\/es\/libro\/solo-rivas-fontan\/\" \/>\n<meta property=\"og:locale\" content=\"es_ES\" \/>\n<meta property=\"og:type\" content=\"article\" \/>\n<meta property=\"og:title\" content=\"SOLO RIVAS FONT\u00c1N - Alvarellos Editora\" \/>\n<meta property=\"og:description\" content=\"SOLO RIVAS FONT\u00c1N. C\u00f3mprao na tenda en li\u00f1a de Alvarellos Editora.\" \/>\n<meta property=\"og:url\" content=\"https:\/\/alvarelloseditora.gal\/es\/libro\/solo-rivas-fontan\/\" \/>\n<meta property=\"og:site_name\" content=\"Alvarellos Editora\" \/>\n<meta property=\"article:publisher\" content=\"https:\/\/www.facebook.com\/alvarelloseditora\" \/>\n<meta property=\"article:modified_time\" content=\"2021-06-25T10:17:37+00:00\" \/>\n<meta property=\"og:image\" content=\"https:\/\/alvarelloseditora.gal\/wp-content\/uploads\/2019\/12\/Solo-rivas-fontan-capa-libro-alvarellos-editora.jpg\" \/>\n\t<meta property=\"og:image:width\" content=\"908\" \/>\n\t<meta property=\"og:image:height\" content=\"1369\" \/>\n\t<meta property=\"og:image:type\" content=\"image\/jpeg\" \/>\n<meta name=\"twitter:card\" content=\"summary_large_image\" \/>\n<meta name=\"twitter:site\" content=\"@alvarellos_ed\" \/>\n<meta name=\"twitter:label1\" content=\"Tiempo de lectura\" \/>\n\t<meta name=\"twitter:data1\" content=\"2 minutos\" \/>\n<!-- \/ Yoast SEO plugin. -->","yoast_head_json":{"title":"SOLO RIVAS FONT\u00c1N - Alvarellos Editora","description":"SOLO RIVAS FONT\u00c1N. C\u00f3mprao na tenda en li\u00f1a de Alvarellos Editora.","robots":{"index":"index","follow":"follow","max-snippet":"max-snippet:-1","max-image-preview":"max-image-preview:large","max-video-preview":"max-video-preview:-1"},"canonical":"https:\/\/alvarelloseditora.gal\/es\/libro\/solo-rivas-fontan\/","og_locale":"es_ES","og_type":"article","og_title":"SOLO RIVAS FONT\u00c1N - Alvarellos Editora","og_description":"SOLO RIVAS FONT\u00c1N. C\u00f3mprao na tenda en li\u00f1a de Alvarellos Editora.","og_url":"https:\/\/alvarelloseditora.gal\/es\/libro\/solo-rivas-fontan\/","og_site_name":"Alvarellos Editora","article_publisher":"https:\/\/www.facebook.com\/alvarelloseditora","article_modified_time":"2021-06-25T10:17:37+00:00","og_image":[{"width":908,"height":1369,"url":"https:\/\/alvarelloseditora.gal\/wp-content\/uploads\/2019\/12\/Solo-rivas-fontan-capa-libro-alvarellos-editora.jpg","type":"image\/jpeg"}],"twitter_card":"summary_large_image","twitter_site":"@alvarellos_ed","twitter_misc":{"Tiempo de lectura":"2 minutos"},"schema":{"@context":"https:\/\/schema.org","@graph":[{"@type":["WebPage","ItemPage"],"@id":"https:\/\/alvarelloseditora.gal\/es\/libro\/solo-rivas-fontan\/","url":"https:\/\/alvarelloseditora.gal\/es\/libro\/solo-rivas-fontan\/","name":"SOLO RIVAS FONT\u00c1N - Alvarellos Editora","isPartOf":{"@id":"https:\/\/alvarelloseditora.gal\/#website"},"primaryImageOfPage":{"@id":"https:\/\/alvarelloseditora.gal\/es\/libro\/solo-rivas-fontan\/#primaryimage"},"image":{"@id":"https:\/\/alvarelloseditora.gal\/es\/libro\/solo-rivas-fontan\/#primaryimage"},"thumbnailUrl":"https:\/\/alvarelloseditora.gal\/wp-content\/uploads\/2019\/12\/Solo-rivas-fontan-capa-libro-alvarellos-editora.jpg","datePublished":"2019-12-27T14:03:01+00:00","dateModified":"2021-06-25T10:17:37+00:00","description":"SOLO RIVAS FONT\u00c1N. C\u00f3mprao na tenda en li\u00f1a de Alvarellos Editora.","breadcrumb":{"@id":"https:\/\/alvarelloseditora.gal\/es\/libro\/solo-rivas-fontan\/#breadcrumb"},"inLanguage":"es","potentialAction":[{"@type":"ReadAction","target":["https:\/\/alvarelloseditora.gal\/es\/libro\/solo-rivas-fontan\/"]}]},{"@type":"ImageObject","inLanguage":"es","@id":"https:\/\/alvarelloseditora.gal\/es\/libro\/solo-rivas-fontan\/#primaryimage","url":"https:\/\/alvarelloseditora.gal\/wp-content\/uploads\/2019\/12\/Solo-rivas-fontan-capa-libro-alvarellos-editora.jpg","contentUrl":"https:\/\/alvarelloseditora.gal\/wp-content\/uploads\/2019\/12\/Solo-rivas-fontan-capa-libro-alvarellos-editora.jpg","width":908,"height":1369},{"@type":"BreadcrumbList","@id":"https:\/\/alvarelloseditora.gal\/es\/libro\/solo-rivas-fontan\/#breadcrumb","itemListElement":[{"@type":"ListItem","position":1,"name":"Portada","item":"https:\/\/alvarelloseditora.gal\/"},{"@type":"ListItem","position":2,"name":"Tienda","item":"https:\/\/alvarelloseditora.gal\/es\/tienda\/"},{"@type":"ListItem","position":3,"name":"SOLO RIVAS FONT\u00c1N"}]},{"@type":"WebSite","@id":"https:\/\/alvarelloseditora.gal\/#website","url":"https:\/\/alvarelloseditora.gal\/","name":"Alvarellos Editora","description":"Libros para un mundo en tr\u00e1nsito","publisher":{"@id":"https:\/\/alvarelloseditora.gal\/#organization"},"potentialAction":[{"@type":"SearchAction","target":{"@type":"EntryPoint","urlTemplate":"https:\/\/alvarelloseditora.gal\/?s={search_term_string}"},"query-input":{"@type":"PropertyValueSpecification","valueRequired":true,"valueName":"search_term_string"}}],"inLanguage":"es"},{"@type":"Organization","@id":"https:\/\/alvarelloseditora.gal\/#organization","name":"Alvarellos Editora","url":"https:\/\/alvarelloseditora.gal\/","logo":{"@type":"ImageObject","inLanguage":"es","@id":"https:\/\/alvarelloseditora.gal\/#\/schema\/logo\/image\/","url":"https:\/\/alvarelloseditora.gal\/wp-content\/uploads\/2020\/02\/alv-icon.png","contentUrl":"https:\/\/alvarelloseditora.gal\/wp-content\/uploads\/2020\/02\/alv-icon.png","width":177,"height":175,"caption":"Alvarellos Editora"},"image":{"@id":"https:\/\/alvarelloseditora.gal\/#\/schema\/logo\/image\/"},"sameAs":["https:\/\/www.facebook.com\/alvarelloseditora","https:\/\/x.com\/alvarellos_ed"]}]}},"_links":{"self":[{"href":"https:\/\/alvarelloseditora.gal\/es\/wp-json\/wp\/v2\/product\/2841","targetHints":{"allow":["GET"]}}],"collection":[{"href":"https:\/\/alvarelloseditora.gal\/es\/wp-json\/wp\/v2\/product"}],"about":[{"href":"https:\/\/alvarelloseditora.gal\/es\/wp-json\/wp\/v2\/types\/product"}],"replies":[{"embeddable":true,"href":"https:\/\/alvarelloseditora.gal\/es\/wp-json\/wp\/v2\/comments?post=2841"}],"wp:featuredmedia":[{"embeddable":true,"href":"https:\/\/alvarelloseditora.gal\/es\/wp-json\/wp\/v2\/media\/4183"}],"wp:attachment":[{"href":"https:\/\/alvarelloseditora.gal\/es\/wp-json\/wp\/v2\/media?parent=2841"}],"wp:term":[{"taxonomy":"product_brand","embeddable":true,"href":"https:\/\/alvarelloseditora.gal\/es\/wp-json\/wp\/v2\/product_brand?post=2841"},{"taxonomy":"product_cat","embeddable":true,"href":"https:\/\/alvarelloseditora.gal\/es\/wp-json\/wp\/v2\/product_cat?post=2841"},{"taxonomy":"product_tag","embeddable":true,"href":"https:\/\/alvarelloseditora.gal\/es\/wp-json\/wp\/v2\/product_tag?post=2841"}],"curies":[{"name":"wp","href":"https:\/\/api.w.org\/{rel}","templated":true}]}}