{"id":2840,"date":"2019-12-27T13:41:43","date_gmt":"2019-12-27T14:03:01","guid":{"rendered":"https:\/\/nueva.alvarellos.info\/product\/codice-calixtino-libro-v\/"},"modified":"2021-06-25T12:16:24","modified_gmt":"2021-06-25T10:16:24","slug":"codice-calixtino-libro-v","status":"publish","type":"product","link":"https:\/\/alvarelloseditora.gal\/es\/libro\/codice-calixtino-libro-v\/","title":{"rendered":"C\u00d3DICE CALIXTINO | LIBRO V"},"content":{"rendered":"<p>01-11-2017 <strong>Unesco<\/strong><a href=\"https:\/\/es.unesco.org\/news\/comite-consultivo-internacional-cci-recomienda-78-nuevas-inscripciones-registro-internacional\"> Registro de la Memoria del Mundo-octubre 2017<\/a><br \/>\n23-04-2016 <strong>Faro de Vigo<\/strong> <a href=\"http:\/\/www.farodevigo.es\/suscriptor\/sabado\/2016\/04\/23\/codice-calixtino-libro-v\/1446975.html\">C\u00f3dice Calixtino. Libro V.<\/a><br \/>\n10-04-2016 <strong>Codexcalixtinus.es<\/strong> <a href=\"http:\/\/codexcalixtinus.es\/producto\/libro-v-guia-del-peregrino-medieval-traduccion-al-castellano\/\">Libro V. Gu\u00eda del peregrino medieval. Traducci\u00f3n al castellano.<\/a><br \/>\n08-04-2016 <strong>La Voz de Galicia<\/strong> <a href=\"http:\/\/www.lavozdegalicia.es\/noticia\/cultura\/2016\/04\/08\/codice-calixtino\/0003_201604G8P37992.htm\">C\u00f3dice Calixtino<\/a><br \/>\n07-04-2016 <strong>El Correo Gallego<\/strong> <a href=\"http:\/\/www.elcorreogallego.es\/santiago\/ecg\/primera-guia-viajes-europa-incluida-codice-calixtino-sale-edicion-bolsillo-castellano\/idEdicion-2016-04-07\/idNoticia-990159\/\">La primera gu\u00eda de viajes de Europa<\/a><br \/>\n07-04-2016 <strong>Agencia EFE<\/strong> <a href=\"http:\/\/www.eldiario.es\/cultura\/Alvarellos-edicion-bolsillo-Codice-Calixtino_0_502900499.html\">Alvarellos lanza una nueva edici\u00f3n de bolsillo del C\u00f3dice Calixtino<\/a><\/p>\n","protected":false},"excerpt":{"rendered":"<p>GU\u00cdA DEL PEREGRINO MEDIEVAL (SIGLO XII)<br \/>\n176 pp | 12 x 22 cms<br \/>\nISBN 978-84-16460-03-8<\/p>\n<p>&nbsp;<\/p>\n<p>&nbsp;<\/p>\n<p>EL C\u00d3DICE CALIXTINO ENTRA EN EL REGISTRO DE LA MEMORIA DEL MUNDO DE LA UNESCO<\/p>\n<p>El\u00a0C\u00f3dice Calixtino\u00a0fue\u00a0reconocido\u00a0por la\u00a0UNESCO en octubre\u00a0de 2017 como\u00a0Registro de la\u00a0Memoria del\u00a0Mundo por\u00a0lo que pasa a integrar\u00a0un\u00a0selecto grupo de documentos del\u00a0patrimonio cultural mundial.<\/p>\n<p>El presente volumen recupera\u00a0para el gran p\u00fablico el texto m\u00e1s atractivo y popular del C\u00f3dice Calixtino, el Libro V, escrito a mediados del siglo XII y que est\u00e1 considerado como la primera gu\u00eda de viajes de Europa.\u00a0<\/p>\n<p>El autor, posiblemente un monje franc\u00e9s llamado Aimeric Picaud, se detiene en los lugares, monumentos y gentes que encuentra a su paso por el Camino de Santiago. Describe adem\u00e1s la ciudad de Santiago de Compostela \u2013y especialmente su catedral\u2013\u00a0 de una manera \u00fanica, detallada y poderosa.<\/p>\n<p>Esta narraci\u00f3n nos har\u00e1 viajar a los primeros tiempos de las peregrinaciones. El autor pretende, con su gu\u00eda \u00abque los peregrinos que marchan a Santiago prevengan, con estas noticias, los gastos necesarios para su viaje\u00bb. Define asimismo Santiago como \u00abla m\u00e1s feliz y excelsa de todas las ciudades de Espa\u00f1a\u00bb y recomienda, por ejemplo, d\u00f3nde comprar \u00abbotas de vino, zapatos, morrales de piel de ciervo [\u2026], toda suerte de hierbas medicinales\u2026\u00bb, para concluir con un recorrido por la catedral, en una \u00e9poca (alrededor del a\u00f1o 1140) en la que ni siquiera el P\u00f3rtico de la Gloria se hab\u00eda construido.<\/p>\n<p>Esta nueva edici\u00f3n, en formato de bolsillo, ha sido preparada por la profesora de la Universidade de Santiago Mar\u00eda Jos\u00e9 Garc\u00eda Blanco, que ha partido de la traduci\u00f3n que, en 1951, llev\u00f3 a cabo, desde el lat\u00edn original al castellano, Abelardo Moralejo, con la ayuda de Casimiro Torres y Julio Feo. Incluye cerca de 300 notas aclaratorias y pr\u00e1cticos \u00edndices de personas y lugares citados.<\/p>\n<p>Este texto es, pues, un tesoro imprescindible \u00a0para todos los amantes del Camino, de la ciudad de Santiago y de la cultura europea.<\/p>\n","protected":false},"featured_media":4181,"comment_status":"closed","ping_status":"closed","template":"","meta":[],"product_brand":[],"product_cat":[109],"product_tag":[1045],"class_list":{"0":"post-2840","1":"product","2":"type-product","3":"status-publish","4":"has-post-thumbnail","6":"product_cat-varia-es","7":"product_tag-santiago-de-compostela-y-el-camino","9":"first","10":"instock","11":"taxable","12":"shipping-taxable","13":"purchasable","14":"product-type-simple"},"yoast_head":"<!-- This site is optimized with the Yoast SEO plugin v27.3 - https:\/\/yoast.com\/product\/yoast-seo-wordpress\/ -->\n<title>C\u00d3DICE CALIXTINO | LIBRO V - Alvarellos Editora<\/title>\n<meta name=\"description\" content=\"C\u00d3DICE CALIXTINO | LIBRO V. C\u00f3mprao na tenda en li\u00f1a de Alvarellos Editora.\" \/>\n<meta name=\"robots\" content=\"index, follow, max-snippet:-1, max-image-preview:large, max-video-preview:-1\" \/>\n<link rel=\"canonical\" href=\"https:\/\/alvarelloseditora.gal\/es\/libro\/codice-calixtino-libro-v\/\" \/>\n<meta property=\"og:locale\" content=\"es_ES\" \/>\n<meta property=\"og:type\" content=\"article\" \/>\n<meta property=\"og:title\" content=\"C\u00d3DICE CALIXTINO | LIBRO V - Alvarellos Editora\" \/>\n<meta property=\"og:description\" content=\"C\u00d3DICE CALIXTINO | LIBRO V. C\u00f3mprao na tenda en li\u00f1a de Alvarellos Editora.\" \/>\n<meta property=\"og:url\" content=\"https:\/\/alvarelloseditora.gal\/es\/libro\/codice-calixtino-libro-v\/\" \/>\n<meta property=\"og:site_name\" content=\"Alvarellos Editora\" \/>\n<meta property=\"article:publisher\" content=\"https:\/\/www.facebook.com\/alvarelloseditora\" \/>\n<meta property=\"article:modified_time\" content=\"2021-06-25T10:16:24+00:00\" \/>\n<meta property=\"og:image\" content=\"https:\/\/alvarelloseditora.gal\/wp-content\/uploads\/2019\/12\/CapaCodiceUnesco.jpg\" \/>\n\t<meta property=\"og:image:width\" content=\"700\" \/>\n\t<meta property=\"og:image:height\" content=\"1295\" \/>\n\t<meta property=\"og:image:type\" content=\"image\/jpeg\" \/>\n<meta name=\"twitter:card\" content=\"summary_large_image\" \/>\n<meta name=\"twitter:site\" content=\"@alvarellos_ed\" \/>\n<!-- \/ Yoast SEO plugin. -->","yoast_head_json":{"title":"C\u00d3DICE CALIXTINO | LIBRO V - Alvarellos Editora","description":"C\u00d3DICE CALIXTINO | LIBRO V. C\u00f3mprao na tenda en li\u00f1a de Alvarellos Editora.","robots":{"index":"index","follow":"follow","max-snippet":"max-snippet:-1","max-image-preview":"max-image-preview:large","max-video-preview":"max-video-preview:-1"},"canonical":"https:\/\/alvarelloseditora.gal\/es\/libro\/codice-calixtino-libro-v\/","og_locale":"es_ES","og_type":"article","og_title":"C\u00d3DICE CALIXTINO | LIBRO V - Alvarellos Editora","og_description":"C\u00d3DICE CALIXTINO | LIBRO V. C\u00f3mprao na tenda en li\u00f1a de Alvarellos Editora.","og_url":"https:\/\/alvarelloseditora.gal\/es\/libro\/codice-calixtino-libro-v\/","og_site_name":"Alvarellos Editora","article_publisher":"https:\/\/www.facebook.com\/alvarelloseditora","article_modified_time":"2021-06-25T10:16:24+00:00","og_image":[{"width":700,"height":1295,"url":"https:\/\/alvarelloseditora.gal\/wp-content\/uploads\/2019\/12\/CapaCodiceUnesco.jpg","type":"image\/jpeg"}],"twitter_card":"summary_large_image","twitter_site":"@alvarellos_ed","schema":{"@context":"https:\/\/schema.org","@graph":[{"@type":["WebPage","ItemPage"],"@id":"https:\/\/alvarelloseditora.gal\/es\/libro\/codice-calixtino-libro-v\/","url":"https:\/\/alvarelloseditora.gal\/es\/libro\/codice-calixtino-libro-v\/","name":"C\u00d3DICE CALIXTINO | LIBRO V - Alvarellos Editora","isPartOf":{"@id":"https:\/\/alvarelloseditora.gal\/#website"},"primaryImageOfPage":{"@id":"https:\/\/alvarelloseditora.gal\/es\/libro\/codice-calixtino-libro-v\/#primaryimage"},"image":{"@id":"https:\/\/alvarelloseditora.gal\/es\/libro\/codice-calixtino-libro-v\/#primaryimage"},"thumbnailUrl":"https:\/\/alvarelloseditora.gal\/wp-content\/uploads\/2019\/12\/CapaCodiceUnesco.jpg","datePublished":"2019-12-27T14:03:01+00:00","dateModified":"2021-06-25T10:16:24+00:00","description":"C\u00d3DICE CALIXTINO | LIBRO V. C\u00f3mprao na tenda en li\u00f1a de Alvarellos Editora.","breadcrumb":{"@id":"https:\/\/alvarelloseditora.gal\/es\/libro\/codice-calixtino-libro-v\/#breadcrumb"},"inLanguage":"es","potentialAction":[{"@type":"ReadAction","target":["https:\/\/alvarelloseditora.gal\/es\/libro\/codice-calixtino-libro-v\/"]}]},{"@type":"ImageObject","inLanguage":"es","@id":"https:\/\/alvarelloseditora.gal\/es\/libro\/codice-calixtino-libro-v\/#primaryimage","url":"https:\/\/alvarelloseditora.gal\/wp-content\/uploads\/2019\/12\/CapaCodiceUnesco.jpg","contentUrl":"https:\/\/alvarelloseditora.gal\/wp-content\/uploads\/2019\/12\/CapaCodiceUnesco.jpg","width":700,"height":1295},{"@type":"BreadcrumbList","@id":"https:\/\/alvarelloseditora.gal\/es\/libro\/codice-calixtino-libro-v\/#breadcrumb","itemListElement":[{"@type":"ListItem","position":1,"name":"Portada","item":"https:\/\/alvarelloseditora.gal\/"},{"@type":"ListItem","position":2,"name":"Tienda","item":"https:\/\/alvarelloseditora.gal\/es\/tienda\/"},{"@type":"ListItem","position":3,"name":"C\u00d3DICE CALIXTINO | LIBRO V"}]},{"@type":"WebSite","@id":"https:\/\/alvarelloseditora.gal\/#website","url":"https:\/\/alvarelloseditora.gal\/","name":"Alvarellos Editora","description":"Libros para un mundo en tr\u00e1nsito","publisher":{"@id":"https:\/\/alvarelloseditora.gal\/#organization"},"potentialAction":[{"@type":"SearchAction","target":{"@type":"EntryPoint","urlTemplate":"https:\/\/alvarelloseditora.gal\/?s={search_term_string}"},"query-input":{"@type":"PropertyValueSpecification","valueRequired":true,"valueName":"search_term_string"}}],"inLanguage":"es"},{"@type":"Organization","@id":"https:\/\/alvarelloseditora.gal\/#organization","name":"Alvarellos Editora","url":"https:\/\/alvarelloseditora.gal\/","logo":{"@type":"ImageObject","inLanguage":"es","@id":"https:\/\/alvarelloseditora.gal\/#\/schema\/logo\/image\/","url":"https:\/\/alvarelloseditora.gal\/wp-content\/uploads\/2020\/02\/alv-icon.png","contentUrl":"https:\/\/alvarelloseditora.gal\/wp-content\/uploads\/2020\/02\/alv-icon.png","width":177,"height":175,"caption":"Alvarellos Editora"},"image":{"@id":"https:\/\/alvarelloseditora.gal\/#\/schema\/logo\/image\/"},"sameAs":["https:\/\/www.facebook.com\/alvarelloseditora","https:\/\/x.com\/alvarellos_ed"]}]}},"_links":{"self":[{"href":"https:\/\/alvarelloseditora.gal\/es\/wp-json\/wp\/v2\/product\/2840","targetHints":{"allow":["GET"]}}],"collection":[{"href":"https:\/\/alvarelloseditora.gal\/es\/wp-json\/wp\/v2\/product"}],"about":[{"href":"https:\/\/alvarelloseditora.gal\/es\/wp-json\/wp\/v2\/types\/product"}],"replies":[{"embeddable":true,"href":"https:\/\/alvarelloseditora.gal\/es\/wp-json\/wp\/v2\/comments?post=2840"}],"wp:featuredmedia":[{"embeddable":true,"href":"https:\/\/alvarelloseditora.gal\/es\/wp-json\/wp\/v2\/media\/4181"}],"wp:attachment":[{"href":"https:\/\/alvarelloseditora.gal\/es\/wp-json\/wp\/v2\/media?parent=2840"}],"wp:term":[{"taxonomy":"product_brand","embeddable":true,"href":"https:\/\/alvarelloseditora.gal\/es\/wp-json\/wp\/v2\/product_brand?post=2840"},{"taxonomy":"product_cat","embeddable":true,"href":"https:\/\/alvarelloseditora.gal\/es\/wp-json\/wp\/v2\/product_cat?post=2840"},{"taxonomy":"product_tag","embeddable":true,"href":"https:\/\/alvarelloseditora.gal\/es\/wp-json\/wp\/v2\/product_tag?post=2840"}],"curies":[{"name":"wp","href":"https:\/\/api.w.org\/{rel}","templated":true}]}}