{"id":2838,"date":"2019-12-27T14:03:01","date_gmt":"2019-12-27T14:03:01","guid":{"rendered":"https:\/\/nueva.alvarellos.info\/product\/santiago-1909\/"},"modified":"2021-05-31T13:24:04","modified_gmt":"2021-05-31T11:24:04","slug":"santiago-1909","status":"publish","type":"product","link":"https:\/\/alvarelloseditora.gal\/es\/libro\/santiago-1909\/","title":{"rendered":"SANTIAGO, 1909"},"content":{"rendered":"<p><a href=\"https:\/\/alvarelloseditora.gal\/wp-content\/uploads\/prensa\/84_ElCorreoGallego110909.pdf\" target=\"_blank\" rel=\"noopener noreferrer\"><em>11\/09\/2009<\/em>, El Correo Gallego, \u00abViaje fotogr\u00e1fico a 1909\u00bb<\/a><\/p>\n<p><a href=\"https:\/\/alvarelloseditora.gal\/wp-content\/uploads\/prensa\/84_ElCorreoGallego130909.pdf\" target=\"_blank\" rel=\"noopener noreferrer\"><em>13\/09\/2009<\/em>, El Correo Gallego, \u00abSantiago 1909, o ano da modernidade\u00bb<\/a><\/p>\n<p><a href=\"https:\/\/alvarelloseditora.gal\/wp-content\/uploads\/prensa\/84_ElCorreoGallegoVidaSocial130909.pdf\" target=\"_blank\" rel=\"noopener noreferrer\"><em>13\/09\/2009<\/em>, El Correo Gallego, \u00abExposici\u00f3n en Fonseca\u00bb<\/a><\/p>\n","protected":false},"excerpt":{"rendered":"<p>Centenario da Exposici\u00f3n Rexional Galega [edici\u00f3n en r\u00fastica]<\/p>\n<p>En el verano de 1909, Santiago vivi\u00f3\u00a0un acontecimiento sin precedentes en la historia de la ciudad y de Galicia: el montaje de la Exposici\u00f3n Regional Gallega. Un certamen \u2013hoy olvidado\u2013 que acogi\u00f3 a cerca de 600 instalaciones ubicadas en once grandes y singulares pabellones, y donde fueron\u00a0expuestas m\u00e1s de 10.000 piezas\u00a0de arqueolog\u00eda, obras de arte e historia.<\/p>\n<p>La Expo de 1909 marc\u00f3 \u00e9poca. Era tambi\u00e9n el primer A\u00f1o Santo del siglo y por el recinto (instalado al suroeste de la Alameda y en el colegio San Clemente)\u00a0pasaron en cinco meses m\u00e1s de 53.000 personas, el doble de la poblaci\u00f3n de Santiago en aquel momento. Cien a\u00f1os despu\u00e9s, aquella peculiar simbiosis de arte e industria bien merece un rescate.<\/p>\n<p>El autor \u2013el editor y periodista Henrique Alvarellos Casas\u2013 viaja a la Galicia de aquellos d\u00edas para reconstru\u00edr la cr\u00f3nica de la Exposici\u00f3n Regional y recuperar del olvido cerca de setenta fotograf\u00edas e ilustraciones \u00fanicas. Este volumen, que cuenta con un\u00a0pr\u00f3logo de la historiadora de la Universidad de Santiago Margarita Barral Mart\u00ednez, es el primer monogr\u00e1fico que se publica sobre la Exposici\u00f3n Regional de 1909.<\/p>\n<p>La colecci\u00f3n de im\u00e1genes e ilustraciones aqu\u00ed reunidas \u2013m\u00e1s de setenta\u2013 constituye la m\u00e1s completa editada hasta hoy.\u00a0El trabajo de documentaci\u00f3n se centr\u00f3 en diversas fuentes archiv\u00edsticas y period\u00edsticas.<\/p>\n<p>El autor accedi\u00f3 a los fondos de centros o instituciones donde pose\u00edan im\u00e1genes o datos de aquel evento: Instituto Padre Sarmiento de Estudos Galegos, Museo do Pobo Galego, Real Academia Galega, Arquivo Hist\u00f3rico adem\u00e1s de la Hemeroteca da Universidade de Santiago o Palacio Real de Madrid. Para elaborar la cr\u00f3nica, fueron consultados diarios y revistas de la \u00e9poca de los a\u00f1os 1909 y 1910: los diarios locales\u00a0El Eco de Santiago\u00a0o\u00a0Diario de Galicia, el peri\u00f3dico de Madrid\u00a0El Imparcial\u00a0o el catal\u00e1n\u00a0La Vanguardia, ademas de revistas gr\u00e1ficas del momento como la viguesa\u00a0Vida Gallega\u00a0o la madrile\u00f1a\u00a0Nuevo Mundo.<\/p>\n<p>El resultado es\u00a0un volumen con una edici\u00f3n muy cuidada, encuadernado en capa dura e impreso en un papel especial de alto gramaje, dotado de un varniz que potencia la intensidad y el contraste de las im\u00e1genes centenarias.<\/p>\n","protected":false},"featured_media":2422,"comment_status":"closed","ping_status":"closed","template":"","meta":[],"product_brand":[],"product_cat":[104],"product_tag":[],"class_list":{"0":"post-2838","1":"product","2":"type-product","3":"status-publish","4":"has-post-thumbnail","6":"product_author-henrique-alvarellos-casas-es","7":"product_cat-ilustrada-es","9":"first","10":"instock","11":"purchasable","12":"product-type-simple"},"yoast_head":"<!-- This site is optimized with the Yoast SEO plugin v27.3 - https:\/\/yoast.com\/product\/yoast-seo-wordpress\/ -->\n<title>SANTIAGO, 1909 - Alvarellos Editora<\/title>\n<meta name=\"description\" content=\"SANTIAGO, 1909. C\u00f3mprao na tenda en li\u00f1a de Alvarellos Editora.\" \/>\n<meta name=\"robots\" content=\"index, follow, max-snippet:-1, max-image-preview:large, max-video-preview:-1\" \/>\n<link rel=\"canonical\" href=\"https:\/\/alvarelloseditora.gal\/es\/libro\/santiago-1909\/\" \/>\n<meta property=\"og:locale\" content=\"es_ES\" \/>\n<meta property=\"og:type\" content=\"article\" \/>\n<meta property=\"og:title\" content=\"SANTIAGO, 1909 - Alvarellos Editora\" \/>\n<meta property=\"og:description\" content=\"SANTIAGO, 1909. C\u00f3mprao na tenda en li\u00f1a de Alvarellos Editora.\" \/>\n<meta property=\"og:url\" content=\"https:\/\/alvarelloseditora.gal\/es\/libro\/santiago-1909\/\" \/>\n<meta property=\"og:site_name\" content=\"Alvarellos Editora\" \/>\n<meta property=\"article:publisher\" content=\"https:\/\/www.facebook.com\/alvarelloseditora\" \/>\n<meta property=\"article:modified_time\" content=\"2021-05-31T11:24:04+00:00\" \/>\n<meta property=\"og:image\" content=\"https:\/\/alvarelloseditora.gal\/wp-content\/uploads\/2019\/12\/Santiago-1909.jpg\" \/>\n\t<meta property=\"og:image:width\" content=\"483\" \/>\n\t<meta property=\"og:image:height\" content=\"492\" \/>\n\t<meta property=\"og:image:type\" content=\"image\/jpeg\" \/>\n<meta name=\"twitter:card\" content=\"summary_large_image\" \/>\n<meta name=\"twitter:site\" content=\"@alvarellos_ed\" \/>\n<!-- \/ Yoast SEO plugin. -->","yoast_head_json":{"title":"SANTIAGO, 1909 - Alvarellos Editora","description":"SANTIAGO, 1909. C\u00f3mprao na tenda en li\u00f1a de Alvarellos Editora.","robots":{"index":"index","follow":"follow","max-snippet":"max-snippet:-1","max-image-preview":"max-image-preview:large","max-video-preview":"max-video-preview:-1"},"canonical":"https:\/\/alvarelloseditora.gal\/es\/libro\/santiago-1909\/","og_locale":"es_ES","og_type":"article","og_title":"SANTIAGO, 1909 - Alvarellos Editora","og_description":"SANTIAGO, 1909. C\u00f3mprao na tenda en li\u00f1a de Alvarellos Editora.","og_url":"https:\/\/alvarelloseditora.gal\/es\/libro\/santiago-1909\/","og_site_name":"Alvarellos Editora","article_publisher":"https:\/\/www.facebook.com\/alvarelloseditora","article_modified_time":"2021-05-31T11:24:04+00:00","og_image":[{"width":483,"height":492,"url":"https:\/\/alvarelloseditora.gal\/wp-content\/uploads\/2019\/12\/Santiago-1909.jpg","type":"image\/jpeg"}],"twitter_card":"summary_large_image","twitter_site":"@alvarellos_ed","schema":{"@context":"https:\/\/schema.org","@graph":[{"@type":["WebPage","ItemPage"],"@id":"https:\/\/alvarelloseditora.gal\/es\/libro\/santiago-1909\/","url":"https:\/\/alvarelloseditora.gal\/es\/libro\/santiago-1909\/","name":"SANTIAGO, 1909 - Alvarellos Editora","isPartOf":{"@id":"https:\/\/alvarelloseditora.gal\/#website"},"primaryImageOfPage":{"@id":"https:\/\/alvarelloseditora.gal\/es\/libro\/santiago-1909\/#primaryimage"},"image":{"@id":"https:\/\/alvarelloseditora.gal\/es\/libro\/santiago-1909\/#primaryimage"},"thumbnailUrl":"https:\/\/alvarelloseditora.gal\/wp-content\/uploads\/2019\/12\/Santiago-1909.jpg","datePublished":"2019-12-27T14:03:01+00:00","dateModified":"2021-05-31T11:24:04+00:00","description":"SANTIAGO, 1909. C\u00f3mprao na tenda en li\u00f1a de Alvarellos Editora.","breadcrumb":{"@id":"https:\/\/alvarelloseditora.gal\/es\/libro\/santiago-1909\/#breadcrumb"},"inLanguage":"es","potentialAction":[{"@type":"ReadAction","target":["https:\/\/alvarelloseditora.gal\/es\/libro\/santiago-1909\/"]}]},{"@type":"ImageObject","inLanguage":"es","@id":"https:\/\/alvarelloseditora.gal\/es\/libro\/santiago-1909\/#primaryimage","url":"https:\/\/alvarelloseditora.gal\/wp-content\/uploads\/2019\/12\/Santiago-1909.jpg","contentUrl":"https:\/\/alvarelloseditora.gal\/wp-content\/uploads\/2019\/12\/Santiago-1909.jpg","width":483,"height":492},{"@type":"BreadcrumbList","@id":"https:\/\/alvarelloseditora.gal\/es\/libro\/santiago-1909\/#breadcrumb","itemListElement":[{"@type":"ListItem","position":1,"name":"Portada","item":"https:\/\/alvarelloseditora.gal\/"},{"@type":"ListItem","position":2,"name":"Tienda","item":"https:\/\/alvarelloseditora.gal\/es\/tienda\/"},{"@type":"ListItem","position":3,"name":"SANTIAGO, 1909"}]},{"@type":"WebSite","@id":"https:\/\/alvarelloseditora.gal\/#website","url":"https:\/\/alvarelloseditora.gal\/","name":"Alvarellos Editora","description":"Libros para un mundo en tr\u00e1nsito","publisher":{"@id":"https:\/\/alvarelloseditora.gal\/#organization"},"potentialAction":[{"@type":"SearchAction","target":{"@type":"EntryPoint","urlTemplate":"https:\/\/alvarelloseditora.gal\/?s={search_term_string}"},"query-input":{"@type":"PropertyValueSpecification","valueRequired":true,"valueName":"search_term_string"}}],"inLanguage":"es"},{"@type":"Organization","@id":"https:\/\/alvarelloseditora.gal\/#organization","name":"Alvarellos Editora","url":"https:\/\/alvarelloseditora.gal\/","logo":{"@type":"ImageObject","inLanguage":"es","@id":"https:\/\/alvarelloseditora.gal\/#\/schema\/logo\/image\/","url":"https:\/\/alvarelloseditora.gal\/wp-content\/uploads\/2020\/02\/alv-icon.png","contentUrl":"https:\/\/alvarelloseditora.gal\/wp-content\/uploads\/2020\/02\/alv-icon.png","width":177,"height":175,"caption":"Alvarellos Editora"},"image":{"@id":"https:\/\/alvarelloseditora.gal\/#\/schema\/logo\/image\/"},"sameAs":["https:\/\/www.facebook.com\/alvarelloseditora","https:\/\/x.com\/alvarellos_ed"]}]}},"_links":{"self":[{"href":"https:\/\/alvarelloseditora.gal\/es\/wp-json\/wp\/v2\/product\/2838","targetHints":{"allow":["GET"]}}],"collection":[{"href":"https:\/\/alvarelloseditora.gal\/es\/wp-json\/wp\/v2\/product"}],"about":[{"href":"https:\/\/alvarelloseditora.gal\/es\/wp-json\/wp\/v2\/types\/product"}],"replies":[{"embeddable":true,"href":"https:\/\/alvarelloseditora.gal\/es\/wp-json\/wp\/v2\/comments?post=2838"}],"wp:featuredmedia":[{"embeddable":true,"href":"https:\/\/alvarelloseditora.gal\/es\/wp-json\/wp\/v2\/media\/2422"}],"wp:attachment":[{"href":"https:\/\/alvarelloseditora.gal\/es\/wp-json\/wp\/v2\/media?parent=2838"}],"wp:term":[{"taxonomy":"product_brand","embeddable":true,"href":"https:\/\/alvarelloseditora.gal\/es\/wp-json\/wp\/v2\/product_brand?post=2838"},{"taxonomy":"product_cat","embeddable":true,"href":"https:\/\/alvarelloseditora.gal\/es\/wp-json\/wp\/v2\/product_cat?post=2838"},{"taxonomy":"product_tag","embeddable":true,"href":"https:\/\/alvarelloseditora.gal\/es\/wp-json\/wp\/v2\/product_tag?post=2838"}],"curies":[{"name":"wp","href":"https:\/\/api.w.org\/{rel}","templated":true}]}}