{"id":2837,"date":"2019-12-27T13:41:43","date_gmt":"2019-12-27T14:03:01","guid":{"rendered":"https:\/\/nueva.alvarellos.info\/product\/historias-de-compostela\/"},"modified":"2021-06-22T14:11:44","modified_gmt":"2021-06-22T12:11:44","slug":"historias-de-compostela","status":"publish","type":"product","link":"https:\/\/alvarelloseditora.gal\/es\/libro\/historias-de-compostela\/","title":{"rendered":"HISTORIAS DE COMPOSTELA"},"content":{"rendered":"<p>25-02-2016 <strong>Faro de Vigo<\/strong>-Edici\u00f3n Pontevedra <a href=\"http:\/\/\">\u00abHistorias de Compostela\u00bb ve a luz en lingua galega<\/a><\/p>\n<p>24-02-2016<strong> Radio Obradoiro<\/strong> <a href=\"http:\/\/www.radioobradoiro.com\/portada\/ro\/consorcio-santiago-alvarellos-publican-primeira-edicion-galego-historias-compostela-xose-filgueira-valverde\/idEdicion-2016-02-24\/idNoticia-982068\/\">Primeira edici\u00f3n en galego das Historias de Compostela de Filgueira Valverde<\/a><\/p>\n<p>23-02-2016 <strong>El Correo Gallego<\/strong>. <em>Cr\u00edtica de X. M. Sarille<\/em>. <a href=\"http:\/\/www.elcorreogallego.es\/opinion\/firmas\/ecg\/festa-barroca\/idEdicion-2016-02-23\/idNoticia-981673\/\">Fiesta Barroca<\/a><\/p>\n<p>26-01-2015 <strong>Faro de Vigo\u00a0<\/strong><a href=\"http:\/\/www.farodevigo.es\/sociedad\/2016\/01\/27\/publican-primera-edicion-gallego-17\/1392876.html\">Publican la primera edici\u00f3n en gallego de 17 cr\u00f3nicas de Xos\u00e9 Filgueira Valverde<\/a><\/p>\n<p>26-01-2015\u00a0<strong>El Correo Gallego\u00a0<\/strong><a href=\"http:\/\/www.elcorreogallego.es\/santiago\/ecg\/historias-compostela-filgueira-valverde-fin-version-gallega\/idEdicion-2016-01-27\/idNoticia-976716\/\">&#8216;Historias de Compostela&#8217;, de Filgueira Valverde, por fin en versi\u00f3n gallega<\/a><\/p>\n<p>26-01-2015 <strong>La Voz de Galicia<\/strong>\u00a0<a href=\"http:\/\/www.lavozdegalicia.es\/noticia\/santiago\/santiago\/2016\/01\/27\/historias-compostela-galego\/0003_201601S27C11994.htm\">\u00abHistorias de Compostela\u00bb, en galego<\/a><\/p>\n<p>25-01- 2016 <strong>El Correo Gallego<\/strong>\u00a0<a href=\"http:\/\/www.elcorreogallego.es\/santiago\/ecg\/consorcio-editorial-alvarellos-publican-primeira-edicion-galego-historias-compostela\/idEdicion-2016-01-26\/idNoticia-976577\/\">O Consorcio e a editorial Alvarellos publican a primeira edici\u00f3n en galego de \u201cHistorias de Compostela<\/a><\/p>\n<p>25-01- 2016 <strong>La Voz de Galicia<\/strong> <a href=\"http:\/\/galego.lavozdegalicia.es\/noticia\/santiago\/2016\/01\/26\/historias-compostela-gallego\/0003_201601S26C10993.htm\">\u00abHistorias de Compostela\u00bb, en galego<\/a>.<\/p>\n","protected":false},"excerpt":{"rendered":"<p>DEZASETE CR\u00d3NICAS DE SANTIAGO (1970)<\/p>\n<p>&nbsp;<\/p>\n<p>344 pp | 13 x 21 cms | Carton\u00e9.<br \/>\nISBN 978-84-16460-00-7<\/p>\n<p>&nbsp;<\/p>\n<p>Una de las obras fundamentales de Xos\u00e9 Filgueira Valverde (Pontevedra, 1906-1996). Estas Historias de Compostela\u00a0 vieron la luz en 1970 en la editorial compostelana Bibli\u00f3filos Gallegos y aparecen ahora por vez primera traducidas al gallego.<\/p>\n<p>En la nueva introducci\u00f3n que acompa\u00f1a a la presente edici\u00f3n, el arquitecto y ex \u2013 alcalde de Santiago, Xerardo Est\u00e9vez, resume as\u00ed la esencia de las diecisiete cr\u00f3nicas que integran este volumen: \u00abHay\u00a0 en la obra de Filgueira un ostinato compostelano con su historia propia y europea, que va del azabache o el grabado a la gran arquitectura, de Xelm\u00edrez a Quevedo, de las cantigas afonsinas al esplendor del Camino\u00bb.<\/p>\n<p>Fueron varios cientos los trabajos que Xos\u00e9 Filgueira dedic\u00f3 a su adorado Santiago. En estas Historias el escritor se ve a s\u00ed mismo como un \u201crecomptador\u201d, o recopilador, de aquellos que andaban los caminos de la vieja Europa contando relatos y cantando melod\u00edas, de los que armaban cr\u00f3nicas para hacer m\u00e1s f\u00e1cil la peregrinaci\u00f3n de todos aquellos que ansiaban Compostela.<\/p>\n","protected":false},"featured_media":4177,"comment_status":"closed","ping_status":"closed","template":"","meta":[],"product_brand":[],"product_cat":[111],"product_tag":[1045],"class_list":{"0":"post-2837","1":"product","2":"type-product","3":"status-publish","4":"has-post-thumbnail","6":"product_author-xose-filgueira-valverde","7":"product_cat-coleccion-rescate-es","8":"product_tag-santiago-de-compostela-y-el-camino","10":"first","11":"instock","12":"taxable","13":"shipping-taxable","14":"purchasable","15":"product-type-simple"},"yoast_head":"<!-- This site is optimized with the Yoast SEO plugin v27.4 - https:\/\/yoast.com\/product\/yoast-seo-wordpress\/ -->\n<title>HISTORIAS DE COMPOSTELA - Alvarellos Editora<\/title>\n<meta name=\"description\" content=\"HISTORIAS DE COMPOSTELA. C\u00f3mprao na tenda en li\u00f1a de Alvarellos Editora.\" \/>\n<meta name=\"robots\" content=\"index, follow, max-snippet:-1, max-image-preview:large, max-video-preview:-1\" \/>\n<link rel=\"canonical\" href=\"https:\/\/alvarelloseditora.gal\/es\/libro\/historias-de-compostela\/\" \/>\n<meta property=\"og:locale\" content=\"es_ES\" \/>\n<meta property=\"og:type\" content=\"article\" \/>\n<meta property=\"og:title\" content=\"HISTORIAS DE COMPOSTELA - Alvarellos Editora\" \/>\n<meta property=\"og:description\" content=\"HISTORIAS DE COMPOSTELA. C\u00f3mprao na tenda en li\u00f1a de Alvarellos Editora.\" \/>\n<meta property=\"og:url\" content=\"https:\/\/alvarelloseditora.gal\/es\/libro\/historias-de-compostela\/\" \/>\n<meta property=\"og:site_name\" content=\"Alvarellos Editora\" \/>\n<meta property=\"article:publisher\" content=\"https:\/\/www.facebook.com\/alvarelloseditora\" \/>\n<meta property=\"article:modified_time\" content=\"2021-06-22T12:11:44+00:00\" \/>\n<meta property=\"og:image\" content=\"https:\/\/alvarelloseditora.gal\/wp-content\/uploads\/2019\/12\/Historias-de-Compostela-Alvarellos-Editora2.jpg\" \/>\n\t<meta property=\"og:image:width\" content=\"813\" \/>\n\t<meta property=\"og:image:height\" content=\"1232\" \/>\n\t<meta property=\"og:image:type\" content=\"image\/jpeg\" \/>\n<meta name=\"twitter:card\" content=\"summary_large_image\" \/>\n<meta name=\"twitter:site\" content=\"@alvarellos_ed\" \/>\n<meta name=\"twitter:label1\" content=\"Tiempo de lectura\" \/>\n\t<meta name=\"twitter:data1\" content=\"1 minuto\" \/>\n<!-- \/ Yoast SEO plugin. -->","yoast_head_json":{"title":"HISTORIAS DE COMPOSTELA - Alvarellos Editora","description":"HISTORIAS DE COMPOSTELA. C\u00f3mprao na tenda en li\u00f1a de Alvarellos Editora.","robots":{"index":"index","follow":"follow","max-snippet":"max-snippet:-1","max-image-preview":"max-image-preview:large","max-video-preview":"max-video-preview:-1"},"canonical":"https:\/\/alvarelloseditora.gal\/es\/libro\/historias-de-compostela\/","og_locale":"es_ES","og_type":"article","og_title":"HISTORIAS DE COMPOSTELA - Alvarellos Editora","og_description":"HISTORIAS DE COMPOSTELA. C\u00f3mprao na tenda en li\u00f1a de Alvarellos Editora.","og_url":"https:\/\/alvarelloseditora.gal\/es\/libro\/historias-de-compostela\/","og_site_name":"Alvarellos Editora","article_publisher":"https:\/\/www.facebook.com\/alvarelloseditora","article_modified_time":"2021-06-22T12:11:44+00:00","og_image":[{"width":813,"height":1232,"url":"https:\/\/alvarelloseditora.gal\/wp-content\/uploads\/2019\/12\/Historias-de-Compostela-Alvarellos-Editora2.jpg","type":"image\/jpeg"}],"twitter_card":"summary_large_image","twitter_site":"@alvarellos_ed","twitter_misc":{"Tiempo de lectura":"1 minuto"},"schema":{"@context":"https:\/\/schema.org","@graph":[{"@type":["WebPage","ItemPage"],"@id":"https:\/\/alvarelloseditora.gal\/es\/libro\/historias-de-compostela\/","url":"https:\/\/alvarelloseditora.gal\/es\/libro\/historias-de-compostela\/","name":"HISTORIAS DE COMPOSTELA - Alvarellos Editora","isPartOf":{"@id":"https:\/\/alvarelloseditora.gal\/#website"},"primaryImageOfPage":{"@id":"https:\/\/alvarelloseditora.gal\/es\/libro\/historias-de-compostela\/#primaryimage"},"image":{"@id":"https:\/\/alvarelloseditora.gal\/es\/libro\/historias-de-compostela\/#primaryimage"},"thumbnailUrl":"https:\/\/alvarelloseditora.gal\/wp-content\/uploads\/2019\/12\/Historias-de-Compostela-Alvarellos-Editora2.jpg","datePublished":"2019-12-27T14:03:01+00:00","dateModified":"2021-06-22T12:11:44+00:00","description":"HISTORIAS DE COMPOSTELA. C\u00f3mprao na tenda en li\u00f1a de Alvarellos Editora.","breadcrumb":{"@id":"https:\/\/alvarelloseditora.gal\/es\/libro\/historias-de-compostela\/#breadcrumb"},"inLanguage":"es","potentialAction":[{"@type":"ReadAction","target":["https:\/\/alvarelloseditora.gal\/es\/libro\/historias-de-compostela\/"]}]},{"@type":"ImageObject","inLanguage":"es","@id":"https:\/\/alvarelloseditora.gal\/es\/libro\/historias-de-compostela\/#primaryimage","url":"https:\/\/alvarelloseditora.gal\/wp-content\/uploads\/2019\/12\/Historias-de-Compostela-Alvarellos-Editora2.jpg","contentUrl":"https:\/\/alvarelloseditora.gal\/wp-content\/uploads\/2019\/12\/Historias-de-Compostela-Alvarellos-Editora2.jpg","width":813,"height":1232},{"@type":"BreadcrumbList","@id":"https:\/\/alvarelloseditora.gal\/es\/libro\/historias-de-compostela\/#breadcrumb","itemListElement":[{"@type":"ListItem","position":1,"name":"Portada","item":"https:\/\/alvarelloseditora.gal\/"},{"@type":"ListItem","position":2,"name":"Tienda","item":"https:\/\/alvarelloseditora.gal\/es\/tienda\/"},{"@type":"ListItem","position":3,"name":"HISTORIAS DE COMPOSTELA"}]},{"@type":"WebSite","@id":"https:\/\/alvarelloseditora.gal\/#website","url":"https:\/\/alvarelloseditora.gal\/","name":"Alvarellos Editora","description":"Libros para un mundo en tr\u00e1nsito","publisher":{"@id":"https:\/\/alvarelloseditora.gal\/#organization"},"potentialAction":[{"@type":"SearchAction","target":{"@type":"EntryPoint","urlTemplate":"https:\/\/alvarelloseditora.gal\/?s={search_term_string}"},"query-input":{"@type":"PropertyValueSpecification","valueRequired":true,"valueName":"search_term_string"}}],"inLanguage":"es"},{"@type":"Organization","@id":"https:\/\/alvarelloseditora.gal\/#organization","name":"Alvarellos Editora","url":"https:\/\/alvarelloseditora.gal\/","logo":{"@type":"ImageObject","inLanguage":"es","@id":"https:\/\/alvarelloseditora.gal\/#\/schema\/logo\/image\/","url":"https:\/\/alvarelloseditora.gal\/wp-content\/uploads\/2020\/02\/alv-icon.png","contentUrl":"https:\/\/alvarelloseditora.gal\/wp-content\/uploads\/2020\/02\/alv-icon.png","width":177,"height":175,"caption":"Alvarellos Editora"},"image":{"@id":"https:\/\/alvarelloseditora.gal\/#\/schema\/logo\/image\/"},"sameAs":["https:\/\/www.facebook.com\/alvarelloseditora","https:\/\/x.com\/alvarellos_ed"]}]}},"_links":{"self":[{"href":"https:\/\/alvarelloseditora.gal\/es\/wp-json\/wp\/v2\/product\/2837","targetHints":{"allow":["GET"]}}],"collection":[{"href":"https:\/\/alvarelloseditora.gal\/es\/wp-json\/wp\/v2\/product"}],"about":[{"href":"https:\/\/alvarelloseditora.gal\/es\/wp-json\/wp\/v2\/types\/product"}],"replies":[{"embeddable":true,"href":"https:\/\/alvarelloseditora.gal\/es\/wp-json\/wp\/v2\/comments?post=2837"}],"wp:featuredmedia":[{"embeddable":true,"href":"https:\/\/alvarelloseditora.gal\/es\/wp-json\/wp\/v2\/media\/4177"}],"wp:attachment":[{"href":"https:\/\/alvarelloseditora.gal\/es\/wp-json\/wp\/v2\/media?parent=2837"}],"wp:term":[{"taxonomy":"product_brand","embeddable":true,"href":"https:\/\/alvarelloseditora.gal\/es\/wp-json\/wp\/v2\/product_brand?post=2837"},{"taxonomy":"product_cat","embeddable":true,"href":"https:\/\/alvarelloseditora.gal\/es\/wp-json\/wp\/v2\/product_cat?post=2837"},{"taxonomy":"product_tag","embeddable":true,"href":"https:\/\/alvarelloseditora.gal\/es\/wp-json\/wp\/v2\/product_tag?post=2837"}],"curies":[{"name":"wp","href":"https:\/\/api.w.org\/{rel}","templated":true}]}}