{"id":2836,"date":"2019-12-27T13:41:43","date_gmt":"2019-12-27T14:03:01","guid":{"rendered":"https:\/\/nueva.alvarellos.info\/product\/libreta-modelo-castelao\/"},"modified":"2021-06-22T22:22:30","modified_gmt":"2021-06-22T20:22:30","slug":"libreta-modelo-castelao","status":"publish","type":"product","link":"https:\/\/alvarelloseditora.gal\/es\/libro\/libreta-modelo-castelao\/","title":{"rendered":"Libreta modelo CASTELAO"},"content":{"rendered":"","protected":false},"excerpt":{"rendered":"<p>Formato: 8 x 15 cms | 48 pp.<br \/>\nCapa plastificada de 300 gramos.<br \/>\nEncuadernada con cola Pur<\/p>\n<p>&nbsp;<\/p>\n<p>Dise\u00f1ada a partir de unas letras capitulares de 1926<\/p>\n<p>Un dise\u00f1o a partir de letras capitulares confeccionadas por\u00a0Alfonso Daniel Rodr\u00edguez Castelao\u00a0(Rianxo, 1886 \u2013 Buenos Aires, 1950).<\/p>\n<p>Estas capitulares fueron dibujadas para ilustrar la obra\u00a0Na noite estrelecida\u00a0de Ram\u00f3n Cabanillas, publicada en A Coru\u00f1a en\u00a01926\u00a0(Editorial Lar). Mucho despu\u00e9s, en 1970, Xos\u00e9 Filgueira Valverde rescat\u00f3 estas letras para ilustrar su volumen\u00a0Historias de Compostela\u00a0(editorial Bibli\u00f3filos Gallegos, de Santiago).<\/p>\n<p>Castelao ide\u00f3 una tipograf\u00eda gallega (conocida hoy popularmente como \u00abLetra Castelao\u00bb) que est\u00e1 inspirada en la que aparece, por ejemplo, en los dinteles del P\u00f3rtico de la Gloria, en la catedral de Santiago.<\/p>\n","protected":false},"featured_media":4175,"comment_status":"closed","ping_status":"closed","template":"","meta":[],"product_brand":[],"product_cat":[113],"product_tag":[],"class_list":{"0":"post-2836","1":"product","2":"type-product","3":"status-publish","4":"has-post-thumbnail","6":"product_cat-libretas-es","8":"first","9":"outofstock","10":"taxable","11":"shipping-taxable","12":"purchasable","13":"product-type-simple"},"yoast_head":"<!-- This site is optimized with the Yoast SEO plugin v27.3 - https:\/\/yoast.com\/product\/yoast-seo-wordpress\/ -->\n<title>Libreta modelo CASTELAO - Alvarellos Editora<\/title>\n<meta name=\"description\" content=\"Libreta modelo CASTELAO. C\u00f3mprao na tenda en li\u00f1a de Alvarellos Editora.\" \/>\n<meta name=\"robots\" content=\"index, follow, max-snippet:-1, max-image-preview:large, max-video-preview:-1\" \/>\n<link rel=\"canonical\" href=\"https:\/\/alvarelloseditora.gal\/es\/libro\/libreta-modelo-castelao\/\" \/>\n<meta property=\"og:locale\" content=\"es_ES\" \/>\n<meta property=\"og:type\" content=\"article\" \/>\n<meta property=\"og:title\" content=\"Libreta modelo CASTELAO - Alvarellos Editora\" \/>\n<meta property=\"og:description\" content=\"Libreta modelo CASTELAO. C\u00f3mprao na tenda en li\u00f1a de Alvarellos Editora.\" \/>\n<meta property=\"og:url\" content=\"https:\/\/alvarelloseditora.gal\/es\/libro\/libreta-modelo-castelao\/\" \/>\n<meta property=\"og:site_name\" content=\"Alvarellos Editora\" \/>\n<meta property=\"article:publisher\" content=\"https:\/\/www.facebook.com\/alvarelloseditora\" \/>\n<meta property=\"article:modified_time\" content=\"2021-06-22T20:22:30+00:00\" \/>\n<meta property=\"og:image\" content=\"https:\/\/alvarelloseditora.gal\/wp-content\/uploads\/2019\/12\/Libretas_literarias_2017_18_Castelao_en_cores.jpg\" \/>\n\t<meta property=\"og:image:width\" content=\"768\" \/>\n\t<meta property=\"og:image:height\" content=\"1024\" \/>\n\t<meta property=\"og:image:type\" content=\"image\/jpeg\" \/>\n<meta name=\"twitter:card\" content=\"summary_large_image\" \/>\n<meta name=\"twitter:site\" content=\"@alvarellos_ed\" \/>\n<!-- \/ Yoast SEO plugin. -->","yoast_head_json":{"title":"Libreta modelo CASTELAO - Alvarellos Editora","description":"Libreta modelo CASTELAO. C\u00f3mprao na tenda en li\u00f1a de Alvarellos Editora.","robots":{"index":"index","follow":"follow","max-snippet":"max-snippet:-1","max-image-preview":"max-image-preview:large","max-video-preview":"max-video-preview:-1"},"canonical":"https:\/\/alvarelloseditora.gal\/es\/libro\/libreta-modelo-castelao\/","og_locale":"es_ES","og_type":"article","og_title":"Libreta modelo CASTELAO - Alvarellos Editora","og_description":"Libreta modelo CASTELAO. C\u00f3mprao na tenda en li\u00f1a de Alvarellos Editora.","og_url":"https:\/\/alvarelloseditora.gal\/es\/libro\/libreta-modelo-castelao\/","og_site_name":"Alvarellos Editora","article_publisher":"https:\/\/www.facebook.com\/alvarelloseditora","article_modified_time":"2021-06-22T20:22:30+00:00","og_image":[{"width":768,"height":1024,"url":"https:\/\/alvarelloseditora.gal\/wp-content\/uploads\/2019\/12\/Libretas_literarias_2017_18_Castelao_en_cores.jpg","type":"image\/jpeg"}],"twitter_card":"summary_large_image","twitter_site":"@alvarellos_ed","schema":{"@context":"https:\/\/schema.org","@graph":[{"@type":["WebPage","ItemPage"],"@id":"https:\/\/alvarelloseditora.gal\/es\/libro\/libreta-modelo-castelao\/","url":"https:\/\/alvarelloseditora.gal\/es\/libro\/libreta-modelo-castelao\/","name":"Libreta modelo CASTELAO - Alvarellos Editora","isPartOf":{"@id":"https:\/\/alvarelloseditora.gal\/#website"},"primaryImageOfPage":{"@id":"https:\/\/alvarelloseditora.gal\/es\/libro\/libreta-modelo-castelao\/#primaryimage"},"image":{"@id":"https:\/\/alvarelloseditora.gal\/es\/libro\/libreta-modelo-castelao\/#primaryimage"},"thumbnailUrl":"https:\/\/alvarelloseditora.gal\/wp-content\/uploads\/2019\/12\/Libretas_literarias_2017_18_Castelao_en_cores.jpg","datePublished":"2019-12-27T14:03:01+00:00","dateModified":"2021-06-22T20:22:30+00:00","description":"Libreta modelo CASTELAO. C\u00f3mprao na tenda en li\u00f1a de Alvarellos Editora.","breadcrumb":{"@id":"https:\/\/alvarelloseditora.gal\/es\/libro\/libreta-modelo-castelao\/#breadcrumb"},"inLanguage":"es","potentialAction":[{"@type":"ReadAction","target":["https:\/\/alvarelloseditora.gal\/es\/libro\/libreta-modelo-castelao\/"]}]},{"@type":"ImageObject","inLanguage":"es","@id":"https:\/\/alvarelloseditora.gal\/es\/libro\/libreta-modelo-castelao\/#primaryimage","url":"https:\/\/alvarelloseditora.gal\/wp-content\/uploads\/2019\/12\/Libretas_literarias_2017_18_Castelao_en_cores.jpg","contentUrl":"https:\/\/alvarelloseditora.gal\/wp-content\/uploads\/2019\/12\/Libretas_literarias_2017_18_Castelao_en_cores.jpg","width":768,"height":1024},{"@type":"BreadcrumbList","@id":"https:\/\/alvarelloseditora.gal\/es\/libro\/libreta-modelo-castelao\/#breadcrumb","itemListElement":[{"@type":"ListItem","position":1,"name":"Portada","item":"https:\/\/alvarelloseditora.gal\/"},{"@type":"ListItem","position":2,"name":"Tienda","item":"https:\/\/alvarelloseditora.gal\/es\/tienda\/"},{"@type":"ListItem","position":3,"name":"Libreta modelo CASTELAO"}]},{"@type":"WebSite","@id":"https:\/\/alvarelloseditora.gal\/#website","url":"https:\/\/alvarelloseditora.gal\/","name":"Alvarellos Editora","description":"Libros para un mundo en tr\u00e1nsito","publisher":{"@id":"https:\/\/alvarelloseditora.gal\/#organization"},"potentialAction":[{"@type":"SearchAction","target":{"@type":"EntryPoint","urlTemplate":"https:\/\/alvarelloseditora.gal\/?s={search_term_string}"},"query-input":{"@type":"PropertyValueSpecification","valueRequired":true,"valueName":"search_term_string"}}],"inLanguage":"es"},{"@type":"Organization","@id":"https:\/\/alvarelloseditora.gal\/#organization","name":"Alvarellos Editora","url":"https:\/\/alvarelloseditora.gal\/","logo":{"@type":"ImageObject","inLanguage":"es","@id":"https:\/\/alvarelloseditora.gal\/#\/schema\/logo\/image\/","url":"https:\/\/alvarelloseditora.gal\/wp-content\/uploads\/2020\/02\/alv-icon.png","contentUrl":"https:\/\/alvarelloseditora.gal\/wp-content\/uploads\/2020\/02\/alv-icon.png","width":177,"height":175,"caption":"Alvarellos Editora"},"image":{"@id":"https:\/\/alvarelloseditora.gal\/#\/schema\/logo\/image\/"},"sameAs":["https:\/\/www.facebook.com\/alvarelloseditora","https:\/\/x.com\/alvarellos_ed"]}]}},"_links":{"self":[{"href":"https:\/\/alvarelloseditora.gal\/es\/wp-json\/wp\/v2\/product\/2836","targetHints":{"allow":["GET"]}}],"collection":[{"href":"https:\/\/alvarelloseditora.gal\/es\/wp-json\/wp\/v2\/product"}],"about":[{"href":"https:\/\/alvarelloseditora.gal\/es\/wp-json\/wp\/v2\/types\/product"}],"replies":[{"embeddable":true,"href":"https:\/\/alvarelloseditora.gal\/es\/wp-json\/wp\/v2\/comments?post=2836"}],"wp:featuredmedia":[{"embeddable":true,"href":"https:\/\/alvarelloseditora.gal\/es\/wp-json\/wp\/v2\/media\/4175"}],"wp:attachment":[{"href":"https:\/\/alvarelloseditora.gal\/es\/wp-json\/wp\/v2\/media?parent=2836"}],"wp:term":[{"taxonomy":"product_brand","embeddable":true,"href":"https:\/\/alvarelloseditora.gal\/es\/wp-json\/wp\/v2\/product_brand?post=2836"},{"taxonomy":"product_cat","embeddable":true,"href":"https:\/\/alvarelloseditora.gal\/es\/wp-json\/wp\/v2\/product_cat?post=2836"},{"taxonomy":"product_tag","embeddable":true,"href":"https:\/\/alvarelloseditora.gal\/es\/wp-json\/wp\/v2\/product_tag?post=2836"}],"curies":[{"name":"wp","href":"https:\/\/api.w.org\/{rel}","templated":true}]}}