{"id":2834,"date":"2019-12-27T13:41:43","date_gmt":"2019-12-27T14:03:01","guid":{"rendered":"https:\/\/nueva.alvarellos.info\/product\/libretas-literarias\/"},"modified":"2021-06-22T22:21:49","modified_gmt":"2021-06-22T20:21:49","slug":"libretas-literarias","status":"publish","type":"product","link":"https:\/\/alvarelloseditora.gal\/es\/libro\/libretas-literarias\/","title":{"rendered":"LIBRETAS LITERARIAS"},"content":{"rendered":"<p>28-11-2015 <strong>Caderno da Cr\u00edtica<\/strong>. Por Ram\u00f3n Nicol\u00e1s: <a href=\"https:\/\/cadernodacritica.wordpress.com\/2015\/11\/29\/as-libretas-literarias-de-alvarellos\/\">\u00abAs libretas literarias de Alvarellos\u00bb<\/a><\/p>\n","protected":false},"excerpt":{"rendered":"<p>Formato: 8 x 15 cms | 48 pp. c\/u<br \/>\nTapa plastificada de 300 gramos<br \/>\nEncuadernadas en cola Pur<\/p>\n<p>PACK CON 5 MODELOS<\/p>\n<p>Cinco nuevos modelos de bolsillo dise\u00f1ados por el editor Quique Alvarellos. Un homenaje a las artes, las letras o la naturaleza de Galicia con la inspiraci\u00f3n de fondo de pintores como Urbano Lugr\u00eds o Blas Lour\u00e9s, unas letras capitulares de 1926 de Castelao, la escritura de Manuel Antonio o los ginkgos\u00a0de Fonseca, en Santiago de Compostela.<\/p>\n<p>Todos los dise\u00f1os parten de material procedente del Archivo Gr\u00e1fico de Alvarellos Editora.<\/p>\n<p>\u00abMiden lo\u00a0mismo que\u00a0un smartphone, con el que\u00a0forman un t\u00e1ndem perfecto. Tecnolog\u00eda y\u00a0belleza juntas\u00bb, as\u00ed las define su creador.\u00a0\u00abYo llevo muchos a\u00f1os us\u00e1ndolas, pero las dise\u00f1aba s\u00f3lo para m\u00ed. Ahora he querido compartirlas. Son libretas de la memoria.\u00a0Lugares m\u00ednimos donde dejar una idea, una frase, un poema, un recado, un aviso&#8230;\u00a0Y luego quiz\u00e1s guardarlas numeradas, como si fuesen los cap\u00edtulos de nuestra vida escrita. As\u00ed es como yo las concibo\u00bb, afirma Quique Alvarellos.<\/p>\n<p>Cada libreta tiene 48 p\u00e1ginas y mide 8 cm de ancho por 15 de alto, perfectas para llevar en cualquier bolsillo o bolso.<\/p>\n<p>Se pueden adquirir\u00a0por separado (ver cada uno de los\u00a0modelos) o bien en este PACK DE 5.<\/p>\n","protected":false},"featured_media":4171,"comment_status":"closed","ping_status":"closed","template":"","meta":[],"product_brand":[],"product_cat":[113],"product_tag":[],"class_list":{"0":"post-2834","1":"product","2":"type-product","3":"status-publish","4":"has-post-thumbnail","6":"product_cat-libretas-es","8":"first","9":"outofstock","10":"taxable","11":"shipping-taxable","12":"purchasable","13":"product-type-simple"},"yoast_head":"<!-- This site is optimized with the Yoast SEO plugin v27.3 - https:\/\/yoast.com\/product\/yoast-seo-wordpress\/ -->\n<title>LIBRETAS LITERARIAS - Alvarellos Editora<\/title>\n<meta name=\"description\" content=\"LIBRETAS LITERARIAS. C\u00f3mprao na tenda en li\u00f1a de Alvarellos Editora.\" \/>\n<meta name=\"robots\" content=\"index, follow, max-snippet:-1, max-image-preview:large, max-video-preview:-1\" \/>\n<link rel=\"canonical\" href=\"https:\/\/alvarelloseditora.gal\/es\/libro\/libretas-literarias\/\" \/>\n<meta property=\"og:locale\" content=\"es_ES\" \/>\n<meta property=\"og:type\" content=\"article\" \/>\n<meta property=\"og:title\" content=\"LIBRETAS LITERARIAS - Alvarellos Editora\" \/>\n<meta property=\"og:description\" content=\"LIBRETAS LITERARIAS. C\u00f3mprao na tenda en li\u00f1a de Alvarellos Editora.\" \/>\n<meta property=\"og:url\" content=\"https:\/\/alvarelloseditora.gal\/es\/libro\/libretas-literarias\/\" \/>\n<meta property=\"og:site_name\" content=\"Alvarellos Editora\" \/>\n<meta property=\"article:publisher\" content=\"https:\/\/www.facebook.com\/alvarelloseditora\" \/>\n<meta property=\"article:modified_time\" content=\"2021-06-22T20:21:49+00:00\" \/>\n<meta property=\"og:image\" content=\"https:\/\/alvarelloseditora.gal\/wp-content\/uploads\/2019\/12\/Promo-5-novas-libretas-2017-scaled.jpg\" \/>\n\t<meta property=\"og:image:width\" content=\"2560\" \/>\n\t<meta property=\"og:image:height\" content=\"2522\" \/>\n\t<meta property=\"og:image:type\" content=\"image\/jpeg\" \/>\n<meta name=\"twitter:card\" content=\"summary_large_image\" \/>\n<meta name=\"twitter:site\" content=\"@alvarellos_ed\" \/>\n<!-- \/ Yoast SEO plugin. -->","yoast_head_json":{"title":"LIBRETAS LITERARIAS - Alvarellos Editora","description":"LIBRETAS LITERARIAS. C\u00f3mprao na tenda en li\u00f1a de Alvarellos Editora.","robots":{"index":"index","follow":"follow","max-snippet":"max-snippet:-1","max-image-preview":"max-image-preview:large","max-video-preview":"max-video-preview:-1"},"canonical":"https:\/\/alvarelloseditora.gal\/es\/libro\/libretas-literarias\/","og_locale":"es_ES","og_type":"article","og_title":"LIBRETAS LITERARIAS - Alvarellos Editora","og_description":"LIBRETAS LITERARIAS. C\u00f3mprao na tenda en li\u00f1a de Alvarellos Editora.","og_url":"https:\/\/alvarelloseditora.gal\/es\/libro\/libretas-literarias\/","og_site_name":"Alvarellos Editora","article_publisher":"https:\/\/www.facebook.com\/alvarelloseditora","article_modified_time":"2021-06-22T20:21:49+00:00","og_image":[{"width":2560,"height":2522,"url":"https:\/\/alvarelloseditora.gal\/wp-content\/uploads\/2019\/12\/Promo-5-novas-libretas-2017-scaled.jpg","type":"image\/jpeg"}],"twitter_card":"summary_large_image","twitter_site":"@alvarellos_ed","schema":{"@context":"https:\/\/schema.org","@graph":[{"@type":["WebPage","ItemPage"],"@id":"https:\/\/alvarelloseditora.gal\/es\/libro\/libretas-literarias\/","url":"https:\/\/alvarelloseditora.gal\/es\/libro\/libretas-literarias\/","name":"LIBRETAS LITERARIAS - Alvarellos Editora","isPartOf":{"@id":"https:\/\/alvarelloseditora.gal\/#website"},"primaryImageOfPage":{"@id":"https:\/\/alvarelloseditora.gal\/es\/libro\/libretas-literarias\/#primaryimage"},"image":{"@id":"https:\/\/alvarelloseditora.gal\/es\/libro\/libretas-literarias\/#primaryimage"},"thumbnailUrl":"https:\/\/alvarelloseditora.gal\/wp-content\/uploads\/2019\/12\/Promo-5-novas-libretas-2017-scaled.jpg","datePublished":"2019-12-27T14:03:01+00:00","dateModified":"2021-06-22T20:21:49+00:00","description":"LIBRETAS LITERARIAS. C\u00f3mprao na tenda en li\u00f1a de Alvarellos Editora.","breadcrumb":{"@id":"https:\/\/alvarelloseditora.gal\/es\/libro\/libretas-literarias\/#breadcrumb"},"inLanguage":"es","potentialAction":[{"@type":"ReadAction","target":["https:\/\/alvarelloseditora.gal\/es\/libro\/libretas-literarias\/"]}]},{"@type":"ImageObject","inLanguage":"es","@id":"https:\/\/alvarelloseditora.gal\/es\/libro\/libretas-literarias\/#primaryimage","url":"https:\/\/alvarelloseditora.gal\/wp-content\/uploads\/2019\/12\/Promo-5-novas-libretas-2017-scaled.jpg","contentUrl":"https:\/\/alvarelloseditora.gal\/wp-content\/uploads\/2019\/12\/Promo-5-novas-libretas-2017-scaled.jpg","width":2560,"height":2522},{"@type":"BreadcrumbList","@id":"https:\/\/alvarelloseditora.gal\/es\/libro\/libretas-literarias\/#breadcrumb","itemListElement":[{"@type":"ListItem","position":1,"name":"Portada","item":"https:\/\/alvarelloseditora.gal\/"},{"@type":"ListItem","position":2,"name":"Tienda","item":"https:\/\/alvarelloseditora.gal\/es\/tienda\/"},{"@type":"ListItem","position":3,"name":"LIBRETAS LITERARIAS"}]},{"@type":"WebSite","@id":"https:\/\/alvarelloseditora.gal\/#website","url":"https:\/\/alvarelloseditora.gal\/","name":"Alvarellos Editora","description":"Libros para un mundo en tr\u00e1nsito","publisher":{"@id":"https:\/\/alvarelloseditora.gal\/#organization"},"potentialAction":[{"@type":"SearchAction","target":{"@type":"EntryPoint","urlTemplate":"https:\/\/alvarelloseditora.gal\/?s={search_term_string}"},"query-input":{"@type":"PropertyValueSpecification","valueRequired":true,"valueName":"search_term_string"}}],"inLanguage":"es"},{"@type":"Organization","@id":"https:\/\/alvarelloseditora.gal\/#organization","name":"Alvarellos Editora","url":"https:\/\/alvarelloseditora.gal\/","logo":{"@type":"ImageObject","inLanguage":"es","@id":"https:\/\/alvarelloseditora.gal\/#\/schema\/logo\/image\/","url":"https:\/\/alvarelloseditora.gal\/wp-content\/uploads\/2020\/02\/alv-icon.png","contentUrl":"https:\/\/alvarelloseditora.gal\/wp-content\/uploads\/2020\/02\/alv-icon.png","width":177,"height":175,"caption":"Alvarellos Editora"},"image":{"@id":"https:\/\/alvarelloseditora.gal\/#\/schema\/logo\/image\/"},"sameAs":["https:\/\/www.facebook.com\/alvarelloseditora","https:\/\/x.com\/alvarellos_ed"]}]}},"_links":{"self":[{"href":"https:\/\/alvarelloseditora.gal\/es\/wp-json\/wp\/v2\/product\/2834","targetHints":{"allow":["GET"]}}],"collection":[{"href":"https:\/\/alvarelloseditora.gal\/es\/wp-json\/wp\/v2\/product"}],"about":[{"href":"https:\/\/alvarelloseditora.gal\/es\/wp-json\/wp\/v2\/types\/product"}],"replies":[{"embeddable":true,"href":"https:\/\/alvarelloseditora.gal\/es\/wp-json\/wp\/v2\/comments?post=2834"}],"wp:featuredmedia":[{"embeddable":true,"href":"https:\/\/alvarelloseditora.gal\/es\/wp-json\/wp\/v2\/media\/4171"}],"wp:attachment":[{"href":"https:\/\/alvarelloseditora.gal\/es\/wp-json\/wp\/v2\/media?parent=2834"}],"wp:term":[{"taxonomy":"product_brand","embeddable":true,"href":"https:\/\/alvarelloseditora.gal\/es\/wp-json\/wp\/v2\/product_brand?post=2834"},{"taxonomy":"product_cat","embeddable":true,"href":"https:\/\/alvarelloseditora.gal\/es\/wp-json\/wp\/v2\/product_cat?post=2834"},{"taxonomy":"product_tag","embeddable":true,"href":"https:\/\/alvarelloseditora.gal\/es\/wp-json\/wp\/v2\/product_tag?post=2834"}],"curies":[{"name":"wp","href":"https:\/\/api.w.org\/{rel}","templated":true}]}}