{"id":2829,"date":"2019-12-27T13:41:43","date_gmt":"2019-12-27T14:03:01","guid":{"rendered":"https:\/\/nueva.alvarellos.info\/product\/fernando-alsina-e-o-seu-diario-de-guerra\/"},"modified":"2021-06-23T13:52:17","modified_gmt":"2021-06-23T11:52:17","slug":"fernando-alsina-e-o-seu-diario-de-guerra","status":"publish","type":"product","link":"https:\/\/alvarelloseditora.gal\/es\/libro\/fernando-alsina-e-o-seu-diario-de-guerra\/","title":{"rendered":"FERNANDO ALSINA E O SEU &#8216;DIARIO DE GUERRA&#8217;"},"content":{"rendered":"<p><a href=\"https:\/\/www.facebook.com\/permalink.php?story_fbid=10154440220169418&amp;id=414872009417\"><strong>Fotos presentaci\u00f3n en Colexio M\u00e9dico de A Coru\u00f1a<\/strong><\/a><\/p>\n<p>14-01-2016 <strong>Faro de Vigo<\/strong> <a href=\"http:\/\/www.farodevigo.es\/sociedad\/2016\/01\/14\/diario-cirujano-fernando-alsina-relata\/1385080.html\">Presentaci\u00f3n en Vigo (Colexio M\u00e9dico)<\/a><\/p>\n<p>14-01-2016<strong> At\u00e1ntico Diario\u00a0<\/strong><a href=\"http:\/\/www.atlantico.net\/articulo\/cultura\/diario-da-guerra-80-anos-despois\/20160114100132509189.html\">Presentaci\u00f3n en Vigo (Colexio M\u00e9dico).<\/a><\/p>\n<p>23-12-2015 <strong>La Voz de Galicia\u00a0<\/strong><a href=\"http:\/\/www.lavozdegalicia.es\/noticia\/ourense\/ourense\/2015\/12\/23\/historia-usos-medicos-anos-30-diario-guerra-fernando-alsina\/00031450810345797559294.htm\">Edici\u00f3n Ourense Presentaci\u00f3n en Ourense\u00a0<\/a><\/p>\n<p>23-12-2015 <strong>La Regi\u00f3n<\/strong> <a href=\"http:\/\/www.laregion.es\/articulo\/ourense\/ricardo-gurriaran-diario-fernando-alsina-documento-dun-incalculable-valor-historico\/20151223093301589423.html\">Entrevista a Ricardo Gurriar\u00e1n<\/a><\/p>\n<p>17-12-2015 <strong>Diario de un m\u00e9dico de guardia<\/strong>\u00a0<a href=\"http:\/\/diariodeunmedicodeguardia.blogspot.com.es\/2015\/12\/historias-da-medicina-de-galicia.html\">Blog de David Sim\u00f3n Lorda<\/a><\/p>\n<p>23-11-2015 <strong>El Correo Gallego<\/strong> <a href=\"http:\/\/www.elcorreogallego.es\/opinion\/firmas\/ecg\/reivindicar-figuras\/idEdicion-2015-11-22\/idNoticia-965304\/\">Opini\u00f3n de Alfredo Conde<\/a><\/p>\n<p>12-11-2015<strong> El Correo Gallego <\/strong><a href=\"https:\/\/alvarelloseditora.gal\/wp-content\/uploads\/prensa\/corrgall.jpg\" target=\"_blank\" rel=\"noopener noreferrer\">Presentaci\u00f3n en Santiago de Compostela<\/a><\/p>\n<p>12-11-2015<strong> La Voz de Galicia <\/strong><a href=\"https:\/\/alvarelloseditora.gal\/wp-content\/uploads\/prensa\/vozgal.jpg\" target=\"_blank\" rel=\"noopener noreferrer\">Presentaci\u00f3n en Santiago de Compostela<\/a><\/p>\n<p>11-11-2015 <strong>El Correo Gallego<\/strong>\u00a0<a href=\"http:\/\/www.elcorreogallego.es\/opinion\/ecg\/fernando-ponte-guerra-coche\/idEdicion-2015-11-11\/idNoticia-963362\/\">Opini\u00f3n de Fernando Ponte \u00ab\u00a1A la guerra en coche!\u00bb\u00a0<\/a><\/p>\n<p>10-11-2015 <strong>Europa Press<\/strong> <a href=\"http:\/\/eldia.es\/agencias\/8399063-GALICIA-libro-reproduce-diario-guerra-inedito-medico-exalcalde-Santiago-Fernando-Alsina\">Un libro reproduce el diario de guerra in\u00e9dito&#8230;<\/a><\/p>\n<p>10-11-2015 <strong>El Correo Gallego\u00a0<\/strong><a href=\"http:\/\/www.elcorreogallego.es\/opinion\/ecg\/quique-alvarellos-netos-da-guerra-in-civil\/idEdicion-2015-11-10\/idNoticia-963228\/\">\u00a0Opini\u00f3n de Quique Alvarellos \u00abOs netos da guerra (in)civil\u00bb<\/a><\/p>\n<p>8-11-2015\u00a0<strong>Faro de Vigo<\/strong>\u00a0<a href=\"http:\/\/alvarellos.info\/arquivos\/pagina5-ALSINA.pdf\">Diario de un cirujano gallego en la guerra civil espa\u00f1ola<\/a><\/p>\n<p>8-11-2015<strong> El Correo Gallego <\/strong><a href=\"http:\/\/www.elcorreogallego.es\/santiago\/ecg\/presentacion-diario-guerra-exalcalde-santiago-fernando-alsina\/idEdicion-2015-11-07\/idNoticia-962643\/\">Presentaci\u00f3n del diario de guerra de Fernando Alsina<\/a><\/p>\n","protected":false},"excerpt":{"rendered":"<p>[Segunda edici\u00f3n ampliada]<\/p>\n<p>&nbsp;<\/p>\n<p>322 pp. 13 x 23 cms<br \/>\nISBN 978-84-89323-81-0<\/p>\n<p>&nbsp;<\/p>\n<p>**** 80 ANIVERSARIO GUERRA (IN)CIVIL 1936-2016****<\/p>\n<p>Fernando Alsina fue un destacado cirujano en la Compostela de la primera mitad de siglo XX. Fundador del Sanatorio San Lorenzo (1920), alcalde de Santiago durante un a\u00f1o (1929), ser\u00eda uno de los firmantes en 1933 del famoso manifiesto de apoyo al Estatuto de Galicia. Fue, adem\u00e1s, consuegro del escritor Ram\u00f3n del Valle-Incl\u00e1n..<\/p>\n<p>Entre septiembre de 1936 y febrero de 1937 estuvo en diferentes puntos del frente de guerra en el bando franquista, en los que ejerci\u00f3 labores quir\u00fargicas. Y dej\u00f3 escrito un detallado diario que ahora, ochenta a\u00f1os despu\u00e9s, ve por fin la luz.<\/p>\n<p>La recuperaci\u00f3n de este documento \u2014en la que participaron activamente tres de los nietos del doctor Alsina:\u00a0Fernando L\u00f3pez Alsina, Xaqu\u00edn del Valle-Incl\u00e1n Alsina y su hermano Pancho\u2014\u00a0es todo un ejercicio de memoria hist\u00f3rica. De la memoria de un hombre conservador, cat\u00f3lico, que apoyaba a Franco, pero cuya peripecia personal est\u00e1 llena de matices, de afinidades galleguistas, y de complejos episodios profesionales y personales.<\/p>\n<p>El especialista Ricardo Gurriar\u00e1n busca las claves de su comportamiento a trav\u00e9s de una reveladora biograf\u00eda, al tiempo que analiza a fondo este Diario de guerra. El \u00edndice onom\u00e1stico -con m\u00e1s de 500 referencias- de este volumen, as\u00ed como las cerca de cien fotograf\u00edas y documentos de la \u00e9poca, in\u00e9ditos, que aqu\u00ed se recogen (incluidos los de su a\u00f1o como alcalde), dan cuenta de la envergadura de esta obra.<\/p>\n<p>SEGUNDA EDICI\u00d3N AMPLIADA (DICIEMBRE 2016)<\/p>\n<p>Un a\u00d1o despu\u00e9s de la publicaci\u00f3n de la primera edici\u00f3n (oto\u00f1o, 2015) abordamos en diciembre de 2016 esta segunda, ampliada. En ella se incorporan im\u00e1genes y documentos in\u00e9ditos de Jos\u00e9 Modesto Isaac Devesa Areosa, \u00abPepi\u00f1o Areosa\u00bb, el hombre cuyo rostro nunca antes se hab\u00eda visto. Su cuerpo sin vida apareci\u00f3 en Cacheiras (Teo) al lado del ex-calcalde de Santiago, \u00c1nxel Casal, asesinados ambos aquel 19 de agosto de 1936. Ser\u00eda precisamente Fernando Alsina quen levantase el cad\u00e1ver da Areosa.<\/p>\n","protected":false},"featured_media":4161,"comment_status":"closed","ping_status":"closed","template":"","meta":[],"product_brand":[],"product_cat":[105],"product_tag":[1042],"class_list":{"0":"post-2829","1":"product","2":"type-product","3":"status-publish","4":"has-post-thumbnail","6":"product_author-fernando-alsina-gonzalez-es","7":"product_cat-oeste-es","8":"product_tag-libros-con-memoria-es","10":"first","11":"instock","12":"taxable","13":"shipping-taxable","14":"purchasable","15":"product-type-simple"},"yoast_head":"<!-- This site is optimized with the Yoast SEO plugin v27.3 - https:\/\/yoast.com\/product\/yoast-seo-wordpress\/ -->\n<title>FERNANDO ALSINA E O SEU &#039;DIARIO DE GUERRA&#039; - Alvarellos Editora<\/title>\n<meta name=\"description\" content=\"FERNANDO ALSINA E O SEU &#039;DIARIO DE GUERRA&#039;. C\u00f3mprao na tenda en li\u00f1a de Alvarellos Editora.\" \/>\n<meta name=\"robots\" content=\"index, follow, max-snippet:-1, max-image-preview:large, max-video-preview:-1\" \/>\n<link rel=\"canonical\" href=\"https:\/\/alvarelloseditora.gal\/es\/libro\/fernando-alsina-e-o-seu-diario-de-guerra\/\" \/>\n<meta property=\"og:locale\" content=\"es_ES\" \/>\n<meta property=\"og:type\" content=\"article\" \/>\n<meta property=\"og:title\" content=\"FERNANDO ALSINA E O SEU &#039;DIARIO DE GUERRA&#039; - Alvarellos Editora\" \/>\n<meta property=\"og:description\" content=\"FERNANDO ALSINA E O SEU &#039;DIARIO DE GUERRA&#039;. C\u00f3mprao na tenda en li\u00f1a de Alvarellos Editora.\" \/>\n<meta property=\"og:url\" content=\"https:\/\/alvarelloseditora.gal\/es\/libro\/fernando-alsina-e-o-seu-diario-de-guerra\/\" \/>\n<meta property=\"og:site_name\" content=\"Alvarellos Editora\" \/>\n<meta property=\"article:publisher\" content=\"https:\/\/www.facebook.com\/alvarelloseditora\" \/>\n<meta property=\"article:modified_time\" content=\"2021-06-23T11:52:17+00:00\" \/>\n<meta property=\"og:image\" content=\"https:\/\/alvarelloseditora.gal\/wp-content\/uploads\/2019\/12\/Fernando-Alsina-Diario-Guerra-Segunda-Edicion-alvarellos-libro.jpg\" \/>\n\t<meta property=\"og:image:width\" content=\"1007\" \/>\n\t<meta property=\"og:image:height\" content=\"1797\" \/>\n\t<meta property=\"og:image:type\" content=\"image\/jpeg\" \/>\n<meta name=\"twitter:card\" content=\"summary_large_image\" \/>\n<meta name=\"twitter:site\" content=\"@alvarellos_ed\" \/>\n<meta name=\"twitter:label1\" content=\"Tiempo de lectura\" \/>\n\t<meta name=\"twitter:data1\" content=\"1 minuto\" \/>\n<!-- \/ Yoast SEO plugin. -->","yoast_head_json":{"title":"FERNANDO ALSINA E O SEU 'DIARIO DE GUERRA' - Alvarellos Editora","description":"FERNANDO ALSINA E O SEU 'DIARIO DE GUERRA'. C\u00f3mprao na tenda en li\u00f1a de Alvarellos Editora.","robots":{"index":"index","follow":"follow","max-snippet":"max-snippet:-1","max-image-preview":"max-image-preview:large","max-video-preview":"max-video-preview:-1"},"canonical":"https:\/\/alvarelloseditora.gal\/es\/libro\/fernando-alsina-e-o-seu-diario-de-guerra\/","og_locale":"es_ES","og_type":"article","og_title":"FERNANDO ALSINA E O SEU 'DIARIO DE GUERRA' - Alvarellos Editora","og_description":"FERNANDO ALSINA E O SEU 'DIARIO DE GUERRA'. C\u00f3mprao na tenda en li\u00f1a de Alvarellos Editora.","og_url":"https:\/\/alvarelloseditora.gal\/es\/libro\/fernando-alsina-e-o-seu-diario-de-guerra\/","og_site_name":"Alvarellos Editora","article_publisher":"https:\/\/www.facebook.com\/alvarelloseditora","article_modified_time":"2021-06-23T11:52:17+00:00","og_image":[{"width":1007,"height":1797,"url":"https:\/\/alvarelloseditora.gal\/wp-content\/uploads\/2019\/12\/Fernando-Alsina-Diario-Guerra-Segunda-Edicion-alvarellos-libro.jpg","type":"image\/jpeg"}],"twitter_card":"summary_large_image","twitter_site":"@alvarellos_ed","twitter_misc":{"Tiempo de lectura":"1 minuto"},"schema":{"@context":"https:\/\/schema.org","@graph":[{"@type":["WebPage","ItemPage"],"@id":"https:\/\/alvarelloseditora.gal\/es\/libro\/fernando-alsina-e-o-seu-diario-de-guerra\/","url":"https:\/\/alvarelloseditora.gal\/es\/libro\/fernando-alsina-e-o-seu-diario-de-guerra\/","name":"FERNANDO ALSINA E O SEU 'DIARIO DE GUERRA' - Alvarellos Editora","isPartOf":{"@id":"https:\/\/alvarelloseditora.gal\/#website"},"primaryImageOfPage":{"@id":"https:\/\/alvarelloseditora.gal\/es\/libro\/fernando-alsina-e-o-seu-diario-de-guerra\/#primaryimage"},"image":{"@id":"https:\/\/alvarelloseditora.gal\/es\/libro\/fernando-alsina-e-o-seu-diario-de-guerra\/#primaryimage"},"thumbnailUrl":"https:\/\/alvarelloseditora.gal\/wp-content\/uploads\/2019\/12\/Fernando-Alsina-Diario-Guerra-Segunda-Edicion-alvarellos-libro.jpg","datePublished":"2019-12-27T14:03:01+00:00","dateModified":"2021-06-23T11:52:17+00:00","description":"FERNANDO ALSINA E O SEU 'DIARIO DE GUERRA'. C\u00f3mprao na tenda en li\u00f1a de Alvarellos Editora.","breadcrumb":{"@id":"https:\/\/alvarelloseditora.gal\/es\/libro\/fernando-alsina-e-o-seu-diario-de-guerra\/#breadcrumb"},"inLanguage":"es","potentialAction":[{"@type":"ReadAction","target":["https:\/\/alvarelloseditora.gal\/es\/libro\/fernando-alsina-e-o-seu-diario-de-guerra\/"]}]},{"@type":"ImageObject","inLanguage":"es","@id":"https:\/\/alvarelloseditora.gal\/es\/libro\/fernando-alsina-e-o-seu-diario-de-guerra\/#primaryimage","url":"https:\/\/alvarelloseditora.gal\/wp-content\/uploads\/2019\/12\/Fernando-Alsina-Diario-Guerra-Segunda-Edicion-alvarellos-libro.jpg","contentUrl":"https:\/\/alvarelloseditora.gal\/wp-content\/uploads\/2019\/12\/Fernando-Alsina-Diario-Guerra-Segunda-Edicion-alvarellos-libro.jpg","width":1007,"height":1797},{"@type":"BreadcrumbList","@id":"https:\/\/alvarelloseditora.gal\/es\/libro\/fernando-alsina-e-o-seu-diario-de-guerra\/#breadcrumb","itemListElement":[{"@type":"ListItem","position":1,"name":"Portada","item":"https:\/\/alvarelloseditora.gal\/"},{"@type":"ListItem","position":2,"name":"Tienda","item":"https:\/\/alvarelloseditora.gal\/es\/tienda\/"},{"@type":"ListItem","position":3,"name":"FERNANDO ALSINA E O SEU &#8216;DIARIO DE GUERRA&#8217;"}]},{"@type":"WebSite","@id":"https:\/\/alvarelloseditora.gal\/#website","url":"https:\/\/alvarelloseditora.gal\/","name":"Alvarellos Editora","description":"Libros para un mundo en tr\u00e1nsito","publisher":{"@id":"https:\/\/alvarelloseditora.gal\/#organization"},"potentialAction":[{"@type":"SearchAction","target":{"@type":"EntryPoint","urlTemplate":"https:\/\/alvarelloseditora.gal\/?s={search_term_string}"},"query-input":{"@type":"PropertyValueSpecification","valueRequired":true,"valueName":"search_term_string"}}],"inLanguage":"es"},{"@type":"Organization","@id":"https:\/\/alvarelloseditora.gal\/#organization","name":"Alvarellos Editora","url":"https:\/\/alvarelloseditora.gal\/","logo":{"@type":"ImageObject","inLanguage":"es","@id":"https:\/\/alvarelloseditora.gal\/#\/schema\/logo\/image\/","url":"https:\/\/alvarelloseditora.gal\/wp-content\/uploads\/2020\/02\/alv-icon.png","contentUrl":"https:\/\/alvarelloseditora.gal\/wp-content\/uploads\/2020\/02\/alv-icon.png","width":177,"height":175,"caption":"Alvarellos Editora"},"image":{"@id":"https:\/\/alvarelloseditora.gal\/#\/schema\/logo\/image\/"},"sameAs":["https:\/\/www.facebook.com\/alvarelloseditora","https:\/\/x.com\/alvarellos_ed"]}]}},"_links":{"self":[{"href":"https:\/\/alvarelloseditora.gal\/es\/wp-json\/wp\/v2\/product\/2829","targetHints":{"allow":["GET"]}}],"collection":[{"href":"https:\/\/alvarelloseditora.gal\/es\/wp-json\/wp\/v2\/product"}],"about":[{"href":"https:\/\/alvarelloseditora.gal\/es\/wp-json\/wp\/v2\/types\/product"}],"replies":[{"embeddable":true,"href":"https:\/\/alvarelloseditora.gal\/es\/wp-json\/wp\/v2\/comments?post=2829"}],"wp:featuredmedia":[{"embeddable":true,"href":"https:\/\/alvarelloseditora.gal\/es\/wp-json\/wp\/v2\/media\/4161"}],"wp:attachment":[{"href":"https:\/\/alvarelloseditora.gal\/es\/wp-json\/wp\/v2\/media?parent=2829"}],"wp:term":[{"taxonomy":"product_brand","embeddable":true,"href":"https:\/\/alvarelloseditora.gal\/es\/wp-json\/wp\/v2\/product_brand?post=2829"},{"taxonomy":"product_cat","embeddable":true,"href":"https:\/\/alvarelloseditora.gal\/es\/wp-json\/wp\/v2\/product_cat?post=2829"},{"taxonomy":"product_tag","embeddable":true,"href":"https:\/\/alvarelloseditora.gal\/es\/wp-json\/wp\/v2\/product_tag?post=2829"}],"curies":[{"name":"wp","href":"https:\/\/api.w.org\/{rel}","templated":true}]}}