{"id":2828,"date":"2019-12-27T13:41:43","date_gmt":"2019-12-27T14:03:01","guid":{"rendered":"https:\/\/nueva.alvarellos.info\/product\/cinza-de-estrelas\/"},"modified":"2021-06-23T12:12:14","modified_gmt":"2021-06-23T10:12:14","slug":"cinza-de-estrelas","status":"publish","type":"product","link":"https:\/\/alvarelloseditora.gal\/es\/libro\/cinza-de-estrelas\/","title":{"rendered":"CINZA DE ESTRELAS"},"content":{"rendered":"<p>21-01-2016 <strong>Revista dixital rede de<\/strong> <a href=\"https:\/\/elbolintxies.wordpress.com\/2016\/01\/18\/conociendo-a-ma-isabel-vazquez-rodriguez-escritora-gallega-y-santurtziarra\/#more-2589\"><strong>Bibliotecas de Santurtzi<\/strong><\/a><\/p>\n<p>04-09-2015 <strong>Radio Galega<\/strong>. Diario Cultural. Entrevista e recitado de poemas\u00a0<a href=\"http:\/\/www.crtvg.es\/rg\/destacados\/diario-cultural-diario-cultural-do-dia-04-09-2015-1414503\">http:\/\/www.crtvg.es\/rg\/destacados\/diario-cultural-diario-cultural-do-dia-04-09-2015-1414503<\/a><\/p>\n<p>26-08-2015 <strong>Terrach\u00e1xa<\/strong>.com\u00a0<a href=\"http:\/\/www.terrachaxa.com\/novas\/modesto-fraga-e-paulino-pereiro-premios-do-xli-certame-literario-de-vilalba\">http:\/\/www.terrachaxa.com\/novas\/modesto-fraga-e-paulino-pereiro-premios-do-xli-certame-literario-de-vilalba<\/a><\/p>\n<p>25-08-2015 <strong>El Progreso<\/strong>\u00a0<a href=\"http:\/\/elprogreso.galiciae.com\/noticia\/431615\/modesto-fraga-gana-con-adagio-por-outono-el-certame-literario-vilalbes\">http:\/\/elprogreso.galiciae.com\/noticia\/431615\/modesto-fraga-gana-con-adagio-por-outono-el-certame-literario-vilalbes<\/a><\/p>\n<p>20-08-2015<strong> La Voz de Galicia<\/strong>-Edici\u00f3n Lugo\u00a0<a href=\"http:\/\/www.lavozdegalicia.es\/noticia\/lugo\/vilalba\/2015\/08\/20\/obras-ganadoras-certamen-literario-vilalbes-2014-presentan-lunes\/00031440085205115900488.htm\">http:\/\/www.lavozdegalicia.es\/noticia\/lugo\/vilalba\/2015\/08\/20\/obras-ganadoras-certamen-literario-vilalbes-2014-presentan-lunes\/00031440085205115900488.htm<\/a><\/p>\n","protected":false},"excerpt":{"rendered":"<p>2\u00ba Premio en el XL Certamen de Poes\u00eda del Concello de Vilalba (Lugo)<\/p>\n<p>&nbsp;<\/p>\n<p>Formato: 14 x 21 cms | 60 pp<br \/>\nISBN: 978-84-89323-31-5<\/p>\n<p>&nbsp;<\/p>\n<p>A escrita como refuxio. A poes\u00eda t\u00f3rnase en vieiro para alcanzar o co\u00f1ecemento das cousas. O verso rev\u00e9lase nas p\u00e1xinas desta obra coma un xeito de deter o fuxid\u00edo da existencia. As palabras como contenci\u00f3n. \u00a0\u00abUnhas palabras que paguen a pena ser escritas \/ que atrapen a memoria\u00bb, di a autora no poema \u00abAdivi\u00f1anza\u00bb.<\/p>\n<p>Esta obra cont\u00e9n numerosas referencias a poetas cl\u00e1sicos e contempor\u00e1neos, que enriquecen a proposta creativa de Mar\u00eda Isabel V\u00e1zquez, dende Cunqueiro, Valente, Luz Pozo Garza ou Novoneyra, ata Yolanda Casta\u00f1o, Miguel Anxo Fern\u00e1n Vello ou Lu\u00eds Rei N\u00fa\u00f1ez.<\/p>\n<p>Esta obra logrou en 2014 o segundo premio na edici\u00f3n n\u00famero 40 do veterano Certame Literario do Concello de Vilalba.<\/p>\n","protected":false},"featured_media":4159,"comment_status":"closed","ping_status":"closed","template":"","meta":[],"product_brand":[],"product_cat":[106],"product_tag":[],"class_list":{"0":"post-2828","1":"product","2":"type-product","3":"status-publish","4":"has-post-thumbnail","6":"product_author-maria-isabel-vazquez-es","7":"product_cat-libros-do-sarela-es","9":"first","10":"instock","11":"taxable","12":"shipping-taxable","13":"purchasable","14":"product-type-simple"},"yoast_head":"<!-- This site is optimized with the Yoast SEO plugin v27.3 - https:\/\/yoast.com\/product\/yoast-seo-wordpress\/ -->\n<title>CINZA DE ESTRELAS - Alvarellos Editora<\/title>\n<meta name=\"description\" content=\"CINZA DE ESTRELAS. C\u00f3mprao na tenda en li\u00f1a de Alvarellos Editora.\" \/>\n<meta name=\"robots\" content=\"index, follow, max-snippet:-1, max-image-preview:large, max-video-preview:-1\" \/>\n<link rel=\"canonical\" href=\"https:\/\/alvarelloseditora.gal\/es\/libro\/cinza-de-estrelas\/\" \/>\n<meta property=\"og:locale\" content=\"es_ES\" \/>\n<meta property=\"og:type\" content=\"article\" \/>\n<meta property=\"og:title\" content=\"CINZA DE ESTRELAS - Alvarellos Editora\" \/>\n<meta property=\"og:description\" content=\"CINZA DE ESTRELAS. C\u00f3mprao na tenda en li\u00f1a de Alvarellos Editora.\" \/>\n<meta property=\"og:url\" content=\"https:\/\/alvarelloseditora.gal\/es\/libro\/cinza-de-estrelas\/\" \/>\n<meta property=\"og:site_name\" content=\"Alvarellos Editora\" \/>\n<meta property=\"article:publisher\" content=\"https:\/\/www.facebook.com\/alvarelloseditora\" \/>\n<meta property=\"article:modified_time\" content=\"2021-06-23T10:12:14+00:00\" \/>\n<meta property=\"og:image\" content=\"https:\/\/alvarelloseditora.gal\/wp-content\/uploads\/2019\/12\/Capa4FINALCinzadeestrelas.jpg\" \/>\n\t<meta property=\"og:image:width\" content=\"797\" \/>\n\t<meta property=\"og:image:height\" content=\"1232\" \/>\n\t<meta property=\"og:image:type\" content=\"image\/jpeg\" \/>\n<meta name=\"twitter:card\" content=\"summary_large_image\" \/>\n<meta name=\"twitter:site\" content=\"@alvarellos_ed\" \/>\n<!-- \/ Yoast SEO plugin. -->","yoast_head_json":{"title":"CINZA DE ESTRELAS - Alvarellos Editora","description":"CINZA DE ESTRELAS. C\u00f3mprao na tenda en li\u00f1a de Alvarellos Editora.","robots":{"index":"index","follow":"follow","max-snippet":"max-snippet:-1","max-image-preview":"max-image-preview:large","max-video-preview":"max-video-preview:-1"},"canonical":"https:\/\/alvarelloseditora.gal\/es\/libro\/cinza-de-estrelas\/","og_locale":"es_ES","og_type":"article","og_title":"CINZA DE ESTRELAS - Alvarellos Editora","og_description":"CINZA DE ESTRELAS. C\u00f3mprao na tenda en li\u00f1a de Alvarellos Editora.","og_url":"https:\/\/alvarelloseditora.gal\/es\/libro\/cinza-de-estrelas\/","og_site_name":"Alvarellos Editora","article_publisher":"https:\/\/www.facebook.com\/alvarelloseditora","article_modified_time":"2021-06-23T10:12:14+00:00","og_image":[{"width":797,"height":1232,"url":"https:\/\/alvarelloseditora.gal\/wp-content\/uploads\/2019\/12\/Capa4FINALCinzadeestrelas.jpg","type":"image\/jpeg"}],"twitter_card":"summary_large_image","twitter_site":"@alvarellos_ed","schema":{"@context":"https:\/\/schema.org","@graph":[{"@type":["WebPage","ItemPage"],"@id":"https:\/\/alvarelloseditora.gal\/es\/libro\/cinza-de-estrelas\/","url":"https:\/\/alvarelloseditora.gal\/es\/libro\/cinza-de-estrelas\/","name":"CINZA DE ESTRELAS - Alvarellos Editora","isPartOf":{"@id":"https:\/\/alvarelloseditora.gal\/#website"},"primaryImageOfPage":{"@id":"https:\/\/alvarelloseditora.gal\/es\/libro\/cinza-de-estrelas\/#primaryimage"},"image":{"@id":"https:\/\/alvarelloseditora.gal\/es\/libro\/cinza-de-estrelas\/#primaryimage"},"thumbnailUrl":"https:\/\/alvarelloseditora.gal\/wp-content\/uploads\/2019\/12\/Capa4FINALCinzadeestrelas.jpg","datePublished":"2019-12-27T14:03:01+00:00","dateModified":"2021-06-23T10:12:14+00:00","description":"CINZA DE ESTRELAS. C\u00f3mprao na tenda en li\u00f1a de Alvarellos Editora.","breadcrumb":{"@id":"https:\/\/alvarelloseditora.gal\/es\/libro\/cinza-de-estrelas\/#breadcrumb"},"inLanguage":"es","potentialAction":[{"@type":"ReadAction","target":["https:\/\/alvarelloseditora.gal\/es\/libro\/cinza-de-estrelas\/"]}]},{"@type":"ImageObject","inLanguage":"es","@id":"https:\/\/alvarelloseditora.gal\/es\/libro\/cinza-de-estrelas\/#primaryimage","url":"https:\/\/alvarelloseditora.gal\/wp-content\/uploads\/2019\/12\/Capa4FINALCinzadeestrelas.jpg","contentUrl":"https:\/\/alvarelloseditora.gal\/wp-content\/uploads\/2019\/12\/Capa4FINALCinzadeestrelas.jpg","width":797,"height":1232},{"@type":"BreadcrumbList","@id":"https:\/\/alvarelloseditora.gal\/es\/libro\/cinza-de-estrelas\/#breadcrumb","itemListElement":[{"@type":"ListItem","position":1,"name":"Portada","item":"https:\/\/alvarelloseditora.gal\/"},{"@type":"ListItem","position":2,"name":"Tienda","item":"https:\/\/alvarelloseditora.gal\/es\/tienda\/"},{"@type":"ListItem","position":3,"name":"CINZA DE ESTRELAS"}]},{"@type":"WebSite","@id":"https:\/\/alvarelloseditora.gal\/#website","url":"https:\/\/alvarelloseditora.gal\/","name":"Alvarellos Editora","description":"Libros para un mundo en tr\u00e1nsito","publisher":{"@id":"https:\/\/alvarelloseditora.gal\/#organization"},"potentialAction":[{"@type":"SearchAction","target":{"@type":"EntryPoint","urlTemplate":"https:\/\/alvarelloseditora.gal\/?s={search_term_string}"},"query-input":{"@type":"PropertyValueSpecification","valueRequired":true,"valueName":"search_term_string"}}],"inLanguage":"es"},{"@type":"Organization","@id":"https:\/\/alvarelloseditora.gal\/#organization","name":"Alvarellos Editora","url":"https:\/\/alvarelloseditora.gal\/","logo":{"@type":"ImageObject","inLanguage":"es","@id":"https:\/\/alvarelloseditora.gal\/#\/schema\/logo\/image\/","url":"https:\/\/alvarelloseditora.gal\/wp-content\/uploads\/2020\/02\/alv-icon.png","contentUrl":"https:\/\/alvarelloseditora.gal\/wp-content\/uploads\/2020\/02\/alv-icon.png","width":177,"height":175,"caption":"Alvarellos Editora"},"image":{"@id":"https:\/\/alvarelloseditora.gal\/#\/schema\/logo\/image\/"},"sameAs":["https:\/\/www.facebook.com\/alvarelloseditora","https:\/\/x.com\/alvarellos_ed"]}]}},"_links":{"self":[{"href":"https:\/\/alvarelloseditora.gal\/es\/wp-json\/wp\/v2\/product\/2828","targetHints":{"allow":["GET"]}}],"collection":[{"href":"https:\/\/alvarelloseditora.gal\/es\/wp-json\/wp\/v2\/product"}],"about":[{"href":"https:\/\/alvarelloseditora.gal\/es\/wp-json\/wp\/v2\/types\/product"}],"replies":[{"embeddable":true,"href":"https:\/\/alvarelloseditora.gal\/es\/wp-json\/wp\/v2\/comments?post=2828"}],"wp:featuredmedia":[{"embeddable":true,"href":"https:\/\/alvarelloseditora.gal\/es\/wp-json\/wp\/v2\/media\/4159"}],"wp:attachment":[{"href":"https:\/\/alvarelloseditora.gal\/es\/wp-json\/wp\/v2\/media?parent=2828"}],"wp:term":[{"taxonomy":"product_brand","embeddable":true,"href":"https:\/\/alvarelloseditora.gal\/es\/wp-json\/wp\/v2\/product_brand?post=2828"},{"taxonomy":"product_cat","embeddable":true,"href":"https:\/\/alvarelloseditora.gal\/es\/wp-json\/wp\/v2\/product_cat?post=2828"},{"taxonomy":"product_tag","embeddable":true,"href":"https:\/\/alvarelloseditora.gal\/es\/wp-json\/wp\/v2\/product_tag?post=2828"}],"curies":[{"name":"wp","href":"https:\/\/api.w.org\/{rel}","templated":true}]}}