{"id":2827,"date":"2019-12-27T13:41:43","date_gmt":"2019-12-27T14:03:01","guid":{"rendered":"https:\/\/nueva.alvarellos.info\/product\/abrindo-fiestras-en-carne-viva\/"},"modified":"2021-06-23T12:11:54","modified_gmt":"2021-06-23T10:11:54","slug":"abrindo-fiestras-en-carne-viva","status":"publish","type":"product","link":"https:\/\/alvarelloseditora.gal\/es\/libro\/abrindo-fiestras-en-carne-viva\/","title":{"rendered":"ABRINDO FIESTRAS EN CARNE VIVA"},"content":{"rendered":"<p>28-08-2015 <strong>Radio Galega<\/strong>. Diario Cultural. Entrevista a autor e recital\u00a0<a href=\"http:\/\/www.crtvg.es\/rg\/destacados\/diario-cultural-diario-cultural-do-dia-28-08-2015-1400916\">http:\/\/www.crtvg.es\/rg\/destacados\/diario-cultural-diario-cultural-do-dia-28-08-2015-1400916<\/a><\/p>\n<p>26-08-2015\u00a0<strong>Terrach\u00e1xa<\/strong>.com\u00a0<a href=\"http:\/\/www.terrachaxa.com\/novas\/modesto-fraga-e-paulino-pereiro-premios-do-xli-certame-literario-de-vilalba\">http:\/\/www.terrachaxa.com\/novas\/modesto-fraga-e-paulino-pereiro-premios-do-xli-certame-literario-de-vilalba<\/a><\/p>\n<p>25-08-2015\u00a0<strong>El Progreso<\/strong>\u00a0<a href=\"http:\/\/elprogreso.galiciae.com\/noticia\/431615\/modesto-fraga-gana-con-adagio-por-outono-el-certame-literario-vilalbes\">http:\/\/elprogreso.galiciae.com\/noticia\/431615\/modesto-fraga-gana-con-adagio-por-outono-el-certame-literario-vilalbes<\/a><\/p>\n<p>21-08-2015 <strong>El Progreso<\/strong>\u00a0\u00abEl 24 se presentan los libros del Certamen\u00bb.\u00a0<a href=\"http:\/\/alvarellos.info\/images\/progreso.pdf\">Imagen<\/a><\/p>\n<p>20-08-2015<strong>\u00a0La Voz de Galicia<\/strong>-Edici\u00f3n Lugo\u00a0<a href=\"http:\/\/www.lavozdegalicia.es\/noticia\/lugo\/vilalba\/2015\/08\/20\/obras-ganadoras-certamen-literario-vilalbes-2014-presentan-lunes\/00031440085205115900488.htm\">http:\/\/www.lavozdegalicia.es\/noticia\/lugo\/vilalba\/2015\/08\/20\/obras-ganadoras-certamen-literario-vilalbes-2014-presentan-lunes\/00031440085205115900488.htm<\/a><\/p>\n","protected":false},"excerpt":{"rendered":"<p>1\u00ba Premio XL Certamen de Poes\u00eda do Concello de Vilalba<\/p>\n<p>&nbsp;<\/p>\n<p>Formato: 14 x 21 cms. P\u00e1xs. 64<br \/>\nISBN: 978-84-89323-99-5<\/p>\n<p>&nbsp;<\/p>\n<p>A poes\u00eda \u00e9rguese neste libro como unha forma de dar orde ao caos do universo, \u00e1s \u00abdimensi\u00f3ns do baleiro\u00bb. Estruturado en cinco partes, denominadas \u00abFiestras&#8230;\u00bb, nesta obra. o poeta interroga \u00e1 soidade, ao esquecemento, \u00e1 desilusi\u00f3n.<\/p>\n<p>A lingua emerxe coma o seu piar: \u00ablingua que me colles dende o berce \/ e me afastas do silencio orixinal\u00bb.<\/p>\n<p>O autor detense tam\u00e9n na denuncia social, cantando aos \u00abeslombados\u00bb, aos \u00abcalados e ignorados\u00bb. E hai un espazo as\u00ed mesmo para o amor, o \u00abfeitizo\u00bb.<\/p>\n<p>Esta obra logrou o primeiro premio na edici\u00f3n n\u00famero 40 (2014) do xa hist\u00f3rico Certame Literario do Concello de Vilalba (Lugo).<\/p>\n","protected":false},"featured_media":4157,"comment_status":"closed","ping_status":"closed","template":"","meta":[],"product_brand":[],"product_cat":[106],"product_tag":[],"class_list":{"0":"post-2827","1":"product","2":"type-product","3":"status-publish","4":"has-post-thumbnail","6":"product_author-carlos-lopez-es","7":"product_cat-libros-do-sarela-es","9":"first","10":"instock","11":"taxable","12":"shipping-taxable","13":"purchasable","14":"product-type-simple"},"yoast_head":"<!-- This site is optimized with the Yoast SEO plugin v27.3 - https:\/\/yoast.com\/product\/yoast-seo-wordpress\/ -->\n<title>ABRINDO FIESTRAS EN CARNE VIVA - Alvarellos Editora<\/title>\n<meta name=\"description\" content=\"ABRINDO FIESTRAS EN CARNE VIVA. C\u00f3mprao na tenda en li\u00f1a de Alvarellos Editora.\" \/>\n<meta name=\"robots\" content=\"index, follow, max-snippet:-1, max-image-preview:large, max-video-preview:-1\" \/>\n<link rel=\"canonical\" href=\"https:\/\/alvarelloseditora.gal\/es\/libro\/abrindo-fiestras-en-carne-viva\/\" \/>\n<meta property=\"og:locale\" content=\"es_ES\" \/>\n<meta property=\"og:type\" content=\"article\" \/>\n<meta property=\"og:title\" content=\"ABRINDO FIESTRAS EN CARNE VIVA - Alvarellos Editora\" \/>\n<meta property=\"og:description\" content=\"ABRINDO FIESTRAS EN CARNE VIVA. C\u00f3mprao na tenda en li\u00f1a de Alvarellos Editora.\" \/>\n<meta property=\"og:url\" content=\"https:\/\/alvarelloseditora.gal\/es\/libro\/abrindo-fiestras-en-carne-viva\/\" \/>\n<meta property=\"og:site_name\" content=\"Alvarellos Editora\" \/>\n<meta property=\"article:publisher\" content=\"https:\/\/www.facebook.com\/alvarelloseditora\" \/>\n<meta property=\"article:modified_time\" content=\"2021-06-23T10:11:54+00:00\" \/>\n<meta property=\"og:image\" content=\"https:\/\/alvarelloseditora.gal\/wp-content\/uploads\/2019\/12\/Abrindo-fiestras-en-carne-viva-alvarellos-editora.jpg\" \/>\n\t<meta property=\"og:image:width\" content=\"795\" \/>\n\t<meta property=\"og:image:height\" content=\"1231\" \/>\n\t<meta property=\"og:image:type\" content=\"image\/jpeg\" \/>\n<meta name=\"twitter:card\" content=\"summary_large_image\" \/>\n<meta name=\"twitter:site\" content=\"@alvarellos_ed\" \/>\n<meta name=\"twitter:label1\" content=\"Tiempo de lectura\" \/>\n\t<meta name=\"twitter:data1\" content=\"1 minuto\" \/>\n<!-- \/ Yoast SEO plugin. -->","yoast_head_json":{"title":"ABRINDO FIESTRAS EN CARNE VIVA - Alvarellos Editora","description":"ABRINDO FIESTRAS EN CARNE VIVA. C\u00f3mprao na tenda en li\u00f1a de Alvarellos Editora.","robots":{"index":"index","follow":"follow","max-snippet":"max-snippet:-1","max-image-preview":"max-image-preview:large","max-video-preview":"max-video-preview:-1"},"canonical":"https:\/\/alvarelloseditora.gal\/es\/libro\/abrindo-fiestras-en-carne-viva\/","og_locale":"es_ES","og_type":"article","og_title":"ABRINDO FIESTRAS EN CARNE VIVA - Alvarellos Editora","og_description":"ABRINDO FIESTRAS EN CARNE VIVA. C\u00f3mprao na tenda en li\u00f1a de Alvarellos Editora.","og_url":"https:\/\/alvarelloseditora.gal\/es\/libro\/abrindo-fiestras-en-carne-viva\/","og_site_name":"Alvarellos Editora","article_publisher":"https:\/\/www.facebook.com\/alvarelloseditora","article_modified_time":"2021-06-23T10:11:54+00:00","og_image":[{"width":795,"height":1231,"url":"https:\/\/alvarelloseditora.gal\/wp-content\/uploads\/2019\/12\/Abrindo-fiestras-en-carne-viva-alvarellos-editora.jpg","type":"image\/jpeg"}],"twitter_card":"summary_large_image","twitter_site":"@alvarellos_ed","twitter_misc":{"Tiempo de lectura":"1 minuto"},"schema":{"@context":"https:\/\/schema.org","@graph":[{"@type":["WebPage","ItemPage"],"@id":"https:\/\/alvarelloseditora.gal\/es\/libro\/abrindo-fiestras-en-carne-viva\/","url":"https:\/\/alvarelloseditora.gal\/es\/libro\/abrindo-fiestras-en-carne-viva\/","name":"ABRINDO FIESTRAS EN CARNE VIVA - Alvarellos Editora","isPartOf":{"@id":"https:\/\/alvarelloseditora.gal\/#website"},"primaryImageOfPage":{"@id":"https:\/\/alvarelloseditora.gal\/es\/libro\/abrindo-fiestras-en-carne-viva\/#primaryimage"},"image":{"@id":"https:\/\/alvarelloseditora.gal\/es\/libro\/abrindo-fiestras-en-carne-viva\/#primaryimage"},"thumbnailUrl":"https:\/\/alvarelloseditora.gal\/wp-content\/uploads\/2019\/12\/Abrindo-fiestras-en-carne-viva-alvarellos-editora.jpg","datePublished":"2019-12-27T14:03:01+00:00","dateModified":"2021-06-23T10:11:54+00:00","description":"ABRINDO FIESTRAS EN CARNE VIVA. C\u00f3mprao na tenda en li\u00f1a de Alvarellos Editora.","breadcrumb":{"@id":"https:\/\/alvarelloseditora.gal\/es\/libro\/abrindo-fiestras-en-carne-viva\/#breadcrumb"},"inLanguage":"es","potentialAction":[{"@type":"ReadAction","target":["https:\/\/alvarelloseditora.gal\/es\/libro\/abrindo-fiestras-en-carne-viva\/"]}]},{"@type":"ImageObject","inLanguage":"es","@id":"https:\/\/alvarelloseditora.gal\/es\/libro\/abrindo-fiestras-en-carne-viva\/#primaryimage","url":"https:\/\/alvarelloseditora.gal\/wp-content\/uploads\/2019\/12\/Abrindo-fiestras-en-carne-viva-alvarellos-editora.jpg","contentUrl":"https:\/\/alvarelloseditora.gal\/wp-content\/uploads\/2019\/12\/Abrindo-fiestras-en-carne-viva-alvarellos-editora.jpg","width":795,"height":1231},{"@type":"BreadcrumbList","@id":"https:\/\/alvarelloseditora.gal\/es\/libro\/abrindo-fiestras-en-carne-viva\/#breadcrumb","itemListElement":[{"@type":"ListItem","position":1,"name":"Portada","item":"https:\/\/alvarelloseditora.gal\/"},{"@type":"ListItem","position":2,"name":"Tienda","item":"https:\/\/alvarelloseditora.gal\/es\/tienda\/"},{"@type":"ListItem","position":3,"name":"ABRINDO FIESTRAS EN CARNE VIVA"}]},{"@type":"WebSite","@id":"https:\/\/alvarelloseditora.gal\/#website","url":"https:\/\/alvarelloseditora.gal\/","name":"Alvarellos Editora","description":"Libros para un mundo en tr\u00e1nsito","publisher":{"@id":"https:\/\/alvarelloseditora.gal\/#organization"},"potentialAction":[{"@type":"SearchAction","target":{"@type":"EntryPoint","urlTemplate":"https:\/\/alvarelloseditora.gal\/?s={search_term_string}"},"query-input":{"@type":"PropertyValueSpecification","valueRequired":true,"valueName":"search_term_string"}}],"inLanguage":"es"},{"@type":"Organization","@id":"https:\/\/alvarelloseditora.gal\/#organization","name":"Alvarellos Editora","url":"https:\/\/alvarelloseditora.gal\/","logo":{"@type":"ImageObject","inLanguage":"es","@id":"https:\/\/alvarelloseditora.gal\/#\/schema\/logo\/image\/","url":"https:\/\/alvarelloseditora.gal\/wp-content\/uploads\/2020\/02\/alv-icon.png","contentUrl":"https:\/\/alvarelloseditora.gal\/wp-content\/uploads\/2020\/02\/alv-icon.png","width":177,"height":175,"caption":"Alvarellos Editora"},"image":{"@id":"https:\/\/alvarelloseditora.gal\/#\/schema\/logo\/image\/"},"sameAs":["https:\/\/www.facebook.com\/alvarelloseditora","https:\/\/x.com\/alvarellos_ed"]}]}},"_links":{"self":[{"href":"https:\/\/alvarelloseditora.gal\/es\/wp-json\/wp\/v2\/product\/2827","targetHints":{"allow":["GET"]}}],"collection":[{"href":"https:\/\/alvarelloseditora.gal\/es\/wp-json\/wp\/v2\/product"}],"about":[{"href":"https:\/\/alvarelloseditora.gal\/es\/wp-json\/wp\/v2\/types\/product"}],"replies":[{"embeddable":true,"href":"https:\/\/alvarelloseditora.gal\/es\/wp-json\/wp\/v2\/comments?post=2827"}],"wp:featuredmedia":[{"embeddable":true,"href":"https:\/\/alvarelloseditora.gal\/es\/wp-json\/wp\/v2\/media\/4157"}],"wp:attachment":[{"href":"https:\/\/alvarelloseditora.gal\/es\/wp-json\/wp\/v2\/media?parent=2827"}],"wp:term":[{"taxonomy":"product_brand","embeddable":true,"href":"https:\/\/alvarelloseditora.gal\/es\/wp-json\/wp\/v2\/product_brand?post=2827"},{"taxonomy":"product_cat","embeddable":true,"href":"https:\/\/alvarelloseditora.gal\/es\/wp-json\/wp\/v2\/product_cat?post=2827"},{"taxonomy":"product_tag","embeddable":true,"href":"https:\/\/alvarelloseditora.gal\/es\/wp-json\/wp\/v2\/product_tag?post=2827"}],"curies":[{"name":"wp","href":"https:\/\/api.w.org\/{rel}","templated":true}]}}