{"id":2826,"date":"2019-12-27T13:41:43","date_gmt":"2019-12-27T14:03:01","guid":{"rendered":"https:\/\/nueva.alvarellos.info\/product\/correspondencia-1928-1958\/"},"modified":"2021-06-22T14:10:42","modified_gmt":"2021-06-22T12:10:42","slug":"correspondencia-1928-1958","status":"publish","type":"product","link":"https:\/\/alvarelloseditora.gal\/es\/libro\/correspondencia-1928-1958\/","title":{"rendered":"CORRESPONDENCIA [1928-1958]"},"content":{"rendered":"<p>10-11-2015 <strong>Radio Galega<\/strong>-Diario Cultural. <a href=\"http:\/\/www.crtvg.es\/rg\/destacados\/diario-cultural-diario-cultural-do-dia-10-11-2015-1575376\">Cr\u00edtica de Chus Nogueira.<\/a><\/p>\n<p>07-10-2015 <strong>Faro de Vigo\u00a0<\/strong><a href=\"http:\/\/www.farodevigo.es\/portada-pontevedra\/2015\/10\/07\/querido-federico-castelao-luis\/1327224.html\">http:\/\/www.farodevigo.es\/portada-pontevedra\/2015\/10\/07\/querido-federico-castelao-luis\/1327224.html<\/a><\/p>\n<p>07-10-2015 <strong>La Voz de Galicia<\/strong><br \/>\n<a href=\"http:\/\/www.lavozdegalicia.es\/noticia\/arousa\/pontecesures\/2015\/10\/07\/correspondencia-carlos-maside-reunida-nun-libro\/0003_201510G7P47991.htm\">http:\/\/www.lavozdegalicia.es\/noticia\/arousa\/pontecesures\/2015\/10\/07\/correspondencia-carlos-maside-reunida-nun-libro\/0003_201510G7P47991.htm<\/a><\/p>\n<p>06-10-2015\u00a0<strong>Radio Obradoiro<\/strong>\u00a0<a href=\"http:\/\/www.radioobradoiro.com\/portada\/ro\/consorcio-editorial-alvarellos-reunen-correspondencia-maside-mantivo-intelectuais-luis-seoane-castelao-garcia-lorca-ou-diaz-pardo\/idEdicion-2015-10-06\/idNoticia-956516\/\">As cartas de Carlos Maside<\/a><\/p>\n<p>10-9-2015<strong> Diario de Ferrol<\/strong>\u00a0Cr\u00edtica de Armando Requeixo: \u00abRedescubrindo a Maside\u00bb.:\u00a0Diario Ferrol Armando Requeixo<\/p>\n<p>01-08-2015<strong> Faro de Vigo<\/strong>\u00a0Por Rub\u00e9n Reiriz-Polo:\u00a0<a href=\"http:\/\/www.farodevigo.es\/cartas\/2015\/08\/01\/as-amizades-carlos-maside\/1288463.html\">http:\/\/www.farodevigo.es\/cartas\/2015\/08\/01\/as-amizades-carlos-maside\/1288463.html<\/a><\/p>\n<p>28-07-15 <strong>Diario de Pontevedra<\/strong>. Por Ram\u00f3n Rozas\u00a0<a href=\"http:\/\/diariodepontevedra.galiciae.com\/blog\/421136\/vilar-42-santiago\">http:\/\/diariodepontevedra.galiciae.com\/blog\/421136\/vilar-42-santiago<\/a><\/p>\n<p>24-07-15 <strong>Faro de Vigo\u00a0<\/strong><a href=\"http:\/\/www.farodevigo.es\/sociedad-cultura\/2015\/07\/24\/autorretrato-inedito-maside\/1283660.html\">http:\/\/www.farodevigo.es\/sociedad-cultura\/2015\/07\/24\/autorretrato-inedito-maside\/1283660.html<\/a><\/p>\n<p>24-07-15 <strong>La Voz de Galicia\u00a0<\/strong><br \/>\n<a href=\"http:\/\/www.lavozdegalicia.es\/noticia\/santiago\/2015\/07\/24\/publican-libro-cartas-ineditas-carlos-maside-intelectuales\/0003_201507S24C29910.htm\">http:\/\/www.lavozdegalicia.es\/noticia\/santiago\/2015\/07\/24\/publican-libro-cartas-ineditas-carlos-maside-intelectuales\/0003_201507S24C29910.htm<\/a><\/p>\n<p>24-07-15\u00a0<strong>Santiagodecompostela.org\u00a0<\/strong><br \/>\n<a href=\"http:\/\/www.santiagodecompostela.org\/hoxe\/nova.php?id_nova=13326\">http:\/\/www.santiagodecompostela.org\/hoxe\/nova.php?id_nova=13326<\/a><\/p>\n<p>23-07-15 <strong>El Correo Gallego<\/strong>\u00a0Por Fran P. Lorenzo<br \/>\n<a href=\"http:\/\/www.elcorreogallego.es\/tendencias\/ecg\/un-libro-recolle-179-cartas-do-pintor-carlos-maside-intelectuais-seoane-castelao-garcia-lorca-diaz-pardo-ou-laxeiro\/idEdicion-2015-07-23\/idNoticia-944133\/\">http:\/\/www.elcorreogallego.es\/tendencias\/ecg\/un-libro-recolle-179-cartas-do-pintor-carlos-maside-intelectuais-seoane-castelao-garcia-lorca-diaz-pardo-ou-laxeiro\/idEdicion-2015-07-23\/idNoticia-944133\/<\/a><\/p>\n","protected":false},"excerpt":{"rendered":"<p>CARTAS IN\u00c9DITAS E DISPERSAS<\/p>\n<p>&nbsp;<\/p>\n<p>Formato: 14 x 21 cms | 460 pp | Carton\u00e9<br \/>\nISBN 978-84-89323-98-8<\/p>\n<p>&nbsp;<\/p>\n<p>El indiscutible renovador del arte gallego de la primera mitad del siglo XX, Carlos Maside (Pontecesures, 1897 &#8211; Santiago, 1958) mantuvo, durante toda su vida, una rica y continuada relaci\u00f3n epistolar con gran parte de la intelectualidad gallega de su \u00e9poca: la del exilio y tambi\u00e9n la del llamado \u00abexilio interior\u00bb (este era su caso).<\/p>\n<p>Este volumen, titulado Correspondencia [1928-1958]. Cartas in\u00e9ditas e dispersas re\u00fane 179 cartas del pintor -la mayor parte de ellas, in\u00e9ditas-: desde 1928 hasta la \u00faltima, dos meses antes de fallecer. La correspondencia, atravesada primero por el silencia de la guerra y despu\u00e9s por la larga represi\u00f3n, fue reunida y transcrita por la catedr\u00e1tica de Historia Mar\u00eda Esther Rodr\u00edguez Losada, en una edici\u00f3n al cuidado del catedr\u00e1tico de Filolog\u00eda Gallega Anxo Tarr\u00edo Varela.<\/p>\n<p>Estas p\u00e1ginas cuentan la historia \u00edntima de un tiempo y de un pa\u00eds. Cartas a Lu\u00eds Seoane, a Castelao, a Federico Garc\u00eda Lorca, a Bal y Gay, a Otero Pedrayo, a Isaac D\u00edaz Pardo, a Cunqueiro, a Paz Andrade, a Fern\u00e1ndez del Riego, a Laxeiro&#8230;<\/p>\n<p>Se recoge la correspondencia de ida, y muchas veces tambi\u00e9n la de vuelta, entre la que destaca el fecundo y prolongado intercambio epistolar con Lu\u00eds Seoane.<\/p>\n<p>El volumen se completa con la incorporaci\u00f3n de fotograf\u00edas y manuscritos nunca vistos hasta hoy y de una biograf\u00eda del pintor e intelectual.<\/p>\n","protected":false},"featured_media":4155,"comment_status":"closed","ping_status":"closed","template":"","meta":[],"product_brand":[],"product_cat":[111],"product_tag":[1042],"class_list":{"0":"post-2826","1":"product","2":"type-product","3":"status-publish","4":"has-post-thumbnail","6":"product_author-carlos-maside","7":"product_cat-coleccion-rescate-es","8":"product_tag-libros-con-memoria-es","10":"first","11":"instock","12":"taxable","13":"shipping-taxable","14":"purchasable","15":"product-type-simple"},"yoast_head":"<!-- This site is optimized with the Yoast SEO plugin v27.3 - https:\/\/yoast.com\/product\/yoast-seo-wordpress\/ -->\n<title>CORRESPONDENCIA [1928-1958] - Alvarellos Editora<\/title>\n<meta name=\"description\" content=\"CORRESPONDENCIA [1928-1958]. C\u00f3mprao na tenda en li\u00f1a de Alvarellos Editora.\" \/>\n<meta name=\"robots\" content=\"index, follow, max-snippet:-1, max-image-preview:large, max-video-preview:-1\" \/>\n<link rel=\"canonical\" href=\"https:\/\/alvarelloseditora.gal\/es\/libro\/correspondencia-1928-1958\/\" \/>\n<meta property=\"og:locale\" content=\"es_ES\" \/>\n<meta property=\"og:type\" content=\"article\" \/>\n<meta property=\"og:title\" content=\"CORRESPONDENCIA [1928-1958] - Alvarellos Editora\" \/>\n<meta property=\"og:description\" content=\"CORRESPONDENCIA [1928-1958]. C\u00f3mprao na tenda en li\u00f1a de Alvarellos Editora.\" \/>\n<meta property=\"og:url\" content=\"https:\/\/alvarelloseditora.gal\/es\/libro\/correspondencia-1928-1958\/\" \/>\n<meta property=\"og:site_name\" content=\"Alvarellos Editora\" \/>\n<meta property=\"article:publisher\" content=\"https:\/\/www.facebook.com\/alvarelloseditora\" \/>\n<meta property=\"article:modified_time\" content=\"2021-06-22T12:10:42+00:00\" \/>\n<meta property=\"og:image\" content=\"https:\/\/alvarelloseditora.gal\/wp-content\/uploads\/2019\/12\/Correspondencia-Maside-Alvarellos-libro-capa.jpg\" \/>\n\t<meta property=\"og:image:width\" content=\"793\" \/>\n\t<meta property=\"og:image:height\" content=\"1229\" \/>\n\t<meta property=\"og:image:type\" content=\"image\/jpeg\" \/>\n<meta name=\"twitter:card\" content=\"summary_large_image\" \/>\n<meta name=\"twitter:site\" content=\"@alvarellos_ed\" \/>\n<meta name=\"twitter:label1\" content=\"Tiempo de lectura\" \/>\n\t<meta name=\"twitter:data1\" content=\"1 minuto\" \/>\n<!-- \/ Yoast SEO plugin. -->","yoast_head_json":{"title":"CORRESPONDENCIA [1928-1958] - Alvarellos Editora","description":"CORRESPONDENCIA [1928-1958]. C\u00f3mprao na tenda en li\u00f1a de Alvarellos Editora.","robots":{"index":"index","follow":"follow","max-snippet":"max-snippet:-1","max-image-preview":"max-image-preview:large","max-video-preview":"max-video-preview:-1"},"canonical":"https:\/\/alvarelloseditora.gal\/es\/libro\/correspondencia-1928-1958\/","og_locale":"es_ES","og_type":"article","og_title":"CORRESPONDENCIA [1928-1958] - Alvarellos Editora","og_description":"CORRESPONDENCIA [1928-1958]. C\u00f3mprao na tenda en li\u00f1a de Alvarellos Editora.","og_url":"https:\/\/alvarelloseditora.gal\/es\/libro\/correspondencia-1928-1958\/","og_site_name":"Alvarellos Editora","article_publisher":"https:\/\/www.facebook.com\/alvarelloseditora","article_modified_time":"2021-06-22T12:10:42+00:00","og_image":[{"width":793,"height":1229,"url":"https:\/\/alvarelloseditora.gal\/wp-content\/uploads\/2019\/12\/Correspondencia-Maside-Alvarellos-libro-capa.jpg","type":"image\/jpeg"}],"twitter_card":"summary_large_image","twitter_site":"@alvarellos_ed","twitter_misc":{"Tiempo de lectura":"1 minuto"},"schema":{"@context":"https:\/\/schema.org","@graph":[{"@type":["WebPage","ItemPage"],"@id":"https:\/\/alvarelloseditora.gal\/es\/libro\/correspondencia-1928-1958\/","url":"https:\/\/alvarelloseditora.gal\/es\/libro\/correspondencia-1928-1958\/","name":"CORRESPONDENCIA [1928-1958] - Alvarellos Editora","isPartOf":{"@id":"https:\/\/alvarelloseditora.gal\/#website"},"primaryImageOfPage":{"@id":"https:\/\/alvarelloseditora.gal\/es\/libro\/correspondencia-1928-1958\/#primaryimage"},"image":{"@id":"https:\/\/alvarelloseditora.gal\/es\/libro\/correspondencia-1928-1958\/#primaryimage"},"thumbnailUrl":"https:\/\/alvarelloseditora.gal\/wp-content\/uploads\/2019\/12\/Correspondencia-Maside-Alvarellos-libro-capa.jpg","datePublished":"2019-12-27T14:03:01+00:00","dateModified":"2021-06-22T12:10:42+00:00","description":"CORRESPONDENCIA [1928-1958]. C\u00f3mprao na tenda en li\u00f1a de Alvarellos Editora.","breadcrumb":{"@id":"https:\/\/alvarelloseditora.gal\/es\/libro\/correspondencia-1928-1958\/#breadcrumb"},"inLanguage":"es","potentialAction":[{"@type":"ReadAction","target":["https:\/\/alvarelloseditora.gal\/es\/libro\/correspondencia-1928-1958\/"]}]},{"@type":"ImageObject","inLanguage":"es","@id":"https:\/\/alvarelloseditora.gal\/es\/libro\/correspondencia-1928-1958\/#primaryimage","url":"https:\/\/alvarelloseditora.gal\/wp-content\/uploads\/2019\/12\/Correspondencia-Maside-Alvarellos-libro-capa.jpg","contentUrl":"https:\/\/alvarelloseditora.gal\/wp-content\/uploads\/2019\/12\/Correspondencia-Maside-Alvarellos-libro-capa.jpg","width":793,"height":1229},{"@type":"BreadcrumbList","@id":"https:\/\/alvarelloseditora.gal\/es\/libro\/correspondencia-1928-1958\/#breadcrumb","itemListElement":[{"@type":"ListItem","position":1,"name":"Portada","item":"https:\/\/alvarelloseditora.gal\/"},{"@type":"ListItem","position":2,"name":"Tienda","item":"https:\/\/alvarelloseditora.gal\/es\/tienda\/"},{"@type":"ListItem","position":3,"name":"CORRESPONDENCIA [1928-1958]"}]},{"@type":"WebSite","@id":"https:\/\/alvarelloseditora.gal\/#website","url":"https:\/\/alvarelloseditora.gal\/","name":"Alvarellos Editora","description":"Libros para un mundo en tr\u00e1nsito","publisher":{"@id":"https:\/\/alvarelloseditora.gal\/#organization"},"potentialAction":[{"@type":"SearchAction","target":{"@type":"EntryPoint","urlTemplate":"https:\/\/alvarelloseditora.gal\/?s={search_term_string}"},"query-input":{"@type":"PropertyValueSpecification","valueRequired":true,"valueName":"search_term_string"}}],"inLanguage":"es"},{"@type":"Organization","@id":"https:\/\/alvarelloseditora.gal\/#organization","name":"Alvarellos Editora","url":"https:\/\/alvarelloseditora.gal\/","logo":{"@type":"ImageObject","inLanguage":"es","@id":"https:\/\/alvarelloseditora.gal\/#\/schema\/logo\/image\/","url":"https:\/\/alvarelloseditora.gal\/wp-content\/uploads\/2020\/02\/alv-icon.png","contentUrl":"https:\/\/alvarelloseditora.gal\/wp-content\/uploads\/2020\/02\/alv-icon.png","width":177,"height":175,"caption":"Alvarellos Editora"},"image":{"@id":"https:\/\/alvarelloseditora.gal\/#\/schema\/logo\/image\/"},"sameAs":["https:\/\/www.facebook.com\/alvarelloseditora","https:\/\/x.com\/alvarellos_ed"]}]}},"_links":{"self":[{"href":"https:\/\/alvarelloseditora.gal\/es\/wp-json\/wp\/v2\/product\/2826","targetHints":{"allow":["GET"]}}],"collection":[{"href":"https:\/\/alvarelloseditora.gal\/es\/wp-json\/wp\/v2\/product"}],"about":[{"href":"https:\/\/alvarelloseditora.gal\/es\/wp-json\/wp\/v2\/types\/product"}],"replies":[{"embeddable":true,"href":"https:\/\/alvarelloseditora.gal\/es\/wp-json\/wp\/v2\/comments?post=2826"}],"wp:featuredmedia":[{"embeddable":true,"href":"https:\/\/alvarelloseditora.gal\/es\/wp-json\/wp\/v2\/media\/4155"}],"wp:attachment":[{"href":"https:\/\/alvarelloseditora.gal\/es\/wp-json\/wp\/v2\/media?parent=2826"}],"wp:term":[{"taxonomy":"product_brand","embeddable":true,"href":"https:\/\/alvarelloseditora.gal\/es\/wp-json\/wp\/v2\/product_brand?post=2826"},{"taxonomy":"product_cat","embeddable":true,"href":"https:\/\/alvarelloseditora.gal\/es\/wp-json\/wp\/v2\/product_cat?post=2826"},{"taxonomy":"product_tag","embeddable":true,"href":"https:\/\/alvarelloseditora.gal\/es\/wp-json\/wp\/v2\/product_tag?post=2826"}],"curies":[{"name":"wp","href":"https:\/\/api.w.org\/{rel}","templated":true}]}}