{"id":2825,"date":"2019-12-27T13:41:09","date_gmt":"2019-12-27T14:02:44","guid":{"rendered":"https:\/\/nueva.alvarellos.info\/product\/no-tempo-de-follas-novas\/"},"modified":"2022-07-07T18:12:49","modified_gmt":"2022-07-07T16:12:49","slug":"no-tempo-de-follas-novas","status":"publish","type":"product","link":"https:\/\/alvarelloseditora.gal\/es\/libro\/no-tempo-de-follas-novas\/","title":{"rendered":"No tempo de \u00abFollas novas\u00bb"},"content":{"rendered":"<p><a href=\"https:\/\/www.youtube.com\/watch?v=oJt5cYDby1g\">V\u00cdDEO PRESENTACI\u00d3N EN VIGO (Librar\u00eda Cartab\u00f3n)<\/a><\/p>\n<p>16-10-2015<strong>\u00a0<a href=\"http:\/\/casadegalicia.xunta.es\/web\/guest\/actualidad\/-\/asset_publisher\/4LfE\/content\/np-libro-no-tempo-de-follas-novas-coordinado-por-pilar-garcia-negro?redirect=http%3A%2F%2Fcasadegalicia.xunta.es%2Fweb%2Fguest%2Factualidad%3Fp_p_id%3D101_INSTANCE_4LfE%26p_p_lifecycle%3D0%26p_p_state%3Dnormal%26p_p_mode%3Dview%26p_p_col_id%3Dcolumn-3%26p_p_col_count%3D1\">Casa de Galicia en Madrid<\/a><\/strong>\u00a0Presentaci\u00f3n.<\/p>\n<p>01-09-2015\u00a0<strong>Radio Galega<\/strong>. Diario Cultural. Cr\u00edtica de Chus Nogueira\u00a0<a href=\"http:\/\/www.crtvg.es\/rg\/destacados\/diario-cultural-diario-cultural-do-dia-01-09-2015-1409375\">http:\/\/www.crtvg.es\/rg\/destacados\/diario-cultural-diario-cultural-do-dia-01-09-2015-1409375<\/a><\/p>\n<p>16-07-2015\u00a0<strong>Iurisdictio lex malacitana<\/strong>.\u00a0<a href=\"http:\/\/iurisdictio-lexmalacitana.blogspot.com.es\/2015\/07\/rosalia-de-castro-1837-1885-mas-en-la.html\">Blog. Cr\u00edtica de Jos\u00e9 Calvo<\/a><\/p>\n<p>02-07-2015\u00a0<strong>Criticalia<\/strong>.\u00a0Cr\u00edtica de Armando Requeixo<\/p>\n<p>05-06-2015<strong>\u00a0Terra e tempo<\/strong>.\u00a0<a href=\"http:\/\/www.terraetempo.gal\/artigo.php?artigo=3866&amp;seccion=5\">Artigo de Eduardo \u00c1lvarez<\/a><\/p>\n<p>20-05-2015<strong>\u00a0Terra e tempo<\/strong>.\u00a0<a href=\"http:\/\/www.terraetempo.gal\/artigo.php?artigo=3855&amp;seccion=5\">Artigo de Xos\u00e9 Manuel S\u00e1nchez Rey<\/a><\/p>\n<p>30-04-2015<strong>\u00a0La Opini\u00f3n<\/strong>\u00a0<a href=\"http:\/\/www.laopinioncoruna.es\/sociedad\/2015\/04\/30\/pilar-garcia-negro-presenta-tempo\/951645.html\">http:\/\/www.laopinioncoruna.es\/sociedad\/2015\/04\/30\/pilar-garcia-negro-presenta-tempo\/951645.html<\/a><\/p>\n<p>07-05-2015\u00a0<strong>O bloque de Carlos Call\u00f3n<\/strong>\u00a0<a href=\"http:\/\/www.carloscallon.com\/2015\/05\/no-tempo-de-follas-novas.html\">http:\/\/www.carloscallon.com\/2015\/05\/no-tempo-de-follas-novas.html<\/a><\/p>\n<p>-05-2015\u00a0<strong>La Voz de Galicia\u00a0<\/strong><a href=\"http:\/\/www.lavozdegalicia.es\/noticia\/coruna\/2015\/04\/29\/rosalia-castro-foi-coctel-realmente-espectacular\/0003_201504H29C8993.htm\">Entrevista a Pilar Garc\u00eda Negro<\/a><\/p>\n","protected":false},"excerpt":{"rendered":"<p>UNHA VIAXE POLA LITERATURA UNIVERSAL<\/p>\n<p>&nbsp;<\/p>\n<p>282 pp. 13 x 23 cms<br \/>\nISBN 978-84-89323-97-1<\/p>\n<p>M\u00aa Pilar Garc\u00eda Negro convoca a un excelente elenco de docentes y escritoras\/es en un libro coral titulado No tempo de \u2018Follas novas\u2019. Unha viaxe pola literatura universal (Alvarellos Editora). En esta obra leeremos textos de autoras y autores contempor\u00e1neos de Rosal\u00eda de Castro, en un di\u00e1logo literario que se inicia\u00a0 \u2013como primera obra seleccionada\u2013 con Follas novas (1880).<\/p>\n<p>Este ensaio demuestra, con valent\u00eda y originalidad, c\u00f3mo los debates ideol\u00f3gicos y est\u00e9ticos en el mundo del XIX est\u00e1n presentes en la gran escritora gallega, e c\u00f3mo, desde Galicia, se puede emprender un viaje por la literatura universal.<\/p>\n<p>&nbsp;<\/p>\n<p>COLABORAN EN ESTA OBRA<\/p>\n<p>Eduardo \u00c1lvarez escoge y comenta a Guy de Maupassant<\/p>\n<p>Anxo Angueira escoge y comenta a Arthur Rimbaud<\/p>\n<p>Celia M\u00aa Armas Garc\u00eda escoge y comenta a Marchesa Colombi<\/p>\n<p>Xos\u00e9 Lu\u00eds Axeitos escoge y comenta a Alphonse Daudet<\/p>\n<p>Teresa Barro escoge y comenta a Frances Harper<\/p>\n<p>Carlos Call\u00f3n escoge y comenta a J\u00falia Lopes de Almeida<\/p>\n<p>Marica Campo escoge y comenta a Castelo Branco| Verdaguer<\/p>\n<p>Lu\u00eds Coch\u00f3n escoge y comenta a Christina Rossetti<\/p>\n<p>Carme Fdez. P\u00e9rez-Sanjuli\u00e1n escoge y comenta a E\u00e7a de Queir\u00f3s<\/p>\n<p>M\u00aa Pilar Garc\u00eda Negro escoge y comenta a Clar\u00edn | Pardo Baz\u00e1n<\/p>\n<p>M\u00aa Jes\u00fas Lorenzo Modia escoge y comenta a George Eliot<\/p>\n<p>Kathleen N. March escoge y comenta a Harriet Beecher Stowe<\/p>\n<p>Carlos Negro escoge y comenta a Curros Enr\u00edquez<\/p>\n<p>Pilar Pallar\u00e9s escoge y comenta a Emily Dickinson<\/p>\n<p>Andr\u00e9s Poci\u00f1a-Aurora L\u00f3pez escogen y comentan a Jos\u00e9 Mart\u00ed<\/p>\n<p>Francisco Rodr\u00edguez escoge y comenta a Oscar Wilde<\/p>\n<p>Elvira Sanz G\u00f3mez escoge y comenta a Henrik Ibsen<\/p>\n<p>Xo\u00e1n Ignacio Taibo escoge y comenta a Liev Tolstoi<\/p>\n","protected":false},"featured_media":4153,"comment_status":"closed","ping_status":"closed","template":"","meta":[],"product_brand":[],"product_cat":[105],"product_tag":[],"class_list":{"0":"post-2825","1":"product","2":"type-product","3":"status-publish","4":"has-post-thumbnail","6":"product_author-ma-pilar-garcia-negro-es","7":"product_cat-oeste-es","9":"first","10":"instock","11":"taxable","12":"shipping-taxable","13":"purchasable","14":"product-type-simple"},"yoast_head":"<!-- This site is optimized with the Yoast SEO plugin v27.3 - https:\/\/yoast.com\/product\/yoast-seo-wordpress\/ -->\n<title>No tempo de &quot;Follas novas&quot; - Alvarellos Editora<\/title>\n<meta name=\"description\" content=\"No tempo de &quot;Follas novas&quot;. C\u00f3mprao na tenda en li\u00f1a de Alvarellos Editora.\" \/>\n<meta name=\"robots\" content=\"index, follow, max-snippet:-1, max-image-preview:large, max-video-preview:-1\" \/>\n<link rel=\"canonical\" href=\"https:\/\/alvarelloseditora.gal\/es\/libro\/no-tempo-de-follas-novas\/\" \/>\n<meta property=\"og:locale\" content=\"es_ES\" \/>\n<meta property=\"og:type\" content=\"article\" \/>\n<meta property=\"og:title\" content=\"No tempo de &quot;Follas novas&quot; - Alvarellos Editora\" \/>\n<meta property=\"og:description\" content=\"No tempo de &quot;Follas novas&quot;. C\u00f3mprao na tenda en li\u00f1a de Alvarellos Editora.\" \/>\n<meta property=\"og:url\" content=\"https:\/\/alvarelloseditora.gal\/es\/libro\/no-tempo-de-follas-novas\/\" \/>\n<meta property=\"og:site_name\" content=\"Alvarellos Editora\" \/>\n<meta property=\"article:publisher\" content=\"https:\/\/www.facebook.com\/alvarelloseditora\" \/>\n<meta property=\"article:modified_time\" content=\"2022-07-07T16:12:49+00:00\" \/>\n<meta property=\"og:image\" content=\"https:\/\/alvarelloseditora.gal\/wp-content\/uploads\/2019\/12\/No-tempo-de-follas-novas-libro-alvarellos-editora.jpg\" \/>\n\t<meta property=\"og:image:width\" content=\"761\" \/>\n\t<meta property=\"og:image:height\" content=\"1360\" \/>\n\t<meta property=\"og:image:type\" content=\"image\/jpeg\" \/>\n<meta name=\"twitter:card\" content=\"summary_large_image\" \/>\n<meta name=\"twitter:site\" content=\"@alvarellos_ed\" \/>\n<meta name=\"twitter:label1\" content=\"Tiempo de lectura\" \/>\n\t<meta name=\"twitter:data1\" content=\"1 minuto\" \/>\n<!-- \/ Yoast SEO plugin. -->","yoast_head_json":{"title":"No tempo de \"Follas novas\" - Alvarellos Editora","description":"No tempo de \"Follas novas\". C\u00f3mprao na tenda en li\u00f1a de Alvarellos Editora.","robots":{"index":"index","follow":"follow","max-snippet":"max-snippet:-1","max-image-preview":"max-image-preview:large","max-video-preview":"max-video-preview:-1"},"canonical":"https:\/\/alvarelloseditora.gal\/es\/libro\/no-tempo-de-follas-novas\/","og_locale":"es_ES","og_type":"article","og_title":"No tempo de \"Follas novas\" - Alvarellos Editora","og_description":"No tempo de \"Follas novas\". C\u00f3mprao na tenda en li\u00f1a de Alvarellos Editora.","og_url":"https:\/\/alvarelloseditora.gal\/es\/libro\/no-tempo-de-follas-novas\/","og_site_name":"Alvarellos Editora","article_publisher":"https:\/\/www.facebook.com\/alvarelloseditora","article_modified_time":"2022-07-07T16:12:49+00:00","og_image":[{"width":761,"height":1360,"url":"https:\/\/alvarelloseditora.gal\/wp-content\/uploads\/2019\/12\/No-tempo-de-follas-novas-libro-alvarellos-editora.jpg","type":"image\/jpeg"}],"twitter_card":"summary_large_image","twitter_site":"@alvarellos_ed","twitter_misc":{"Tiempo de lectura":"1 minuto"},"schema":{"@context":"https:\/\/schema.org","@graph":[{"@type":["WebPage","ItemPage"],"@id":"https:\/\/alvarelloseditora.gal\/es\/libro\/no-tempo-de-follas-novas\/","url":"https:\/\/alvarelloseditora.gal\/es\/libro\/no-tempo-de-follas-novas\/","name":"No tempo de \"Follas novas\" - Alvarellos Editora","isPartOf":{"@id":"https:\/\/alvarelloseditora.gal\/#website"},"primaryImageOfPage":{"@id":"https:\/\/alvarelloseditora.gal\/es\/libro\/no-tempo-de-follas-novas\/#primaryimage"},"image":{"@id":"https:\/\/alvarelloseditora.gal\/es\/libro\/no-tempo-de-follas-novas\/#primaryimage"},"thumbnailUrl":"https:\/\/alvarelloseditora.gal\/wp-content\/uploads\/2019\/12\/No-tempo-de-follas-novas-libro-alvarellos-editora.jpg","datePublished":"2019-12-27T14:02:44+00:00","dateModified":"2022-07-07T16:12:49+00:00","description":"No tempo de \"Follas novas\". C\u00f3mprao na tenda en li\u00f1a de Alvarellos Editora.","breadcrumb":{"@id":"https:\/\/alvarelloseditora.gal\/es\/libro\/no-tempo-de-follas-novas\/#breadcrumb"},"inLanguage":"es","potentialAction":[{"@type":"ReadAction","target":["https:\/\/alvarelloseditora.gal\/es\/libro\/no-tempo-de-follas-novas\/"]}]},{"@type":"ImageObject","inLanguage":"es","@id":"https:\/\/alvarelloseditora.gal\/es\/libro\/no-tempo-de-follas-novas\/#primaryimage","url":"https:\/\/alvarelloseditora.gal\/wp-content\/uploads\/2019\/12\/No-tempo-de-follas-novas-libro-alvarellos-editora.jpg","contentUrl":"https:\/\/alvarelloseditora.gal\/wp-content\/uploads\/2019\/12\/No-tempo-de-follas-novas-libro-alvarellos-editora.jpg","width":761,"height":1360},{"@type":"BreadcrumbList","@id":"https:\/\/alvarelloseditora.gal\/es\/libro\/no-tempo-de-follas-novas\/#breadcrumb","itemListElement":[{"@type":"ListItem","position":1,"name":"Portada","item":"https:\/\/alvarelloseditora.gal\/"},{"@type":"ListItem","position":2,"name":"Tienda","item":"https:\/\/alvarelloseditora.gal\/es\/tienda\/"},{"@type":"ListItem","position":3,"name":"No tempo de &#8220;Follas novas&#8221;"}]},{"@type":"WebSite","@id":"https:\/\/alvarelloseditora.gal\/#website","url":"https:\/\/alvarelloseditora.gal\/","name":"Alvarellos Editora","description":"Libros para un mundo en tr\u00e1nsito","publisher":{"@id":"https:\/\/alvarelloseditora.gal\/#organization"},"potentialAction":[{"@type":"SearchAction","target":{"@type":"EntryPoint","urlTemplate":"https:\/\/alvarelloseditora.gal\/?s={search_term_string}"},"query-input":{"@type":"PropertyValueSpecification","valueRequired":true,"valueName":"search_term_string"}}],"inLanguage":"es"},{"@type":"Organization","@id":"https:\/\/alvarelloseditora.gal\/#organization","name":"Alvarellos Editora","url":"https:\/\/alvarelloseditora.gal\/","logo":{"@type":"ImageObject","inLanguage":"es","@id":"https:\/\/alvarelloseditora.gal\/#\/schema\/logo\/image\/","url":"https:\/\/alvarelloseditora.gal\/wp-content\/uploads\/2020\/02\/alv-icon.png","contentUrl":"https:\/\/alvarelloseditora.gal\/wp-content\/uploads\/2020\/02\/alv-icon.png","width":177,"height":175,"caption":"Alvarellos Editora"},"image":{"@id":"https:\/\/alvarelloseditora.gal\/#\/schema\/logo\/image\/"},"sameAs":["https:\/\/www.facebook.com\/alvarelloseditora","https:\/\/x.com\/alvarellos_ed"]}]}},"_links":{"self":[{"href":"https:\/\/alvarelloseditora.gal\/es\/wp-json\/wp\/v2\/product\/2825","targetHints":{"allow":["GET"]}}],"collection":[{"href":"https:\/\/alvarelloseditora.gal\/es\/wp-json\/wp\/v2\/product"}],"about":[{"href":"https:\/\/alvarelloseditora.gal\/es\/wp-json\/wp\/v2\/types\/product"}],"replies":[{"embeddable":true,"href":"https:\/\/alvarelloseditora.gal\/es\/wp-json\/wp\/v2\/comments?post=2825"}],"wp:featuredmedia":[{"embeddable":true,"href":"https:\/\/alvarelloseditora.gal\/es\/wp-json\/wp\/v2\/media\/4153"}],"wp:attachment":[{"href":"https:\/\/alvarelloseditora.gal\/es\/wp-json\/wp\/v2\/media?parent=2825"}],"wp:term":[{"taxonomy":"product_brand","embeddable":true,"href":"https:\/\/alvarelloseditora.gal\/es\/wp-json\/wp\/v2\/product_brand?post=2825"},{"taxonomy":"product_cat","embeddable":true,"href":"https:\/\/alvarelloseditora.gal\/es\/wp-json\/wp\/v2\/product_cat?post=2825"},{"taxonomy":"product_tag","embeddable":true,"href":"https:\/\/alvarelloseditora.gal\/es\/wp-json\/wp\/v2\/product_tag?post=2825"}],"curies":[{"name":"wp","href":"https:\/\/api.w.org\/{rel}","templated":true}]}}