{"id":2823,"date":"2019-12-27T13:41:09","date_gmt":"2019-12-27T14:02:44","guid":{"rendered":"https:\/\/nueva.alvarellos.info\/product\/la-huella-impresa\/"},"modified":"2024-10-01T09:40:26","modified_gmt":"2024-10-01T07:40:26","slug":"la-huella-impresa","status":"publish","type":"product","link":"https:\/\/alvarelloseditora.gal\/es\/libro\/la-huella-impresa\/","title":{"rendered":"La huella impresa"},"content":{"rendered":"<p>26-06-15 <strong>La Voz de Galicia\u00a0<\/strong>&#8211; Edic. Santiago. Entrevista a Carla Fern\u00e1ndez\u00a0<a href=\"http:\/\/www.lavozdegalicia.es\/noticia\/santiago\/2015\/06\/26\/grabados-muestran-ciudad-desaparecida\/0003_201506S26C2991.htm\">http:\/\/www.lavozdegalicia.es\/noticia\/santiago\/2015\/06\/26\/grabados-muestran-ciudad-desaparecida\/0003_201506S26C2991.htm<\/a><\/p>\n<p>26-06-15 <strong>El Correo Gallego<\/strong>\u00a0<a href=\"http:\/\/www.elcorreogallego.es\/tendencias\/ecg\/dieciocho-investigadores-reflexionan-arte-gallega-huella-impresa\/idEdicion-2015-06-25\/idNoticia-939562\/\">http:\/\/www.elcorreogallego.es\/tendencias\/ecg\/dieciocho-investigadores-reflexionan-arte-gallega-huella-impresa\/idEdicion-2015-06-25\/idNoticia-939562\/<\/a><\/p>\n<p>25-06-15 <strong>Agencia EFE<\/strong>\u00a0<a href=\"http:\/\/espana.servidornoticias.com\/596_galicia\/3186155_dieciocho-investigadores-reflexionan-sobre-el-arte-gallego-en-la-huella-impresa.html\">http:\/\/espana.servidornoticias.com\/596_galicia\/3186155_dieciocho-investigadores-reflexionan-sobre-el-arte-gallego-en-la-huella-impresa.html<\/a><\/p>\n<p>25-06-15<strong> Xornal USC<\/strong>\u00a0<a href=\"http:\/\/xornal.usc.es\/xornal\/acontece\/2015_06\/noticia_0180.html\">http:\/\/xornal.usc.es\/xornal\/acontece\/2015_06\/noticia_0180.html<\/a><\/p>\n","protected":false},"excerpt":{"rendered":"<p>Textos e im\u00e1genes para una historia del arte gallego<br \/>\n&nbsp;<br \/>\nObra colectiva<br \/>\n&nbsp;<\/p>\n<p>&nbsp;<\/p>\n<p>485 pp. 15x 23 cms<br \/>\nISBN 978-84-89323-93-3<\/p>\n<p>Autor\u00eda: ROSA MARGARITA CACHEDA BARREIRO, MIRIAM ELENA CORT\u00c9S L\u00d3PEZ,MARIO COTELO FEL\u00cdPEZ, ENRIQUE FERN\u00c1NDEZ CASTI\u00d1EIRAS, LEOPOLDO FERN\u00c1NDEZ GASALLA, CARLA FERN\u00c1NDEZ MART\u00cdNEZ, BEGO\u00d1A FERN\u00c1NDEZ RODR\u00cdGUEZ, M. CARMEN FOLGAR DE LA CALLE, JOS\u00c9 MANUEL GARC\u00cdA IGLESIAS, ANTONIO GARRIDO MORENO, VIOLETA GONZ\u00c1LEZ FORTE, CARME L\u00d3PEZ CALDER\u00d3N, JOS\u00c9 MANUEL L\u00d3PEZ V\u00c1ZQUEZ, ANA I. MES\u00cdA L\u00d3PEZ, IV\u00c1N REGA CASTRO, OFELIA REY CASTELAO, MAR\u00cdA RIVO V\u00c1ZQUEZ y DIEGO RODR\u00cdGUEZ PAZ.<\/p>\n<p>&nbsp;<\/p>\n<p>&nbsp;<\/p>\n<p>Una nueva visi\u00f3n del arte de Galicia y su relaci\u00f3n con otras manifestaciones art\u00edsticas y culturales. Esta es la propuesta que recoge el presente volumen titulado La huella impresa. Textos e im\u00e1genes para una historia de \u00e9l arte gallego.\u00a0 Una publicaci\u00f3n de Alvarellos Editora y la Universidade de Santiago dirigida por el historiador Juan Manuel Monterroso Montero y coordinada por Carla Fern\u00e1ndez Mart\u00ednez.<\/p>\n<p>Dieciocho historiadores del arte \u2014integrantes del grupo de investigaci\u00f3n Iacobus de la Facultad de Geograf\u00eda y Historia de la Universidad de Santiago\u2014 dan a conocer en estas p\u00e1ginas el resultado de sus \u00faltimas investigaciones. Un esfuerzo colectivo, ilustrado con 130 im\u00e1genes, que abre nuevos caminos en la interpretaci\u00f3n del arte gallego. Los especialistas estudian el patrimonio desde la arquitectura, la estampa y la pintura contempor\u00e1nea, y ponen en di\u00e1logo todas estas expresiones art\u00edsticas con la aparici\u00f3n y decisiva influencia de la imprenta.<\/p>\n","protected":false},"featured_media":4149,"comment_status":"closed","ping_status":"closed","template":"","meta":[],"product_brand":[],"product_cat":[105],"product_tag":[],"class_list":{"0":"post-2823","1":"product","2":"type-product","3":"status-publish","4":"has-post-thumbnail","6":"product_cat-oeste-es","8":"first","9":"instock","10":"taxable","11":"shipping-taxable","12":"purchasable","13":"product-type-simple"},"yoast_head":"<!-- This site is optimized with the Yoast SEO plugin v27.3 - https:\/\/yoast.com\/product\/yoast-seo-wordpress\/ -->\n<title>La huella impresa - Alvarellos Editora<\/title>\n<meta name=\"description\" content=\"La huella impresa. C\u00f3mprao na tenda en li\u00f1a de Alvarellos Editora.\" \/>\n<meta name=\"robots\" content=\"index, follow, max-snippet:-1, max-image-preview:large, max-video-preview:-1\" \/>\n<link rel=\"canonical\" href=\"https:\/\/alvarelloseditora.gal\/es\/libro\/la-huella-impresa\/\" \/>\n<meta property=\"og:locale\" content=\"es_ES\" \/>\n<meta property=\"og:type\" content=\"article\" \/>\n<meta property=\"og:title\" content=\"La huella impresa - Alvarellos Editora\" \/>\n<meta property=\"og:description\" content=\"La huella impresa. C\u00f3mprao na tenda en li\u00f1a de Alvarellos Editora.\" \/>\n<meta property=\"og:url\" content=\"https:\/\/alvarelloseditora.gal\/es\/libro\/la-huella-impresa\/\" \/>\n<meta property=\"og:site_name\" content=\"Alvarellos Editora\" \/>\n<meta property=\"article:publisher\" content=\"https:\/\/www.facebook.com\/alvarelloseditora\" \/>\n<meta property=\"article:modified_time\" content=\"2024-10-01T07:40:26+00:00\" \/>\n<meta property=\"og:image\" content=\"https:\/\/alvarelloseditora.gal\/wp-content\/uploads\/2019\/12\/Capa-la-huella-impresa-alvarellos-editora-web.jpg\" \/>\n\t<meta property=\"og:image:width\" content=\"670\" \/>\n\t<meta property=\"og:image:height\" content=\"1024\" \/>\n\t<meta property=\"og:image:type\" content=\"image\/jpeg\" \/>\n<meta name=\"twitter:card\" content=\"summary_large_image\" \/>\n<meta name=\"twitter:site\" content=\"@alvarellos_ed\" \/>\n<meta name=\"twitter:label1\" content=\"Tiempo de lectura\" \/>\n\t<meta name=\"twitter:data1\" content=\"1 minuto\" \/>\n<!-- \/ Yoast SEO plugin. -->","yoast_head_json":{"title":"La huella impresa - Alvarellos Editora","description":"La huella impresa. C\u00f3mprao na tenda en li\u00f1a de Alvarellos Editora.","robots":{"index":"index","follow":"follow","max-snippet":"max-snippet:-1","max-image-preview":"max-image-preview:large","max-video-preview":"max-video-preview:-1"},"canonical":"https:\/\/alvarelloseditora.gal\/es\/libro\/la-huella-impresa\/","og_locale":"es_ES","og_type":"article","og_title":"La huella impresa - Alvarellos Editora","og_description":"La huella impresa. C\u00f3mprao na tenda en li\u00f1a de Alvarellos Editora.","og_url":"https:\/\/alvarelloseditora.gal\/es\/libro\/la-huella-impresa\/","og_site_name":"Alvarellos Editora","article_publisher":"https:\/\/www.facebook.com\/alvarelloseditora","article_modified_time":"2024-10-01T07:40:26+00:00","og_image":[{"width":670,"height":1024,"url":"https:\/\/alvarelloseditora.gal\/wp-content\/uploads\/2019\/12\/Capa-la-huella-impresa-alvarellos-editora-web.jpg","type":"image\/jpeg"}],"twitter_card":"summary_large_image","twitter_site":"@alvarellos_ed","twitter_misc":{"Tiempo de lectura":"1 minuto"},"schema":{"@context":"https:\/\/schema.org","@graph":[{"@type":["WebPage","ItemPage"],"@id":"https:\/\/alvarelloseditora.gal\/es\/libro\/la-huella-impresa\/","url":"https:\/\/alvarelloseditora.gal\/es\/libro\/la-huella-impresa\/","name":"La huella impresa - Alvarellos Editora","isPartOf":{"@id":"https:\/\/alvarelloseditora.gal\/#website"},"primaryImageOfPage":{"@id":"https:\/\/alvarelloseditora.gal\/es\/libro\/la-huella-impresa\/#primaryimage"},"image":{"@id":"https:\/\/alvarelloseditora.gal\/es\/libro\/la-huella-impresa\/#primaryimage"},"thumbnailUrl":"https:\/\/alvarelloseditora.gal\/wp-content\/uploads\/2019\/12\/Capa-la-huella-impresa-alvarellos-editora-web.jpg","datePublished":"2019-12-27T14:02:44+00:00","dateModified":"2024-10-01T07:40:26+00:00","description":"La huella impresa. C\u00f3mprao na tenda en li\u00f1a de Alvarellos Editora.","breadcrumb":{"@id":"https:\/\/alvarelloseditora.gal\/es\/libro\/la-huella-impresa\/#breadcrumb"},"inLanguage":"es","potentialAction":[{"@type":"ReadAction","target":["https:\/\/alvarelloseditora.gal\/es\/libro\/la-huella-impresa\/"]}]},{"@type":"ImageObject","inLanguage":"es","@id":"https:\/\/alvarelloseditora.gal\/es\/libro\/la-huella-impresa\/#primaryimage","url":"https:\/\/alvarelloseditora.gal\/wp-content\/uploads\/2019\/12\/Capa-la-huella-impresa-alvarellos-editora-web.jpg","contentUrl":"https:\/\/alvarelloseditora.gal\/wp-content\/uploads\/2019\/12\/Capa-la-huella-impresa-alvarellos-editora-web.jpg","width":670,"height":1024},{"@type":"BreadcrumbList","@id":"https:\/\/alvarelloseditora.gal\/es\/libro\/la-huella-impresa\/#breadcrumb","itemListElement":[{"@type":"ListItem","position":1,"name":"Portada","item":"https:\/\/alvarelloseditora.gal\/"},{"@type":"ListItem","position":2,"name":"Tienda","item":"https:\/\/alvarelloseditora.gal\/es\/tienda\/"},{"@type":"ListItem","position":3,"name":"La huella impresa"}]},{"@type":"WebSite","@id":"https:\/\/alvarelloseditora.gal\/#website","url":"https:\/\/alvarelloseditora.gal\/","name":"Alvarellos Editora","description":"Libros para un mundo en tr\u00e1nsito","publisher":{"@id":"https:\/\/alvarelloseditora.gal\/#organization"},"potentialAction":[{"@type":"SearchAction","target":{"@type":"EntryPoint","urlTemplate":"https:\/\/alvarelloseditora.gal\/?s={search_term_string}"},"query-input":{"@type":"PropertyValueSpecification","valueRequired":true,"valueName":"search_term_string"}}],"inLanguage":"es"},{"@type":"Organization","@id":"https:\/\/alvarelloseditora.gal\/#organization","name":"Alvarellos Editora","url":"https:\/\/alvarelloseditora.gal\/","logo":{"@type":"ImageObject","inLanguage":"es","@id":"https:\/\/alvarelloseditora.gal\/#\/schema\/logo\/image\/","url":"https:\/\/alvarelloseditora.gal\/wp-content\/uploads\/2020\/02\/alv-icon.png","contentUrl":"https:\/\/alvarelloseditora.gal\/wp-content\/uploads\/2020\/02\/alv-icon.png","width":177,"height":175,"caption":"Alvarellos Editora"},"image":{"@id":"https:\/\/alvarelloseditora.gal\/#\/schema\/logo\/image\/"},"sameAs":["https:\/\/www.facebook.com\/alvarelloseditora","https:\/\/x.com\/alvarellos_ed"]}]}},"_links":{"self":[{"href":"https:\/\/alvarelloseditora.gal\/es\/wp-json\/wp\/v2\/product\/2823","targetHints":{"allow":["GET"]}}],"collection":[{"href":"https:\/\/alvarelloseditora.gal\/es\/wp-json\/wp\/v2\/product"}],"about":[{"href":"https:\/\/alvarelloseditora.gal\/es\/wp-json\/wp\/v2\/types\/product"}],"replies":[{"embeddable":true,"href":"https:\/\/alvarelloseditora.gal\/es\/wp-json\/wp\/v2\/comments?post=2823"}],"wp:featuredmedia":[{"embeddable":true,"href":"https:\/\/alvarelloseditora.gal\/es\/wp-json\/wp\/v2\/media\/4149"}],"wp:attachment":[{"href":"https:\/\/alvarelloseditora.gal\/es\/wp-json\/wp\/v2\/media?parent=2823"}],"wp:term":[{"taxonomy":"product_brand","embeddable":true,"href":"https:\/\/alvarelloseditora.gal\/es\/wp-json\/wp\/v2\/product_brand?post=2823"},{"taxonomy":"product_cat","embeddable":true,"href":"https:\/\/alvarelloseditora.gal\/es\/wp-json\/wp\/v2\/product_cat?post=2823"},{"taxonomy":"product_tag","embeddable":true,"href":"https:\/\/alvarelloseditora.gal\/es\/wp-json\/wp\/v2\/product_tag?post=2823"}],"curies":[{"name":"wp","href":"https:\/\/api.w.org\/{rel}","templated":true}]}}