{"id":2822,"date":"2019-12-27T13:41:09","date_gmt":"2019-12-27T14:02:44","guid":{"rendered":"https:\/\/nueva.alvarellos.info\/product\/cartas-de-un-condenado-a-muerte\/"},"modified":"2021-06-23T13:53:59","modified_gmt":"2021-06-23T11:53:59","slug":"cartas-de-un-condenado-a-muerte","status":"publish","type":"product","link":"https:\/\/alvarelloseditora.gal\/es\/libro\/cartas-de-un-condenado-a-muerte\/","title":{"rendered":"CARTAS DE UN CONDENADO A MUERTE"},"content":{"rendered":"<p>28-01-2016 <strong>Mem\u00f2ria Repressi\u00f3 Franquista <\/strong><a href=\"http:\/\/memoriarepressiofranquista.blogspot.com.es\/2016\/01\/cazarabet-conversa-con-olivia-rodriguez.html\">Informaci\u00f3n + Entrevista a Olivia Rodr\u00edguez<\/a><\/p>\n<p>12-12-2015 <strong>El Sue\u00f1o Igualitario-Cazabaret <\/strong>(Teruel) <a href=\"http:\/\/www.cazarabet.com\/conversacon\/fichas\/fichas1\/cartascondenado.htm\">Entrevista a Olivia Rodr\u00edguez<\/a><\/p>\n<p>24-10-2015 <strong>Faro de Vigo<\/strong>\u00a0<a href=\"http:\/\/www.farodevigo.es\/portada-o-morrazo\/2015\/10\/24\/cartas-fusilado\/1337687.html\">Presentaci\u00f3n en Cangas<\/a><\/p>\n<p>23-10-2015 <strong>La Voz de Galicia<\/strong>. <a href=\"http:\/\/www.lavozdegalicia.es\/noticia\/fugas\/2015\/10\/19\/unha-maleta-cangas-bos-aires\/00031445267046704412644.htm\">\u00abUna maleta: de Cangas a Bos Aires\u00bb, por Xes\u00fas Alonso Montero<\/a><\/p>\n<p>15-06-15 <strong>Infozazpi-Info7<\/strong> Entrevista a Ana Paula Mejuto (Desde minuto 8 a minuto 39)<\/p>\n<p>15-06-15 <strong>Radio Galega<\/strong>.<a href=\"http:\/\/www.crtvg.es\/rg\/destacados\/galicia-por-diante-galicia-por-diante-do-dia-15-06-2015-1225329\"> Entrevista a Olivia Rodr\u00edguez + Ana Paula Mejuto desde Buenos Aires\u00a0<\/a><\/p>\n<p>12-06-15 <strong>La Voz de Galicia<\/strong>. <a href=\"http:\/\/www.lavozdegalicia.es\/noticia\/fugas\/2015\/06\/08\/34-cartas-amor-guerra\/00031433765562011192332.htm\">Por Xes\u00fas Alonso Montero<\/a><\/p>\n<p>12-06-15 <strong>Faro de Vigo<\/strong>\u00a0<a href=\"http:\/\/www.farodevigo.es\/comarcas\/2015\/06\/12\/xesus-alonso-presenta-libro-cartas\/1258009.html\">http:\/\/www.farodevigo.es\/comarcas\/2015\/06\/12\/xesus-alonso-presenta-libro-cartas\/1258009.html<\/a><\/p>\n<p>11-06-15 <strong>Cutgaliza.org<\/strong> <a href=\"http:\/\/cutgaliza.org\/index.php?option=com_content&amp;view=article&amp;id=860:xose-mexuto-bernardez-por-manolo-camano&amp;catid=1:prensa&amp;Itemid=18\">Xos\u00e9 Mexuto Bern\u00e1rdez, por Manolo Cama\u00f1o<\/a><\/p>\n<p>11-06-2015 <strong>Radio Redondela<\/strong>\u00a0<a href=\"http:\/\/www.radioredondela.com\/articulo.php?id=5414\">http:\/\/www.radioredondela.com\/articulo.php?id=5414<\/a><\/p>\n<p>11-06-15 <strong>La Voz de Galicia <\/strong>&#8211;<a href=\"http:\/\/www.lavozdegalicia.es\/noticia\/vigo\/cangas\/2015\/06\/11\/cartas-cangues-condenado-muerte\/0003_201506V11C99912.htm\">Edici\u00f3n Vigo\u00a0<\/a><\/p>\n<p>10-06-15 <strong>Comarcas na Rede\u00a0<\/strong><a href=\"http:\/\/www.comarcasnarede.com\/index.php\/redondela\/item\/912-presentacion-en-redondela-do-libro-cartas-de-un-condenado-a-muerte\">http:\/\/www.comarcasnarede.com\/index.php\/redondela\/item\/912-presentacion-en-redondela-do-libro-cartas-de-un-condenado-a-muerte<\/a><\/p>\n<p>09-06-2015 <strong>Faro de Vigo\u00a0<\/strong><a href=\"http:\/\/www.farodevigo.es\/comarcas\/2015\/06\/09\/libro-reune-cartas-preso-republicano\/1255983.html\">http:\/\/www.farodevigo.es\/comarcas\/2015\/06\/09\/libro-reune-cartas-preso-republicano\/1255983.html<\/a><\/p>\n<p>01-05-2014<strong> Caderno da Cr\u00edtica<\/strong>.<a href=\"https:\/\/cadernodacritica.wordpress.com\/2015\/04\/30\/cartas-de-un-condenado-a-muerte-jose-mejuto\/\"> Por Ram\u00f3n Nicol\u00e1s<\/a><\/p>\n<p>28-12-2013 <strong>El Correo Gallego<\/strong> <a href=\"http:\/\/www.elcorreogallego.es\/opinion\/cuadro-de-honor\/ecg\/joya-epistolar-rag\/idEdicion-2013-12-28\/idNoticia-844615\/\">Joya epistolar para la Real Academia Galega\u00a0<\/a><\/p>\n<p>26-12-2013 <strong>La Opini\u00f3n<\/strong>-A Coru\u00f1a <a href=\"http:\/\/www.laopinioncoruna.es\/sociedad\/2013\/12\/26\/ana-paula-mejuto-abuelo-escribio\/796318.html\">Entrevista a Ana Paula Mejuto: \u00b4<em>Mi abuelo escribi\u00f3 hasta 15 d\u00edas antes de ser fusilado, pero sus cartas tienen vida\u00bb\u00a0<\/em><\/a><\/p>\n<p>24-12-2013 \u00a0<strong>La Opini\u00f3n<\/strong>-A Coru\u00f1a:\u00a0<a href=\"http:\/\/www.laopinioncoruna.es\/sociedad\/2013\/12\/24\/familia-represaliado-dona-rag-cartas\/796040.html\">La familia de un represaliado dona a la RAG las cartas de su cautiverio\u00a0<\/a><\/p>\n","protected":false},"excerpt":{"rendered":"<p>Los \u00faltimos d\u00edas en prisi\u00f3n en 1936 y 1937 del republicano gallego Jos\u00e9 Mejuto<\/p>\n<p>&nbsp;<\/p>\n<p>Formato: 13 x23 cms. P\u00e1xs. 224<br \/>\nISBN: 978-84-89323-91-9<\/p>\n<p>&nbsp;<\/p>\n<p>**** 80 ANIVERSARIO GUERRA (IN)CIVIL 1936-2016****<\/p>\n<p>Un testimonio \u00fanico, desgarrador, de la guerra civil espa\u00f1ola.\u00a0Treinta y cuatro cartas escritas, entre octubre de 1936 y junio de 1937, en las c\u00e1rceles de Vigo, San Sim\u00f3n y Pontevedra por el preso republicano gallego Jos\u00e9 Mejuto Bern\u00e1rdez (1905-1937). Custodiadas en Argentina por su mujer y su nieta, y despositados los originales desde 2015 en la Real Academia Galega, ven ahora la luz por vez primera en una edici\u00f3n al cuidado de Olivia Rodr\u00edguez que cuenta con la participaci\u00f3n de Eduardo Galeano, Xes\u00fas Alonso Montero y de la propia nieta de Jos\u00e9 Mejuto, Ana Paula Mejuto.<\/p>\n<p>\u00abLa sencilla historia de este obrero gallego, culpable de nada, es la historia de Espa\u00f1a, condenada a cuarenta a\u00f1os de miedo y casi cuarenta a\u00f1os de amnesia\u00bb.<br \/>\nEDUARDO GALEANO<\/p>\n<p>\u00abEstas cartas, como un tesoro inestimable, recogen el ser de mi abuelo, sus \u00faltimas sonrisas, sus \u00faltimas palabras que lo rescatan del dominio de la muerte injusta. Hablan por todos los seres humanos que sufrieron el mismo destino. Sobre cada uno de los fusilados reposa un universo\u00bb.<br \/>\nANA PAULA MEJUTO<\/p>\n<p>\u00abLas cartas de Jos\u00e9 Mejuto Bern\u00e1rdez son una p\u00e1gina antol\u00f3gica de la epistolograf\u00eda de los condenados a muerte de la Guerra Civil Espa\u00f1ola. Una obra, por otra parte, que deber\u00eda ser libro de texto, en los institutos, en las clases de Historia, de \u00c9tica y de Literatura\u00bb.<br \/>\nXES\u00daS ALONSO MONTERO<\/p>\n","protected":false},"featured_media":4147,"comment_status":"closed","ping_status":"closed","template":"","meta":[],"product_brand":[],"product_cat":[105],"product_tag":[1042],"class_list":{"0":"post-2822","1":"product","2":"type-product","3":"status-publish","4":"has-post-thumbnail","6":"product_author-jose-mejuto-bernardez-es","7":"product_cat-oeste-es","8":"product_tag-libros-con-memoria-es","10":"first","11":"instock","12":"taxable","13":"shipping-taxable","14":"purchasable","15":"product-type-simple"},"yoast_head":"<!-- This site is optimized with the Yoast SEO plugin v27.3 - https:\/\/yoast.com\/product\/yoast-seo-wordpress\/ -->\n<title>CARTAS DE UN CONDENADO A MUERTE - Alvarellos Editora<\/title>\n<meta name=\"description\" content=\"CARTAS DE UN CONDENADO A MUERTE. C\u00f3mprao na tenda en li\u00f1a de Alvarellos Editora.\" \/>\n<meta name=\"robots\" content=\"index, follow, max-snippet:-1, max-image-preview:large, max-video-preview:-1\" \/>\n<link rel=\"canonical\" href=\"https:\/\/alvarelloseditora.gal\/es\/libro\/cartas-de-un-condenado-a-muerte\/\" \/>\n<meta property=\"og:locale\" content=\"es_ES\" \/>\n<meta property=\"og:type\" content=\"article\" \/>\n<meta property=\"og:title\" content=\"CARTAS DE UN CONDENADO A MUERTE - Alvarellos Editora\" \/>\n<meta property=\"og:description\" content=\"CARTAS DE UN CONDENADO A MUERTE. C\u00f3mprao na tenda en li\u00f1a de Alvarellos Editora.\" \/>\n<meta property=\"og:url\" content=\"https:\/\/alvarelloseditora.gal\/es\/libro\/cartas-de-un-condenado-a-muerte\/\" \/>\n<meta property=\"og:site_name\" content=\"Alvarellos Editora\" \/>\n<meta property=\"article:publisher\" content=\"https:\/\/www.facebook.com\/alvarelloseditora\" \/>\n<meta property=\"article:modified_time\" content=\"2021-06-23T11:53:59+00:00\" \/>\n<meta property=\"og:image\" content=\"https:\/\/alvarelloseditora.gal\/wp-content\/uploads\/2019\/12\/cartas-de-un-condenado-a-amuerte-alvarellos-editora-mejuto-bernardez1.jpg\" \/>\n\t<meta property=\"og:image:width\" content=\"594\" \/>\n\t<meta property=\"og:image:height\" content=\"1024\" \/>\n\t<meta property=\"og:image:type\" content=\"image\/jpeg\" \/>\n<meta name=\"twitter:card\" content=\"summary_large_image\" \/>\n<meta name=\"twitter:site\" content=\"@alvarellos_ed\" \/>\n<meta name=\"twitter:label1\" content=\"Tiempo de lectura\" \/>\n\t<meta name=\"twitter:data1\" content=\"1 minuto\" \/>\n<!-- \/ Yoast SEO plugin. -->","yoast_head_json":{"title":"CARTAS DE UN CONDENADO A MUERTE - Alvarellos Editora","description":"CARTAS DE UN CONDENADO A MUERTE. C\u00f3mprao na tenda en li\u00f1a de Alvarellos Editora.","robots":{"index":"index","follow":"follow","max-snippet":"max-snippet:-1","max-image-preview":"max-image-preview:large","max-video-preview":"max-video-preview:-1"},"canonical":"https:\/\/alvarelloseditora.gal\/es\/libro\/cartas-de-un-condenado-a-muerte\/","og_locale":"es_ES","og_type":"article","og_title":"CARTAS DE UN CONDENADO A MUERTE - Alvarellos Editora","og_description":"CARTAS DE UN CONDENADO A MUERTE. C\u00f3mprao na tenda en li\u00f1a de Alvarellos Editora.","og_url":"https:\/\/alvarelloseditora.gal\/es\/libro\/cartas-de-un-condenado-a-muerte\/","og_site_name":"Alvarellos Editora","article_publisher":"https:\/\/www.facebook.com\/alvarelloseditora","article_modified_time":"2021-06-23T11:53:59+00:00","og_image":[{"width":594,"height":1024,"url":"https:\/\/alvarelloseditora.gal\/wp-content\/uploads\/2019\/12\/cartas-de-un-condenado-a-amuerte-alvarellos-editora-mejuto-bernardez1.jpg","type":"image\/jpeg"}],"twitter_card":"summary_large_image","twitter_site":"@alvarellos_ed","twitter_misc":{"Tiempo de lectura":"1 minuto"},"schema":{"@context":"https:\/\/schema.org","@graph":[{"@type":["WebPage","ItemPage"],"@id":"https:\/\/alvarelloseditora.gal\/es\/libro\/cartas-de-un-condenado-a-muerte\/","url":"https:\/\/alvarelloseditora.gal\/es\/libro\/cartas-de-un-condenado-a-muerte\/","name":"CARTAS DE UN CONDENADO A MUERTE - Alvarellos Editora","isPartOf":{"@id":"https:\/\/alvarelloseditora.gal\/#website"},"primaryImageOfPage":{"@id":"https:\/\/alvarelloseditora.gal\/es\/libro\/cartas-de-un-condenado-a-muerte\/#primaryimage"},"image":{"@id":"https:\/\/alvarelloseditora.gal\/es\/libro\/cartas-de-un-condenado-a-muerte\/#primaryimage"},"thumbnailUrl":"https:\/\/alvarelloseditora.gal\/wp-content\/uploads\/2019\/12\/cartas-de-un-condenado-a-amuerte-alvarellos-editora-mejuto-bernardez1.jpg","datePublished":"2019-12-27T14:02:44+00:00","dateModified":"2021-06-23T11:53:59+00:00","description":"CARTAS DE UN CONDENADO A MUERTE. C\u00f3mprao na tenda en li\u00f1a de Alvarellos Editora.","breadcrumb":{"@id":"https:\/\/alvarelloseditora.gal\/es\/libro\/cartas-de-un-condenado-a-muerte\/#breadcrumb"},"inLanguage":"es","potentialAction":[{"@type":"ReadAction","target":["https:\/\/alvarelloseditora.gal\/es\/libro\/cartas-de-un-condenado-a-muerte\/"]}]},{"@type":"ImageObject","inLanguage":"es","@id":"https:\/\/alvarelloseditora.gal\/es\/libro\/cartas-de-un-condenado-a-muerte\/#primaryimage","url":"https:\/\/alvarelloseditora.gal\/wp-content\/uploads\/2019\/12\/cartas-de-un-condenado-a-amuerte-alvarellos-editora-mejuto-bernardez1.jpg","contentUrl":"https:\/\/alvarelloseditora.gal\/wp-content\/uploads\/2019\/12\/cartas-de-un-condenado-a-amuerte-alvarellos-editora-mejuto-bernardez1.jpg","width":594,"height":1024},{"@type":"BreadcrumbList","@id":"https:\/\/alvarelloseditora.gal\/es\/libro\/cartas-de-un-condenado-a-muerte\/#breadcrumb","itemListElement":[{"@type":"ListItem","position":1,"name":"Portada","item":"https:\/\/alvarelloseditora.gal\/"},{"@type":"ListItem","position":2,"name":"Tienda","item":"https:\/\/alvarelloseditora.gal\/es\/tienda\/"},{"@type":"ListItem","position":3,"name":"CARTAS DE UN CONDENADO A MUERTE"}]},{"@type":"WebSite","@id":"https:\/\/alvarelloseditora.gal\/#website","url":"https:\/\/alvarelloseditora.gal\/","name":"Alvarellos Editora","description":"Libros para un mundo en tr\u00e1nsito","publisher":{"@id":"https:\/\/alvarelloseditora.gal\/#organization"},"potentialAction":[{"@type":"SearchAction","target":{"@type":"EntryPoint","urlTemplate":"https:\/\/alvarelloseditora.gal\/?s={search_term_string}"},"query-input":{"@type":"PropertyValueSpecification","valueRequired":true,"valueName":"search_term_string"}}],"inLanguage":"es"},{"@type":"Organization","@id":"https:\/\/alvarelloseditora.gal\/#organization","name":"Alvarellos Editora","url":"https:\/\/alvarelloseditora.gal\/","logo":{"@type":"ImageObject","inLanguage":"es","@id":"https:\/\/alvarelloseditora.gal\/#\/schema\/logo\/image\/","url":"https:\/\/alvarelloseditora.gal\/wp-content\/uploads\/2020\/02\/alv-icon.png","contentUrl":"https:\/\/alvarelloseditora.gal\/wp-content\/uploads\/2020\/02\/alv-icon.png","width":177,"height":175,"caption":"Alvarellos Editora"},"image":{"@id":"https:\/\/alvarelloseditora.gal\/#\/schema\/logo\/image\/"},"sameAs":["https:\/\/www.facebook.com\/alvarelloseditora","https:\/\/x.com\/alvarellos_ed"]}]}},"_links":{"self":[{"href":"https:\/\/alvarelloseditora.gal\/es\/wp-json\/wp\/v2\/product\/2822","targetHints":{"allow":["GET"]}}],"collection":[{"href":"https:\/\/alvarelloseditora.gal\/es\/wp-json\/wp\/v2\/product"}],"about":[{"href":"https:\/\/alvarelloseditora.gal\/es\/wp-json\/wp\/v2\/types\/product"}],"replies":[{"embeddable":true,"href":"https:\/\/alvarelloseditora.gal\/es\/wp-json\/wp\/v2\/comments?post=2822"}],"wp:featuredmedia":[{"embeddable":true,"href":"https:\/\/alvarelloseditora.gal\/es\/wp-json\/wp\/v2\/media\/4147"}],"wp:attachment":[{"href":"https:\/\/alvarelloseditora.gal\/es\/wp-json\/wp\/v2\/media?parent=2822"}],"wp:term":[{"taxonomy":"product_brand","embeddable":true,"href":"https:\/\/alvarelloseditora.gal\/es\/wp-json\/wp\/v2\/product_brand?post=2822"},{"taxonomy":"product_cat","embeddable":true,"href":"https:\/\/alvarelloseditora.gal\/es\/wp-json\/wp\/v2\/product_cat?post=2822"},{"taxonomy":"product_tag","embeddable":true,"href":"https:\/\/alvarelloseditora.gal\/es\/wp-json\/wp\/v2\/product_tag?post=2822"}],"curies":[{"name":"wp","href":"https:\/\/api.w.org\/{rel}","templated":true}]}}