{"id":2821,"date":"2019-12-27T13:41:09","date_gmt":"2019-12-27T14:02:44","guid":{"rendered":"https:\/\/nueva.alvarellos.info\/product\/e-os-domingos-un-croissant\/"},"modified":"2021-06-23T12:25:10","modified_gmt":"2021-06-23T10:25:10","slug":"e-os-domingos-un-croissant","status":"publish","type":"product","link":"https:\/\/alvarelloseditora.gal\/es\/libro\/e-os-domingos-un-croissant\/","title":{"rendered":"\u2026 E OS DOMINGOS, UN CROISSANT"},"content":{"rendered":"<p><a href=\"https:\/\/alvarelloseditora.gal\/wp-content\/uploads\/2021\/05\/FarodaCultura-FarodeVigo240915.pdf\" target=\"_blank\" rel=\"noopener noreferrer\">24-09-2015 <strong>Faro de Vigo<\/strong> Entrevista a Ursula Heinze.<\/a><\/p>\n<p><a href=\"https:\/\/alvarelloseditora.gal\/wp-content\/uploads\/2021\/05\/Paginas_desdenordesia-09-08-2015.pdf\" target=\"_blank\" rel=\"noopener noreferrer\">9-8-15 Diario de Ferrol. Por Vicente Araguas. \u00abTerapia ocupacional\u00bb<\/a><\/p>\n<p>01-06-15 <strong>Praza P\u00fablica<\/strong>. Entrevista de Alberto Ramos a Ursula Heinze\u00a0<a href=\"http:\/\/praza.gal\/cultura\/9575\/ldentro-do-psiquiatrico-vivese-unha-vida-real-podes-darte-como-es-fora-a-vida-so-e-disfracer\/\">http:\/\/praza.gal\/cultura\/9575\/ldentro-do-psiquiatrico-vivese-unha-vida-real-podes-darte-como-es-fora-a-vida-so-e-disfracer\/<\/a><\/p>\n<p>15-05-15<strong>\u00a0La Voz de Galicia<\/strong>\u00a0Cr\u00edtica de Ram\u00f3n Nicol\u00e1s\u00a0<a href=\"http:\/\/www.lavozdegalicia.es\/noticia\/fugas\/2015\/05\/12\/libro-alenta-vivir\/00031431442505275976122.htm\">http:\/\/www.lavozdegalicia.es\/noticia\/fugas\/2015\/05\/12\/libro-alenta-vivir\/00031431442505275976122.htm<\/a><\/p>\n<p>28-04-2015 <strong>Radio Galega<\/strong>-Diario Cultural\u00a0<a href=\"http:\/\/www.crtvg.es\/rg\/destacados\/diario-cultural-diario-cultural-do-dia-28-04-2015-1114776#.VT-jiRmK5B8.twitter\">http:\/\/www.crtvg.es\/rg\/destacados\/diario-cultural-diario-cultural-do-dia-28-04-2015-1114776#.VT-jiRmK5B8.twitter<\/a><\/p>\n<p>23-04-2015 <strong>Televisi\u00f3n de Galicia<\/strong>-Telexornal\u00a0<a href=\"http:\/\/www.crtvg.es\/informativos\/a-escritoria-rsula-heinze-presenta-a-sua-ultima-obra-e-os-domingos-un-croissant-1104702\">http:\/\/www.crtvg.es\/informativos\/a-escritoria-rsula-heinze-presenta-a-sua-ultima-obra-e-os-domingos-un-croissant-1104702<\/a><\/p>\n<p>23-04-2015 <strong>El Correo Gallego<\/strong>\u00a0<a href=\"http:\/\/www.elcorreogallego.es\/tendencias\/ecg\/escribir-novo-libro-salvoume-di-escritora-ursula-heinze-lorenzo\/idEdicion-2015-04-24\/idNoticia-927951\/\">http:\/\/www.elcorreogallego.es\/tendencias\/ecg\/escribir-novo-libro-salvoume-di-escritora-ursula-heinze-lorenzo\/idEdicion-2015-04-24\/idNoticia-927951\/<\/a><\/p>\n<p>23-04-2015 <strong>Agencia EFE<\/strong>\u00a0<a href=\"http:\/\/agencias.abc.es\/agencias\/noticia.asp?noticia=1849543\">http:\/\/agencias.abc.es\/agencias\/noticia.asp?noticia=1849543<\/a><\/p>\n<p>21-04-2015 <strong>Europa Press<\/strong>\u00a0<a href=\"http:\/\/www.europapress.es\/galicia\/noticia-ursula-heinze-narra-nuevo-libro-lucha-contra-depresion-diario-ingreso-psiquiatrico-20150421172444.html\">http:\/\/www.europapress.es\/galicia\/noticia-ursula-heinze-narra-nuevo-libro-lucha-contra-depresion-diario-ingreso-psiquiatrico-20150421172444.html<\/a><\/p>\n<p>20-04-2015 <strong>Sermos Galiza<\/strong>. Entrevista de Carme Vidal\u00a0<a href=\"http:\/\/www.sermosgaliza.gal\/articulo\/cultura\/ursula-heinze-escritura-sempre-foi-mina-salvacion\/20150420002002036686.html\">http:\/\/www.sermosgaliza.gal\/articulo\/cultura\/ursula-heinze-escritura-sempre-foi-mina-salvacion\/20150420002002036686.html<\/a><\/p>\n","protected":false},"excerpt":{"rendered":"<p>DIARIO DE UN ENCUENTRO CON LA VIDA<\/p>\n<p>&nbsp;<\/p>\n<p>147 pp. 14 x 21 cms<br \/>\nISBN 978-84-89323-96-4<\/p>\n<p>&nbsp;<\/p>\n<p>Tras padecer un honda depresi\u00f3n, la escritora y fil\u00f3loga Ursula Heinze (autora de una extens\u00edsima y premiada obra literaria) decide ingresar voluntariamente en el sanatorio psiqui\u00e1trico La Robleda, cerca de Santiago de Compostela.<\/p>\n<p>En este libro relata los dos meses de finales de 2014 que pas\u00f3 internada tratando de superar su enfermedad. Escribi\u00f3 d\u00eda a d\u00eda. \u00a0La obra que presentamos a nuestros lectores es el retrato coral, intenso y hondamente humano de la vida en un psiqui\u00e1trico.<\/p>\n<p>\u00abAqu\u00ed, no Sanatorio, podemos vivir como realmente somos \u2013afirma Ursula\u2013. F\u00f3ra, o mundo \u00e9 real pero, para sobrevivir, temos que disfrazarnos\u00bb.<\/p>\n","protected":false},"featured_media":4145,"comment_status":"closed","ping_status":"closed","template":"","meta":[],"product_brand":[],"product_cat":[106],"product_tag":[],"class_list":{"0":"post-2821","1":"product","2":"type-product","3":"status-publish","4":"has-post-thumbnail","6":"product_author-ursula-heinze-es","7":"product_cat-libros-do-sarela-es","9":"first","10":"instock","11":"taxable","12":"shipping-taxable","13":"purchasable","14":"product-type-simple"},"yoast_head":"<!-- This site is optimized with the Yoast SEO plugin v27.3 - https:\/\/yoast.com\/product\/yoast-seo-wordpress\/ -->\n<title>\u2026 E OS DOMINGOS, UN CROISSANT - Alvarellos Editora<\/title>\n<meta name=\"description\" content=\"\u2026 E OS DOMINGOS, UN CROISSANT. C\u00f3mprao na tenda en li\u00f1a de Alvarellos Editora.\" \/>\n<meta name=\"robots\" content=\"index, follow, max-snippet:-1, max-image-preview:large, max-video-preview:-1\" \/>\n<link rel=\"canonical\" href=\"https:\/\/alvarelloseditora.gal\/es\/libro\/e-os-domingos-un-croissant\/\" \/>\n<meta property=\"og:locale\" content=\"es_ES\" \/>\n<meta property=\"og:type\" content=\"article\" \/>\n<meta property=\"og:title\" content=\"\u2026 E OS DOMINGOS, UN CROISSANT - Alvarellos Editora\" \/>\n<meta property=\"og:description\" content=\"\u2026 E OS DOMINGOS, UN CROISSANT. C\u00f3mprao na tenda en li\u00f1a de Alvarellos Editora.\" \/>\n<meta property=\"og:url\" content=\"https:\/\/alvarelloseditora.gal\/es\/libro\/e-os-domingos-un-croissant\/\" \/>\n<meta property=\"og:site_name\" content=\"Alvarellos Editora\" \/>\n<meta property=\"article:publisher\" content=\"https:\/\/www.facebook.com\/alvarelloseditora\" \/>\n<meta property=\"article:modified_time\" content=\"2021-06-23T10:25:10+00:00\" \/>\n<meta property=\"og:image\" content=\"https:\/\/alvarelloseditora.gal\/wp-content\/uploads\/2019\/12\/e-os-domingos-un-croissant-libro-ursula-heize-alvarellos-editora.jpg\" \/>\n\t<meta property=\"og:image:width\" content=\"808\" \/>\n\t<meta property=\"og:image:height\" content=\"1241\" \/>\n\t<meta property=\"og:image:type\" content=\"image\/jpeg\" \/>\n<meta name=\"twitter:card\" content=\"summary_large_image\" \/>\n<meta name=\"twitter:site\" content=\"@alvarellos_ed\" \/>\n<meta name=\"twitter:label1\" content=\"Tiempo de lectura\" \/>\n\t<meta name=\"twitter:data1\" content=\"1 minuto\" \/>\n<!-- \/ Yoast SEO plugin. -->","yoast_head_json":{"title":"\u2026 E OS DOMINGOS, UN CROISSANT - Alvarellos Editora","description":"\u2026 E OS DOMINGOS, UN CROISSANT. C\u00f3mprao na tenda en li\u00f1a de Alvarellos Editora.","robots":{"index":"index","follow":"follow","max-snippet":"max-snippet:-1","max-image-preview":"max-image-preview:large","max-video-preview":"max-video-preview:-1"},"canonical":"https:\/\/alvarelloseditora.gal\/es\/libro\/e-os-domingos-un-croissant\/","og_locale":"es_ES","og_type":"article","og_title":"\u2026 E OS DOMINGOS, UN CROISSANT - Alvarellos Editora","og_description":"\u2026 E OS DOMINGOS, UN CROISSANT. C\u00f3mprao na tenda en li\u00f1a de Alvarellos Editora.","og_url":"https:\/\/alvarelloseditora.gal\/es\/libro\/e-os-domingos-un-croissant\/","og_site_name":"Alvarellos Editora","article_publisher":"https:\/\/www.facebook.com\/alvarelloseditora","article_modified_time":"2021-06-23T10:25:10+00:00","og_image":[{"width":808,"height":1241,"url":"https:\/\/alvarelloseditora.gal\/wp-content\/uploads\/2019\/12\/e-os-domingos-un-croissant-libro-ursula-heize-alvarellos-editora.jpg","type":"image\/jpeg"}],"twitter_card":"summary_large_image","twitter_site":"@alvarellos_ed","twitter_misc":{"Tiempo de lectura":"1 minuto"},"schema":{"@context":"https:\/\/schema.org","@graph":[{"@type":["WebPage","ItemPage"],"@id":"https:\/\/alvarelloseditora.gal\/es\/libro\/e-os-domingos-un-croissant\/","url":"https:\/\/alvarelloseditora.gal\/es\/libro\/e-os-domingos-un-croissant\/","name":"\u2026 E OS DOMINGOS, UN CROISSANT - Alvarellos Editora","isPartOf":{"@id":"https:\/\/alvarelloseditora.gal\/#website"},"primaryImageOfPage":{"@id":"https:\/\/alvarelloseditora.gal\/es\/libro\/e-os-domingos-un-croissant\/#primaryimage"},"image":{"@id":"https:\/\/alvarelloseditora.gal\/es\/libro\/e-os-domingos-un-croissant\/#primaryimage"},"thumbnailUrl":"https:\/\/alvarelloseditora.gal\/wp-content\/uploads\/2019\/12\/e-os-domingos-un-croissant-libro-ursula-heize-alvarellos-editora.jpg","datePublished":"2019-12-27T14:02:44+00:00","dateModified":"2021-06-23T10:25:10+00:00","description":"\u2026 E OS DOMINGOS, UN CROISSANT. C\u00f3mprao na tenda en li\u00f1a de Alvarellos Editora.","breadcrumb":{"@id":"https:\/\/alvarelloseditora.gal\/es\/libro\/e-os-domingos-un-croissant\/#breadcrumb"},"inLanguage":"es","potentialAction":[{"@type":"ReadAction","target":["https:\/\/alvarelloseditora.gal\/es\/libro\/e-os-domingos-un-croissant\/"]}]},{"@type":"ImageObject","inLanguage":"es","@id":"https:\/\/alvarelloseditora.gal\/es\/libro\/e-os-domingos-un-croissant\/#primaryimage","url":"https:\/\/alvarelloseditora.gal\/wp-content\/uploads\/2019\/12\/e-os-domingos-un-croissant-libro-ursula-heize-alvarellos-editora.jpg","contentUrl":"https:\/\/alvarelloseditora.gal\/wp-content\/uploads\/2019\/12\/e-os-domingos-un-croissant-libro-ursula-heize-alvarellos-editora.jpg","width":808,"height":1241},{"@type":"BreadcrumbList","@id":"https:\/\/alvarelloseditora.gal\/es\/libro\/e-os-domingos-un-croissant\/#breadcrumb","itemListElement":[{"@type":"ListItem","position":1,"name":"Portada","item":"https:\/\/alvarelloseditora.gal\/"},{"@type":"ListItem","position":2,"name":"Tienda","item":"https:\/\/alvarelloseditora.gal\/es\/tienda\/"},{"@type":"ListItem","position":3,"name":"\u2026 E OS DOMINGOS, UN CROISSANT"}]},{"@type":"WebSite","@id":"https:\/\/alvarelloseditora.gal\/#website","url":"https:\/\/alvarelloseditora.gal\/","name":"Alvarellos Editora","description":"Libros para un mundo en tr\u00e1nsito","publisher":{"@id":"https:\/\/alvarelloseditora.gal\/#organization"},"potentialAction":[{"@type":"SearchAction","target":{"@type":"EntryPoint","urlTemplate":"https:\/\/alvarelloseditora.gal\/?s={search_term_string}"},"query-input":{"@type":"PropertyValueSpecification","valueRequired":true,"valueName":"search_term_string"}}],"inLanguage":"es"},{"@type":"Organization","@id":"https:\/\/alvarelloseditora.gal\/#organization","name":"Alvarellos Editora","url":"https:\/\/alvarelloseditora.gal\/","logo":{"@type":"ImageObject","inLanguage":"es","@id":"https:\/\/alvarelloseditora.gal\/#\/schema\/logo\/image\/","url":"https:\/\/alvarelloseditora.gal\/wp-content\/uploads\/2020\/02\/alv-icon.png","contentUrl":"https:\/\/alvarelloseditora.gal\/wp-content\/uploads\/2020\/02\/alv-icon.png","width":177,"height":175,"caption":"Alvarellos Editora"},"image":{"@id":"https:\/\/alvarelloseditora.gal\/#\/schema\/logo\/image\/"},"sameAs":["https:\/\/www.facebook.com\/alvarelloseditora","https:\/\/x.com\/alvarellos_ed"]}]}},"_links":{"self":[{"href":"https:\/\/alvarelloseditora.gal\/es\/wp-json\/wp\/v2\/product\/2821","targetHints":{"allow":["GET"]}}],"collection":[{"href":"https:\/\/alvarelloseditora.gal\/es\/wp-json\/wp\/v2\/product"}],"about":[{"href":"https:\/\/alvarelloseditora.gal\/es\/wp-json\/wp\/v2\/types\/product"}],"replies":[{"embeddable":true,"href":"https:\/\/alvarelloseditora.gal\/es\/wp-json\/wp\/v2\/comments?post=2821"}],"wp:featuredmedia":[{"embeddable":true,"href":"https:\/\/alvarelloseditora.gal\/es\/wp-json\/wp\/v2\/media\/4145"}],"wp:attachment":[{"href":"https:\/\/alvarelloseditora.gal\/es\/wp-json\/wp\/v2\/media?parent=2821"}],"wp:term":[{"taxonomy":"product_brand","embeddable":true,"href":"https:\/\/alvarelloseditora.gal\/es\/wp-json\/wp\/v2\/product_brand?post=2821"},{"taxonomy":"product_cat","embeddable":true,"href":"https:\/\/alvarelloseditora.gal\/es\/wp-json\/wp\/v2\/product_cat?post=2821"},{"taxonomy":"product_tag","embeddable":true,"href":"https:\/\/alvarelloseditora.gal\/es\/wp-json\/wp\/v2\/product_tag?post=2821"}],"curies":[{"name":"wp","href":"https:\/\/api.w.org\/{rel}","templated":true}]}}