{"id":2820,"date":"2019-12-27T13:41:09","date_gmt":"2019-12-27T14:02:44","guid":{"rendered":"https:\/\/nueva.alvarellos.info\/product\/la-peregrinacion-a-santiago-de-diego-de-guzman\/"},"modified":"2021-06-23T13:53:43","modified_gmt":"2021-06-23T11:53:43","slug":"la-peregrinacion-a-santiago-de-diego-de-guzman","status":"publish","type":"product","link":"https:\/\/alvarelloseditora.gal\/es\/libro\/la-peregrinacion-a-santiago-de-diego-de-guzman\/","title":{"rendered":"LA PEREGRINACI\u00d3N A SANTIAGO DE DIEGO DE GUZM\u00c1N"},"content":{"rendered":"<p><a href=\"https:\/\/www.lavozdegalicia.es\/noticia\/lemos\/2018\/02\/25\/guzman-recorrio-camino-invierno-encargo-rey\/0003_201802M25C2991.htm\">25-02-2018 <strong>La Voz de Galicia-Edici\u00f3n Lemos <\/strong>Entrevista a Julio V\u00e1zquez Castro:\u00a0\u00abGuzm\u00e1n recorri\u00f3 el Camino de Invierno por encargo del rey\u00bb<\/a><\/p>\n<p>21-07-2015 <strong>Caminhando eu vou<\/strong>\u00a0https:\/\/caminhandoeuvou.wordpress.com\/2015\/07\/21\/um-diario-de-1610\/<\/p>\n<p>29-04-2015<strong> Ciencia Galega<\/strong>\u00a0<a href=\"http:\/\/www.gciencia.com\/historias-gc\/o-blogueiro-do-camino-do-seculo-xvii\/\">http:\/\/www.gciencia.com\/historias-gc\/o-blogueiro-do-camino-do-seculo-xvii\/<\/a><\/p>\n<p>22-03-2015\u00a0<strong>ABC-Galicia\u00a0<\/strong><a href=\"http:\/\/www.abc.es\/local-galicia\/20150322\/abci-catedral-santiago-colgaduras-201503212149.html\">http:\/\/www.abc.es\/local-galicia\/20150322\/abci-catedral-santiago-colgaduras-201503212149.html<\/a><\/p>\n<p>08-03-2015 <strong>ABC-Galicia<\/strong>\u00a0<a href=\"http:\/\/www.abc.es\/local-galicia\/20150308\/abci-diario-peregrino-diego-guzman-201503081120.html\">http:\/\/www.abc.es\/local-galicia\/20150308\/abci-diario-peregrino-diego-guzman-201503081120.html<\/a><\/p>\n<p>06-03-2015 <strong>ABC-Galicia<\/strong>\u00a0\u00a0<a href=\"http:\/\/www.abc.es\/local-galicia\/20150305\/abci-diario-manuscrito-peregrino-201503052156.html\">http:\/\/www.abc.es\/local-galicia\/20150305\/abci-diario-manuscrito-peregrino-201503052156.html<\/a><\/p>\n<p>05-03-2015<strong> La Regi\u00f3n<\/strong>\u00a0<a href=\"http:\/\/www.laregion.es\/articulo\/cultura\/sale-luz-diario-manuscrito-peregrino-1610\/20150305224430528625.html\">http:\/\/www.laregion.es\/articulo\/cultura\/sale-luz-diario-manuscrito-peregrino-1610\/20150305224430528625.html<\/a><\/p>\n<p>05-03-2015 <strong>Televisi\u00f3n de Galicia<\/strong>-Telexornal Ser\u00e1n\u00a0<a href=\"http:\/\/www.crtvg.es\/informativos\/sae-a-luz-o-manuscrito-inedito-dun-peregrino-de-1610-1034386\">http:\/\/www.crtvg.es\/informativos\/sae-a-luz-o-manuscrito-inedito-dun-peregrino-de-1610-1034386<\/a><\/p>\n<p>05-03-2015 <strong>El Correo Gallego\u00a0<\/strong><a href=\"http:\/\/www.elcorreogallego.es\/santiago\/ecg\/peregrino-delegado-llego-1610\/idEdicion-2015-03-05\/idNoticia-919577\">http:\/\/www.elcorreogallego.es\/santiago\/ecg\/peregrino-delegado-llego-1610\/idEdicion-2015-03-05\/idNoticia-919577<\/a><\/p>\n","protected":false},"excerpt":{"rendered":"<p>DIARIO IN\u00c9DITO DE 1610<\/p>\n<p>&nbsp;<\/p>\n<p>Formato: 291 pp. 13&#215;23 cms<br \/>\nISBN 978-84-89323-92-6<\/p>\n<p>&nbsp;<\/p>\n<p>Despu\u00e9s de cuatrocientos a\u00f1os in\u00e9dito,\u00a0ve la luz en nuestra Colecci\u00f3n Oeste el diario manuscrito del peregrino\u00a0Diego de Guzm\u00e1n, que visit\u00f3 Santiago de Compostela en el oto\u00f1o de 1610.\u00a0Un documento \u00fanico descubierto en la Real Academia de la Historia \u00a0por el investigador de la Universidade de Santiago Julio V\u00e1zquez Castro.Este profesor realiza para esta edici\u00f3n un estudio riguroso, revelador e ilustrado de un relato de viajes de enorme inter\u00e9s para todo el mundo jacobeo y para la historia de una ciudad que, custodiando un sepulcro santo, transformar\u00eda Europa.<\/p>\n","protected":false},"featured_media":4143,"comment_status":"closed","ping_status":"closed","template":"","meta":[],"product_brand":[],"product_cat":[105],"product_tag":[1045],"class_list":{"0":"post-2820","1":"product","2":"type-product","3":"status-publish","4":"has-post-thumbnail","6":"product_author-julio-vazquez-castro-es","7":"product_cat-oeste-es","8":"product_tag-santiago-de-compostela-y-el-camino","10":"first","11":"instock","12":"taxable","13":"shipping-taxable","14":"purchasable","15":"product-type-simple"},"yoast_head":"<!-- This site is optimized with the Yoast SEO plugin v27.3 - https:\/\/yoast.com\/product\/yoast-seo-wordpress\/ -->\n<title>LA PEREGRINACI\u00d3N A SANTIAGO DE DIEGO DE GUZM\u00c1N - Alvarellos Editora<\/title>\n<meta name=\"description\" content=\"LA PEREGRINACI\u00d3N A SANTIAGO DE DIEGO DE GUZM\u00c1N. C\u00f3mprao na tenda en li\u00f1a de Alvarellos Editora.\" \/>\n<meta name=\"robots\" content=\"index, follow, max-snippet:-1, max-image-preview:large, max-video-preview:-1\" \/>\n<link rel=\"canonical\" href=\"https:\/\/alvarelloseditora.gal\/es\/libro\/la-peregrinacion-a-santiago-de-diego-de-guzman\/\" \/>\n<meta property=\"og:locale\" content=\"es_ES\" \/>\n<meta property=\"og:type\" content=\"article\" \/>\n<meta property=\"og:title\" content=\"LA PEREGRINACI\u00d3N A SANTIAGO DE DIEGO DE GUZM\u00c1N - Alvarellos Editora\" \/>\n<meta property=\"og:description\" content=\"LA PEREGRINACI\u00d3N A SANTIAGO DE DIEGO DE GUZM\u00c1N. C\u00f3mprao na tenda en li\u00f1a de Alvarellos Editora.\" \/>\n<meta property=\"og:url\" content=\"https:\/\/alvarelloseditora.gal\/es\/libro\/la-peregrinacion-a-santiago-de-diego-de-guzman\/\" \/>\n<meta property=\"og:site_name\" content=\"Alvarellos Editora\" \/>\n<meta property=\"article:publisher\" content=\"https:\/\/www.facebook.com\/alvarelloseditora\" \/>\n<meta property=\"article:modified_time\" content=\"2021-06-23T11:53:43+00:00\" \/>\n<meta property=\"og:image\" content=\"https:\/\/alvarelloseditora.gal\/wp-content\/uploads\/2019\/12\/web-capa-peregrino-guzman-libro-alvarellos-editora.jpg\" \/>\n\t<meta property=\"og:image:width\" content=\"580\" \/>\n\t<meta property=\"og:image:height\" content=\"1024\" \/>\n\t<meta property=\"og:image:type\" content=\"image\/jpeg\" \/>\n<meta name=\"twitter:card\" content=\"summary_large_image\" \/>\n<meta name=\"twitter:site\" content=\"@alvarellos_ed\" \/>\n<meta name=\"twitter:label1\" content=\"Tiempo de lectura\" \/>\n\t<meta name=\"twitter:data1\" content=\"1 minuto\" \/>\n<!-- \/ Yoast SEO plugin. -->","yoast_head_json":{"title":"LA PEREGRINACI\u00d3N A SANTIAGO DE DIEGO DE GUZM\u00c1N - Alvarellos Editora","description":"LA PEREGRINACI\u00d3N A SANTIAGO DE DIEGO DE GUZM\u00c1N. C\u00f3mprao na tenda en li\u00f1a de Alvarellos Editora.","robots":{"index":"index","follow":"follow","max-snippet":"max-snippet:-1","max-image-preview":"max-image-preview:large","max-video-preview":"max-video-preview:-1"},"canonical":"https:\/\/alvarelloseditora.gal\/es\/libro\/la-peregrinacion-a-santiago-de-diego-de-guzman\/","og_locale":"es_ES","og_type":"article","og_title":"LA PEREGRINACI\u00d3N A SANTIAGO DE DIEGO DE GUZM\u00c1N - Alvarellos Editora","og_description":"LA PEREGRINACI\u00d3N A SANTIAGO DE DIEGO DE GUZM\u00c1N. C\u00f3mprao na tenda en li\u00f1a de Alvarellos Editora.","og_url":"https:\/\/alvarelloseditora.gal\/es\/libro\/la-peregrinacion-a-santiago-de-diego-de-guzman\/","og_site_name":"Alvarellos Editora","article_publisher":"https:\/\/www.facebook.com\/alvarelloseditora","article_modified_time":"2021-06-23T11:53:43+00:00","og_image":[{"width":580,"height":1024,"url":"https:\/\/alvarelloseditora.gal\/wp-content\/uploads\/2019\/12\/web-capa-peregrino-guzman-libro-alvarellos-editora.jpg","type":"image\/jpeg"}],"twitter_card":"summary_large_image","twitter_site":"@alvarellos_ed","twitter_misc":{"Tiempo de lectura":"1 minuto"},"schema":{"@context":"https:\/\/schema.org","@graph":[{"@type":["WebPage","ItemPage"],"@id":"https:\/\/alvarelloseditora.gal\/es\/libro\/la-peregrinacion-a-santiago-de-diego-de-guzman\/","url":"https:\/\/alvarelloseditora.gal\/es\/libro\/la-peregrinacion-a-santiago-de-diego-de-guzman\/","name":"LA PEREGRINACI\u00d3N A SANTIAGO DE DIEGO DE GUZM\u00c1N - Alvarellos Editora","isPartOf":{"@id":"https:\/\/alvarelloseditora.gal\/#website"},"primaryImageOfPage":{"@id":"https:\/\/alvarelloseditora.gal\/es\/libro\/la-peregrinacion-a-santiago-de-diego-de-guzman\/#primaryimage"},"image":{"@id":"https:\/\/alvarelloseditora.gal\/es\/libro\/la-peregrinacion-a-santiago-de-diego-de-guzman\/#primaryimage"},"thumbnailUrl":"https:\/\/alvarelloseditora.gal\/wp-content\/uploads\/2019\/12\/web-capa-peregrino-guzman-libro-alvarellos-editora.jpg","datePublished":"2019-12-27T14:02:44+00:00","dateModified":"2021-06-23T11:53:43+00:00","description":"LA PEREGRINACI\u00d3N A SANTIAGO DE DIEGO DE GUZM\u00c1N. C\u00f3mprao na tenda en li\u00f1a de Alvarellos Editora.","breadcrumb":{"@id":"https:\/\/alvarelloseditora.gal\/es\/libro\/la-peregrinacion-a-santiago-de-diego-de-guzman\/#breadcrumb"},"inLanguage":"es","potentialAction":[{"@type":"ReadAction","target":["https:\/\/alvarelloseditora.gal\/es\/libro\/la-peregrinacion-a-santiago-de-diego-de-guzman\/"]}]},{"@type":"ImageObject","inLanguage":"es","@id":"https:\/\/alvarelloseditora.gal\/es\/libro\/la-peregrinacion-a-santiago-de-diego-de-guzman\/#primaryimage","url":"https:\/\/alvarelloseditora.gal\/wp-content\/uploads\/2019\/12\/web-capa-peregrino-guzman-libro-alvarellos-editora.jpg","contentUrl":"https:\/\/alvarelloseditora.gal\/wp-content\/uploads\/2019\/12\/web-capa-peregrino-guzman-libro-alvarellos-editora.jpg","width":580,"height":1024},{"@type":"BreadcrumbList","@id":"https:\/\/alvarelloseditora.gal\/es\/libro\/la-peregrinacion-a-santiago-de-diego-de-guzman\/#breadcrumb","itemListElement":[{"@type":"ListItem","position":1,"name":"Portada","item":"https:\/\/alvarelloseditora.gal\/"},{"@type":"ListItem","position":2,"name":"Tienda","item":"https:\/\/alvarelloseditora.gal\/es\/tienda\/"},{"@type":"ListItem","position":3,"name":"LA PEREGRINACI\u00d3N A SANTIAGO DE DIEGO DE GUZM\u00c1N"}]},{"@type":"WebSite","@id":"https:\/\/alvarelloseditora.gal\/#website","url":"https:\/\/alvarelloseditora.gal\/","name":"Alvarellos Editora","description":"Libros para un mundo en tr\u00e1nsito","publisher":{"@id":"https:\/\/alvarelloseditora.gal\/#organization"},"potentialAction":[{"@type":"SearchAction","target":{"@type":"EntryPoint","urlTemplate":"https:\/\/alvarelloseditora.gal\/?s={search_term_string}"},"query-input":{"@type":"PropertyValueSpecification","valueRequired":true,"valueName":"search_term_string"}}],"inLanguage":"es"},{"@type":"Organization","@id":"https:\/\/alvarelloseditora.gal\/#organization","name":"Alvarellos Editora","url":"https:\/\/alvarelloseditora.gal\/","logo":{"@type":"ImageObject","inLanguage":"es","@id":"https:\/\/alvarelloseditora.gal\/#\/schema\/logo\/image\/","url":"https:\/\/alvarelloseditora.gal\/wp-content\/uploads\/2020\/02\/alv-icon.png","contentUrl":"https:\/\/alvarelloseditora.gal\/wp-content\/uploads\/2020\/02\/alv-icon.png","width":177,"height":175,"caption":"Alvarellos Editora"},"image":{"@id":"https:\/\/alvarelloseditora.gal\/#\/schema\/logo\/image\/"},"sameAs":["https:\/\/www.facebook.com\/alvarelloseditora","https:\/\/x.com\/alvarellos_ed"]}]}},"_links":{"self":[{"href":"https:\/\/alvarelloseditora.gal\/es\/wp-json\/wp\/v2\/product\/2820","targetHints":{"allow":["GET"]}}],"collection":[{"href":"https:\/\/alvarelloseditora.gal\/es\/wp-json\/wp\/v2\/product"}],"about":[{"href":"https:\/\/alvarelloseditora.gal\/es\/wp-json\/wp\/v2\/types\/product"}],"replies":[{"embeddable":true,"href":"https:\/\/alvarelloseditora.gal\/es\/wp-json\/wp\/v2\/comments?post=2820"}],"wp:featuredmedia":[{"embeddable":true,"href":"https:\/\/alvarelloseditora.gal\/es\/wp-json\/wp\/v2\/media\/4143"}],"wp:attachment":[{"href":"https:\/\/alvarelloseditora.gal\/es\/wp-json\/wp\/v2\/media?parent=2820"}],"wp:term":[{"taxonomy":"product_brand","embeddable":true,"href":"https:\/\/alvarelloseditora.gal\/es\/wp-json\/wp\/v2\/product_brand?post=2820"},{"taxonomy":"product_cat","embeddable":true,"href":"https:\/\/alvarelloseditora.gal\/es\/wp-json\/wp\/v2\/product_cat?post=2820"},{"taxonomy":"product_tag","embeddable":true,"href":"https:\/\/alvarelloseditora.gal\/es\/wp-json\/wp\/v2\/product_tag?post=2820"}],"curies":[{"name":"wp","href":"https:\/\/api.w.org\/{rel}","templated":true}]}}