{"id":2818,"date":"2019-12-27T13:41:09","date_gmt":"2019-12-27T14:02:44","guid":{"rendered":"https:\/\/nueva.alvarellos.info\/product\/galleira-passport\/"},"modified":"2021-06-23T13:53:14","modified_gmt":"2021-06-23T11:53:14","slug":"galleira-passport","status":"publish","type":"product","link":"https:\/\/alvarelloseditora.gal\/es\/libro\/galleira-passport\/","title":{"rendered":"GALLEIRA PASSPORT"},"content":{"rendered":"<p>19-03-2015<strong> Periodistas en Espa\u00f1ol.com\u00a0<\/strong><a href=\"http:\/\/periodistas-es.com\/a-lingua-galega-como-propia-dos-mundos-verdadeiros-y-2-49878\">http:\/\/periodistas-es.com\/a-lingua-galega-como-propia-dos-mundos-verdadeiros-y-2-49878<\/a><\/p>\n<p>03-03-2015 <strong>Televisi\u00f3n de Galicia<\/strong>\u00a0Programa<em> Boa Tarde<\/em>. Entrevista de Silvia Jato (minuto: 1h 29&#8217;13\u00bb)\u00a0<a href=\"http:\/\/www.crtvg.es\/tvg\/a-carta\/magacin-118\">http:\/\/www.crtvg.es\/tvg\/a-carta\/magacin-118<\/a><\/p>\n<p>03-03-2015\u00a0<strong>Televisi\u00f3n de Galicia\u00a0<\/strong><a href=\"http:\/\/www.crtvg.es\/crtvg\/crtvgviva\/galleira-passport-cronicas-viaxeiras-do-seculo-xxi-libro-baseado-no-ronsel-de-grandes-viaxes-realizadas-para-unhas-series-documentais-da-tvg-aterra-no-boas-tardes\">http:\/\/www.crtvg.es\/crtvg\/crtvgviva\/galleira-passport-cronicas-viaxeiras-do-seculo-xxi-libro-baseado-no-ronsel-de-grandes-viaxes-realizadas-para-unhas-series-documentais-da-tvg-aterra-no-boas-tardes<\/a><\/p>\n<p>02-2015 <strong>Correo TV<\/strong>. Entrevista de Carlos Roma a Lu\u00eds Men\u00e9ndez\u00a0<a href=\"https:\/\/www.youtube.com\/watch?v=1tPi9G3oRAc&amp;index=1&amp;list=PLsPprED6arXCJXhYgYjr1XRtT4zoOAJBu\">https:\/\/www.youtube.com\/watch?v=1tPi9G3oRAc&amp;index=1&amp;list=PLsPprED6arXCJXhYgYjr1XRtT4zoOAJBu<\/a><\/p>\n<p>09-02-2015 <strong>Criticalia. <\/strong>Cr\u00edtica de<strong>. <\/strong>Armando Requeixo<\/p>\n<p>06-02-2015 <strong>La Regi\u00f3n<\/strong> Cr\u00edtica de Antonio Pi\u00f1eiro\u00a0<a href=\"http:\/\/www.laregion.es\/opinion\/antonio-pineiro\/terras-aqui-acola\/20150106085124514568.html\">http:\/\/www.laregion.es\/opinion\/antonio-pineiro\/terras-aqui-acola\/20150106085124514568.html<\/a><\/p>\n<p>23-01-2015 <strong>La Voz de Galicia<\/strong>-Fugas. Cr\u00edtica de<em> Carlos G. Reigosa<\/em>\u00a0<a href=\"http:\/\/www.lavozdegalicia.es\/fugas\/2015\/01\/27\/0003_201501SF23P4993.htm\">http:\/\/www.lavozdegalicia.es\/fugas\/2015\/01\/27\/0003_201501SF23P4993.htm<\/a><\/p>\n<p>20-01-2015<strong> Radio Galega<\/strong>\u00a0<a href=\"http:\/\/www.crtvg.es\/rg\/destacados\/diario-cultural-diario-cultural-do-dia-21-01-2015-981867#.VL_JZ-gjyiE.twitter\">Diario Cultural<\/a><\/p>\n<p>19-01-2015<strong> Radio Galega<\/strong>. <a href=\"http:\/\/www.crtvg.es\/rg\/destacados\/galicia-por-diante-galicia-por-diante-do-dia-19-01-2015-979269\">Entrevista a Lu\u00eds Men\u00e9ndez<\/a><\/p>\n<p>16-01-2015 <strong>La Regi\u00f3n Internacional <\/strong><a href=\"http:\/\/www.laregioninternacional.com\/articulo\/madrid\/luis-menendez-pone-papel-experiencias-viajeras-television-galicia\/20150116114156244402.html\">Luis Men\u00e9ndez pone en papel sus experiencias viajeras en documentales de la televisi\u00f3n gallega<strong>\u00a0<\/strong>\u00a0<\/a><\/p>\n<p>15-01-2015<strong> Faro de Vigo<\/strong>\u00a0<a href=\"http:\/\/www.farodevigo.es\/suscriptor\/faro-cultura\/2015\/01\/15\/nas-viaxes-profesionais-non-deixo\/1165236.html\"> \u00abNas viaxes profesionais non deixo espazo \u00e1 improvisaci\u00f3n\u00bb<\/a><\/p>\n<p>15-01-2015 <strong>Xunta de Galicia<\/strong>\u00a0<a href=\"http:\/\/www.xunta.es\/notas-de-prensa\/-\/nova\/2318\/luis-menendez-presentou-casa-galicia-madrid-seu-ultimo-libro-galleira-passport\">http:\/\/www.xunta.es\/notas-de-prensa\/-\/nova\/2318\/luis-menendez-presentou-casa-galicia-madrid-seu-ultimo-libro-galleira-passport<\/a><\/p>\n<p>09-01-2015 <strong>La Voz de Galicia <\/strong>\/ <strong>Caderno da Cr\u00edtica<\/strong>, de Ram\u00f3n Nicol\u00e1s\u00a0<a href=\"https:\/\/cadernodacritica.wordpress.com\/2015\/01\/10\/galleira-passport-de-luis-menendez\/\">https:\/\/cadernodacritica.wordpress.com\/2015\/01\/10\/galleira-passport-de-luis-menendez\/<\/a><\/p>\n<p>05-01-15<strong>\u00a0El Correo Gallego,\u00a0<\/strong>As cr\u00f3nicas\u00a0viaxeiras\u00a0de Lu\u00eds\u00a0Men\u00e9ndez,<strong>\u00a0<\/strong>http:\/\/alvarellos.info\/prensa\/D-EL_CORREO_GALLEGO_05012015_-_GENERAL_-_General.pdf<\/p>\n<p>18-12-14<strong> A Revista-Televisi\u00f3n de Galicia\u00a0<\/strong><a href=\"http:\/\/www.crtvg.es\/informativos\/luis-menendez-falanos-no-plato-do-seu-ultimo-libro-de-viaxes-galleira-passport-954747\">http:\/\/www.crtvg.es\/informativos\/luis-menendez-falanos-no-plato-do-seu-ultimo-libro-de-viaxes-galleira-passport-954747<\/a><\/p>\n<p>17-12-2014<strong> El Correo Gallego<\/strong>\u00a0Lu\u00eds Men\u00e9ndez presenta este xoves o seu libro \u00abGalleira Passport\u00bb\u00a0<a href=\"http:\/\/www.elcorreogallego.es\/tendencias\/ecg\/luis-menendez-presenta-seu-libro-galleira-passport-viaxe-multicultural-26-paises\/idEdicion-2014-12-16\/idNoticia-906163\/\">http:\/\/www.elcorreogallego.es\/tendencias\/ecg\/luis-menendez-presenta-seu-libro-galleira-passport-viaxe-multicultural-26-paises\/idEdicion-2014-12-16\/idNoticia-906163\/<\/a><\/p>\n","protected":false},"excerpt":{"rendered":"<p>CR\u00d3NICAS VIAXEIRAS DO S\u00c9CULO XXI<\/p>\n<p>&nbsp;<\/p>\n<p>Formato: 243 pp. 13 x 23 cms<br \/>\nISBN: 978-84-89323-57-5<\/p>\n<p>&nbsp;<\/p>\n<p>Relatos de viajes con\u00a0historias que atrapan desde el primer instante.\u00a0Galleira\u00a0es Galicia en la gerga gremial de los afiladores, el ir\u00f3nico y mundial\u00a0barallete. Este t\u00e9rmino ha servido de base a Lu\u00eds Men\u00e9ndez, periodista ambulante, para construir tres inolvidables\u00a0traves\u00edas por las realidades multiculturales de 26 pa\u00edses. \u00a0Desde\u00a0Irlanda a Breta\u00f1a, desde Estonia a Chipre, de Brasil y Timor-Leste hasta Mozambique.<\/p>\n<p>Con Pr\u00f3logo de\u00a0Manuel Rivas\u00a0e ilustrado con\u00a0fotograf\u00edas de las mejores traves\u00edas.<\/p>\n<p>Del\u00a0autor de las series documentais de la Televisi\u00f3n de Galicia:\u00a0Terras de Merl\u00edn, Terras do Leste\u00a0y\u00a0Terras de Acol\u00e1. Este libro incluye un\u00a0c\u00f3digo QR con acceso directo a las series de la TVG que originaron estos viajes.<\/p>\n","protected":false},"featured_media":4139,"comment_status":"closed","ping_status":"closed","template":"","meta":[],"product_brand":[],"product_cat":[105],"product_tag":[],"class_list":{"0":"post-2818","1":"product","2":"type-product","3":"status-publish","4":"has-post-thumbnail","6":"product_author-luis-menendez-es","7":"product_cat-oeste-es","9":"first","10":"instock","11":"taxable","12":"shipping-taxable","13":"purchasable","14":"product-type-simple"},"yoast_head":"<!-- This site is optimized with the Yoast SEO plugin v27.3 - https:\/\/yoast.com\/product\/yoast-seo-wordpress\/ -->\n<title>GALLEIRA PASSPORT - Alvarellos Editora<\/title>\n<meta name=\"description\" content=\"GALLEIRA PASSPORT. C\u00f3mprao na tenda en li\u00f1a de Alvarellos Editora.\" \/>\n<meta name=\"robots\" content=\"index, follow, max-snippet:-1, max-image-preview:large, max-video-preview:-1\" \/>\n<link rel=\"canonical\" href=\"https:\/\/alvarelloseditora.gal\/es\/libro\/galleira-passport\/\" \/>\n<meta property=\"og:locale\" content=\"es_ES\" \/>\n<meta property=\"og:type\" content=\"article\" \/>\n<meta property=\"og:title\" content=\"GALLEIRA PASSPORT - Alvarellos Editora\" \/>\n<meta property=\"og:description\" content=\"GALLEIRA PASSPORT. C\u00f3mprao na tenda en li\u00f1a de Alvarellos Editora.\" \/>\n<meta property=\"og:url\" content=\"https:\/\/alvarelloseditora.gal\/es\/libro\/galleira-passport\/\" \/>\n<meta property=\"og:site_name\" content=\"Alvarellos Editora\" \/>\n<meta property=\"article:publisher\" content=\"https:\/\/www.facebook.com\/alvarelloseditora\" \/>\n<meta property=\"article:modified_time\" content=\"2021-06-23T11:53:14+00:00\" \/>\n<meta property=\"og:image\" content=\"https:\/\/alvarelloseditora.gal\/wp-content\/uploads\/2019\/12\/capagalleiraweb.jpg\" \/>\n\t<meta property=\"og:image:width\" content=\"255\" \/>\n\t<meta property=\"og:image:height\" content=\"448\" \/>\n\t<meta property=\"og:image:type\" content=\"image\/jpeg\" \/>\n<meta name=\"twitter:card\" content=\"summary_large_image\" \/>\n<meta name=\"twitter:site\" content=\"@alvarellos_ed\" \/>\n<meta name=\"twitter:label1\" content=\"Tiempo de lectura\" \/>\n\t<meta name=\"twitter:data1\" content=\"1 minuto\" \/>\n<!-- \/ Yoast SEO plugin. -->","yoast_head_json":{"title":"GALLEIRA PASSPORT - Alvarellos Editora","description":"GALLEIRA PASSPORT. C\u00f3mprao na tenda en li\u00f1a de Alvarellos Editora.","robots":{"index":"index","follow":"follow","max-snippet":"max-snippet:-1","max-image-preview":"max-image-preview:large","max-video-preview":"max-video-preview:-1"},"canonical":"https:\/\/alvarelloseditora.gal\/es\/libro\/galleira-passport\/","og_locale":"es_ES","og_type":"article","og_title":"GALLEIRA PASSPORT - Alvarellos Editora","og_description":"GALLEIRA PASSPORT. C\u00f3mprao na tenda en li\u00f1a de Alvarellos Editora.","og_url":"https:\/\/alvarelloseditora.gal\/es\/libro\/galleira-passport\/","og_site_name":"Alvarellos Editora","article_publisher":"https:\/\/www.facebook.com\/alvarelloseditora","article_modified_time":"2021-06-23T11:53:14+00:00","og_image":[{"width":255,"height":448,"url":"https:\/\/alvarelloseditora.gal\/wp-content\/uploads\/2019\/12\/capagalleiraweb.jpg","type":"image\/jpeg"}],"twitter_card":"summary_large_image","twitter_site":"@alvarellos_ed","twitter_misc":{"Tiempo de lectura":"1 minuto"},"schema":{"@context":"https:\/\/schema.org","@graph":[{"@type":["WebPage","ItemPage"],"@id":"https:\/\/alvarelloseditora.gal\/es\/libro\/galleira-passport\/","url":"https:\/\/alvarelloseditora.gal\/es\/libro\/galleira-passport\/","name":"GALLEIRA PASSPORT - Alvarellos Editora","isPartOf":{"@id":"https:\/\/alvarelloseditora.gal\/#website"},"primaryImageOfPage":{"@id":"https:\/\/alvarelloseditora.gal\/es\/libro\/galleira-passport\/#primaryimage"},"image":{"@id":"https:\/\/alvarelloseditora.gal\/es\/libro\/galleira-passport\/#primaryimage"},"thumbnailUrl":"https:\/\/alvarelloseditora.gal\/wp-content\/uploads\/2019\/12\/capagalleiraweb.jpg","datePublished":"2019-12-27T14:02:44+00:00","dateModified":"2021-06-23T11:53:14+00:00","description":"GALLEIRA PASSPORT. C\u00f3mprao na tenda en li\u00f1a de Alvarellos Editora.","breadcrumb":{"@id":"https:\/\/alvarelloseditora.gal\/es\/libro\/galleira-passport\/#breadcrumb"},"inLanguage":"es","potentialAction":[{"@type":"ReadAction","target":["https:\/\/alvarelloseditora.gal\/es\/libro\/galleira-passport\/"]}]},{"@type":"ImageObject","inLanguage":"es","@id":"https:\/\/alvarelloseditora.gal\/es\/libro\/galleira-passport\/#primaryimage","url":"https:\/\/alvarelloseditora.gal\/wp-content\/uploads\/2019\/12\/capagalleiraweb.jpg","contentUrl":"https:\/\/alvarelloseditora.gal\/wp-content\/uploads\/2019\/12\/capagalleiraweb.jpg","width":255,"height":448},{"@type":"BreadcrumbList","@id":"https:\/\/alvarelloseditora.gal\/es\/libro\/galleira-passport\/#breadcrumb","itemListElement":[{"@type":"ListItem","position":1,"name":"Portada","item":"https:\/\/alvarelloseditora.gal\/"},{"@type":"ListItem","position":2,"name":"Tienda","item":"https:\/\/alvarelloseditora.gal\/es\/tienda\/"},{"@type":"ListItem","position":3,"name":"GALLEIRA PASSPORT"}]},{"@type":"WebSite","@id":"https:\/\/alvarelloseditora.gal\/#website","url":"https:\/\/alvarelloseditora.gal\/","name":"Alvarellos Editora","description":"Libros para un mundo en tr\u00e1nsito","publisher":{"@id":"https:\/\/alvarelloseditora.gal\/#organization"},"potentialAction":[{"@type":"SearchAction","target":{"@type":"EntryPoint","urlTemplate":"https:\/\/alvarelloseditora.gal\/?s={search_term_string}"},"query-input":{"@type":"PropertyValueSpecification","valueRequired":true,"valueName":"search_term_string"}}],"inLanguage":"es"},{"@type":"Organization","@id":"https:\/\/alvarelloseditora.gal\/#organization","name":"Alvarellos Editora","url":"https:\/\/alvarelloseditora.gal\/","logo":{"@type":"ImageObject","inLanguage":"es","@id":"https:\/\/alvarelloseditora.gal\/#\/schema\/logo\/image\/","url":"https:\/\/alvarelloseditora.gal\/wp-content\/uploads\/2020\/02\/alv-icon.png","contentUrl":"https:\/\/alvarelloseditora.gal\/wp-content\/uploads\/2020\/02\/alv-icon.png","width":177,"height":175,"caption":"Alvarellos Editora"},"image":{"@id":"https:\/\/alvarelloseditora.gal\/#\/schema\/logo\/image\/"},"sameAs":["https:\/\/www.facebook.com\/alvarelloseditora","https:\/\/x.com\/alvarellos_ed"]}]}},"_links":{"self":[{"href":"https:\/\/alvarelloseditora.gal\/es\/wp-json\/wp\/v2\/product\/2818","targetHints":{"allow":["GET"]}}],"collection":[{"href":"https:\/\/alvarelloseditora.gal\/es\/wp-json\/wp\/v2\/product"}],"about":[{"href":"https:\/\/alvarelloseditora.gal\/es\/wp-json\/wp\/v2\/types\/product"}],"replies":[{"embeddable":true,"href":"https:\/\/alvarelloseditora.gal\/es\/wp-json\/wp\/v2\/comments?post=2818"}],"wp:featuredmedia":[{"embeddable":true,"href":"https:\/\/alvarelloseditora.gal\/es\/wp-json\/wp\/v2\/media\/4139"}],"wp:attachment":[{"href":"https:\/\/alvarelloseditora.gal\/es\/wp-json\/wp\/v2\/media?parent=2818"}],"wp:term":[{"taxonomy":"product_brand","embeddable":true,"href":"https:\/\/alvarelloseditora.gal\/es\/wp-json\/wp\/v2\/product_brand?post=2818"},{"taxonomy":"product_cat","embeddable":true,"href":"https:\/\/alvarelloseditora.gal\/es\/wp-json\/wp\/v2\/product_cat?post=2818"},{"taxonomy":"product_tag","embeddable":true,"href":"https:\/\/alvarelloseditora.gal\/es\/wp-json\/wp\/v2\/product_tag?post=2818"}],"curies":[{"name":"wp","href":"https:\/\/api.w.org\/{rel}","templated":true}]}}