{"id":2817,"date":"2019-12-27T13:41:09","date_gmt":"2019-12-27T14:02:44","guid":{"rendered":"https:\/\/nueva.alvarellos.info\/product\/leandro-carre-un-seculo-de-cultura-e-compromiso\/"},"modified":"2022-09-20T14:02:39","modified_gmt":"2022-09-20T12:02:39","slug":"leandro-carre-un-seculo-de-cultura-e-compromiso","status":"publish","type":"product","link":"https:\/\/alvarelloseditora.gal\/es\/libro\/leandro-carre-un-seculo-de-cultura-e-compromiso\/","title":{"rendered":"Leandro Carr\u00e9. Un s\u00e9culo de cultura e compromiso"},"content":{"rendered":"<ul>\n<li><strong>Tambi\u00e9n en nuestro cat\u00e1logo<\/strong>\u00a0<a href=\"http:\/\/alvarellos.info\/tenda_catalogo.asp?sec=1&amp;no=Colecci%F3n%20Rescate%20[cl%E1sicos]&amp;id=51&amp;titulo=OBRA_IN%C9DITA_E_ESQUECIDA&amp;autor=Leandro_Carr%E9_Alvarellos\">OBRA IN\u00c9DITA E ESQUECIDA<\/a><br \/>\nde Leandro Carr\u00e9 Alvarellos.<\/li>\n<\/ul>\n<p>25-11-2014 <strong>El Correo Gallego\u00a0<\/strong><a href=\"http:\/\/www.elcorreogallego.es\/opinion\/ecg\/quique-alvarellos-90-anos-da-editorial-lar\/idEdicion-2014-11-25\/idNoticia-902590\/\">\u00ab90 anos da editorial Lar\u00bb. Artigo de Quique Alvarellos<\/a><\/p>\n<p>25-11-2014 <strong>Mundiario.com<\/strong>\u00a0<a href=\"http:\/\/www.mundiario.com\/articulo\/sociedad\/90-anos-lar-moderna-editorial-gallega-creo-leandro-carre\/20141125133415024520.html\">\u00ab90 a\u00f1os de Lar, la moderna editorial gallega que cre\u00f3 Leandro Carr\u00e9\u00bb\u00a0<\/a><\/p>\n","protected":false},"excerpt":{"rendered":"<p>La otra historia del galeguismo, distinta a la oficial<\/p>\n<p>&nbsp;<br \/>\nXos\u00e9 Manuel Maceira Fern\u00e1ndez<br \/>\n&nbsp;<\/p>\n<p>Formato: 633 pp. 20 x 19 cms<br \/>\nISBN: 978-84-89323-53-7<\/p>\n<p>&nbsp;<\/p>\n<p>Este volumen recupera la\u00a0figura olvidada de Leandro Carr\u00e9 Alvarellos\u00a0(A Coru\u00f1a, 1888-1976) \u00a0y la\u00a0ingente labor cultural del galeguismo coru\u00f1\u00e9s, desde el siglo\u00a0XIX hasta el per\u00edodo democr\u00e1tico.<\/p>\n<p>La obra estudia su producci\u00f3n atendiendo a los diferentes g\u00e9neros literarios, integrando de manera cronol\u00f3gico la obra editada y la in\u00e9dita. Al mismo tiempo se considera el contexto sociol\u00f3gico de cuando fue creada y la recepci\u00f3n de cr\u00edtica y p\u00fablico.<\/p>\n<p>El autor realiz\u00f3 un seguimento de la cr\u00edtica en la prensa o en otras fuentes que pudiesen aportar datos, con el \u00a0fin de encuadrar el estudio de las obras en un marco de an\u00e1lisis sociol\u00f3gico, interdisciplinar e con la teor\u00eda literaria m\u00e1s adecuada.<\/p>\n<p>UNA REVISI\u00d3N DE LA CULTURA GALEGA DESDE EL SIGLO XIX<\/p>\n<p>De la misma manera, se trat\u00f3 la extensa\u00a0obra ensay\u00edstica de este pol\u00edgrafo con vocaci\u00f3n de activista cultural. Se detuvo \u00a0en la investigaci\u00f3n de la literatura popular, de la etnograf\u00eda, del folklore, las tradiciones, las leyendas o la mitolog\u00eda gallega. Aparte de la reivindicaci\u00f3n cultural o ling\u00fc\u00edstica; otra actividad importante fue la\u00a0labor institucional. M\u00e1s all\u00e1 de esto \u00a0est\u00e1 el servicio de Carr\u00e9 Alvarellos a la\u00a0filolog\u00eda gallega, un campo al que dedic\u00f3 esfuerzos y contribuciones desde la primera d\u00e9cada del siglo XX hasta el \u00faltimo art\u00edculo que escribi\u00f3.<\/p>\n<p>En\u00a0Leandro Carr\u00e9. Un s\u00e9culo de cultura e compromiso\u00a0Xos\u00e9 Manuel Maceira Fern\u00e1ndez\u00a0revisa la historia literaria y cultural desde el siglo XIX, a la luz de la aportaci\u00f3n del grupo coru\u00f1\u00e9s, un colectivo que construy\u00f3 un relato galleguista enfrontado a la propuesta oficial.<\/p>\n","protected":false},"featured_media":6761,"comment_status":"closed","ping_status":"closed","template":"","meta":[],"product_brand":[],"product_cat":[105],"product_tag":[1042],"class_list":{"0":"post-2817","1":"product","2":"type-product","3":"status-publish","4":"has-post-thumbnail","6":"product_author-xose-manuel-maceira-fernandez-es","7":"product_cat-oeste-es","8":"product_tag-libros-con-memoria-es","10":"first","11":"instock","12":"taxable","13":"shipping-taxable","14":"purchasable","15":"product-type-simple"},"yoast_head":"<!-- This site is optimized with the Yoast SEO plugin v27.3 - https:\/\/yoast.com\/product\/yoast-seo-wordpress\/ -->\n<title>Leandro Carr\u00e9. Un s\u00e9culo de cultura e compromiso - Alvarellos Editora<\/title>\n<meta name=\"description\" content=\"Leandro Carr\u00e9. Un s\u00e9culo de cultura e compromiso. C\u00f3mprao na tenda en li\u00f1a de Alvarellos Editora.\" \/>\n<meta name=\"robots\" content=\"index, follow, max-snippet:-1, max-image-preview:large, max-video-preview:-1\" \/>\n<link rel=\"canonical\" href=\"https:\/\/alvarelloseditora.gal\/es\/libro\/leandro-carre-un-seculo-de-cultura-e-compromiso\/\" \/>\n<meta property=\"og:locale\" content=\"es_ES\" \/>\n<meta property=\"og:type\" content=\"article\" \/>\n<meta property=\"og:title\" content=\"Leandro Carr\u00e9. Un s\u00e9culo de cultura e compromiso - Alvarellos Editora\" \/>\n<meta property=\"og:description\" content=\"Leandro Carr\u00e9. Un s\u00e9culo de cultura e compromiso. C\u00f3mprao na tenda en li\u00f1a de Alvarellos Editora.\" \/>\n<meta property=\"og:url\" content=\"https:\/\/alvarelloseditora.gal\/es\/libro\/leandro-carre-un-seculo-de-cultura-e-compromiso\/\" \/>\n<meta property=\"og:site_name\" content=\"Alvarellos Editora\" \/>\n<meta property=\"article:publisher\" content=\"https:\/\/www.facebook.com\/alvarelloseditora\" \/>\n<meta property=\"article:modified_time\" content=\"2022-09-20T12:02:39+00:00\" \/>\n<meta property=\"og:image\" content=\"https:\/\/alvarelloseditora.gal\/wp-content\/uploads\/2019\/12\/Leandro_Carre_capa_libro_Alvarellos_editora_baixa-e1627020577239-1.jpg\" \/>\n\t<meta property=\"og:image:width\" content=\"594\" \/>\n\t<meta property=\"og:image:height\" content=\"1027\" \/>\n\t<meta property=\"og:image:type\" content=\"image\/jpeg\" \/>\n<meta name=\"twitter:card\" content=\"summary_large_image\" \/>\n<meta name=\"twitter:site\" content=\"@alvarellos_ed\" \/>\n<meta name=\"twitter:label1\" content=\"Tiempo de lectura\" \/>\n\t<meta name=\"twitter:data1\" content=\"1 minuto\" \/>\n<!-- \/ Yoast SEO plugin. -->","yoast_head_json":{"title":"Leandro Carr\u00e9. Un s\u00e9culo de cultura e compromiso - Alvarellos Editora","description":"Leandro Carr\u00e9. Un s\u00e9culo de cultura e compromiso. C\u00f3mprao na tenda en li\u00f1a de Alvarellos Editora.","robots":{"index":"index","follow":"follow","max-snippet":"max-snippet:-1","max-image-preview":"max-image-preview:large","max-video-preview":"max-video-preview:-1"},"canonical":"https:\/\/alvarelloseditora.gal\/es\/libro\/leandro-carre-un-seculo-de-cultura-e-compromiso\/","og_locale":"es_ES","og_type":"article","og_title":"Leandro Carr\u00e9. Un s\u00e9culo de cultura e compromiso - Alvarellos Editora","og_description":"Leandro Carr\u00e9. Un s\u00e9culo de cultura e compromiso. C\u00f3mprao na tenda en li\u00f1a de Alvarellos Editora.","og_url":"https:\/\/alvarelloseditora.gal\/es\/libro\/leandro-carre-un-seculo-de-cultura-e-compromiso\/","og_site_name":"Alvarellos Editora","article_publisher":"https:\/\/www.facebook.com\/alvarelloseditora","article_modified_time":"2022-09-20T12:02:39+00:00","og_image":[{"width":594,"height":1027,"url":"https:\/\/alvarelloseditora.gal\/wp-content\/uploads\/2019\/12\/Leandro_Carre_capa_libro_Alvarellos_editora_baixa-e1627020577239-1.jpg","type":"image\/jpeg"}],"twitter_card":"summary_large_image","twitter_site":"@alvarellos_ed","twitter_misc":{"Tiempo de lectura":"1 minuto"},"schema":{"@context":"https:\/\/schema.org","@graph":[{"@type":["WebPage","ItemPage"],"@id":"https:\/\/alvarelloseditora.gal\/es\/libro\/leandro-carre-un-seculo-de-cultura-e-compromiso\/","url":"https:\/\/alvarelloseditora.gal\/es\/libro\/leandro-carre-un-seculo-de-cultura-e-compromiso\/","name":"Leandro Carr\u00e9. Un s\u00e9culo de cultura e compromiso - Alvarellos Editora","isPartOf":{"@id":"https:\/\/alvarelloseditora.gal\/#website"},"primaryImageOfPage":{"@id":"https:\/\/alvarelloseditora.gal\/es\/libro\/leandro-carre-un-seculo-de-cultura-e-compromiso\/#primaryimage"},"image":{"@id":"https:\/\/alvarelloseditora.gal\/es\/libro\/leandro-carre-un-seculo-de-cultura-e-compromiso\/#primaryimage"},"thumbnailUrl":"https:\/\/alvarelloseditora.gal\/wp-content\/uploads\/2019\/12\/Leandro_Carre_capa_libro_Alvarellos_editora_baixa-e1627020577239-1.jpg","datePublished":"2019-12-27T14:02:44+00:00","dateModified":"2022-09-20T12:02:39+00:00","description":"Leandro Carr\u00e9. Un s\u00e9culo de cultura e compromiso. C\u00f3mprao na tenda en li\u00f1a de Alvarellos Editora.","breadcrumb":{"@id":"https:\/\/alvarelloseditora.gal\/es\/libro\/leandro-carre-un-seculo-de-cultura-e-compromiso\/#breadcrumb"},"inLanguage":"es","potentialAction":[{"@type":"ReadAction","target":["https:\/\/alvarelloseditora.gal\/es\/libro\/leandro-carre-un-seculo-de-cultura-e-compromiso\/"]}]},{"@type":"ImageObject","inLanguage":"es","@id":"https:\/\/alvarelloseditora.gal\/es\/libro\/leandro-carre-un-seculo-de-cultura-e-compromiso\/#primaryimage","url":"https:\/\/alvarelloseditora.gal\/wp-content\/uploads\/2019\/12\/Leandro_Carre_capa_libro_Alvarellos_editora_baixa-e1627020577239-1.jpg","contentUrl":"https:\/\/alvarelloseditora.gal\/wp-content\/uploads\/2019\/12\/Leandro_Carre_capa_libro_Alvarellos_editora_baixa-e1627020577239-1.jpg","width":594,"height":1027},{"@type":"BreadcrumbList","@id":"https:\/\/alvarelloseditora.gal\/es\/libro\/leandro-carre-un-seculo-de-cultura-e-compromiso\/#breadcrumb","itemListElement":[{"@type":"ListItem","position":1,"name":"Portada","item":"https:\/\/alvarelloseditora.gal\/"},{"@type":"ListItem","position":2,"name":"Tienda","item":"https:\/\/alvarelloseditora.gal\/es\/tienda\/"},{"@type":"ListItem","position":3,"name":"Leandro Carr\u00e9. Un s\u00e9culo de cultura e compromiso"}]},{"@type":"WebSite","@id":"https:\/\/alvarelloseditora.gal\/#website","url":"https:\/\/alvarelloseditora.gal\/","name":"Alvarellos Editora","description":"Libros para un mundo en tr\u00e1nsito","publisher":{"@id":"https:\/\/alvarelloseditora.gal\/#organization"},"potentialAction":[{"@type":"SearchAction","target":{"@type":"EntryPoint","urlTemplate":"https:\/\/alvarelloseditora.gal\/?s={search_term_string}"},"query-input":{"@type":"PropertyValueSpecification","valueRequired":true,"valueName":"search_term_string"}}],"inLanguage":"es"},{"@type":"Organization","@id":"https:\/\/alvarelloseditora.gal\/#organization","name":"Alvarellos Editora","url":"https:\/\/alvarelloseditora.gal\/","logo":{"@type":"ImageObject","inLanguage":"es","@id":"https:\/\/alvarelloseditora.gal\/#\/schema\/logo\/image\/","url":"https:\/\/alvarelloseditora.gal\/wp-content\/uploads\/2020\/02\/alv-icon.png","contentUrl":"https:\/\/alvarelloseditora.gal\/wp-content\/uploads\/2020\/02\/alv-icon.png","width":177,"height":175,"caption":"Alvarellos Editora"},"image":{"@id":"https:\/\/alvarelloseditora.gal\/#\/schema\/logo\/image\/"},"sameAs":["https:\/\/www.facebook.com\/alvarelloseditora","https:\/\/x.com\/alvarellos_ed"]}]}},"_links":{"self":[{"href":"https:\/\/alvarelloseditora.gal\/es\/wp-json\/wp\/v2\/product\/2817","targetHints":{"allow":["GET"]}}],"collection":[{"href":"https:\/\/alvarelloseditora.gal\/es\/wp-json\/wp\/v2\/product"}],"about":[{"href":"https:\/\/alvarelloseditora.gal\/es\/wp-json\/wp\/v2\/types\/product"}],"replies":[{"embeddable":true,"href":"https:\/\/alvarelloseditora.gal\/es\/wp-json\/wp\/v2\/comments?post=2817"}],"wp:featuredmedia":[{"embeddable":true,"href":"https:\/\/alvarelloseditora.gal\/es\/wp-json\/wp\/v2\/media\/6761"}],"wp:attachment":[{"href":"https:\/\/alvarelloseditora.gal\/es\/wp-json\/wp\/v2\/media?parent=2817"}],"wp:term":[{"taxonomy":"product_brand","embeddable":true,"href":"https:\/\/alvarelloseditora.gal\/es\/wp-json\/wp\/v2\/product_brand?post=2817"},{"taxonomy":"product_cat","embeddable":true,"href":"https:\/\/alvarelloseditora.gal\/es\/wp-json\/wp\/v2\/product_cat?post=2817"},{"taxonomy":"product_tag","embeddable":true,"href":"https:\/\/alvarelloseditora.gal\/es\/wp-json\/wp\/v2\/product_tag?post=2817"}],"curies":[{"name":"wp","href":"https:\/\/api.w.org\/{rel}","templated":true}]}}