{"id":2816,"date":"2019-12-27T13:41:09","date_gmt":"2019-12-27T14:02:44","guid":{"rendered":"https:\/\/nueva.alvarellos.info\/product\/50-cafes-historicos-de-espana-y-portugal\/"},"modified":"2021-06-15T19:09:14","modified_gmt":"2021-06-15T17:09:14","slug":"50-cafes-historicos-de-espana-y-portugal","status":"publish","type":"product","link":"https:\/\/alvarelloseditora.gal\/es\/libro\/50-cafes-historicos-de-espana-y-portugal\/","title":{"rendered":"50 Caf\u00e9s hist\u00f3ricos de Espa\u00f1a y Portugal"},"content":{"rendered":"<p>&nbsp;<\/p>\n<p><a href=\"https:\/\/www.facebook.com\/414872009417\/photos\/pcb.10153428719529418\/10153428713834418\/?type=1&amp;theater\"><strong>FOTOS PRESENTACI\u00d3N EN CAF\u00c9 CASINO DE SANTIAGO<\/strong> (11-12-2014)<\/a>\u00a0<strong>\u00a0 <\/strong><\/p>\n<p><a href=\"https:\/\/www.facebook.com\/media\/set\/?set=a.10153713226234418.1073741837.414872009417&amp;type=1\"><strong>FOTOS PRESENTACI\u00d3N EN CONFITER\u00cdA MADARRO DE LUGO<\/strong>\u00a0(12-03-2015)<\/a><\/p>\n<hr \/>\n<p><a href=\"http:\/\/www.rtve.es\/alacarta\/audios\/memoria-de-delfin\/memoria-delfin-mejor-cafe-05-10-19-escuchar-ahora\/5401965\/\">05-10-2019 <strong>RNE<\/strong> Programa Memoria de Delf\u00edn. Especial:\u00a0Mejor, con Caf\u00e9. Entrevista a Fernando Franjo<\/a><\/p>\n<p>26-04-2015 <strong>El Correo Gallego<\/strong>. Cr\u00edtica de Alfredo Conde <a href=\"http:\/\/www.elcorreogallego.es\/opinion\/ecg\/alfredo-conde-viejos-cafes-siquiatricos\/idEdicion-2015-04-26\/idNoticia-928323\/\">http:\/\/www.elcorreogallego.es\/opinion\/ecg\/alfredo-conde-viejos-cafes-siquiatricos\/idEdicion-2015-04-26\/idNoticia-928323\/<\/a><\/p>\n<p>07-04-2015 <strong>Diario Sur<\/strong> de M\u00e1laga\u00a0<a href=\"http:\/\/www.diariosur.es\/culturas\/201504\/06\/historias-alrededor-taza-20150406125809-v.html\">http:\/\/www.diariosur.es\/culturas\/201504\/06\/historias-alrededor-taza-20150406125809-v.html<\/a><\/p>\n<p>04-04-2015 <strong>Televisi\u00f3n de Galicia.<\/strong> Programa A revista da fin de semana.\u00a0<a href=\"http:\/\/www.crtvg.es\/informativos\/un-libro-fai-un-roteiro-polos-50-cafes-historicos-de-espana-e-portugal-1067593\">http:\/\/www.crtvg.es\/informativos\/un-libro-fai-un-roteiro-polos-50-cafes-historicos-de-espana-e-portugal-1067593<\/a><\/p>\n<p>23-03-2015 <strong>Radio Nacional<\/strong>. Programa \u00abEntre par\u00e9ntesis\u00bb.<br \/>\nA partir de minuto 38.\u00a0\u00a0<a href=\"http:\/\/www.rtve.es\/alacarta\/audios\/entre-parentesis\/entre-parentesis-23-03-15\/3058441.shtml\">http:\/\/www.rtve.es\/alacarta\/audios\/entre-parentesis\/entre-parentesis-23-03-15\/3058441.shtml<\/a><\/p>\n<p>12-01-2015<strong> Entreacto<\/strong> (blog) <a href=\"https:\/\/entreacto.wordpress.com\/2015\/01\/12\/50-cafes-para-descubrir-en-2015\/\">50 Caf\u00e9s para descubrir en 2015<\/a><\/p>\n<p>02-01-15 <strong>Televisi\u00f3n de Galicia<\/strong>\u00a0<a href=\"http:\/\/www.crtvg.es\/informativos\/entrevistamos-a-fernado-franjo-autor-do-libro-la-vuelta-al-mundo-en-80-cafes-967321\">http:\/\/www.crtvg.es\/informativos\/entrevistamos-a-fernado-franjo-autor-do-libro-la-vuelta-al-mundo-en-80-cafes-967321<\/a><\/p>\n<p>14-12-2014 <strong>Diario de Le\u00f3n<\/strong> <a href=\"http:\/\/www.diariodeleon.es\/noticias\/filandon\/elite-cafes_942539.html\">La \u00e9lite de los Caf\u00e9s<\/a><\/p>\n<p>12-12-2014 <strong>El Correo Gallego <\/strong><a href=\"http:\/\/www.elcorreogallego.es\/santiago\/ecg\/nacimiento-cafetera-expres-sorbos-sarita\/idEdicion-2014-12-12\/idNoticia-905502\/\">Desde el nacimiento de la cafetera expr\u00e9s a los sorbos de Sarita<\/a><\/p>\n<p>12-12-2014<strong> Cafescandelas.com<\/strong> <a href=\"http:\/\/www.cafescandelas.com\/actualidad\/publicado-el-libro-50-cafes-historicos-de-espana-y-portugal\">Presentado el libro 50 Caf\u00e9s hist\u00f3ricos de Espa\u00f1a y Portugal<\/a><\/p>\n<p>11-12-2014<strong> El Correo Gallego<\/strong>\u00a0<a href=\"http:\/\/www.elcorreogallego.es\/index.php?idMenu=3&amp;idNoticia=905340\">Tertulia cafetera en torno al libro de Fernando Franjo en el Casino de Santiago<\/a><\/p>\n<p>09-12-14<strong> EFE-TUR<\/strong> <a href=\"http:\/\/www.efetur.com\/noticia\/cafes-historicos-destino-turistico\/\">Ruta de los Caf\u00e9s hist\u00f3ricos <\/a><\/p>\n<p>04-12-2014 <strong>El Progreso<\/strong> <a href=\"http:\/\/alvarellos.info\/arquivos\/Progreso-04-12-14.pdf\" target=\"_blank\" rel=\"noopener noreferrer\">Un monfortino re\u00fane en un libro los 50 salones de caf\u00e9 m\u00e1s bonitos de la Pen\u00ednsula<\/a><\/p>\n<p>04-12-2014<strong> El Correo Gallego<\/strong>\u00a0Entrevista a Fernando Franjo\u00a0<a href=\"http:\/\/www.elcorreogallego.es\/santiago\/ecg\/f-franjo-cafes-han-cambiado-porque-tambien-sociedad-ha-hecho\/idEdicion-2014-12-03\/idNoticia-903949\/\">\u00abLos Caf\u00e9s han cambiado porque tambi\u00e9n la sociedad lo ha hecho\u00bb<\/a><\/p>\n<p>23-11-2014 <strong>El Correo Gallego<\/strong> <a href=\"http:\/\/www.elcorreogallego.es\/tendencias\/ecg\/claves-ruta-cafetera-peninsula-iberica\/idEdicion-2014-11-23\/idNoticia-902424\/\">\u00abLas claves de la ruta cafetera de la pen\u00ednsula ib\u00e9rica\u00bb<\/a>.<\/p>\n<hr \/>\n<hr \/>\n","protected":false},"excerpt":{"rendered":"<p>Formato 212 pp. 20 x 19 cms<br \/>\nISBN: 978-84-89323-90-2<\/p>\n<p>Una gu\u00eda ilustrada con m\u00e1s de 330 fotograf\u00edas y documentos de \u00e9poca.<\/p>\n<p>Caf\u00e9s hist\u00f3ricos de Espa\u00f1a y Portugal:\u00a0cincuenta museos vivos reunidos por vez primera en un recorrido \u00fanico.<\/p>\n<p>El aroma de los viejos y grandes Caf\u00e9s. Por vez primera, un recorrido hist\u00f3rico, literario y humano con parada en cincuenta de los locales m\u00e1s emblem\u00e1ticos de Espa\u00f1a y Portugal. Ilustrado con 330 fotograf\u00edas y documentos de \u00e9poca.<\/p>\n<p>El autor nos introduce en una atm\u00f3sfera singular en la que los relojes parecen haberse detenido, la conversaci\u00f3n es rica y pausada, y la lectura se convierte en un verdadero placer.\u00a0 En ellos llegamos a sentir el eco cercano de Pablo Picasso, Valle-Incl\u00e1n, Fernando Pessoa, o incluso Mick Jagger o Sara Montiel.<\/p>\n<p>Estos 50 Caf\u00e9s hist\u00f3ricos de Espa\u00f1a y Portugal son museos vivos. Representan una heroica historia de supervivencia.<\/p>\n<p>Como se\u00f1ala Antonio Bonet Correa en el Pr\u00f3logo, \u201cson ejemplares \u00fanicos que deben ser visitados al menos una vez en la vida\u201d.<\/p>\n<p>Adaptados a los nuevos tiempos, resultan tambi\u00e9n lugares din\u00e1micos, multiculturales, que convocan a todo tipo de gentes.<\/p>\n","protected":false},"featured_media":4135,"comment_status":"closed","ping_status":"closed","template":"","meta":[],"product_brand":[],"product_cat":[104],"product_tag":[1045],"class_list":{"0":"post-2816","1":"product","2":"type-product","3":"status-publish","4":"has-post-thumbnail","6":"product_author-fernando-franjo-es","7":"product_cat-ilustrada-es","8":"product_tag-santiago-de-compostela-y-el-camino","10":"first","11":"instock","12":"taxable","13":"shipping-taxable","14":"purchasable","15":"product-type-simple"},"yoast_head":"<!-- This site is optimized with the Yoast SEO plugin v27.3 - https:\/\/yoast.com\/product\/yoast-seo-wordpress\/ -->\n<title>50 Caf\u00e9s hist\u00f3ricos de Espa\u00f1a y Portugal - Alvarellos Editora<\/title>\n<meta name=\"description\" content=\"50 Caf\u00e9s hist\u00f3ricos de Espa\u00f1a y Portugal. C\u00f3mprao na tenda en li\u00f1a de Alvarellos Editora.\" \/>\n<meta name=\"robots\" content=\"index, follow, max-snippet:-1, max-image-preview:large, max-video-preview:-1\" \/>\n<link rel=\"canonical\" href=\"https:\/\/alvarelloseditora.gal\/es\/libro\/50-cafes-historicos-de-espana-y-portugal\/\" \/>\n<meta property=\"og:locale\" content=\"es_ES\" \/>\n<meta property=\"og:type\" content=\"article\" \/>\n<meta property=\"og:title\" content=\"50 Caf\u00e9s hist\u00f3ricos de Espa\u00f1a y Portugal - Alvarellos Editora\" \/>\n<meta property=\"og:description\" content=\"50 Caf\u00e9s hist\u00f3ricos de Espa\u00f1a y Portugal. C\u00f3mprao na tenda en li\u00f1a de Alvarellos Editora.\" \/>\n<meta property=\"og:url\" content=\"https:\/\/alvarelloseditora.gal\/es\/libro\/50-cafes-historicos-de-espana-y-portugal\/\" \/>\n<meta property=\"og:site_name\" content=\"Alvarellos Editora\" \/>\n<meta property=\"article:publisher\" content=\"https:\/\/www.facebook.com\/alvarelloseditora\" \/>\n<meta property=\"article:modified_time\" content=\"2021-06-15T17:09:14+00:00\" \/>\n<meta property=\"og:image\" content=\"https:\/\/alvarelloseditora.gal\/wp-content\/uploads\/2019\/12\/50_cafes_historicos_libro_capa_alvarellos_editora.jpg\" \/>\n\t<meta property=\"og:image:width\" content=\"816\" \/>\n\t<meta property=\"og:image:height\" content=\"768\" \/>\n\t<meta property=\"og:image:type\" content=\"image\/jpeg\" \/>\n<meta name=\"twitter:card\" content=\"summary_large_image\" \/>\n<meta name=\"twitter:site\" content=\"@alvarellos_ed\" \/>\n<meta name=\"twitter:label1\" content=\"Tiempo de lectura\" \/>\n\t<meta name=\"twitter:data1\" content=\"1 minuto\" \/>\n<!-- \/ Yoast SEO plugin. -->","yoast_head_json":{"title":"50 Caf\u00e9s hist\u00f3ricos de Espa\u00f1a y Portugal - Alvarellos Editora","description":"50 Caf\u00e9s hist\u00f3ricos de Espa\u00f1a y Portugal. C\u00f3mprao na tenda en li\u00f1a de Alvarellos Editora.","robots":{"index":"index","follow":"follow","max-snippet":"max-snippet:-1","max-image-preview":"max-image-preview:large","max-video-preview":"max-video-preview:-1"},"canonical":"https:\/\/alvarelloseditora.gal\/es\/libro\/50-cafes-historicos-de-espana-y-portugal\/","og_locale":"es_ES","og_type":"article","og_title":"50 Caf\u00e9s hist\u00f3ricos de Espa\u00f1a y Portugal - Alvarellos Editora","og_description":"50 Caf\u00e9s hist\u00f3ricos de Espa\u00f1a y Portugal. C\u00f3mprao na tenda en li\u00f1a de Alvarellos Editora.","og_url":"https:\/\/alvarelloseditora.gal\/es\/libro\/50-cafes-historicos-de-espana-y-portugal\/","og_site_name":"Alvarellos Editora","article_publisher":"https:\/\/www.facebook.com\/alvarelloseditora","article_modified_time":"2021-06-15T17:09:14+00:00","og_image":[{"width":816,"height":768,"url":"https:\/\/alvarelloseditora.gal\/wp-content\/uploads\/2019\/12\/50_cafes_historicos_libro_capa_alvarellos_editora.jpg","type":"image\/jpeg"}],"twitter_card":"summary_large_image","twitter_site":"@alvarellos_ed","twitter_misc":{"Tiempo de lectura":"1 minuto"},"schema":{"@context":"https:\/\/schema.org","@graph":[{"@type":["WebPage","ItemPage"],"@id":"https:\/\/alvarelloseditora.gal\/es\/libro\/50-cafes-historicos-de-espana-y-portugal\/","url":"https:\/\/alvarelloseditora.gal\/es\/libro\/50-cafes-historicos-de-espana-y-portugal\/","name":"50 Caf\u00e9s hist\u00f3ricos de Espa\u00f1a y Portugal - Alvarellos Editora","isPartOf":{"@id":"https:\/\/alvarelloseditora.gal\/#website"},"primaryImageOfPage":{"@id":"https:\/\/alvarelloseditora.gal\/es\/libro\/50-cafes-historicos-de-espana-y-portugal\/#primaryimage"},"image":{"@id":"https:\/\/alvarelloseditora.gal\/es\/libro\/50-cafes-historicos-de-espana-y-portugal\/#primaryimage"},"thumbnailUrl":"https:\/\/alvarelloseditora.gal\/wp-content\/uploads\/2019\/12\/50_cafes_historicos_libro_capa_alvarellos_editora.jpg","datePublished":"2019-12-27T14:02:44+00:00","dateModified":"2021-06-15T17:09:14+00:00","description":"50 Caf\u00e9s hist\u00f3ricos de Espa\u00f1a y Portugal. C\u00f3mprao na tenda en li\u00f1a de Alvarellos Editora.","breadcrumb":{"@id":"https:\/\/alvarelloseditora.gal\/es\/libro\/50-cafes-historicos-de-espana-y-portugal\/#breadcrumb"},"inLanguage":"es","potentialAction":[{"@type":"ReadAction","target":["https:\/\/alvarelloseditora.gal\/es\/libro\/50-cafes-historicos-de-espana-y-portugal\/"]}]},{"@type":"ImageObject","inLanguage":"es","@id":"https:\/\/alvarelloseditora.gal\/es\/libro\/50-cafes-historicos-de-espana-y-portugal\/#primaryimage","url":"https:\/\/alvarelloseditora.gal\/wp-content\/uploads\/2019\/12\/50_cafes_historicos_libro_capa_alvarellos_editora.jpg","contentUrl":"https:\/\/alvarelloseditora.gal\/wp-content\/uploads\/2019\/12\/50_cafes_historicos_libro_capa_alvarellos_editora.jpg","width":816,"height":768},{"@type":"BreadcrumbList","@id":"https:\/\/alvarelloseditora.gal\/es\/libro\/50-cafes-historicos-de-espana-y-portugal\/#breadcrumb","itemListElement":[{"@type":"ListItem","position":1,"name":"Portada","item":"https:\/\/alvarelloseditora.gal\/"},{"@type":"ListItem","position":2,"name":"Tienda","item":"https:\/\/alvarelloseditora.gal\/es\/tienda\/"},{"@type":"ListItem","position":3,"name":"50 Caf\u00e9s hist\u00f3ricos de Espa\u00f1a y Portugal"}]},{"@type":"WebSite","@id":"https:\/\/alvarelloseditora.gal\/#website","url":"https:\/\/alvarelloseditora.gal\/","name":"Alvarellos Editora","description":"Libros para un mundo en tr\u00e1nsito","publisher":{"@id":"https:\/\/alvarelloseditora.gal\/#organization"},"potentialAction":[{"@type":"SearchAction","target":{"@type":"EntryPoint","urlTemplate":"https:\/\/alvarelloseditora.gal\/?s={search_term_string}"},"query-input":{"@type":"PropertyValueSpecification","valueRequired":true,"valueName":"search_term_string"}}],"inLanguage":"es"},{"@type":"Organization","@id":"https:\/\/alvarelloseditora.gal\/#organization","name":"Alvarellos Editora","url":"https:\/\/alvarelloseditora.gal\/","logo":{"@type":"ImageObject","inLanguage":"es","@id":"https:\/\/alvarelloseditora.gal\/#\/schema\/logo\/image\/","url":"https:\/\/alvarelloseditora.gal\/wp-content\/uploads\/2020\/02\/alv-icon.png","contentUrl":"https:\/\/alvarelloseditora.gal\/wp-content\/uploads\/2020\/02\/alv-icon.png","width":177,"height":175,"caption":"Alvarellos Editora"},"image":{"@id":"https:\/\/alvarelloseditora.gal\/#\/schema\/logo\/image\/"},"sameAs":["https:\/\/www.facebook.com\/alvarelloseditora","https:\/\/x.com\/alvarellos_ed"]}]}},"_links":{"self":[{"href":"https:\/\/alvarelloseditora.gal\/es\/wp-json\/wp\/v2\/product\/2816","targetHints":{"allow":["GET"]}}],"collection":[{"href":"https:\/\/alvarelloseditora.gal\/es\/wp-json\/wp\/v2\/product"}],"about":[{"href":"https:\/\/alvarelloseditora.gal\/es\/wp-json\/wp\/v2\/types\/product"}],"replies":[{"embeddable":true,"href":"https:\/\/alvarelloseditora.gal\/es\/wp-json\/wp\/v2\/comments?post=2816"}],"wp:featuredmedia":[{"embeddable":true,"href":"https:\/\/alvarelloseditora.gal\/es\/wp-json\/wp\/v2\/media\/4135"}],"wp:attachment":[{"href":"https:\/\/alvarelloseditora.gal\/es\/wp-json\/wp\/v2\/media?parent=2816"}],"wp:term":[{"taxonomy":"product_brand","embeddable":true,"href":"https:\/\/alvarelloseditora.gal\/es\/wp-json\/wp\/v2\/product_brand?post=2816"},{"taxonomy":"product_cat","embeddable":true,"href":"https:\/\/alvarelloseditora.gal\/es\/wp-json\/wp\/v2\/product_cat?post=2816"},{"taxonomy":"product_tag","embeddable":true,"href":"https:\/\/alvarelloseditora.gal\/es\/wp-json\/wp\/v2\/product_tag?post=2816"}],"curies":[{"name":"wp","href":"https:\/\/api.w.org\/{rel}","templated":true}]}}